{"id":5669,"date":"2024-11-28T01:41:38","date_gmt":"2024-11-28T01:41:38","guid":{"rendered":"https:\/\/www.ceramicbasin.com\/?post_type=product&#038;p=5669"},"modified":"2024-11-28T01:41:41","modified_gmt":"2024-11-28T01:41:41","slug":"wholesale-drop-in-basins","status":"publish","type":"product","link":"https:\/\/www.ceramicbasin.com\/pt\/produto\/wholesale-drop-in-basins\/","title":{"rendered":"Lavat\u00f3rios rectangulares, lavat\u00f3rios de cer\u00e2mica para casa de banho, fornecimento da f\u00e1brica"},"content":{"rendered":"<div class=\"wp-block-columns is-layout-flex wp-container-core-columns-is-layout-9d6595d7 wp-block-columns-is-layout-flex\">\n<div class=\"wp-block-column is-layout-flow wp-block-column-is-layout-flow\">\n<h2 class=\"wp-block-heading\">Bacias de recolha de \u00e1gua Premium Wholesale Carater\u00edsticas:<\/h2>\n\n\n\n<ul class=\"wp-block-list\">\n<li><strong>Design retangular cl\u00e1ssico, estilo de casa de banho diversificado: <\/strong>Os nossos lavat\u00f3rios por atacado apresentam um tom baixo e elegante, utilizando linhas simples e suaves. Independentemente de se tratar de um estilo minimalista ou de uma casa de banho de estilo cl\u00e1ssico europeu, o nosso lavat\u00f3rio de casa de banho pode combinar-se perfeitamente com ambos, aumentando as sensa\u00e7\u00f5es de requinte e luxo.<\/li>\n\n\n\n<li><strong>Material cer\u00e2mico de alta qualidade, dur\u00e1vel e f\u00e1cil de limpar: <\/strong>Estes lavat\u00f3rios de casa de banho por atacado s\u00e3o feitos de mat\u00e9rias-primas cer\u00e2micas de alta qualidade e cozidos a alta temperatura. A superf\u00edcie \u00e9 s\u00f3lida e lisa, resistente a riscos e n\u00e3o \u00e9 f\u00e1cil de rachar. O esmalte tem excelente desempenho anti-incrustante, manchas e incrusta\u00e7\u00f5es n\u00e3o s\u00e3o f\u00e1ceis de aderir, basta limp\u00e1-lo suavemente para mant\u00ea-lo limpo como novo, tornando a limpeza di\u00e1ria mais f\u00e1cil e sem preocupa\u00e7\u00f5es.<\/li>\n\n\n\n<li><strong>Conce\u00e7\u00e3o de instala\u00e7\u00e3o incorporada, processo de constru\u00e7\u00e3o simplificado: <\/strong>O m\u00e9todo exclusivo de instala\u00e7\u00e3o embutida n\u00e3o s\u00f3 poupa espa\u00e7o na bancada, como tamb\u00e9m garante a estabilidade e a praticidade destes lavat\u00f3rios de gota por atacado. A sua estrutura simples e o seu f\u00e1cil funcionamento reduzem consideravelmente a dificuldade de instala\u00e7\u00e3o, tornando-a uma escolha ideal para a decora\u00e7\u00e3o de casas e projectos comerciais.<\/li>\n\n\n\n<li><strong>Servi\u00e7o de fornecimento direto da f\u00e1brica, custo-benef\u00edcio e apoio \u00e0 personaliza\u00e7\u00e3o: <\/strong>Estes lavat\u00f3rios de casa de banho por atacado s\u00e3o fornecidos diretamente por fabricantes profissionais de lavat\u00f3rios de casa de banho em cer\u00e2mica, reduzindo assim as liga\u00e7\u00f5es interm\u00e9dias com competitividade nos pre\u00e7os de mercado. Podemos fornecer servi\u00e7os personalizados diversificados de acordo com as necessidades dos clientes, seja o tamanho ou a cor, ou o design detalhado, podemos sempre atender \u00e0s necessidades de todos os diferentes mercados e projectos.<\/li>\n<\/ul>\n<\/div>\n\n\n\n<div class=\"wp-block-column is-layout-flow wp-block-column-is-layout-flow\">\n<figure class=\"wp-block-image size-full\"><img fetchpriority=\"high\" decoding=\"async\" width=\"1000\" height=\"999\" src=\"https:\/\/www.ceramicbasin.com\/wp-content\/uploads\/2024\/11\/Wholesale-Bathroom-Wash-Basin-FactoryRectangle-Shape-Drop-In-Sink-5.webp\" alt=\"Lavat\u00f3rios rectangulares, lavat\u00f3rio de casa de banho em cer\u00e2mica, fornecimento da f\u00e1brica-1\" class=\"wp-image-5675\" srcset=\"https:\/\/www.ceramicbasin.com\/wp-content\/uploads\/2024\/11\/Wholesale-Bathroom-Wash-Basin-FactoryRectangle-Shape-Drop-In-Sink-5.webp 1000w, https:\/\/www.ceramicbasin.com\/wp-content\/uploads\/2024\/11\/Wholesale-Bathroom-Wash-Basin-FactoryRectangle-Shape-Drop-In-Sink-5-300x300.webp 300w, https:\/\/www.ceramicbasin.com\/wp-content\/uploads\/2024\/11\/Wholesale-Bathroom-Wash-Basin-FactoryRectangle-Shape-Drop-In-Sink-5-150x150.webp 150w, https:\/\/www.ceramicbasin.com\/wp-content\/uploads\/2024\/11\/Wholesale-Bathroom-Wash-Basin-FactoryRectangle-Shape-Drop-In-Sink-5-768x767.webp 768w, https:\/\/www.ceramicbasin.com\/wp-content\/uploads\/2024\/11\/Wholesale-Bathroom-Wash-Basin-FactoryRectangle-Shape-Drop-In-Sink-5-12x12.webp 12w, https:\/\/www.ceramicbasin.com\/wp-content\/uploads\/2024\/11\/Wholesale-Bathroom-Wash-Basin-FactoryRectangle-Shape-Drop-In-Sink-5-285x285.webp 285w, https:\/\/www.ceramicbasin.com\/wp-content\/uploads\/2024\/11\/Wholesale-Bathroom-Wash-Basin-FactoryRectangle-Shape-Drop-In-Sink-5-270x270.webp 270w, https:\/\/www.ceramicbasin.com\/wp-content\/uploads\/2024\/11\/Wholesale-Bathroom-Wash-Basin-FactoryRectangle-Shape-Drop-In-Sink-5-540x540.webp 540w, https:\/\/www.ceramicbasin.com\/wp-content\/uploads\/2024\/11\/Wholesale-Bathroom-Wash-Basin-FactoryRectangle-Shape-Drop-In-Sink-5-660x660.webp 660w\" sizes=\"(max-width: 1000px) 100vw, 1000px\" \/><\/figure>\n<\/div>\n<\/div>","protected":false},"excerpt":{"rendered":"<p>Bem-vindo ao comprar lavat\u00f3rios de casa de banho por atacado. Os nossos lavat\u00f3rios por atacado apresentam um design retangular cl\u00e1ssico, adequado para v\u00e1rios estilos de casa de banho. O material cer\u00e2mico de alta qualidade \u00e9 dur\u00e1vel e f\u00e1cil de limpar, e o design de instala\u00e7\u00e3o embutido simplifica o processo de constru\u00e7\u00e3o, \u00e9 est\u00e1vel e economiza espa\u00e7o. Fornecido diretamente por f\u00e1bricas profissionais, apoiando a personaliza\u00e7\u00e3o por atacado e personalizada, \u00e9 uma escolha de alta qualidade para projectos comerciais e mercados de retalho.<\/p>\n<table style=\"border-collapse: collapse; width: 311.02pt;\" border=\"0\" width=\"311\" cellspacing=\"0\" cellpadding=\"0\">\n<tbody>\n<tr style=\"height: 17.60pt;\">\n<td class=\"et3\" style=\"height: 17.60pt; width: 108.35pt;\" width=\"108\" height=\"17\">Fabricante<\/td>\n<td class=\"et3\" style=\"width: 202.95pt;\" width=\"202\">HanYu<\/td>\n<\/tr>\n<tr style=\"height: 17.60pt;\">\n<td class=\"et3\" style=\"height: 17.60pt;\" height=\"17\">Modelo n.<\/td>\n<td class=\"et4\">HY-8066<\/td>\n<\/tr>\n<tr style=\"height: 18.00pt;\">\n<td class=\"et3\" style=\"height: 18.00pt;\" height=\"18\">Tipo<\/td>\n<td class=\"et5\" style=\"width: 202.95pt;\" width=\"202\">Bacia de recolha<\/td>\n<\/tr>\n<tr style=\"height: 17.60pt;\">\n<td class=\"et3\" style=\"height: 17.60pt;\" height=\"17\">Forma<\/td>\n<td class=\"et3\">Forma retangular<\/td>\n<\/tr>\n<tr style=\"height: 18.00pt;\">\n<td class=\"et4\" style=\"height: 18.00pt;\" height=\"18\">Cor<\/td>\n<td class=\"et5\" style=\"width: 202.95pt;\" width=\"202\">Branco<\/td>\n<\/tr>\n<tr style=\"height: 18.00pt;\">\n<td class=\"et3\" style=\"height: 18.00pt;\" height=\"18\">Dimens\u00e3o<\/td>\n<td class=\"et5\" style=\"width: 202.95pt;\" width=\"202\">48*29.5*12.5<\/td>\n<\/tr>\n<tr style=\"height: 17.60pt;\">\n<td class=\"et3\" style=\"height: 17.60pt;\" height=\"17\">N.W \/SET<\/td>\n<td class=\"et3\">8,2 KGS\/PCS<\/td>\n<\/tr>\n<tr style=\"height: 17.60pt;\">\n<td class=\"et3\" style=\"height: 17.60pt;\" height=\"17\">MOQ<\/td>\n<td class=\"et3\">20 unidades<\/td>\n<\/tr>\n<tr style=\"height: 17.60pt;\">\n<td class=\"et3\" style=\"height: 17.60pt;\" height=\"17\">Op\u00e7\u00e3o personalizada<\/td>\n<td class=\"et3\">Cor\/Patente\/Tamanho\/Logotipo\/Embalagem<\/td>\n<\/tr>\n<\/tbody>\n<\/table>","protected":false},"featured_media":5674,"comment_status":"closed","ping_status":"closed","template":"","meta":{"_acf_changed":false},"product_brand":[],"product_cat":[51],"product_tag":[],"class_list":{"0":"post-5669","1":"product","2":"type-product","3":"status-publish","4":"has-post-thumbnail","6":"product_cat-wholesale-drop-in-sinks","8":"first","9":"instock","10":"shipping-taxable","11":"product-type-simple"},"acf":[],"_links":{"self":[{"href":"https:\/\/www.ceramicbasin.com\/pt\/wp-json\/wp\/v2\/product\/5669","targetHints":{"allow":["GET"]}}],"collection":[{"href":"https:\/\/www.ceramicbasin.com\/pt\/wp-json\/wp\/v2\/product"}],"about":[{"href":"https:\/\/www.ceramicbasin.com\/pt\/wp-json\/wp\/v2\/types\/product"}],"replies":[{"embeddable":true,"href":"https:\/\/www.ceramicbasin.com\/pt\/wp-json\/wp\/v2\/comments?post=5669"}],"wp:featuredmedia":[{"embeddable":true,"href":"https:\/\/www.ceramicbasin.com\/pt\/wp-json\/wp\/v2\/media\/5674"}],"wp:attachment":[{"href":"https:\/\/www.ceramicbasin.com\/pt\/wp-json\/wp\/v2\/media?parent=5669"}],"wp:term":[{"taxonomy":"product_brand","embeddable":true,"href":"https:\/\/www.ceramicbasin.com\/pt\/wp-json\/wp\/v2\/product_brand?post=5669"},{"taxonomy":"product_cat","embeddable":true,"href":"https:\/\/www.ceramicbasin.com\/pt\/wp-json\/wp\/v2\/product_cat?post=5669"},{"taxonomy":"product_tag","embeddable":true,"href":"https:\/\/www.ceramicbasin.com\/pt\/wp-json\/wp\/v2\/product_tag?post=5669"}],"curies":[{"name":"wp","href":"https:\/\/api.w.org\/{rel}","templated":true}]}}