{"id":5759,"date":"2024-12-06T09:14:23","date_gmt":"2024-12-06T09:14:23","guid":{"rendered":"https:\/\/www.ceramicbasin.com\/?post_type=product&#038;p=5759"},"modified":"2024-12-06T09:22:15","modified_gmt":"2024-12-06T09:22:15","slug":"custom-made-bathroom-sinks","status":"publish","type":"product","link":"https:\/\/www.ceramicbasin.com\/pt\/produto\/custom-made-bathroom-sinks\/","title":{"rendered":"Venda quente de lavat\u00f3rios de casa de banho feitos \u00e0 medida, bacias de bancada em ouro por atacado"},"content":{"rendered":"<div class=\"wp-block-columns is-layout-flex wp-container-core-columns-is-layout-9d6595d7 wp-block-columns-is-layout-flex\">\n<div class=\"wp-block-column is-layout-flow wp-block-column-is-layout-flow\">\n<h2 class=\"wp-block-heading\">Pias de casa de banho personalizadas Premium Carater\u00edsticas:<\/h2>\n\n\n\n<ul class=\"wp-block-list\">\n<li><strong>Projeto de instala\u00e7\u00e3o de bancadas:\u00a0<\/strong>Estes lavat\u00f3rios de casa de banho personalizados foram concebidos para serem instalados na bancada, poupando espa\u00e7o e facilitando a utiliza\u00e7\u00e3o di\u00e1ria, a limpeza, a praticidade e a beleza de toda a casa de banho.<\/li>\n\n\n\n<li><strong>Design moderno:\u00a0<\/strong>Estes lavat\u00f3rios de bancada dourados por atacado t\u00eam um design moderno. A combina\u00e7\u00e3o inteligente de ouro e branco real\u00e7a o estilo de toda a casa de banho.<\/li>\n\n\n\n<li><strong>Fornecimento r\u00e1pido:\u00a0<\/strong>Como um fabricante de lavat\u00f3rios de casa de banho personalizados, possu\u00edmos uma poderosa rede de produ\u00e7\u00e3o e log\u00edstica para lavat\u00f3rios de vaidade por atacado que pode responder rapidamente \u00e0s encomendas e garantir a entrega r\u00e1pida do produto para as necessidades urgentes do projeto.<\/li>\n\n\n\n<li><strong>Fornecimento est\u00e1vel:\u00a0<\/strong>Com anos de experi\u00eancia como fabricante de lavat\u00f3rios de cer\u00e2mica para casa de banho, a HanYu oferece pre\u00e7os competitivos e fornecimento r\u00e1pido de lavat\u00f3rios de bancada em ouro por atacado, adequados para grandes projectos como hot\u00e9is e edif\u00edcios comerciais.<\/li>\n<\/ul>\n<\/div>\n\n\n\n<div class=\"wp-block-column is-layout-flow wp-block-column-is-layout-flow\">\n<figure class=\"wp-block-image size-full is-resized\"><img fetchpriority=\"high\" decoding=\"async\" width=\"800\" height=\"1184\" src=\"https:\/\/www.ceramicbasin.com\/wp-content\/uploads\/2024\/12\/Wholesale-ceramic-basin-factory-Electroplated-Sinks-6.webp\" alt=\"Pias de casa de banho personalizadas de venda quente, bacias de bancada de ouro por atacado-1\" class=\"wp-image-5730\" style=\"width:336px;height:auto\" srcset=\"https:\/\/www.ceramicbasin.com\/wp-content\/uploads\/2024\/12\/Wholesale-ceramic-basin-factory-Electroplated-Sinks-6.webp 800w, https:\/\/www.ceramicbasin.com\/wp-content\/uploads\/2024\/12\/Wholesale-ceramic-basin-factory-Electroplated-Sinks-6-203x300.webp 203w, https:\/\/www.ceramicbasin.com\/wp-content\/uploads\/2024\/12\/Wholesale-ceramic-basin-factory-Electroplated-Sinks-6-768x1137.webp 768w, https:\/\/www.ceramicbasin.com\/wp-content\/uploads\/2024\/12\/Wholesale-ceramic-basin-factory-Electroplated-Sinks-6-8x12.webp 8w, https:\/\/www.ceramicbasin.com\/wp-content\/uploads\/2024\/12\/Wholesale-ceramic-basin-factory-Electroplated-Sinks-6-285x422.webp 285w, https:\/\/www.ceramicbasin.com\/wp-content\/uploads\/2024\/12\/Wholesale-ceramic-basin-factory-Electroplated-Sinks-6-446x660.webp 446w, https:\/\/www.ceramicbasin.com\/wp-content\/uploads\/2024\/12\/Wholesale-ceramic-basin-factory-Electroplated-Sinks-6-101x150.webp 101w\" sizes=\"(max-width: 800px) 100vw, 800px\" \/><\/figure>\n<\/div>\n<\/div>\n\n\n\n<p><\/p>","protected":false},"excerpt":{"rendered":"<p>Bem-vindo \u00e0 compra de lavat\u00f3rios de casa de banho feitos \u00e0 medida. Estas bacias de bancada de ouro de venda quente por atacado s\u00e3o projetadas para serem instaladas na bancada, economizando espa\u00e7o e facilitando o uso di\u00e1rio, a coloca\u00e7\u00e3o inteligente de ouro e branco melhora o estilo de todo o banheiro.<\/p>\n<table style=\"border-collapse: collapse; width: 358.52pt;\" border=\"0\" width=\"478\" cellspacing=\"0\" cellpadding=\"0\">\n<tbody>\n<tr style=\"height: 17.25pt;\">\n<td class=\"et3\" style=\"height: 17.25pt; width: 125.00pt;\" width=\"166\" height=\"23\">Fabricante<\/td>\n<td class=\"et3\" style=\"width: 234.15pt;\" width=\"312\">HanYu<\/td>\n<\/tr>\n<tr style=\"height: 17.25pt;\">\n<td class=\"et3\" style=\"height: 17.25pt;\" height=\"23\">Modelo n.<\/td>\n<td class=\"et4\">HY-8184GY<\/td>\n<\/tr>\n<tr style=\"height: 17.25pt;\">\n<td class=\"et3\" style=\"height: 17.25pt;\" height=\"23\">Tipo<\/td>\n<td class=\"et5\" style=\"width: 234.15pt;\" width=\"312\">Lava-lou\u00e7as galvanizados<\/td>\n<\/tr>\n<tr style=\"height: 18.00pt;\">\n<td class=\"et3\" style=\"height: 18.00pt;\" height=\"24\">Forma<\/td>\n<td class=\"et3\">Forma hexagonal<\/td>\n<\/tr>\n<tr style=\"height: 34.50pt;\">\n<td class=\"et4\" style=\"height: 34.50pt;\" height=\"46\">Cor<\/td>\n<td class=\"et5\" style=\"width: 234.15pt;\" width=\"312\">preto\/branco\/azul\/cinzento\/rosa\/verde\/castanho\/caqui<\/td>\n<\/tr>\n<tr style=\"height: 18.00pt;\">\n<td class=\"et3\" style=\"height: 18.00pt;\" height=\"24\">Dimens\u00e3o<\/td>\n<td class=\"et5\" style=\"width: 234.15pt;\" width=\"312\">47*35.5*11.5<\/td>\n<\/tr>\n<tr style=\"height: 17.25pt;\">\n<td class=\"et3\" style=\"height: 17.25pt;\" height=\"23\">N.W \/SET<\/td>\n<td class=\"et3\">7KGS\/PCS<\/td>\n<\/tr>\n<tr style=\"height: 17.25pt;\">\n<td class=\"et3\" style=\"height: 17.25pt;\" height=\"23\">MOQ<\/td>\n<td class=\"et3\">20 unidades<\/td>\n<\/tr>\n<tr style=\"height: 17.25pt;\">\n<td class=\"et3\" style=\"height: 17.25pt;\" height=\"23\">Op\u00e7\u00e3o personalizada<\/td>\n<td class=\"et3\">Cor\/Patente\/Tamanho\/Logotipo\/Embalagem<\/td>\n<\/tr>\n<\/tbody>\n<\/table>","protected":false},"featured_media":5728,"comment_status":"closed","ping_status":"closed","template":"","meta":{"_acf_changed":false},"product_brand":[],"product_cat":[53,50],"product_tag":[],"class_list":{"0":"post-5759","1":"product","2":"type-product","3":"status-publish","4":"has-post-thumbnail","6":"product_cat-electroplated-bathroom-sinks","7":"product_cat-wholesale-countertop-sinks","9":"first","10":"instock","11":"shipping-taxable","12":"product-type-simple"},"acf":[],"_links":{"self":[{"href":"https:\/\/www.ceramicbasin.com\/pt\/wp-json\/wp\/v2\/product\/5759","targetHints":{"allow":["GET"]}}],"collection":[{"href":"https:\/\/www.ceramicbasin.com\/pt\/wp-json\/wp\/v2\/product"}],"about":[{"href":"https:\/\/www.ceramicbasin.com\/pt\/wp-json\/wp\/v2\/types\/product"}],"replies":[{"embeddable":true,"href":"https:\/\/www.ceramicbasin.com\/pt\/wp-json\/wp\/v2\/comments?post=5759"}],"wp:featuredmedia":[{"embeddable":true,"href":"https:\/\/www.ceramicbasin.com\/pt\/wp-json\/wp\/v2\/media\/5728"}],"wp:attachment":[{"href":"https:\/\/www.ceramicbasin.com\/pt\/wp-json\/wp\/v2\/media?parent=5759"}],"wp:term":[{"taxonomy":"product_brand","embeddable":true,"href":"https:\/\/www.ceramicbasin.com\/pt\/wp-json\/wp\/v2\/product_brand?post=5759"},{"taxonomy":"product_cat","embeddable":true,"href":"https:\/\/www.ceramicbasin.com\/pt\/wp-json\/wp\/v2\/product_cat?post=5759"},{"taxonomy":"product_tag","embeddable":true,"href":"https:\/\/www.ceramicbasin.com\/pt\/wp-json\/wp\/v2\/product_tag?post=5759"}],"curies":[{"name":"wp","href":"https:\/\/api.w.org\/{rel}","templated":true}]}}