{"id":5761,"date":"2024-12-06T08:55:42","date_gmt":"2024-12-06T08:55:42","guid":{"rendered":"https:\/\/www.ceramicbasin.com\/?post_type=product&#038;p=5761"},"modified":"2024-12-06T08:55:44","modified_gmt":"2024-12-06T08:55:44","slug":"wholesale-vanity-basins","status":"publish","type":"product","link":"https:\/\/www.ceramicbasin.com\/pt\/produto\/wholesale-vanity-basins\/","title":{"rendered":"Bacia de toucador por atacado, Bacia de lavagem de cor dourada para casa de banho"},"content":{"rendered":"<div class=\"wp-block-columns is-layout-flex wp-container-core-columns-is-layout-9d6595d7 wp-block-columns-is-layout-flex\">\n<div class=\"wp-block-column is-layout-flow wp-block-column-is-layout-flow\">\n<h2 class=\"wp-block-heading\">Bacias de toucador Premium Wholesale Carater\u00edsticas:<\/h2>\n\n\n\n<ul class=\"wp-block-list\">\n<li><strong>Combina\u00e7\u00e3o luxuosa de cores:\u00a0<\/strong>Esta combina\u00e7\u00e3o tradicional de cores entre o dourado e o branco \u00e9 utilizada nestes lavat\u00f3rios de toucador por atacado. A parte dourada brilha com linhas, enquanto a parte branca \u00e9 pura e elegante. Cria uma atmosfera luxuosa e elegante.<\/li>\n\n\n\n<li><strong>Design moderno:\u00a0<\/strong>Este lavat\u00f3rio dourado por atacado tem um design moderno. A combina\u00e7\u00e3o inteligente de ouro e branco real\u00e7a o estilo de toda a casa de banho.<\/li>\n\n\n\n<li><strong>Poupan\u00e7a de custos:<\/strong>\u00a0Os nossos lavat\u00f3rios de bancada por atacado combinam uma est\u00e9tica de design simples com uma funcionalidade pr\u00e1tica, uma escolha ideal para casas de banho com estilo. Lavat\u00f3rios de casa de banho por atacado a pre\u00e7os razo\u00e1veis e entrega r\u00e1pida para satisfazer as necessidades das grandes encomendas, garantindo a qualidade do produto.<\/li>\n\n\n\n<li><strong>Aquisi\u00e7\u00e3o a granel, com uma boa rela\u00e7\u00e3o custo-benef\u00edcio:\u00a0<\/strong>N\u00f3s fornecemos pre\u00e7os de aquisi\u00e7\u00e3o preferenciais para este lavat\u00f3rio de cor dourada por atacado, garantindo que voc\u00ea desfrute de produtos de alta qualidade, mantendo o or\u00e7amento do seu projeto.<\/li>\n<\/ul>\n<\/div>\n\n\n\n<div class=\"wp-block-column is-layout-flow wp-block-column-is-layout-flow\">\n<figure class=\"wp-block-image size-full is-resized\"><img fetchpriority=\"high\" decoding=\"async\" width=\"800\" height=\"1214\" src=\"https:\/\/www.ceramicbasin.com\/wp-content\/uploads\/2024\/12\/Countertop-basin-manufacturer-Electroplated-Gold-Sinks-6.webp\" alt=\"Bacias de toucador por atacado, Bacia de lavagem de cor dourada para casa de banho-1\" class=\"wp-image-5718\" style=\"width:352px;height:auto\" srcset=\"https:\/\/www.ceramicbasin.com\/wp-content\/uploads\/2024\/12\/Countertop-basin-manufacturer-Electroplated-Gold-Sinks-6.webp 800w, https:\/\/www.ceramicbasin.com\/wp-content\/uploads\/2024\/12\/Countertop-basin-manufacturer-Electroplated-Gold-Sinks-6-198x300.webp 198w, https:\/\/www.ceramicbasin.com\/wp-content\/uploads\/2024\/12\/Countertop-basin-manufacturer-Electroplated-Gold-Sinks-6-768x1165.webp 768w, https:\/\/www.ceramicbasin.com\/wp-content\/uploads\/2024\/12\/Countertop-basin-manufacturer-Electroplated-Gold-Sinks-6-8x12.webp 8w, https:\/\/www.ceramicbasin.com\/wp-content\/uploads\/2024\/12\/Countertop-basin-manufacturer-Electroplated-Gold-Sinks-6-285x432.webp 285w, https:\/\/www.ceramicbasin.com\/wp-content\/uploads\/2024\/12\/Countertop-basin-manufacturer-Electroplated-Gold-Sinks-6-435x660.webp 435w, https:\/\/www.ceramicbasin.com\/wp-content\/uploads\/2024\/12\/Countertop-basin-manufacturer-Electroplated-Gold-Sinks-6-99x150.webp 99w\" sizes=\"(max-width: 800px) 100vw, 800px\" \/><\/figure>\n<\/div>\n<\/div>","protected":false},"excerpt":{"rendered":"<p>Bem-vindo \u00e0 compra de lavat\u00f3rios por grosso. O nosso lavat\u00f3rio de bancada dourado por atacado combina uma est\u00e9tica de design simples com uma funcionalidade pr\u00e1tica, uma escolha ideal para casas de banho com estilo. Lavat\u00f3rios de casa de banho por atacado a pre\u00e7os razo\u00e1veis e entrega r\u00e1pida para satisfazer as necessidades das grandes encomendas, garantindo a qualidade do produto.<\/p>\n<table style=\"border-collapse: collapse; width: 358.52pt;\" border=\"0\" width=\"478\" cellspacing=\"0\" cellpadding=\"0\">\n<tbody>\n<tr style=\"height: 17.25pt;\">\n<td class=\"et3\" style=\"height: 17.25pt; width: 125.00pt;\" width=\"166\" height=\"23\">Fabricante<\/td>\n<td class=\"et3\" style=\"width: 234.15pt;\" width=\"312\">HanYu<\/td>\n<\/tr>\n<tr style=\"height: 17.25pt;\">\n<td class=\"et3\" style=\"height: 17.25pt;\" height=\"23\">Modelo n.<\/td>\n<td class=\"et4\">HY-8186GS<\/td>\n<\/tr>\n<tr style=\"height: 17.25pt;\">\n<td class=\"et3\" style=\"height: 17.25pt;\" height=\"23\">Tipo<\/td>\n<td class=\"et5\" style=\"width: 234.15pt;\" width=\"312\">Lava-lou\u00e7as galvanizados<\/td>\n<\/tr>\n<tr style=\"height: 18.00pt;\">\n<td class=\"et3\" style=\"height: 18.00pt;\" height=\"24\">Forma<\/td>\n<td class=\"et3\">Forma oval<\/td>\n<\/tr>\n<tr style=\"height: 34.50pt;\">\n<td class=\"et4\" style=\"height: 34.50pt;\" height=\"46\">Cor<\/td>\n<td class=\"et5\" style=\"width: 234.15pt;\" width=\"312\">preto\/branco\/azul\/cinzento\/rosa\/verde\/castanho\/caqui<\/td>\n<\/tr>\n<tr style=\"height: 18.00pt;\">\n<td class=\"et3\" style=\"height: 18.00pt;\" height=\"24\">Dimens\u00e3o<\/td>\n<td class=\"et5\" style=\"width: 234.15pt;\" width=\"312\">52*37*13<\/td>\n<\/tr>\n<tr style=\"height: 17.25pt;\">\n<td class=\"et3\" style=\"height: 17.25pt;\" height=\"23\">N.W \/SET<\/td>\n<td class=\"et3\">9KGS\/PCS<\/td>\n<\/tr>\n<tr style=\"height: 17.25pt;\">\n<td class=\"et3\" style=\"height: 17.25pt;\" height=\"23\">MOQ<\/td>\n<td class=\"et3\">20 unidades<\/td>\n<\/tr>\n<tr style=\"height: 17.25pt;\">\n<td class=\"et3\" style=\"height: 17.25pt;\" height=\"23\">Op\u00e7\u00e3o personalizada<\/td>\n<td class=\"et3\">Cor\/Patente\/Tamanho\/Logotipo\/Embalagem<\/td>\n<\/tr>\n<\/tbody>\n<\/table>","protected":false},"featured_media":5713,"comment_status":"closed","ping_status":"closed","template":"","meta":{"_acf_changed":false},"product_brand":[],"product_cat":[53,50],"product_tag":[],"class_list":{"0":"post-5761","1":"product","2":"type-product","3":"status-publish","4":"has-post-thumbnail","6":"product_cat-electroplated-bathroom-sinks","7":"product_cat-wholesale-countertop-sinks","9":"first","10":"instock","11":"shipping-taxable","12":"product-type-simple"},"acf":[],"_links":{"self":[{"href":"https:\/\/www.ceramicbasin.com\/pt\/wp-json\/wp\/v2\/product\/5761","targetHints":{"allow":["GET"]}}],"collection":[{"href":"https:\/\/www.ceramicbasin.com\/pt\/wp-json\/wp\/v2\/product"}],"about":[{"href":"https:\/\/www.ceramicbasin.com\/pt\/wp-json\/wp\/v2\/types\/product"}],"replies":[{"embeddable":true,"href":"https:\/\/www.ceramicbasin.com\/pt\/wp-json\/wp\/v2\/comments?post=5761"}],"wp:featuredmedia":[{"embeddable":true,"href":"https:\/\/www.ceramicbasin.com\/pt\/wp-json\/wp\/v2\/media\/5713"}],"wp:attachment":[{"href":"https:\/\/www.ceramicbasin.com\/pt\/wp-json\/wp\/v2\/media?parent=5761"}],"wp:term":[{"taxonomy":"product_brand","embeddable":true,"href":"https:\/\/www.ceramicbasin.com\/pt\/wp-json\/wp\/v2\/product_brand?post=5761"},{"taxonomy":"product_cat","embeddable":true,"href":"https:\/\/www.ceramicbasin.com\/pt\/wp-json\/wp\/v2\/product_cat?post=5761"},{"taxonomy":"product_tag","embeddable":true,"href":"https:\/\/www.ceramicbasin.com\/pt\/wp-json\/wp\/v2\/product_tag?post=5761"}],"curies":[{"name":"wp","href":"https:\/\/api.w.org\/{rel}","templated":true}]}}