{"id":5767,"date":"2024-12-12T07:46:44","date_gmt":"2024-12-12T07:46:44","guid":{"rendered":"https:\/\/www.ceramicbasin.com\/?post_type=product&#038;p=5767"},"modified":"2025-10-23T09:58:00","modified_gmt":"2025-10-23T09:58:00","slug":"custom-vanity-sinks","status":"publish","type":"product","link":"https:\/\/www.ceramicbasin.com\/pt\/produto\/custom-vanity-sinks\/","title":{"rendered":"Lavat\u00f3rios de toucador personalizados para projectos, bacias de cer\u00e2mica por atacado"},"content":{"rendered":"<div class=\"wp-block-columns is-layout-flex wp-container-core-columns-is-layout-9d6595d7 wp-block-columns-is-layout-flex\">\n<div class=\"wp-block-column is-layout-flow wp-block-column-is-layout-flow\">\n<h2 class=\"wp-block-heading\">Pias de toucador personalizadas Premium Carater\u00edsticas:<\/h2>\n\n\n\n<ul class=\"wp-block-list\">\n<li><strong>Tecnologia de impress\u00e3o por transfer\u00eancia de \u00e1gua: <\/strong>Os nossos lavat\u00f3rios personalizados adoptam tecnologia avan\u00e7ada de impress\u00e3o por transfer\u00eancia de \u00e1gua. O padr\u00e3o de superf\u00edcie de cada lavat\u00f3rio de bancada de casa de banho \u00e9 uniforme e requintado, o que pode apresentar um efeito de textura complexo, garantindo que cada produto \u00e9 \u00fanico e art\u00edstico, e se adapta perfeitamente \u00e0s necessidades da decora\u00e7\u00e3o moderna da casa.<\/li>\n\n\n\n<li><strong>Desenho de textura de m\u00e1rmore: <\/strong>Com um design requintado de cada detalhe, a textura do m\u00e1rmore no nosso lavat\u00f3rio de cer\u00e2mica por atacado exala luxo at\u00e9 ao fim. A adequa\u00e7\u00e3o vai desde as casas de banho tradicionais at\u00e9 \u00e0s modernas. \u00c9 t\u00e3o perfeito em conjunto, acrescentando uma atmosfera de alta qualidade e moda, abrindo consequentemente um mundo diferente para novas experi\u00eancias visuais nas suas casas de banho.<\/li>\n\n\n\n<li><strong>Materiais de alta qualidade: <\/strong>Estes lavat\u00f3rios personalizados s\u00e3o fabricados com materiais cer\u00e2micos de alta qualidade e foram submetidos a um tratamento rigoroso para garantir que os produtos s\u00e3o robustos e duradouros, com uma forte resist\u00eancia \u00e0s manchas e uma resist\u00eancia superior ao desgaste. N\u00e3o se danificam facilmente ap\u00f3s uma utiliza\u00e7\u00e3o prolongada e permanecem brilhantes e limpos como novos, satisfazendo as necessidades de qualidade do mercado topo de gama.<\/li>\n\n\n\n<li><strong>Entrega r\u00e1pida: <\/strong>Temos um sistema completo de gest\u00e3o de produ\u00e7\u00e3o e uma linha de produ\u00e7\u00e3o eficiente, que pode garantir que o nosso lavat\u00f3rio de cer\u00e2mica por atacado \u00e9 entregue a tempo, atender \u00e0s necessidades urgentes dos clientes, e fornecer um forte apoio para seus projetos de constru\u00e7\u00e3o e planos de decora\u00e7\u00e3o.<\/li>\n<\/ul>\n<\/div>\n\n\n\n<div class=\"wp-block-column is-layout-flow wp-block-column-is-layout-flow\">\n<figure class=\"wp-block-image size-full\"><img fetchpriority=\"high\" decoding=\"async\" width=\"1345\" height=\"1787\" src=\"https:\/\/www.ceramicbasin.com\/wp-content\/uploads\/2024\/12\/ceramic-wash-basin-factory-6.jpg\" alt=\"Lavat\u00f3rios de toucador personalizados, lavat\u00f3rio de cer\u00e2mica de balc\u00e3o, atacado-1\" class=\"wp-image-5768\" srcset=\"https:\/\/www.ceramicbasin.com\/wp-content\/uploads\/2024\/12\/ceramic-wash-basin-factory-6.jpg 1345w, https:\/\/www.ceramicbasin.com\/wp-content\/uploads\/2024\/12\/ceramic-wash-basin-factory-6-226x300.jpg 226w, https:\/\/www.ceramicbasin.com\/wp-content\/uploads\/2024\/12\/ceramic-wash-basin-factory-6-768x1020.jpg 768w, https:\/\/www.ceramicbasin.com\/wp-content\/uploads\/2024\/12\/ceramic-wash-basin-factory-6-9x12.jpg 9w, https:\/\/www.ceramicbasin.com\/wp-content\/uploads\/2024\/12\/ceramic-wash-basin-factory-6-285x379.jpg 285w, https:\/\/www.ceramicbasin.com\/wp-content\/uploads\/2024\/12\/ceramic-wash-basin-factory-6-497x660.jpg 497w, https:\/\/www.ceramicbasin.com\/wp-content\/uploads\/2024\/12\/ceramic-wash-basin-factory-6-113x150.jpg 113w\" sizes=\"(max-width: 1345px) 100vw, 1345px\" \/><\/figure>\n<\/div>\n<\/div>\n\n\n\n<p><\/p>","protected":false},"excerpt":{"rendered":"<p>Bem-vindo ao comprar lavat\u00f3rio de cer\u00e2mica por atacado. Os nossos lavat\u00f3rios personalizados usam tecnologia avan\u00e7ada de impress\u00e3o por transfer\u00eancia de \u00e1gua para apresentar designs requintados de textura de m\u00e1rmore, combinados com materiais cer\u00e2micos de alta qualidade para garantir alta qualidade e durabilidade duradoura. Seja para uso dom\u00e9stico ou comercial, eles podem fornecer solu\u00e7\u00f5es de casa de banho de alta qualidade e moda. Prometemos uma entrega r\u00e1pida e fornecemos apoio atempado e fi\u00e1vel para o seu projeto.<\/p>\n<table style=\"border-collapse: collapse; width: 311.02pt;\" border=\"0\" width=\"311\" cellspacing=\"0\" cellpadding=\"0\">\n<tbody>\n<tr style=\"height: 17.60pt;\">\n<td class=\"et3\" style=\"height: 17.60pt; width: 108.35pt;\" width=\"108\" height=\"17\">Fabricante<\/td>\n<td class=\"et3\" style=\"width: 202.95pt;\" width=\"202\">HanYu<\/td>\n<\/tr>\n<tr style=\"height: 17.60pt;\">\n<td class=\"et3\" style=\"height: 17.60pt;\" height=\"17\">Modelo n.<\/td>\n<td class=\"et4\">HY-8018AD71<\/td>\n<\/tr>\n<tr style=\"height: 36.00pt;\">\n<td class=\"et3\" style=\"height: 36.00pt;\" height=\"36\">Tipo<\/td>\n<td class=\"et5\" style=\"width: 202.95pt;\" width=\"202\">Lavat\u00f3rio em m\u00e1rmore, Lavat\u00f3rio de bancada<\/td>\n<\/tr>\n<tr style=\"height: 17.60pt;\">\n<td class=\"et3\" style=\"height: 17.60pt;\" height=\"17\">Forma<\/td>\n<td class=\"et3\">Forma retangular<\/td>\n<\/tr>\n<tr style=\"height: 18.00pt;\">\n<td class=\"et4\" style=\"height: 18.00pt;\" height=\"18\">Cor<\/td>\n<td class=\"et5\" style=\"width: 202.95pt;\" width=\"202\">Castanho<\/td>\n<\/tr>\n<tr style=\"height: 18.00pt;\">\n<td class=\"et3\" style=\"height: 18.00pt;\" height=\"18\">Dimens\u00e3o<\/td>\n<td class=\"et5\" style=\"width: 202.95pt;\" width=\"202\">46*32*13.5<\/td>\n<\/tr>\n<tr style=\"height: 17.60pt;\">\n<td class=\"et3\" style=\"height: 17.60pt;\" height=\"17\">N.W \/SET<\/td>\n<td class=\"et3\">7 KGS\/PCS<\/td>\n<\/tr>\n<tr style=\"height: 17.60pt;\">\n<td class=\"et3\" style=\"height: 17.60pt;\" height=\"17\">MOQ<\/td>\n<td class=\"et3\">20 unidades<\/td>\n<\/tr>\n<tr style=\"height: 17.60pt;\">\n<td class=\"et3\" style=\"height: 17.60pt;\" height=\"17\">Op\u00e7\u00e3o personalizada<\/td>\n<td class=\"et3\">Cor\/Patente\/Tamanho\/Logotipo\/Embalagem<\/td>\n<\/tr>\n<\/tbody>\n<\/table>","protected":false},"featured_media":5769,"comment_status":"closed","ping_status":"closed","template":"","meta":{"_acf_changed":false},"product_brand":[],"product_cat":[54,50],"product_tag":[],"class_list":{"0":"post-5767","1":"product","2":"type-product","3":"status-publish","4":"has-post-thumbnail","6":"product_cat-wholesale-marble-sinks","7":"product_cat-wholesale-countertop-sinks","9":"first","10":"instock","11":"shipping-taxable","12":"product-type-simple"},"acf":[],"_links":{"self":[{"href":"https:\/\/www.ceramicbasin.com\/pt\/wp-json\/wp\/v2\/product\/5767","targetHints":{"allow":["GET"]}}],"collection":[{"href":"https:\/\/www.ceramicbasin.com\/pt\/wp-json\/wp\/v2\/product"}],"about":[{"href":"https:\/\/www.ceramicbasin.com\/pt\/wp-json\/wp\/v2\/types\/product"}],"replies":[{"embeddable":true,"href":"https:\/\/www.ceramicbasin.com\/pt\/wp-json\/wp\/v2\/comments?post=5767"}],"wp:featuredmedia":[{"embeddable":true,"href":"https:\/\/www.ceramicbasin.com\/pt\/wp-json\/wp\/v2\/media\/5769"}],"wp:attachment":[{"href":"https:\/\/www.ceramicbasin.com\/pt\/wp-json\/wp\/v2\/media?parent=5767"}],"wp:term":[{"taxonomy":"product_brand","embeddable":true,"href":"https:\/\/www.ceramicbasin.com\/pt\/wp-json\/wp\/v2\/product_brand?post=5767"},{"taxonomy":"product_cat","embeddable":true,"href":"https:\/\/www.ceramicbasin.com\/pt\/wp-json\/wp\/v2\/product_cat?post=5767"},{"taxonomy":"product_tag","embeddable":true,"href":"https:\/\/www.ceramicbasin.com\/pt\/wp-json\/wp\/v2\/product_tag?post=5767"}],"curies":[{"name":"wp","href":"https:\/\/api.w.org\/{rel}","templated":true}]}}