{"id":5775,"date":"2024-12-12T08:18:51","date_gmt":"2024-12-12T08:18:51","guid":{"rendered":"https:\/\/www.ceramicbasin.com\/?post_type=product&#038;p=5775"},"modified":"2024-12-13T09:20:29","modified_gmt":"2024-12-13T09:20:29","slug":"custom-made-washbasin","status":"publish","type":"product","link":"https:\/\/www.ceramicbasin.com\/pt\/produto\/custom-made-washbasin\/","title":{"rendered":"Lavat\u00f3rio de cor nova feito sob medida, pias de m\u00e1rmore artificial de cer\u00e2mica por atacado"},"content":{"rendered":"<div class=\"wp-block-columns is-layout-flex wp-container-core-columns-is-layout-9d6595d7 wp-block-columns-is-layout-flex\">\n<div class=\"wp-block-column is-layout-flow wp-block-column-is-layout-flow\">\n<h2 class=\"wp-block-heading\">Lavat\u00f3rio Premium feito \u00e0 medida Carater\u00edsticas:<\/h2>\n\n\n\n<ul class=\"wp-block-list\">\n<li><strong>Tecnologia de impress\u00e3o por transfer\u00eancia de \u00e1gua: <\/strong>Este lavat\u00f3rio personalizado adopta uma tecnologia avan\u00e7ada de impress\u00e3o por transfer\u00eancia de \u00e1gua para garantir que o padr\u00e3o da superf\u00edcie de cada lavat\u00f3rio \u00e9 fino e uniforme, mostrando um efeito de textura delicado, acrescentando um sentido art\u00edstico moderno \u00e0 casa de banho.<\/li>\n\n\n\n<li><strong>Novo design de textura de m\u00e1rmore: <\/strong>Os nossos lavat\u00f3rios de casa de banho de cer\u00e2mica por atacado adoptam uma textura de m\u00e1rmore recentemente concebida com textura natural e suave e cores ricas, que podem trazer luxo e moda para casas de banho de diferentes estilos e integrar perfeitamente a decora\u00e7\u00e3o moderna da casa.<\/li>\n\n\n\n<li><strong>Sele\u00e7\u00e3o de cor personalizada: <\/strong>Este lavat\u00f3rio feito \u00e0 medida \u00e9 fornecido com uma variedade de op\u00e7\u00f5es de cores personalizadas para satisfazer as suas necessidades de mistura da cor perfeita, de modo a que o seu lavat\u00f3rio de casa de banho possa combinar perfeitamente com o estilo geral da sua casa e refletir carater\u00edsticas personalizadas.<\/li>\n\n\n\n<li><strong>Material cer\u00e2mico de alta qualidade: <\/strong>Esta pia de banheiro de cer\u00e2mica por atacado adota materiais cer\u00e2micos de alta qualidade e, ap\u00f3s um processamento fino, a superf\u00edcie pode ser lisa o suficiente para resistir ao desgaste, anti-incrustante, facilmente limpa e manter-se nova em seu servi\u00e7o de longo prazo.<\/li>\n<\/ul>\n<\/div>\n\n\n\n<div class=\"wp-block-column is-layout-flow wp-block-column-is-layout-flow\">\n<figure class=\"wp-block-image size-full\"><img fetchpriority=\"high\" decoding=\"async\" width=\"1345\" height=\"1787\" src=\"https:\/\/www.ceramicbasin.com\/wp-content\/uploads\/2024\/12\/wholesale-counter-bathroom-sink-6-1.jpg\" alt=\"Lavat\u00f3rio de cor nova feito sob medida, pias de m\u00e1rmore artificial de cer\u00e2mica Atacado-1\" class=\"wp-image-5782\" srcset=\"https:\/\/www.ceramicbasin.com\/wp-content\/uploads\/2024\/12\/wholesale-counter-bathroom-sink-6-1.jpg 1345w, https:\/\/www.ceramicbasin.com\/wp-content\/uploads\/2024\/12\/wholesale-counter-bathroom-sink-6-1-226x300.jpg 226w, https:\/\/www.ceramicbasin.com\/wp-content\/uploads\/2024\/12\/wholesale-counter-bathroom-sink-6-1-768x1020.jpg 768w, https:\/\/www.ceramicbasin.com\/wp-content\/uploads\/2024\/12\/wholesale-counter-bathroom-sink-6-1-9x12.jpg 9w, https:\/\/www.ceramicbasin.com\/wp-content\/uploads\/2024\/12\/wholesale-counter-bathroom-sink-6-1-285x379.jpg 285w, https:\/\/www.ceramicbasin.com\/wp-content\/uploads\/2024\/12\/wholesale-counter-bathroom-sink-6-1-497x660.jpg 497w, https:\/\/www.ceramicbasin.com\/wp-content\/uploads\/2024\/12\/wholesale-counter-bathroom-sink-6-1-113x150.jpg 113w\" sizes=\"(max-width: 1345px) 100vw, 1345px\" \/><\/figure>\n<\/div>\n<\/div>\n\n\n\n<p><\/p>","protected":false},"excerpt":{"rendered":"<p>Bem-vindo ao comprar lavat\u00f3rios de cer\u00e2mica para casa de banho por atacado. Este lavat\u00f3rio personalizado adopta tecnologia avan\u00e7ada de impress\u00e3o por transfer\u00eancia de \u00e1gua para mostrar uma nova textura de m\u00e1rmore, combinada com materiais cer\u00e2micos de alta qualidade, com v\u00e1rias op\u00e7\u00f5es de cores personalizadas, perfeitas para diferentes estilos de casa. O seu design requintado e excelente qualidade tornam-no moderno e luxuoso, o que ser\u00e1 a escolha ideal para a decora\u00e7\u00e3o da sua casa de banho.<\/p>\n<table style=\"border-collapse: collapse; width: 311.02pt;\" border=\"0\" width=\"311\" cellspacing=\"0\" cellpadding=\"0\">\n<tbody>\n<tr style=\"height: 17.60pt;\">\n<td class=\"et3\" style=\"height: 17.60pt; width: 108.35pt;\" width=\"108\" height=\"17\">Fabricante<\/td>\n<td class=\"et3\" style=\"width: 202.95pt;\" width=\"202\">HanYu<\/td>\n<\/tr>\n<tr style=\"height: 17.60pt;\">\n<td class=\"et3\" style=\"height: 17.60pt;\" height=\"17\">Modelo n.<\/td>\n<td class=\"et4\">HY-8015D78<\/td>\n<\/tr>\n<tr style=\"height: 36.00pt;\">\n<td class=\"et3\" style=\"height: 36.00pt;\" height=\"36\">Tipo<\/td>\n<td class=\"et5\" style=\"width: 202.95pt;\" width=\"202\">Lavat\u00f3rio em m\u00e1rmore, Lavat\u00f3rio de bancada<\/td>\n<\/tr>\n<tr style=\"height: 17.60pt;\">\n<td class=\"et3\" style=\"height: 17.60pt;\" height=\"17\">Forma<\/td>\n<td class=\"et3\">Forma oval<\/td>\n<\/tr>\n<tr style=\"height: 18.00pt;\">\n<td class=\"et4\" style=\"height: 18.00pt;\" height=\"18\">Cor<\/td>\n<td class=\"et5\" style=\"width: 202.95pt;\" width=\"202\">Preto e branco<\/td>\n<\/tr>\n<tr style=\"height: 18.00pt;\">\n<td class=\"et3\" style=\"height: 18.00pt;\" height=\"18\">Dimens\u00e3o<\/td>\n<td class=\"et5\" style=\"width: 202.95pt;\" width=\"202\">49*35.5*13<\/td>\n<\/tr>\n<tr style=\"height: 17.60pt;\">\n<td class=\"et3\" style=\"height: 17.60pt;\" height=\"17\">N.W \/SET<\/td>\n<td class=\"et3\">7 KGS\/PCS<\/td>\n<\/tr>\n<tr style=\"height: 17.60pt;\">\n<td class=\"et3\" style=\"height: 17.60pt;\" height=\"17\">MOQ<\/td>\n<td class=\"et3\">20 unidades<\/td>\n<\/tr>\n<tr style=\"height: 17.60pt;\">\n<td class=\"et3\" style=\"height: 17.60pt;\" height=\"17\">Op\u00e7\u00e3o personalizada<\/td>\n<td class=\"et3\">Cor\/Patente\/Tamanho\/Logotipo\/Embalagem<\/td>\n<\/tr>\n<\/tbody>\n<\/table>","protected":false},"featured_media":5776,"comment_status":"closed","ping_status":"closed","template":"","meta":{"_acf_changed":false},"product_brand":[],"product_cat":[54,50],"product_tag":[],"class_list":{"0":"post-5775","1":"product","2":"type-product","3":"status-publish","4":"has-post-thumbnail","6":"product_cat-wholesale-marble-sinks","7":"product_cat-wholesale-countertop-sinks","9":"first","10":"instock","11":"shipping-taxable","12":"product-type-simple"},"acf":[],"_links":{"self":[{"href":"https:\/\/www.ceramicbasin.com\/pt\/wp-json\/wp\/v2\/product\/5775","targetHints":{"allow":["GET"]}}],"collection":[{"href":"https:\/\/www.ceramicbasin.com\/pt\/wp-json\/wp\/v2\/product"}],"about":[{"href":"https:\/\/www.ceramicbasin.com\/pt\/wp-json\/wp\/v2\/types\/product"}],"replies":[{"embeddable":true,"href":"https:\/\/www.ceramicbasin.com\/pt\/wp-json\/wp\/v2\/comments?post=5775"}],"wp:featuredmedia":[{"embeddable":true,"href":"https:\/\/www.ceramicbasin.com\/pt\/wp-json\/wp\/v2\/media\/5776"}],"wp:attachment":[{"href":"https:\/\/www.ceramicbasin.com\/pt\/wp-json\/wp\/v2\/media?parent=5775"}],"wp:term":[{"taxonomy":"product_brand","embeddable":true,"href":"https:\/\/www.ceramicbasin.com\/pt\/wp-json\/wp\/v2\/product_brand?post=5775"},{"taxonomy":"product_cat","embeddable":true,"href":"https:\/\/www.ceramicbasin.com\/pt\/wp-json\/wp\/v2\/product_cat?post=5775"},{"taxonomy":"product_tag","embeddable":true,"href":"https:\/\/www.ceramicbasin.com\/pt\/wp-json\/wp\/v2\/product_tag?post=5775"}],"curies":[{"name":"wp","href":"https:\/\/api.w.org\/{rel}","templated":true}]}}