{"id":5792,"date":"2024-12-12T09:05:35","date_gmt":"2024-12-12T09:05:35","guid":{"rendered":"https:\/\/www.ceramicbasin.com\/?post_type=product&#038;p=5792"},"modified":"2025-10-23T10:02:46","modified_gmt":"2025-10-23T10:02:46","slug":"wholesale-ceramic-washbasins","status":"publish","type":"product","link":"https:\/\/www.ceramicbasin.com\/pt\/produto\/wholesale-ceramic-washbasins\/","title":{"rendered":"Lavat\u00f3rios de cer\u00e2mica por atacado, lavat\u00f3rios de toucador com aspeto de m\u00e1rmore"},"content":{"rendered":"<div class=\"wp-block-columns is-layout-flex wp-container-core-columns-is-layout-9d6595d7 wp-block-columns-is-layout-flex\">\n<div class=\"wp-block-column is-layout-flow wp-block-column-is-layout-flow\">\n<h2 class=\"wp-block-heading\">Lavat\u00f3rios de cer\u00e2mica Premium Wholesale Carater\u00edsticas:<\/h2>\n\n\n\n<ul class=\"wp-block-list\">\n<li><strong>Vasto \u00e2mbito de aplica\u00e7\u00e3o: <\/strong>Os nossos lavat\u00f3rios de cer\u00e2mica por atacado j\u00e1 n\u00e3o s\u00e3o apenas adequados para casas de banho dom\u00e9sticas, mas tamb\u00e9m adequados para esta\u00e7\u00f5es ferrovi\u00e1rias de alta velocidade, esta\u00e7\u00f5es de metro, bem como centros comerciais, casas de banho de restaurantes, hospitais e outros locais.<\/li>\n\n\n\n<li><strong>Colorido: <\/strong>A textura dos nossos lavat\u00f3rios de vaidade por atacado com aspeto de m\u00e1rmore \u00e9 feita pelo processo de transfer\u00eancia de \u00e1gua com base numa bacia branca brilhante comum, que \u00e9 bonita e dur\u00e1vel. Temos mais de 100 cores e padr\u00f5es para a sua sele\u00e7\u00e3o. E todos os modelos de lavat\u00f3rio por atacado podem ser personalizados em cor e textura.<\/li>\n\n\n\n<li><strong>Instala\u00e7\u00e3o f\u00e1cil: <\/strong>O design de montagem acima do balc\u00e3o garante que estes lavat\u00f3rios de cer\u00e2mica por atacado s\u00e3o f\u00e1ceis de instalar e sem complica\u00e7\u00f5es para novas constru\u00e7\u00f5es e renova\u00e7\u00f5es de casas de banho.<\/li>\n\n\n\n<li><strong>Grande capacidade de produ\u00e7\u00e3o: <\/strong>O nosso grande armaz\u00e9m cont\u00e9m v\u00e1rios tipos de lavat\u00f3rios de textura de m\u00e1rmore por atacado. Escolha os itens que est\u00e3o em produ\u00e7\u00e3o, temos bacias brancas suficientes para fazer bacias de cor de m\u00e1rmore, o tempo de envio seria muito mais curto.<\/li>\n<\/ul>\n<\/div>\n\n\n\n<div class=\"wp-block-column is-layout-flow wp-block-column-is-layout-flow\">\n<figure class=\"wp-block-image size-full\"><img fetchpriority=\"high\" decoding=\"async\" width=\"980\" height=\"1351\" src=\"https:\/\/www.ceramicbasin.com\/wp-content\/uploads\/2024\/12\/Cabinet-Ceramic-Basin-6.jpg\" alt=\"Lavat\u00f3rios de cer\u00e2mica por atacado, lavat\u00f3rios de m\u00e1rmore para casa de banho-1\" class=\"wp-image-5793\" srcset=\"https:\/\/www.ceramicbasin.com\/wp-content\/uploads\/2024\/12\/Cabinet-Ceramic-Basin-6.jpg 980w, https:\/\/www.ceramicbasin.com\/wp-content\/uploads\/2024\/12\/Cabinet-Ceramic-Basin-6-218x300.jpg 218w, https:\/\/www.ceramicbasin.com\/wp-content\/uploads\/2024\/12\/Cabinet-Ceramic-Basin-6-768x1059.jpg 768w, https:\/\/www.ceramicbasin.com\/wp-content\/uploads\/2024\/12\/Cabinet-Ceramic-Basin-6-9x12.jpg 9w, https:\/\/www.ceramicbasin.com\/wp-content\/uploads\/2024\/12\/Cabinet-Ceramic-Basin-6-285x393.jpg 285w, https:\/\/www.ceramicbasin.com\/wp-content\/uploads\/2024\/12\/Cabinet-Ceramic-Basin-6-479x660.jpg 479w, https:\/\/www.ceramicbasin.com\/wp-content\/uploads\/2024\/12\/Cabinet-Ceramic-Basin-6-109x150.jpg 109w\" sizes=\"(max-width: 980px) 100vw, 980px\" \/><\/figure>\n<\/div>\n<\/div>\n\n\n\n<p><\/p>","protected":false},"excerpt":{"rendered":"<p>Bem-vindo ao comprar lavat\u00f3rios de cer\u00e2mica por atacado. Os nossos lavat\u00f3rios de textura de m\u00e1rmore s\u00e3o adequados para esta\u00e7\u00f5es ferrovi\u00e1rias de alta velocidade, esta\u00e7\u00f5es de metro e centros comerciais, casas de banho de restaurantes e hospitais. Os lavat\u00f3rios de casa de banho por atacado s\u00e3o f\u00e1ceis de instalar sem problemas para novas constru\u00e7\u00f5es ou renova\u00e7\u00f5es de casas de banho.<\/p>\n<table style=\"border-collapse: collapse; width: 358.52pt;\" border=\"0\" width=\"478\" cellspacing=\"0\" cellpadding=\"0\">\n<tbody>\n<tr style=\"height: 17.25pt;\">\n<td class=\"et3\" style=\"height: 17.25pt; width: 125.00pt;\" width=\"166\" height=\"23\">Fabricante<\/td>\n<td class=\"et3\" style=\"width: 234.15pt;\" width=\"312\">HanYu<\/td>\n<\/tr>\n<tr style=\"height: 17.25pt;\">\n<td class=\"et3\" style=\"height: 17.25pt;\" height=\"23\">Modelo n.<\/td>\n<td class=\"et4\">HY-8065-55D136<\/td>\n<\/tr>\n<tr style=\"height: 17.25pt;\">\n<td class=\"et3\" style=\"height: 17.25pt;\" height=\"23\">Tipo<\/td>\n<td class=\"et5\" style=\"width: 234.15pt;\" width=\"312\">Lavat\u00f3rio de m\u00e1rmore, Lavat\u00f3rio de bancada<\/td>\n<\/tr>\n<tr style=\"height: 18.00pt;\">\n<td class=\"et3\" style=\"height: 18.00pt;\" height=\"24\">Forma<\/td>\n<td class=\"et3\">Forma retangular<\/td>\n<\/tr>\n<tr style=\"height: 34.50pt;\">\n<td class=\"et4\" style=\"height: 34.50pt;\" height=\"46\">Cor<\/td>\n<td class=\"et5\" style=\"width: 234.15pt;\" width=\"312\">M\u00e1rmore preto<\/td>\n<\/tr>\n<tr style=\"height: 18.00pt;\">\n<td class=\"et3\" style=\"height: 18.00pt;\" height=\"24\">Dimens\u00e3o<\/td>\n<td class=\"et5\" style=\"width: 234.15pt;\" width=\"312\">55*45*11<\/td>\n<\/tr>\n<tr style=\"height: 17.25pt;\">\n<td class=\"et3\" style=\"height: 17.25pt;\" height=\"23\">N.W \/SET<\/td>\n<td class=\"et3\">13 KGS\/PCS<\/td>\n<\/tr>\n<tr style=\"height: 17.25pt;\">\n<td class=\"et3\" style=\"height: 17.25pt;\" height=\"23\">MOQ<\/td>\n<td class=\"et3\">20 unidades<\/td>\n<\/tr>\n<tr style=\"height: 17.25pt;\">\n<td class=\"et3\" style=\"height: 17.25pt;\" height=\"23\">Op\u00e7\u00e3o personalizada<\/td>\n<td class=\"et3\">Cor\/Patente\/Tamanho\/Logotipo\/Embalagem<\/td>\n<\/tr>\n<\/tbody>\n<\/table>","protected":false},"featured_media":5794,"comment_status":"closed","ping_status":"closed","template":"","meta":{"_acf_changed":false},"product_brand":[],"product_cat":[50,54],"product_tag":[],"class_list":{"0":"post-5792","1":"product","2":"type-product","3":"status-publish","4":"has-post-thumbnail","6":"product_cat-wholesale-countertop-sinks","7":"product_cat-wholesale-marble-sinks","9":"first","10":"instock","11":"shipping-taxable","12":"product-type-simple"},"acf":[],"_links":{"self":[{"href":"https:\/\/www.ceramicbasin.com\/pt\/wp-json\/wp\/v2\/product\/5792","targetHints":{"allow":["GET"]}}],"collection":[{"href":"https:\/\/www.ceramicbasin.com\/pt\/wp-json\/wp\/v2\/product"}],"about":[{"href":"https:\/\/www.ceramicbasin.com\/pt\/wp-json\/wp\/v2\/types\/product"}],"replies":[{"embeddable":true,"href":"https:\/\/www.ceramicbasin.com\/pt\/wp-json\/wp\/v2\/comments?post=5792"}],"wp:featuredmedia":[{"embeddable":true,"href":"https:\/\/www.ceramicbasin.com\/pt\/wp-json\/wp\/v2\/media\/5794"}],"wp:attachment":[{"href":"https:\/\/www.ceramicbasin.com\/pt\/wp-json\/wp\/v2\/media?parent=5792"}],"wp:term":[{"taxonomy":"product_brand","embeddable":true,"href":"https:\/\/www.ceramicbasin.com\/pt\/wp-json\/wp\/v2\/product_brand?post=5792"},{"taxonomy":"product_cat","embeddable":true,"href":"https:\/\/www.ceramicbasin.com\/pt\/wp-json\/wp\/v2\/product_cat?post=5792"},{"taxonomy":"product_tag","embeddable":true,"href":"https:\/\/www.ceramicbasin.com\/pt\/wp-json\/wp\/v2\/product_tag?post=5792"}],"curies":[{"name":"wp","href":"https:\/\/api.w.org\/{rel}","templated":true}]}}