{"id":5824,"date":"2024-12-19T07:25:22","date_gmt":"2024-12-19T07:25:22","guid":{"rendered":"https:\/\/www.ceramicbasin.com\/?post_type=product&#038;p=5824"},"modified":"2024-12-20T09:56:51","modified_gmt":"2024-12-20T09:56:51","slug":"wholesale-small-bathroom-sinks","status":"publish","type":"product","link":"https:\/\/www.ceramicbasin.com\/pt\/produto\/wholesale-small-bathroom-sinks\/","title":{"rendered":"Nordic Wholesale Pequenos lavat\u00f3rios de casa de banho, bacias suspensas"},"content":{"rendered":"<div class=\"wp-block-columns is-layout-flex wp-container-core-columns-is-layout-9d6595d7 wp-block-columns-is-layout-flex\">\n<div class=\"wp-block-column is-layout-flow wp-block-column-is-layout-flow\">\n<h2 class=\"wp-block-heading\">Carater\u00edsticas dos lavat\u00f3rios de casa de banho pequenos por atacado Premium<\/h2>\n\n\n\n<ul class=\"wp-block-list\">\n<li><strong>Design minimalista n\u00f3rdico: <\/strong>Os nossos lavat\u00f3rios de casa de banho pequenos por atacado adoptam o design minimalista n\u00f3rdico, fresco e moderno, acrescentando moda e gosto ao seu espa\u00e7o de banho.<\/li>\n\n\n\n<li><strong>Economia de espa\u00e7o: <\/strong>Devido ao seu tamanho compacto e design de montagem na parede, os lavat\u00f3rios de vaidade por atacado podem poupar mais espa\u00e7o. \u00c9 adequado para casas de banho pequenas para otimizar a disposi\u00e7\u00e3o da casa de banho e melhorar a experi\u00eancia geral de utiliza\u00e7\u00e3o.<\/li>\n\n\n\n<li><strong>Material cer\u00e2mico de alta qualidade: <\/strong>Os nossos lavat\u00f3rios de casa de banho pequenos por atacado s\u00e3o fabricados com material cer\u00e2mico de alta qualidade em termos de suavidade, resist\u00eancia a riscos e facilidade de limpeza para garantir que o lavat\u00f3rio n\u00e3o se deforma ou desvanece ap\u00f3s um longo per\u00edodo de utiliza\u00e7\u00e3o, mas mant\u00e9m-se suficientemente forte e f\u00e1cil de manter.<\/li>\n\n\n\n<li><strong>Aplic\u00e1vel a v\u00e1rios locais: <\/strong>Os nossos lavat\u00f3rios de vaidade por atacado podem ser instalados n\u00e3o s\u00f3 em casas de banho dom\u00e9sticas, mas tamb\u00e9m em casas de banho p\u00fablicas em hot\u00e9is ou locais comerciais para ajudar a utilizar o espa\u00e7o de forma eficaz e tamb\u00e9m para facilitar o banho confort\u00e1vel.<\/li>\n<\/ul>\n<\/div>\n\n\n\n<div class=\"wp-block-column is-layout-flow wp-block-column-is-layout-flow\">\n<figure class=\"wp-block-image size-full\"><img fetchpriority=\"high\" decoding=\"async\" width=\"800\" height=\"800\" src=\"https:\/\/www.ceramicbasin.com\/wp-content\/uploads\/2024\/12\/wall-hung-bathroom-sinkwall-mount-vanitysinks-for-bathroom1.webp\" alt=\"Lavat\u00f3rios de casa de banho pequenos Nordic Wholesale, lavat\u00f3rios suspensos-1\" class=\"wp-image-5825\" srcset=\"https:\/\/www.ceramicbasin.com\/wp-content\/uploads\/2024\/12\/wall-hung-bathroom-sinkwall-mount-vanitysinks-for-bathroom1.webp 800w, https:\/\/www.ceramicbasin.com\/wp-content\/uploads\/2024\/12\/wall-hung-bathroom-sinkwall-mount-vanitysinks-for-bathroom1-300x300.webp 300w, https:\/\/www.ceramicbasin.com\/wp-content\/uploads\/2024\/12\/wall-hung-bathroom-sinkwall-mount-vanitysinks-for-bathroom1-150x150.webp 150w, https:\/\/www.ceramicbasin.com\/wp-content\/uploads\/2024\/12\/wall-hung-bathroom-sinkwall-mount-vanitysinks-for-bathroom1-768x768.webp 768w, https:\/\/www.ceramicbasin.com\/wp-content\/uploads\/2024\/12\/wall-hung-bathroom-sinkwall-mount-vanitysinks-for-bathroom1-12x12.webp 12w, https:\/\/www.ceramicbasin.com\/wp-content\/uploads\/2024\/12\/wall-hung-bathroom-sinkwall-mount-vanitysinks-for-bathroom1-285x285.webp 285w, https:\/\/www.ceramicbasin.com\/wp-content\/uploads\/2024\/12\/wall-hung-bathroom-sinkwall-mount-vanitysinks-for-bathroom1-270x270.webp 270w, https:\/\/www.ceramicbasin.com\/wp-content\/uploads\/2024\/12\/wall-hung-bathroom-sinkwall-mount-vanitysinks-for-bathroom1-540x540.webp 540w, https:\/\/www.ceramicbasin.com\/wp-content\/uploads\/2024\/12\/wall-hung-bathroom-sinkwall-mount-vanitysinks-for-bathroom1-660x660.webp 660w\" sizes=\"(max-width: 800px) 100vw, 800px\" \/><\/figure>\n<\/div>\n<\/div>","protected":false},"excerpt":{"rendered":"<p>Bem-vindo \u00e0 compra de lavat\u00f3rios por atacado. Os nossos lavat\u00f3rios de casa de banho pequenos por atacado adoptam um design n\u00f3rdico simples, integrando o sentimento est\u00e9tico moderno e a praticidade, e s\u00e3o adequados para casas de banho pequenas. O design montado na parede poupa espa\u00e7o e proporciona uma experi\u00eancia de limpeza e utiliza\u00e7\u00e3o conveniente.<\/p>\n<table style=\"border-collapse: collapse; width: 358.52pt;\" border=\"0\" width=\"478\" cellspacing=\"0\" cellpadding=\"0\">\n<tbody>\n<tr style=\"height: 17.25pt;\">\n<td class=\"et3\" style=\"height: 17.25pt; width: 125.00pt;\" width=\"166\" height=\"23\">Fabricante<\/td>\n<td class=\"et3\" style=\"width: 234.15pt;\" width=\"312\">HanYu<\/td>\n<\/tr>\n<tr style=\"height: 17.25pt;\">\n<td class=\"et3\" style=\"height: 17.25pt;\" height=\"23\">Modelo n.<\/td>\n<td class=\"et4\">HY-3041L<\/td>\n<\/tr>\n<tr style=\"height: 17.25pt;\">\n<td class=\"et3\" style=\"height: 17.25pt;\" height=\"23\">Tipo<\/td>\n<td class=\"et5\" style=\"width: 234.15pt;\" width=\"312\">Lava-lou\u00e7as de parede<\/td>\n<\/tr>\n<tr style=\"height: 18.00pt;\">\n<td class=\"et3\" style=\"height: 18.00pt;\" height=\"24\">Forma<\/td>\n<td class=\"et3\">Forma irregular<\/td>\n<\/tr>\n<tr style=\"height: 34.50pt;\">\n<td class=\"et4\" style=\"height: 34.50pt;\" height=\"46\">Cor<\/td>\n<td class=\"et5\" style=\"width: 234.15pt;\" width=\"312\">preto\/branco\/azul\/cinzento\/rosa\/verde\/castanho\/caqui<\/td>\n<\/tr>\n<tr style=\"height: 18.00pt;\">\n<td class=\"et3\" style=\"height: 18.00pt;\" height=\"24\">Dimens\u00e3o<\/td>\n<td class=\"et5\" style=\"width: 234.15pt;\" width=\"312\">41*27*14<\/td>\n<\/tr>\n<tr style=\"height: 17.25pt;\">\n<td class=\"et3\" style=\"height: 17.25pt;\" height=\"23\">N.W \/SET<\/td>\n<td class=\"et3\">9KGS\/PCS<\/td>\n<\/tr>\n<tr style=\"height: 17.25pt;\">\n<td class=\"et3\" style=\"height: 17.25pt;\" height=\"23\">MOQ<\/td>\n<td class=\"et3\">20 unidades<\/td>\n<\/tr>\n<tr style=\"height: 17.25pt;\">\n<td class=\"et3\" style=\"height: 17.25pt;\" height=\"23\">Op\u00e7\u00e3o personalizada<\/td>\n<td class=\"et3\">Cor\/Patente\/Tamanho\/Logotipo\/Embalagem<\/td>\n<\/tr>\n<\/tbody>\n<\/table>","protected":false},"featured_media":5828,"comment_status":"closed","ping_status":"closed","template":"","meta":{"_acf_changed":false},"product_brand":[],"product_cat":[57,56],"product_tag":[],"class_list":{"0":"post-5824","1":"product","2":"type-product","3":"status-publish","4":"has-post-thumbnail","6":"product_cat-wholesale-wall-mounted-sinks","7":"product_cat-wholesale-small-bathroom-sinks","9":"first","10":"instock","11":"shipping-taxable","12":"product-type-simple"},"acf":[],"_links":{"self":[{"href":"https:\/\/www.ceramicbasin.com\/pt\/wp-json\/wp\/v2\/product\/5824","targetHints":{"allow":["GET"]}}],"collection":[{"href":"https:\/\/www.ceramicbasin.com\/pt\/wp-json\/wp\/v2\/product"}],"about":[{"href":"https:\/\/www.ceramicbasin.com\/pt\/wp-json\/wp\/v2\/types\/product"}],"replies":[{"embeddable":true,"href":"https:\/\/www.ceramicbasin.com\/pt\/wp-json\/wp\/v2\/comments?post=5824"}],"wp:featuredmedia":[{"embeddable":true,"href":"https:\/\/www.ceramicbasin.com\/pt\/wp-json\/wp\/v2\/media\/5828"}],"wp:attachment":[{"href":"https:\/\/www.ceramicbasin.com\/pt\/wp-json\/wp\/v2\/media?parent=5824"}],"wp:term":[{"taxonomy":"product_brand","embeddable":true,"href":"https:\/\/www.ceramicbasin.com\/pt\/wp-json\/wp\/v2\/product_brand?post=5824"},{"taxonomy":"product_cat","embeddable":true,"href":"https:\/\/www.ceramicbasin.com\/pt\/wp-json\/wp\/v2\/product_cat?post=5824"},{"taxonomy":"product_tag","embeddable":true,"href":"https:\/\/www.ceramicbasin.com\/pt\/wp-json\/wp\/v2\/product_tag?post=5824"}],"curies":[{"name":"wp","href":"https:\/\/api.w.org\/{rel}","templated":true}]}}