{"id":5831,"date":"2024-12-19T08:11:35","date_gmt":"2024-12-19T08:11:35","guid":{"rendered":"https:\/\/www.ceramicbasin.com\/?post_type=product&#038;p=5831"},"modified":"2024-12-20T09:41:45","modified_gmt":"2024-12-20T09:41:45","slug":"custom-wall-mounted-sink","status":"publish","type":"product","link":"https:\/\/www.ceramicbasin.com\/pt\/produto\/custom-wall-mounted-sink\/","title":{"rendered":"Lavat\u00f3rio de parede personalizado de tamanho pequeno com pre\u00e7o competitivo"},"content":{"rendered":"<div class=\"wp-block-columns is-layout-flex wp-container-core-columns-is-layout-9d6595d7 wp-block-columns-is-layout-flex\">\n<div class=\"wp-block-column is-layout-flow wp-block-column-is-layout-flow\">\n<h2 class=\"wp-block-heading\">Carater\u00edsticas do lavat\u00f3rio de parede personalizado Premium<\/h2>\n\n\n\n<ul class=\"wp-block-list\">\n<li><strong>Venda direta da f\u00e1brica:<\/strong>\u00a0Os lavat\u00f3rios de parede personalizados da HanYu s\u00e3o vendidos diretamente pela f\u00e1brica, eliminando a diferen\u00e7a de pre\u00e7o dos intermedi\u00e1rios, e a compra a granel de lavat\u00f3rios de casa de banho garante que compra lavat\u00f3rios de casa de banho de alta qualidade a granel ao menor custo.<\/li>\n\n\n\n<li><strong>Desconto para compras em massa:\u00a0<\/strong>Oferecemos descontos por atacado para lavat\u00f3rios de cer\u00e2mica por atacado para satisfazer as necessidades de projectos comerciais ou de decora\u00e7\u00e3o residencial em grande escala.<\/li>\n\n\n\n<li><strong>Op\u00e7\u00f5es personaliz\u00e1veis: <\/strong>Lavat\u00f3rio de montagem na parede personalizado dispon\u00edvel com v\u00e1rias cores, acabamentos de superf\u00edcie e embalagens personaliz\u00e1veis, permitindo-lhe adaptar o produto \u00e0s necessidades espec\u00edficas da sua marca e do seu mercado.<\/li>\n\n\n\n<li><strong>Vendas a quente:<\/strong> Esta bacia de cer\u00e2mica por atacado \u00e9 bem recebida pelo mercado devido \u00e0 sua durabilidade, cor uniforme, f\u00e1cil limpeza e manuten\u00e7\u00e3o, e desempenho de alto custo.<\/li>\n<\/ul>\n<\/div>\n\n\n\n<div class=\"wp-block-column is-layout-flow wp-block-column-is-layout-flow\">\n<figure class=\"wp-block-image size-full\"><img fetchpriority=\"high\" decoding=\"async\" width=\"800\" height=\"800\" src=\"https:\/\/www.ceramicbasin.com\/wp-content\/uploads\/2024\/12\/wall-mounted-bathroom-sinkssmall-wall-mounted-basinsmall-vanity-sink1.webp\" alt=\"Lavat\u00f3rio de parede personalizado de tamanho pequeno com pre\u00e7o competitivo-1\" class=\"wp-image-5832\" srcset=\"https:\/\/www.ceramicbasin.com\/wp-content\/uploads\/2024\/12\/wall-mounted-bathroom-sinkssmall-wall-mounted-basinsmall-vanity-sink1.webp 800w, https:\/\/www.ceramicbasin.com\/wp-content\/uploads\/2024\/12\/wall-mounted-bathroom-sinkssmall-wall-mounted-basinsmall-vanity-sink1-300x300.webp 300w, https:\/\/www.ceramicbasin.com\/wp-content\/uploads\/2024\/12\/wall-mounted-bathroom-sinkssmall-wall-mounted-basinsmall-vanity-sink1-150x150.webp 150w, https:\/\/www.ceramicbasin.com\/wp-content\/uploads\/2024\/12\/wall-mounted-bathroom-sinkssmall-wall-mounted-basinsmall-vanity-sink1-768x768.webp 768w, https:\/\/www.ceramicbasin.com\/wp-content\/uploads\/2024\/12\/wall-mounted-bathroom-sinkssmall-wall-mounted-basinsmall-vanity-sink1-12x12.webp 12w, https:\/\/www.ceramicbasin.com\/wp-content\/uploads\/2024\/12\/wall-mounted-bathroom-sinkssmall-wall-mounted-basinsmall-vanity-sink1-285x285.webp 285w, https:\/\/www.ceramicbasin.com\/wp-content\/uploads\/2024\/12\/wall-mounted-bathroom-sinkssmall-wall-mounted-basinsmall-vanity-sink1-270x270.webp 270w, https:\/\/www.ceramicbasin.com\/wp-content\/uploads\/2024\/12\/wall-mounted-bathroom-sinkssmall-wall-mounted-basinsmall-vanity-sink1-540x540.webp 540w, https:\/\/www.ceramicbasin.com\/wp-content\/uploads\/2024\/12\/wall-mounted-bathroom-sinkssmall-wall-mounted-basinsmall-vanity-sink1-660x660.webp 660w\" sizes=\"(max-width: 800px) 100vw, 800px\" \/><\/figure>\n<\/div>\n<\/div>\n\n\n\n<p><\/p>","protected":false},"excerpt":{"rendered":"<p>Os lava-loi\u00e7as de montagem na parede personalizados diretos da f\u00e1brica da HanYu oferecem descontos a granel, eliminando os custos de intermedi\u00e1rios. Personaliz\u00e1veis em cores, acabamentos e embalagens, satisfazem as necessidades espec\u00edficas da marca e do mercado. Altamente dur\u00e1veis, f\u00e1ceis de limpar e econ\u00f3micos, estes lavat\u00f3rios de cer\u00e2mica s\u00e3o muito vendidos no mercado.<\/p>\n<table style=\"border-collapse: collapse; width: 358.52pt;\" border=\"0\" width=\"478\" cellspacing=\"0\" cellpadding=\"0\">\n<tbody>\n<tr style=\"height: 17.25pt;\">\n<td class=\"et3\" style=\"height: 17.25pt; width: 125.00pt;\" width=\"166\" height=\"23\">Fabricante<\/td>\n<td class=\"et3\" style=\"width: 234.15pt;\" width=\"312\">HanYu<\/td>\n<\/tr>\n<tr style=\"height: 17.25pt;\">\n<td class=\"et3\" style=\"height: 17.25pt;\" height=\"23\">Modelo n.<\/td>\n<td class=\"et4\">HY-3044<\/td>\n<\/tr>\n<tr style=\"height: 17.25pt;\">\n<td class=\"et3\" style=\"height: 17.25pt;\" height=\"23\">Tipo<\/td>\n<td class=\"et5\" style=\"width: 234.15pt;\" width=\"312\">Pias de parede\uff0cPias de casa de banho pequenas<\/td>\n<\/tr>\n<tr style=\"height: 18.00pt;\">\n<td class=\"et3\" style=\"height: 18.00pt;\" height=\"24\">Forma<\/td>\n<td class=\"et3\">Forma quadrada<\/td>\n<\/tr>\n<tr style=\"height: 34.50pt;\">\n<td class=\"et4\" style=\"height: 34.50pt;\" height=\"46\">Cor<\/td>\n<td class=\"et5\" style=\"width: 234.15pt;\" width=\"312\">preto\/branco\/azul\/cinzento\/rosa\/verde\/castanho\/caqui<\/td>\n<\/tr>\n<tr style=\"height: 18.00pt;\">\n<td class=\"et3\" style=\"height: 18.00pt;\" height=\"24\">Dimens\u00e3o<\/td>\n<td class=\"et5\" style=\"width: 234.15pt;\" width=\"312\">33*29*11.5<\/td>\n<\/tr>\n<tr style=\"height: 17.25pt;\">\n<td class=\"et3\" style=\"height: 17.25pt;\" height=\"23\">N.W \/SET<\/td>\n<td class=\"et3\">8KGS\/PCS<\/td>\n<\/tr>\n<tr style=\"height: 17.25pt;\">\n<td class=\"et3\" style=\"height: 17.25pt;\" height=\"23\">MOQ<\/td>\n<td class=\"et3\">20 unidades<\/td>\n<\/tr>\n<tr style=\"height: 17.25pt;\">\n<td class=\"et3\" style=\"height: 17.25pt;\" height=\"23\">Op\u00e7\u00e3o personalizada<\/td>\n<td class=\"et3\">Cor\/Patente\/Tamanho\/Logotipo\/Embalagem<\/td>\n<\/tr>\n<\/tbody>\n<\/table>","protected":false},"featured_media":5835,"comment_status":"closed","ping_status":"closed","template":"","meta":{"_acf_changed":false},"product_brand":[],"product_cat":[57,56],"product_tag":[],"class_list":{"0":"post-5831","1":"product","2":"type-product","3":"status-publish","4":"has-post-thumbnail","6":"product_cat-wholesale-wall-mounted-sinks","7":"product_cat-wholesale-small-bathroom-sinks","9":"first","10":"instock","11":"shipping-taxable","12":"product-type-simple"},"acf":[],"_links":{"self":[{"href":"https:\/\/www.ceramicbasin.com\/pt\/wp-json\/wp\/v2\/product\/5831","targetHints":{"allow":["GET"]}}],"collection":[{"href":"https:\/\/www.ceramicbasin.com\/pt\/wp-json\/wp\/v2\/product"}],"about":[{"href":"https:\/\/www.ceramicbasin.com\/pt\/wp-json\/wp\/v2\/types\/product"}],"replies":[{"embeddable":true,"href":"https:\/\/www.ceramicbasin.com\/pt\/wp-json\/wp\/v2\/comments?post=5831"}],"wp:featuredmedia":[{"embeddable":true,"href":"https:\/\/www.ceramicbasin.com\/pt\/wp-json\/wp\/v2\/media\/5835"}],"wp:attachment":[{"href":"https:\/\/www.ceramicbasin.com\/pt\/wp-json\/wp\/v2\/media?parent=5831"}],"wp:term":[{"taxonomy":"product_brand","embeddable":true,"href":"https:\/\/www.ceramicbasin.com\/pt\/wp-json\/wp\/v2\/product_brand?post=5831"},{"taxonomy":"product_cat","embeddable":true,"href":"https:\/\/www.ceramicbasin.com\/pt\/wp-json\/wp\/v2\/product_cat?post=5831"},{"taxonomy":"product_tag","embeddable":true,"href":"https:\/\/www.ceramicbasin.com\/pt\/wp-json\/wp\/v2\/product_tag?post=5831"}],"curies":[{"name":"wp","href":"https:\/\/api.w.org\/{rel}","templated":true}]}}