{"id":5838,"date":"2024-12-19T08:43:11","date_gmt":"2024-12-19T08:43:11","guid":{"rendered":"https:\/\/www.ceramicbasin.com\/?post_type=product&#038;p=5838"},"modified":"2024-12-20T09:23:07","modified_gmt":"2024-12-20T09:23:07","slug":"wholesale-modern-wall-mount-sinks","status":"publish","type":"product","link":"https:\/\/www.ceramicbasin.com\/pt\/produto\/wholesale-modern-wall-mount-sinks\/","title":{"rendered":"Lavat\u00f3rios modernos de montagem na parede por atacado, lavat\u00f3rios decorativos de cer\u00e2mica"},"content":{"rendered":"<div class=\"wp-block-columns is-layout-flex wp-container-core-columns-is-layout-9d6595d7 wp-block-columns-is-layout-flex\">\n<div class=\"wp-block-column is-layout-flow wp-block-column-is-layout-flow\">\n<h2 class=\"wp-block-heading\">Carater\u00edsticas dos lavat\u00f3rios modernos de montagem na parede Premium Wholesale<\/h2>\n\n\n\n<ul class=\"wp-block-list\">\n<li><strong>Grande capacidade de produ\u00e7\u00e3o: <\/strong>O nosso grande armaz\u00e9m cont\u00e9m v\u00e1rios tipos de lavat\u00f3rios modernos de montagem na parede por atacado. Escolha os itens que est\u00e3o em produ\u00e7\u00e3o, temos bacias brancas suficientes para fazer bacias de cor de m\u00e1rmore, o tempo de envio seria muito mais curto.<\/li>\n\n\n\n<li><strong>Instala\u00e7\u00e3o f\u00e1cil: <\/strong>Concebidos para montagem na parede, estes lavat\u00f3rios de cer\u00e2mica por atacado s\u00e3o f\u00e1ceis de instalar, oferecendo uma solu\u00e7\u00e3o sem complica\u00e7\u00f5es tanto para novas constru\u00e7\u00f5es como para renova\u00e7\u00f5es de casas de banho.<\/li>\n\n\n\n<li><strong>Vantagem de pre\u00e7o:<\/strong> Fornecemos servi\u00e7os de encomendas a granel de lavat\u00f3rios modernos de montagem na parede por atacado, que n\u00e3o s\u00e3o apenas acess\u00edveis, mas tamb\u00e9m de entrega r\u00e1pida, adequados para projectos comerciais e decora\u00e7\u00e3o residencial em grande escala, satisfazendo as necessidades de alta efici\u00eancia e baixo custo.<\/li>\n\n\n\n<li><strong>Vendas quentes:<\/strong> Este lavat\u00f3rio de cer\u00e2mica por atacado \u00e9 bem recebido pelo mercado devido \u00e0 sua durabilidade, cor uniforme, f\u00e1cil limpeza e manuten\u00e7\u00e3o, e desempenho de alto custo.<\/li>\n<\/ul>\n<\/div>\n\n\n\n<div class=\"wp-block-column is-layout-flow wp-block-column-is-layout-flow\">\n<figure class=\"wp-block-image size-full\"><img fetchpriority=\"high\" decoding=\"async\" width=\"800\" height=\"800\" src=\"https:\/\/www.ceramicbasin.com\/wp-content\/uploads\/2024\/12\/ceramic-wall-hung-wash-basinwall-mount-bathroom-basinvanity-sinks-for-bathroom1.webp\" alt=\"Lavat\u00f3rios modernos de montagem na parede por atacado, lavat\u00f3rios decorativos de cer\u00e2mica-1\" class=\"wp-image-5839\" srcset=\"https:\/\/www.ceramicbasin.com\/wp-content\/uploads\/2024\/12\/ceramic-wall-hung-wash-basinwall-mount-bathroom-basinvanity-sinks-for-bathroom1.webp 800w, https:\/\/www.ceramicbasin.com\/wp-content\/uploads\/2024\/12\/ceramic-wall-hung-wash-basinwall-mount-bathroom-basinvanity-sinks-for-bathroom1-300x300.webp 300w, https:\/\/www.ceramicbasin.com\/wp-content\/uploads\/2024\/12\/ceramic-wall-hung-wash-basinwall-mount-bathroom-basinvanity-sinks-for-bathroom1-150x150.webp 150w, https:\/\/www.ceramicbasin.com\/wp-content\/uploads\/2024\/12\/ceramic-wall-hung-wash-basinwall-mount-bathroom-basinvanity-sinks-for-bathroom1-768x768.webp 768w, https:\/\/www.ceramicbasin.com\/wp-content\/uploads\/2024\/12\/ceramic-wall-hung-wash-basinwall-mount-bathroom-basinvanity-sinks-for-bathroom1-12x12.webp 12w, https:\/\/www.ceramicbasin.com\/wp-content\/uploads\/2024\/12\/ceramic-wall-hung-wash-basinwall-mount-bathroom-basinvanity-sinks-for-bathroom1-285x285.webp 285w, https:\/\/www.ceramicbasin.com\/wp-content\/uploads\/2024\/12\/ceramic-wall-hung-wash-basinwall-mount-bathroom-basinvanity-sinks-for-bathroom1-270x270.webp 270w, https:\/\/www.ceramicbasin.com\/wp-content\/uploads\/2024\/12\/ceramic-wall-hung-wash-basinwall-mount-bathroom-basinvanity-sinks-for-bathroom1-540x540.webp 540w, https:\/\/www.ceramicbasin.com\/wp-content\/uploads\/2024\/12\/ceramic-wall-hung-wash-basinwall-mount-bathroom-basinvanity-sinks-for-bathroom1-660x660.webp 660w\" sizes=\"(max-width: 800px) 100vw, 800px\" \/><\/figure>\n<\/div>\n<\/div>\n\n\n\n<p><\/p>","protected":false},"excerpt":{"rendered":"<p>Bem-vindo \u00e0 compra de lavat\u00f3rios por grosso. Os nossos lavat\u00f3rios modernos de montagem na parede por atacado s\u00e3o f\u00e1ceis de instalar e adequam-se a novas constru\u00e7\u00f5es e renova\u00e7\u00f5es. A encomenda a granel \u00e9 acess\u00edvel, r\u00e1pida e ideal para projectos comerciais e residenciais de grande escala, garantindo uma elevada efici\u00eancia e baixo custo.<\/p>\n<table style=\"border-collapse: collapse; width: 358.52pt;\" border=\"0\" width=\"478\" cellspacing=\"0\" cellpadding=\"0\">\n<tbody>\n<tr style=\"height: 17.25pt;\">\n<td class=\"et3\" style=\"height: 17.25pt; width: 125.00pt;\" width=\"166\" height=\"23\">Fabricante<\/td>\n<td class=\"et3\" style=\"width: 234.15pt;\" width=\"312\">HanYu<\/td>\n<\/tr>\n<tr style=\"height: 17.25pt;\">\n<td class=\"et3\" style=\"height: 17.25pt;\" height=\"23\">Modelo n.<\/td>\n<td class=\"et4\">HY-3046<\/td>\n<\/tr>\n<tr style=\"height: 17.25pt;\">\n<td class=\"et3\" style=\"height: 17.25pt;\" height=\"23\">Tipo<\/td>\n<td class=\"et5\" style=\"width: 234.15pt;\" width=\"312\">Pias de parede\uff0cPias de casa de banho pequenas<\/td>\n<\/tr>\n<tr style=\"height: 18.00pt;\">\n<td class=\"et3\" style=\"height: 18.00pt;\" height=\"24\">Forma<\/td>\n<td class=\"et3\">Forma irregular<\/td>\n<\/tr>\n<tr style=\"height: 34.50pt;\">\n<td class=\"et4\" style=\"height: 34.50pt;\" height=\"46\">Cor<\/td>\n<td class=\"et5\" style=\"width: 234.15pt;\" width=\"312\">preto\/branco\/azul\/cinzento\/rosa\/verde\/castanho\/caqui<\/td>\n<\/tr>\n<tr style=\"height: 18.00pt;\">\n<td class=\"et3\" style=\"height: 18.00pt;\" height=\"24\">Dimens\u00e3o<\/td>\n<td class=\"et5\" style=\"width: 234.15pt;\" width=\"312\">41.5*29*14.5<\/td>\n<\/tr>\n<tr style=\"height: 17.25pt;\">\n<td class=\"et3\" style=\"height: 17.25pt;\" height=\"23\">N.W \/SET<\/td>\n<td class=\"et3\">10KGS\/PCS<\/td>\n<\/tr>\n<tr style=\"height: 17.25pt;\">\n<td class=\"et3\" style=\"height: 17.25pt;\" height=\"23\">MOQ<\/td>\n<td class=\"et3\">20 unidades<\/td>\n<\/tr>\n<tr style=\"height: 17.25pt;\">\n<td class=\"et3\" style=\"height: 17.25pt;\" height=\"23\">Op\u00e7\u00e3o personalizada<\/td>\n<td class=\"et3\">Cor\/Patente\/Tamanho\/Logotipo\/Embalagem<\/td>\n<\/tr>\n<\/tbody>\n<\/table>","protected":false},"featured_media":5842,"comment_status":"closed","ping_status":"closed","template":"","meta":{"_acf_changed":false},"product_brand":[],"product_cat":[57],"product_tag":[],"class_list":{"0":"post-5838","1":"product","2":"type-product","3":"status-publish","4":"has-post-thumbnail","6":"product_cat-wholesale-wall-mounted-sinks","8":"first","9":"instock","10":"shipping-taxable","11":"product-type-simple"},"acf":[],"_links":{"self":[{"href":"https:\/\/www.ceramicbasin.com\/pt\/wp-json\/wp\/v2\/product\/5838","targetHints":{"allow":["GET"]}}],"collection":[{"href":"https:\/\/www.ceramicbasin.com\/pt\/wp-json\/wp\/v2\/product"}],"about":[{"href":"https:\/\/www.ceramicbasin.com\/pt\/wp-json\/wp\/v2\/types\/product"}],"replies":[{"embeddable":true,"href":"https:\/\/www.ceramicbasin.com\/pt\/wp-json\/wp\/v2\/comments?post=5838"}],"wp:featuredmedia":[{"embeddable":true,"href":"https:\/\/www.ceramicbasin.com\/pt\/wp-json\/wp\/v2\/media\/5842"}],"wp:attachment":[{"href":"https:\/\/www.ceramicbasin.com\/pt\/wp-json\/wp\/v2\/media?parent=5838"}],"wp:term":[{"taxonomy":"product_brand","embeddable":true,"href":"https:\/\/www.ceramicbasin.com\/pt\/wp-json\/wp\/v2\/product_brand?post=5838"},{"taxonomy":"product_cat","embeddable":true,"href":"https:\/\/www.ceramicbasin.com\/pt\/wp-json\/wp\/v2\/product_cat?post=5838"},{"taxonomy":"product_tag","embeddable":true,"href":"https:\/\/www.ceramicbasin.com\/pt\/wp-json\/wp\/v2\/product_tag?post=5838"}],"curies":[{"name":"wp","href":"https:\/\/api.w.org\/{rel}","templated":true}]}}