{"id":5874,"date":"2024-12-27T04:17:36","date_gmt":"2024-12-27T04:17:36","guid":{"rendered":"https:\/\/www.ceramicbasin.com\/?post_type=product&#038;p=5874"},"modified":"2024-12-27T04:17:38","modified_gmt":"2024-12-27T04:17:38","slug":"custom-commercial-sinks","status":"publish","type":"product","link":"https:\/\/www.ceramicbasin.com\/pt\/produto\/custom-commercial-sinks\/","title":{"rendered":"Lavat\u00f3rios comerciais personalizados, Lavat\u00f3rio preto mate elegante por atacado"},"content":{"rendered":"<div class=\"wp-block-columns is-layout-flex wp-container-core-columns-is-layout-9d6595d7 wp-block-columns-is-layout-flex\">\n<div class=\"wp-block-column is-layout-flow wp-block-column-is-layout-flow\">\n<h2 class=\"wp-block-heading\">Carater\u00edsticas dos lava-loi\u00e7as comerciais personalizados Premium:<\/h2>\n\n\n\n<ul class=\"wp-block-list\">\n<li><strong>Material cer\u00e2mico de alta qualidade: <\/strong>Os nossos lava-loi\u00e7as comerciais personalizados em preto mate s\u00e3o fabricados com materiais cer\u00e2micos selecionados de alta qualidade, que podem garantir que o lavat\u00f3rio \u00e9 t\u00e3o bonito como deve ser, com grande durabilidade e resist\u00eancia a manchas.<\/li>\n\n\n\n<li><strong>Tratamento de superf\u00edcie mate:<\/strong> \u00c9 o tratamento \u00fanico da superf\u00edcie mate que confere suavidade ao toque e um luxo discreto a este lava-loi\u00e7a preto mate por atacado.<\/li>\n\n\n\n<li><strong>Dur\u00e1vel e f\u00e1cil de limpar: <\/strong>Os nossos lava-loi\u00e7as comerciais personalizados mate utilizam cer\u00e2mica de alta qualidade para garantir que o lava-loi\u00e7a \u00e9 robusto e dur\u00e1vel, enquanto a superf\u00edcie mate \u00e9 f\u00e1cil de limpar e mant\u00e9m uma beleza duradoura.<\/li>\n\n\n\n<li><strong>Desconto para compras em massa: <\/strong>Bem-vindo a comprar o nosso lavat\u00f3rio preto mate por atacado a granel para garantir que obt\u00e9m produtos de alta qualidade a um pre\u00e7o mais competitivo, adequado para grandes projectos ou instala\u00e7\u00f5es em cadeia.<\/li>\n<\/ul>\n<\/div>\n\n\n\n<div class=\"wp-block-column is-layout-flow wp-block-column-is-layout-flow\">\n<figure class=\"wp-block-image size-full\"><img fetchpriority=\"high\" decoding=\"async\" width=\"1000\" height=\"1000\" src=\"https:\/\/www.ceramicbasin.com\/wp-content\/uploads\/2024\/12\/Rectangular-Shape-Matt-Black-Custom-Wholesale-Above-Counter-Sink-5.webp\" alt=\"Lavat\u00f3rios comerciais personalizados, Lavat\u00f3rio preto mate elegante por atacado-1\" class=\"wp-image-5879\" srcset=\"https:\/\/www.ceramicbasin.com\/wp-content\/uploads\/2024\/12\/Rectangular-Shape-Matt-Black-Custom-Wholesale-Above-Counter-Sink-5.webp 1000w, https:\/\/www.ceramicbasin.com\/wp-content\/uploads\/2024\/12\/Rectangular-Shape-Matt-Black-Custom-Wholesale-Above-Counter-Sink-5-300x300.webp 300w, https:\/\/www.ceramicbasin.com\/wp-content\/uploads\/2024\/12\/Rectangular-Shape-Matt-Black-Custom-Wholesale-Above-Counter-Sink-5-150x150.webp 150w, https:\/\/www.ceramicbasin.com\/wp-content\/uploads\/2024\/12\/Rectangular-Shape-Matt-Black-Custom-Wholesale-Above-Counter-Sink-5-768x768.webp 768w, https:\/\/www.ceramicbasin.com\/wp-content\/uploads\/2024\/12\/Rectangular-Shape-Matt-Black-Custom-Wholesale-Above-Counter-Sink-5-12x12.webp 12w, https:\/\/www.ceramicbasin.com\/wp-content\/uploads\/2024\/12\/Rectangular-Shape-Matt-Black-Custom-Wholesale-Above-Counter-Sink-5-285x285.webp 285w, https:\/\/www.ceramicbasin.com\/wp-content\/uploads\/2024\/12\/Rectangular-Shape-Matt-Black-Custom-Wholesale-Above-Counter-Sink-5-270x270.webp 270w, https:\/\/www.ceramicbasin.com\/wp-content\/uploads\/2024\/12\/Rectangular-Shape-Matt-Black-Custom-Wholesale-Above-Counter-Sink-5-540x540.webp 540w, https:\/\/www.ceramicbasin.com\/wp-content\/uploads\/2024\/12\/Rectangular-Shape-Matt-Black-Custom-Wholesale-Above-Counter-Sink-5-660x660.webp 660w\" sizes=\"(max-width: 1000px) 100vw, 1000px\" \/><\/figure>\n<\/div>\n<\/div>","protected":false},"excerpt":{"rendered":"<p>Bem-vindo \u00e0 compra de lavat\u00f3rios comerciais personalizados. Estes lavat\u00f3rios de cer\u00e2mica preta mate por atacado s\u00e3o fornecidos diretamente pela nossa f\u00e1brica, reduzindo significativamente os seus custos de compra. Os nossos lavat\u00f3rios de cer\u00e2mica por atacado s\u00e3o feitos de argila de primeira qualidade e cozidos a altas temperaturas. Oferecemos descontos por grosso neste design popular para satisfazer as necessidades de projectos comerciais ou grandes renova\u00e7\u00f5es residenciais.<\/p>\n<table style=\"border-collapse: collapse; width: 311.02pt;\" border=\"0\" width=\"311\" cellspacing=\"0\" cellpadding=\"0\">\n<tbody>\n<tr style=\"height: 17.60pt;\">\n<td class=\"et3\" style=\"height: 17.60pt; width: 108.35pt;\" width=\"108\" height=\"17\">Fabricante<\/td>\n<td class=\"et3\" style=\"width: 202.95pt;\" width=\"202\">HanYu<\/td>\n<\/tr>\n<tr style=\"height: 17.60pt;\">\n<td class=\"et3\" style=\"height: 17.60pt;\" height=\"17\">Modelo n.<\/td>\n<td class=\"et4\">HY-4005MB<\/td>\n<\/tr>\n<tr style=\"height: 17.60pt;\">\n<td class=\"et3\" style=\"height: 17.60pt;\" height=\"17\">Tipo<\/td>\n<td class=\"et3\">Lavat\u00f3rio mate, Lavat\u00f3rio de bancada<\/td>\n<\/tr>\n<tr style=\"height: 17.60pt;\">\n<td class=\"et3\" style=\"height: 17.60pt;\" height=\"17\">Forma<\/td>\n<td class=\"et3\">Forma retangular<\/td>\n<\/tr>\n<tr style=\"height: 36.00pt;\">\n<td class=\"et4\" style=\"height: 36.00pt;\" height=\"36\">Cor<\/td>\n<td class=\"et5\" style=\"width: 202.95pt;\" width=\"202\">Preto\/branco\/azul\/cinza\/rosa\/verde\/castanho\/caqui......<\/td>\n<\/tr>\n<tr style=\"height: 18.00pt;\">\n<td class=\"et3\" style=\"height: 18.00pt;\" height=\"18\">Dimens\u00e3o<\/td>\n<td class=\"et5\" style=\"width: 202.95pt;\" width=\"202\">58*37*12<\/td>\n<\/tr>\n<tr style=\"height: 17.60pt;\">\n<td class=\"et3\" style=\"height: 17.60pt;\" height=\"17\">N.W \/SET<\/td>\n<td class=\"et3\">9KGS\/PCS<\/td>\n<\/tr>\n<tr style=\"height: 17.60pt;\">\n<td class=\"et3\" style=\"height: 17.60pt;\" height=\"17\">MOQ<\/td>\n<td class=\"et3\">20 unidades<\/td>\n<\/tr>\n<tr style=\"height: 17.60pt;\">\n<td class=\"et3\" style=\"height: 17.60pt;\" height=\"17\">Op\u00e7\u00e3o personalizada<\/td>\n<td class=\"et3\">Cor\/Patente\/Tamanho\/Logotipo\/Embalagem<\/td>\n<\/tr>\n<\/tbody>\n<\/table>\n<p>&nbsp;<\/p>","protected":false},"featured_media":5875,"comment_status":"closed","ping_status":"closed","template":"","meta":{"_acf_changed":false},"product_brand":[],"product_cat":[50,55],"product_tag":[],"class_list":{"0":"post-5874","1":"product","2":"type-product","3":"status-publish","4":"has-post-thumbnail","6":"product_cat-wholesale-countertop-sinks","7":"product_cat-wholesale-matte-sinks","9":"first","10":"instock","11":"shipping-taxable","12":"product-type-simple"},"acf":[],"_links":{"self":[{"href":"https:\/\/www.ceramicbasin.com\/pt\/wp-json\/wp\/v2\/product\/5874","targetHints":{"allow":["GET"]}}],"collection":[{"href":"https:\/\/www.ceramicbasin.com\/pt\/wp-json\/wp\/v2\/product"}],"about":[{"href":"https:\/\/www.ceramicbasin.com\/pt\/wp-json\/wp\/v2\/types\/product"}],"replies":[{"embeddable":true,"href":"https:\/\/www.ceramicbasin.com\/pt\/wp-json\/wp\/v2\/comments?post=5874"}],"wp:featuredmedia":[{"embeddable":true,"href":"https:\/\/www.ceramicbasin.com\/pt\/wp-json\/wp\/v2\/media\/5875"}],"wp:attachment":[{"href":"https:\/\/www.ceramicbasin.com\/pt\/wp-json\/wp\/v2\/media?parent=5874"}],"wp:term":[{"taxonomy":"product_brand","embeddable":true,"href":"https:\/\/www.ceramicbasin.com\/pt\/wp-json\/wp\/v2\/product_brand?post=5874"},{"taxonomy":"product_cat","embeddable":true,"href":"https:\/\/www.ceramicbasin.com\/pt\/wp-json\/wp\/v2\/product_cat?post=5874"},{"taxonomy":"product_tag","embeddable":true,"href":"https:\/\/www.ceramicbasin.com\/pt\/wp-json\/wp\/v2\/product_tag?post=5874"}],"curies":[{"name":"wp","href":"https:\/\/api.w.org\/{rel}","templated":true}]}}