{"id":5894,"date":"2024-12-27T04:00:32","date_gmt":"2024-12-27T04:00:32","guid":{"rendered":"https:\/\/www.ceramicbasin.com\/?post_type=product&#038;p=5894"},"modified":"2024-12-27T04:00:50","modified_gmt":"2024-12-27T04:00:50","slug":"custom-sink-countertop","status":"publish","type":"product","link":"https:\/\/www.ceramicbasin.com\/pt\/produto\/custom-sink-countertop\/","title":{"rendered":"Bancada de lavat\u00f3rio personalizada, lavat\u00f3rio redondo de cer\u00e2mica para casa de banho por atacado"},"content":{"rendered":"<div class=\"wp-block-columns is-layout-flex wp-container-core-columns-is-layout-9d6595d7 wp-block-columns-is-layout-flex\">\n<div class=\"wp-block-column is-layout-flow wp-block-column-is-layout-flow\">\n<h2 class=\"wp-block-heading\">Carater\u00edsticas da bancada de lavat\u00f3rio personalizada Premium:<\/h2>\n\n\n\n<ul class=\"wp-block-list\">\n<li><strong>Textura mate:<\/strong> O tratamento mate da superf\u00edcie deste lavat\u00f3rio de bancada personalizado confere-lhe um toque discreto e moderno e um toque delicado, sendo f\u00e1cil de limpar e adequado para fam\u00edlias modernas que procuram um estilo minimalista.<\/li>\n\n\n\n<li><strong>Materiais cer\u00e2micos de alta qualidade: <\/strong>Os nossos lavat\u00f3rios redondos de cer\u00e2mica mate para casa de banho por atacado s\u00e3o feitos de materiais cer\u00e2micos de alta qualidade para garantir que o lavat\u00f3rio tem uma excelente durabilidade e resist\u00eancia \u00e0s manchas.<\/li>\n\n\n\n<li><strong>Desconto para compras em massa: <\/strong>Como fabricante de lavat\u00f3rios para casa de banho, a HanYu fornece aos clientes lavat\u00f3rios personalizados de alta qualidade e com pre\u00e7os preferenciais para ajudar a reduzir os custos de aquisi\u00e7\u00e3o.<\/li>\n\n\n\n<li><strong>Instala\u00e7\u00e3o f\u00e1cil: <\/strong>Concebidos para montagem acima do balc\u00e3o, estes lavat\u00f3rios de cer\u00e2mica para casa de banho por atacado s\u00e3o f\u00e1ceis de instalar, oferecendo uma solu\u00e7\u00e3o sem complica\u00e7\u00f5es tanto para novas constru\u00e7\u00f5es como para renova\u00e7\u00f5es de casas de banho.<\/li>\n<\/ul>\n<\/div>\n\n\n\n<div class=\"wp-block-column is-layout-flow wp-block-column-is-layout-flow\">\n<figure class=\"wp-block-image size-full\"><img fetchpriority=\"high\" decoding=\"async\" width=\"1000\" height=\"1000\" src=\"https:\/\/www.ceramicbasin.com\/wp-content\/uploads\/2024\/12\/Round-Shape-Hot-Sale-Counter-Top-Bathroom-Ceramic-Basin-5.webp\" alt=\"Bancada de lavat\u00f3rio personalizada, lavat\u00f3rio redondo de cer\u00e2mica para casa de banho Wholesale-1\" class=\"wp-image-5899\" srcset=\"https:\/\/www.ceramicbasin.com\/wp-content\/uploads\/2024\/12\/Round-Shape-Hot-Sale-Counter-Top-Bathroom-Ceramic-Basin-5.webp 1000w, https:\/\/www.ceramicbasin.com\/wp-content\/uploads\/2024\/12\/Round-Shape-Hot-Sale-Counter-Top-Bathroom-Ceramic-Basin-5-300x300.webp 300w, https:\/\/www.ceramicbasin.com\/wp-content\/uploads\/2024\/12\/Round-Shape-Hot-Sale-Counter-Top-Bathroom-Ceramic-Basin-5-150x150.webp 150w, https:\/\/www.ceramicbasin.com\/wp-content\/uploads\/2024\/12\/Round-Shape-Hot-Sale-Counter-Top-Bathroom-Ceramic-Basin-5-768x768.webp 768w, https:\/\/www.ceramicbasin.com\/wp-content\/uploads\/2024\/12\/Round-Shape-Hot-Sale-Counter-Top-Bathroom-Ceramic-Basin-5-12x12.webp 12w, https:\/\/www.ceramicbasin.com\/wp-content\/uploads\/2024\/12\/Round-Shape-Hot-Sale-Counter-Top-Bathroom-Ceramic-Basin-5-285x285.webp 285w, https:\/\/www.ceramicbasin.com\/wp-content\/uploads\/2024\/12\/Round-Shape-Hot-Sale-Counter-Top-Bathroom-Ceramic-Basin-5-270x270.webp 270w, https:\/\/www.ceramicbasin.com\/wp-content\/uploads\/2024\/12\/Round-Shape-Hot-Sale-Counter-Top-Bathroom-Ceramic-Basin-5-540x540.webp 540w, https:\/\/www.ceramicbasin.com\/wp-content\/uploads\/2024\/12\/Round-Shape-Hot-Sale-Counter-Top-Bathroom-Ceramic-Basin-5-660x660.webp 660w\" sizes=\"(max-width: 1000px) 100vw, 1000px\" \/><\/figure>\n<\/div>\n<\/div>","protected":false},"excerpt":{"rendered":"<p>Bem-vindo ao comprar lavat\u00f3rios de casa de banho por atacado. O design de apar\u00eancia aerodin\u00e2mica e o tratamento de bordas arredondadas de nossa bancada de pia personalizada mostram uma beleza art\u00edstica extraordin\u00e1ria. Estes lavat\u00f3rios de casa de banho por atacado s\u00e3o f\u00e1ceis de instalar, oferecendo uma solu\u00e7\u00e3o sem complica\u00e7\u00f5es tanto para novas constru\u00e7\u00f5es como para renova\u00e7\u00f5es de casas de banho.<\/p>\n<table style=\"border-collapse: collapse; width: 311.02pt;\" border=\"0\" width=\"311\" cellspacing=\"0\" cellpadding=\"0\">\n<tbody>\n<tr style=\"height: 17.60pt;\">\n<td class=\"et3\" style=\"height: 17.60pt; width: 108.35pt;\" width=\"108\" height=\"17\">Fabricante<\/td>\n<td class=\"et3\" style=\"width: 202.95pt;\" width=\"202\">HanYu<\/td>\n<\/tr>\n<tr style=\"height: 17.60pt;\">\n<td class=\"et3\" style=\"height: 17.60pt;\" height=\"17\">Modelo n.<\/td>\n<td class=\"et4\">HY-8158MB<\/td>\n<\/tr>\n<tr style=\"height: 17.60pt;\">\n<td class=\"et3\" style=\"height: 17.60pt;\" height=\"17\">Tipo<\/td>\n<td class=\"et3\">Lavat\u00f3rio mate, Lavat\u00f3rio de bancada<\/td>\n<\/tr>\n<tr style=\"height: 17.60pt;\">\n<td class=\"et3\" style=\"height: 17.60pt;\" height=\"17\">Forma<\/td>\n<td class=\"et3\">Forma redonda<\/td>\n<\/tr>\n<tr style=\"height: 36.00pt;\">\n<td class=\"et4\" style=\"height: 36.00pt;\" height=\"36\">Cor<\/td>\n<td class=\"et5\" style=\"width: 202.95pt;\" width=\"202\">Preto\/branco\/azul\/cinza\/rosa\/verde\/castanho\/caqui......<\/td>\n<\/tr>\n<tr style=\"height: 18.00pt;\">\n<td class=\"et3\" style=\"height: 18.00pt;\" height=\"18\">Dimens\u00e3o<\/td>\n<td class=\"et5\" style=\"width: 202.95pt;\" width=\"202\">36*36*12<\/td>\n<\/tr>\n<tr style=\"height: 17.60pt;\">\n<td class=\"et3\" style=\"height: 17.60pt;\" height=\"17\">N.W \/SET<\/td>\n<td class=\"et3\">8KGS\/PCS<\/td>\n<\/tr>\n<tr style=\"height: 17.60pt;\">\n<td class=\"et3\" style=\"height: 17.60pt;\" height=\"17\">MOQ<\/td>\n<td class=\"et3\">20 unidades<\/td>\n<\/tr>\n<tr style=\"height: 17.60pt;\">\n<td class=\"et3\" style=\"height: 17.60pt;\" height=\"17\">Op\u00e7\u00e3o personalizada<\/td>\n<td class=\"et3\">Cor\/Patente\/Tamanho\/Logotipo\/Embalagem<\/td>\n<\/tr>\n<\/tbody>\n<\/table>","protected":false},"featured_media":5896,"comment_status":"closed","ping_status":"closed","template":"","meta":{"_acf_changed":false},"product_brand":[],"product_cat":[50,55],"product_tag":[],"class_list":{"0":"post-5894","1":"product","2":"type-product","3":"status-publish","4":"has-post-thumbnail","6":"product_cat-wholesale-countertop-sinks","7":"product_cat-wholesale-matte-sinks","9":"first","10":"instock","11":"shipping-taxable","12":"product-type-simple"},"acf":[],"_links":{"self":[{"href":"https:\/\/www.ceramicbasin.com\/pt\/wp-json\/wp\/v2\/product\/5894","targetHints":{"allow":["GET"]}}],"collection":[{"href":"https:\/\/www.ceramicbasin.com\/pt\/wp-json\/wp\/v2\/product"}],"about":[{"href":"https:\/\/www.ceramicbasin.com\/pt\/wp-json\/wp\/v2\/types\/product"}],"replies":[{"embeddable":true,"href":"https:\/\/www.ceramicbasin.com\/pt\/wp-json\/wp\/v2\/comments?post=5894"}],"wp:featuredmedia":[{"embeddable":true,"href":"https:\/\/www.ceramicbasin.com\/pt\/wp-json\/wp\/v2\/media\/5896"}],"wp:attachment":[{"href":"https:\/\/www.ceramicbasin.com\/pt\/wp-json\/wp\/v2\/media?parent=5894"}],"wp:term":[{"taxonomy":"product_brand","embeddable":true,"href":"https:\/\/www.ceramicbasin.com\/pt\/wp-json\/wp\/v2\/product_brand?post=5894"},{"taxonomy":"product_cat","embeddable":true,"href":"https:\/\/www.ceramicbasin.com\/pt\/wp-json\/wp\/v2\/product_cat?post=5894"},{"taxonomy":"product_tag","embeddable":true,"href":"https:\/\/www.ceramicbasin.com\/pt\/wp-json\/wp\/v2\/product_tag?post=5894"}],"curies":[{"name":"wp","href":"https:\/\/api.w.org\/{rel}","templated":true}]}}