{"id":5944,"date":"2025-01-04T03:37:10","date_gmt":"2025-01-04T03:37:10","guid":{"rendered":"https:\/\/www.ceramicbasin.com\/?post_type=product&#038;p=5944"},"modified":"2025-01-04T03:37:12","modified_gmt":"2025-01-04T03:37:12","slug":"customized-wash-basin","status":"publish","type":"product","link":"https:\/\/www.ceramicbasin.com\/pt\/produto\/customized-wash-basin\/","title":{"rendered":"Bacia de lavagem personalizada de cor prata, pias de casa de banho por atacado"},"content":{"rendered":"<div class=\"wp-block-columns is-layout-flex wp-container-core-columns-is-layout-9d6595d7 wp-block-columns-is-layout-flex\">\n<div class=\"wp-block-column is-layout-flow wp-block-column-is-layout-flow\">\n<h2 class=\"wp-block-heading\">Bacia de lavagem personalizada Premium Carater\u00edsticas:<\/h2>\n\n\n\n<ul class=\"wp-block-list\">\n<li><strong>Projeto de instala\u00e7\u00e3o de bancadas:\u00a0<\/strong>Este lavat\u00f3rio personalizado em prata galvanizada foi concebido para ser instalado na bancada, poupando espa\u00e7o e facilitando a utiliza\u00e7\u00e3o di\u00e1ria, a limpeza e a praticidade e beleza de toda a casa de banho.<\/li>\n\n\n\n<li><strong>Materiais de alta qualidade:\u00a0<\/strong>Estes lavat\u00f3rios de casa de banho prateados por atacado s\u00e3o feitos de materiais cer\u00e2micos de qualidade superior para garantir que a bacia \u00e9 s\u00f3lida e dur\u00e1vel, enquanto a sua camada exterior tem um acabamento galvanizado prateado suave e f\u00e1cil de limpar diariamente.<\/li>\n\n\n\n<li><strong>Fornecimento r\u00e1pido:\u00a0<\/strong>Como um fabricante de lavat\u00f3rios personalizados, possu\u00edmos uma poderosa rede de produ\u00e7\u00e3o e log\u00edstica para lavat\u00f3rios por atacado que pode responder rapidamente \u00e0s encomendas e garantir a entrega r\u00e1pida do produto para necessidades urgentes do projeto.<\/li>\n\n\n\n<li><strong>Econ\u00f3mica:\u00a0<\/strong>Oferecemos pre\u00e7os mais favor\u00e1veis para grandes encomendas de lavat\u00f3rios de casa de banho por atacado, o que significa alta qualidade mas ainda a um pre\u00e7o razo\u00e1vel para o ajudar a poupar custos em grandes projectos.<\/li>\n<\/ul>\n<\/div>\n\n\n\n<div class=\"wp-block-column is-layout-flow wp-block-column-is-layout-flow\">\n<figure class=\"wp-block-image size-full is-resized\"><img fetchpriority=\"high\" decoding=\"async\" width=\"600\" height=\"893\" src=\"https:\/\/www.ceramicbasin.com\/wp-content\/uploads\/2025\/01\/Electroplated-silver-color-washbasin-sink-supplier-5.webp\" alt=\"Lavat\u00f3rio personalizado de cor prata, pias de casa de banho por atacado-1\" class=\"wp-image-5943\" style=\"width:343px;height:auto\" srcset=\"https:\/\/www.ceramicbasin.com\/wp-content\/uploads\/2025\/01\/Electroplated-silver-color-washbasin-sink-supplier-5.webp 600w, https:\/\/www.ceramicbasin.com\/wp-content\/uploads\/2025\/01\/Electroplated-silver-color-washbasin-sink-supplier-5-202x300.webp 202w, https:\/\/www.ceramicbasin.com\/wp-content\/uploads\/2025\/01\/Electroplated-silver-color-washbasin-sink-supplier-5-8x12.webp 8w, https:\/\/www.ceramicbasin.com\/wp-content\/uploads\/2025\/01\/Electroplated-silver-color-washbasin-sink-supplier-5-285x424.webp 285w, https:\/\/www.ceramicbasin.com\/wp-content\/uploads\/2025\/01\/Electroplated-silver-color-washbasin-sink-supplier-5-443x660.webp 443w, https:\/\/www.ceramicbasin.com\/wp-content\/uploads\/2025\/01\/Electroplated-silver-color-washbasin-sink-supplier-5-101x150.webp 101w\" sizes=\"(max-width: 600px) 100vw, 600px\" \/><\/figure>\n<\/div>\n<\/div>","protected":false},"excerpt":{"rendered":"<p>Bem-vindo \u00e0 compra de lavat\u00f3rios de casa de banho por atacado. O nosso lavat\u00f3rio personalizado prateado \u00e9 feito de materiais cer\u00e2micos de qualidade superior para garantir que o lavat\u00f3rio \u00e9 s\u00f3lido e dur\u00e1vel. Como um fabricante de lavat\u00f3rios de casa de banho personalizados, possu\u00edmos uma poderosa rede de produ\u00e7\u00e3o e log\u00edstica para lavat\u00f3rios de vaidade por atacado que pode responder rapidamente \u00e0s encomendas e garantir a entrega r\u00e1pida do produto para necessidades urgentes do projeto.<\/p>\n<table style=\"border-collapse: collapse; width: 358.52pt;\" border=\"0\" width=\"478\" cellspacing=\"0\" cellpadding=\"0\">\n<tbody>\n<tr style=\"height: 17.25pt;\">\n<td class=\"et3\" style=\"height: 17.25pt; width: 125.00pt;\" width=\"166\" height=\"23\">Fabricante<\/td>\n<td class=\"et3\" style=\"width: 234.15pt;\" width=\"312\">HanYu<\/td>\n<\/tr>\n<tr style=\"height: 17.25pt;\">\n<td class=\"et3\" style=\"height: 17.25pt;\" height=\"23\">Modelo n.<\/td>\n<td class=\"et4\">HY-8184SY<\/td>\n<\/tr>\n<tr style=\"height: 17.25pt;\">\n<td class=\"et3\" style=\"height: 17.25pt;\" height=\"23\">Tipo<\/td>\n<td class=\"et5\" style=\"width: 234.15pt;\" width=\"312\">Lava-lou\u00e7as galvanizados<\/td>\n<\/tr>\n<tr style=\"height: 18.00pt;\">\n<td class=\"et3\" style=\"height: 18.00pt;\" height=\"24\">Forma<\/td>\n<td class=\"et3\">Forma de hex\u00e1gono<\/td>\n<\/tr>\n<tr style=\"height: 34.50pt;\">\n<td class=\"et4\" style=\"height: 34.50pt;\" height=\"46\">Cor<\/td>\n<td class=\"et5\" style=\"width: 234.15pt;\" width=\"312\">preto\/branco\/azul\/cinzento\/rosa\/verde\/castanho\/caqui<\/td>\n<\/tr>\n<tr style=\"height: 18.00pt;\">\n<td class=\"et3\" style=\"height: 18.00pt;\" height=\"24\">Dimens\u00e3o<\/td>\n<td class=\"et5\" style=\"width: 234.15pt;\" width=\"312\">47.5*35.5*11.5<\/td>\n<\/tr>\n<tr style=\"height: 17.25pt;\">\n<td class=\"et3\" style=\"height: 17.25pt;\" height=\"23\">N.W \/SET<\/td>\n<td class=\"et3\">8KGS\/PCS<\/td>\n<\/tr>\n<tr style=\"height: 17.25pt;\">\n<td class=\"et3\" style=\"height: 17.25pt;\" height=\"23\">MOQ<\/td>\n<td class=\"et3\">20 unidades<\/td>\n<\/tr>\n<tr style=\"height: 17.25pt;\">\n<td class=\"et3\" style=\"height: 17.25pt;\" height=\"23\">Op\u00e7\u00e3o personalizada<\/td>\n<td class=\"et3\">Cor\/Patente\/Tamanho\/Logotipo\/Embalagem<\/td>\n<\/tr>\n<\/tbody>\n<\/table>","protected":false},"featured_media":5939,"comment_status":"closed","ping_status":"closed","template":"","meta":{"_acf_changed":false},"product_brand":[],"product_cat":[50,53],"product_tag":[],"class_list":{"0":"post-5944","1":"product","2":"type-product","3":"status-publish","4":"has-post-thumbnail","6":"product_cat-wholesale-countertop-sinks","7":"product_cat-electroplated-bathroom-sinks","9":"first","10":"instock","11":"shipping-taxable","12":"product-type-simple"},"acf":[],"_links":{"self":[{"href":"https:\/\/www.ceramicbasin.com\/pt\/wp-json\/wp\/v2\/product\/5944","targetHints":{"allow":["GET"]}}],"collection":[{"href":"https:\/\/www.ceramicbasin.com\/pt\/wp-json\/wp\/v2\/product"}],"about":[{"href":"https:\/\/www.ceramicbasin.com\/pt\/wp-json\/wp\/v2\/types\/product"}],"replies":[{"embeddable":true,"href":"https:\/\/www.ceramicbasin.com\/pt\/wp-json\/wp\/v2\/comments?post=5944"}],"wp:featuredmedia":[{"embeddable":true,"href":"https:\/\/www.ceramicbasin.com\/pt\/wp-json\/wp\/v2\/media\/5939"}],"wp:attachment":[{"href":"https:\/\/www.ceramicbasin.com\/pt\/wp-json\/wp\/v2\/media?parent=5944"}],"wp:term":[{"taxonomy":"product_brand","embeddable":true,"href":"https:\/\/www.ceramicbasin.com\/pt\/wp-json\/wp\/v2\/product_brand?post=5944"},{"taxonomy":"product_cat","embeddable":true,"href":"https:\/\/www.ceramicbasin.com\/pt\/wp-json\/wp\/v2\/product_cat?post=5944"},{"taxonomy":"product_tag","embeddable":true,"href":"https:\/\/www.ceramicbasin.com\/pt\/wp-json\/wp\/v2\/product_tag?post=5944"}],"curies":[{"name":"wp","href":"https:\/\/api.w.org\/{rel}","templated":true}]}}