{"id":5945,"date":"2025-01-04T03:43:55","date_gmt":"2025-01-04T03:43:55","guid":{"rendered":"https:\/\/www.ceramicbasin.com\/?post_type=product&#038;p=5945"},"modified":"2025-01-04T03:43:57","modified_gmt":"2025-01-04T03:43:57","slug":"custom-made-vessel-sinks","status":"publish","type":"product","link":"https:\/\/www.ceramicbasin.com\/pt\/produto\/custom-made-vessel-sinks\/","title":{"rendered":"Lava-lou\u00e7as de forma oval feita \u00e0 medida com padr\u00f5es dourados"},"content":{"rendered":"<div class=\"wp-block-columns is-layout-flex wp-container-core-columns-is-layout-9d6595d7 wp-block-columns-is-layout-flex\">\n<div class=\"wp-block-column is-layout-flow wp-block-column-is-layout-flow\">\n<h2 class=\"wp-block-heading\">Pias de vaso Premium feitas \u00e0 medida Carater\u00edsticas:<\/h2>\n\n\n\n<ul class=\"wp-block-list\">\n<li><strong>Design moderno:\u00a0<\/strong>Estes lava-lou\u00e7as dourados de forma oval, feitos \u00e0 medida, t\u00eam um design moderno e a combina\u00e7\u00e3o inteligente de dourado e branco real\u00e7a o estilo geral da casa de banho.<\/li>\n\n\n\n<li><strong>Dur\u00e1vel e fi\u00e1vel:\u00a0<\/strong>Os nossos lavat\u00f3rios de toucador por atacado s\u00e3o feitos de materiais cer\u00e2micos de alta qualidade para garantir que o lavat\u00f3rio \u00e9 robusto e dur\u00e1vel, resistente a manchas e riscos, e pode manter a sua beleza original ap\u00f3s uma utiliza\u00e7\u00e3o a longo prazo.<\/li>\n\n\n\n<li><strong>Fornecimento est\u00e1vel:\u00a0<\/strong>Como fabricante de lavat\u00f3rios de cer\u00e2mica para casa de banho, a HanYu oferece pre\u00e7os competitivos e fornecimento r\u00e1pido de lavat\u00f3rios para vasos sanit\u00e1rios feitos \u00e0 medida, que se adequam a grandes projectos, como hot\u00e9is e edif\u00edcios comerciais.<\/li>\n\n\n\n<li><strong>Econ\u00f3mica:<\/strong>\u00a0Oferecemos pre\u00e7os mais favor\u00e1veis para pias de vaidade por atacado de grandes encomendas, o que significa alta qualidade, mas ainda a um pre\u00e7o razo\u00e1vel para ajud\u00e1-lo a economizar custos em grandes projectos.<\/li>\n<\/ul>\n<\/div>\n\n\n\n<div class=\"wp-block-column is-layout-flow wp-block-column-is-layout-flow\">\n<figure class=\"wp-block-image size-full is-resized\"><img fetchpriority=\"high\" decoding=\"async\" width=\"595\" height=\"761\" src=\"https:\/\/www.ceramicbasin.com\/wp-content\/uploads\/2025\/01\/Oval-shape-silver-color-wholesale-countertop-sinks-5.webp\" alt=\"Lava-loi\u00e7as de vaso de forma oval feita \u00e0 medida com padr\u00f5es dourados-1\" class=\"wp-image-5938\" style=\"width:352px;height:auto\" srcset=\"https:\/\/www.ceramicbasin.com\/wp-content\/uploads\/2025\/01\/Oval-shape-silver-color-wholesale-countertop-sinks-5.webp 595w, https:\/\/www.ceramicbasin.com\/wp-content\/uploads\/2025\/01\/Oval-shape-silver-color-wholesale-countertop-sinks-5-235x300.webp 235w, https:\/\/www.ceramicbasin.com\/wp-content\/uploads\/2025\/01\/Oval-shape-silver-color-wholesale-countertop-sinks-5-9x12.webp 9w, https:\/\/www.ceramicbasin.com\/wp-content\/uploads\/2025\/01\/Oval-shape-silver-color-wholesale-countertop-sinks-5-285x365.webp 285w, https:\/\/www.ceramicbasin.com\/wp-content\/uploads\/2025\/01\/Oval-shape-silver-color-wholesale-countertop-sinks-5-516x660.webp 516w, https:\/\/www.ceramicbasin.com\/wp-content\/uploads\/2025\/01\/Oval-shape-silver-color-wholesale-countertop-sinks-5-117x150.webp 117w\" sizes=\"(max-width: 595px) 100vw, 595px\" \/><\/figure>\n<\/div>\n<\/div>","protected":false},"excerpt":{"rendered":"<p>Bem-vindo \u00e0 compra de lavat\u00f3rios para vasos sanit\u00e1rios feitos \u00e0 medida. Como um fabricante de lavat\u00f3rios de cer\u00e2mica para casa de banho, a HanYu oferece pre\u00e7os competitivos e um fornecimento r\u00e1pido de lavat\u00f3rios por atacado, que se adequam a grandes projectos, como hot\u00e9is e edif\u00edcios comerciais. Oferecemos pre\u00e7os mais favor\u00e1veis para pias de vaidade por atacado de grandes encomendas.<\/p>\n<table style=\"border-collapse: collapse; width: 358.52pt;\" border=\"0\" width=\"478\" cellspacing=\"0\" cellpadding=\"0\">\n<tbody>\n<tr style=\"height: 17.25pt;\">\n<td class=\"et3\" style=\"height: 17.25pt; width: 125.00pt;\" width=\"166\" height=\"23\">Fabricante<\/td>\n<td class=\"et3\" style=\"width: 234.15pt;\" width=\"312\">HanYu<\/td>\n<\/tr>\n<tr style=\"height: 17.25pt;\">\n<td class=\"et3\" style=\"height: 17.25pt;\" height=\"23\">Modelo n.<\/td>\n<td class=\"et4\">HY-5038J8<\/td>\n<\/tr>\n<tr style=\"height: 17.25pt;\">\n<td class=\"et3\" style=\"height: 17.25pt;\" height=\"23\">Tipo<\/td>\n<td class=\"et5\" style=\"width: 234.15pt;\" width=\"312\">Lava-lou\u00e7as galvanizados<\/td>\n<\/tr>\n<tr style=\"height: 18.00pt;\">\n<td class=\"et3\" style=\"height: 18.00pt;\" height=\"24\">Forma<\/td>\n<td class=\"et3\">Forma oval<\/td>\n<\/tr>\n<tr style=\"height: 34.50pt;\">\n<td class=\"et4\" style=\"height: 34.50pt;\" height=\"46\">Cor<\/td>\n<td class=\"et5\" style=\"width: 234.15pt;\" width=\"312\">preto\/branco\/azul\/cinzento\/rosa\/verde\/castanho\/caqui<\/td>\n<\/tr>\n<tr style=\"height: 18.00pt;\">\n<td class=\"et3\" style=\"height: 18.00pt;\" height=\"24\">Dimens\u00e3o<\/td>\n<td class=\"et5\" style=\"width: 234.15pt;\" width=\"312\">60*40.5*15.5<\/td>\n<\/tr>\n<tr style=\"height: 17.25pt;\">\n<td class=\"et3\" style=\"height: 17.25pt;\" height=\"23\">N.W \/SET9<\/td>\n<td class=\"et3\">9KGS\/PCS<\/td>\n<\/tr>\n<tr style=\"height: 17.25pt;\">\n<td class=\"et3\" style=\"height: 17.25pt;\" height=\"23\">MOQ<\/td>\n<td class=\"et3\">20 unidades<\/td>\n<\/tr>\n<tr style=\"height: 17.25pt;\">\n<td class=\"et3\" style=\"height: 17.25pt;\" height=\"23\">Op\u00e7\u00e3o personalizada<\/td>\n<td class=\"et3\">Cor\/Patente\/Tamanho\/Logotipo\/Embalagem<\/td>\n<\/tr>\n<\/tbody>\n<\/table>","protected":false},"featured_media":5937,"comment_status":"closed","ping_status":"closed","template":"","meta":{"_acf_changed":false},"product_brand":[],"product_cat":[50,53],"product_tag":[],"class_list":{"0":"post-5945","1":"product","2":"type-product","3":"status-publish","4":"has-post-thumbnail","6":"product_cat-wholesale-countertop-sinks","7":"product_cat-electroplated-bathroom-sinks","9":"first","10":"instock","11":"shipping-taxable","12":"product-type-simple"},"acf":[],"_links":{"self":[{"href":"https:\/\/www.ceramicbasin.com\/pt\/wp-json\/wp\/v2\/product\/5945","targetHints":{"allow":["GET"]}}],"collection":[{"href":"https:\/\/www.ceramicbasin.com\/pt\/wp-json\/wp\/v2\/product"}],"about":[{"href":"https:\/\/www.ceramicbasin.com\/pt\/wp-json\/wp\/v2\/types\/product"}],"replies":[{"embeddable":true,"href":"https:\/\/www.ceramicbasin.com\/pt\/wp-json\/wp\/v2\/comments?post=5945"}],"wp:featuredmedia":[{"embeddable":true,"href":"https:\/\/www.ceramicbasin.com\/pt\/wp-json\/wp\/v2\/media\/5937"}],"wp:attachment":[{"href":"https:\/\/www.ceramicbasin.com\/pt\/wp-json\/wp\/v2\/media?parent=5945"}],"wp:term":[{"taxonomy":"product_brand","embeddable":true,"href":"https:\/\/www.ceramicbasin.com\/pt\/wp-json\/wp\/v2\/product_brand?post=5945"},{"taxonomy":"product_cat","embeddable":true,"href":"https:\/\/www.ceramicbasin.com\/pt\/wp-json\/wp\/v2\/product_cat?post=5945"},{"taxonomy":"product_tag","embeddable":true,"href":"https:\/\/www.ceramicbasin.com\/pt\/wp-json\/wp\/v2\/product_tag?post=5945"}],"curies":[{"name":"wp","href":"https:\/\/api.w.org\/{rel}","templated":true}]}}