{"id":5947,"date":"2025-01-04T03:58:13","date_gmt":"2025-01-04T03:58:13","guid":{"rendered":"https:\/\/www.ceramicbasin.com\/?post_type=product&#038;p=5947"},"modified":"2025-10-23T09:31:16","modified_gmt":"2025-10-23T09:31:16","slug":"manufactured-home-sinks","status":"publish","type":"product","link":"https:\/\/www.ceramicbasin.com\/pt\/produto\/manufactured-home-sinks\/","title":{"rendered":"Pias dom\u00e9sticas fabricadas \u00e0 medida, bacias de lavagem de ouro por atacado"},"content":{"rendered":"<div class=\"wp-block-columns is-layout-flex wp-container-core-columns-is-layout-9d6595d7 wp-block-columns-is-layout-flex\">\n<div class=\"wp-block-column is-layout-flow wp-block-column-is-layout-flow\">\n<h2 class=\"wp-block-heading\">Carater\u00edsticas dos lavat\u00f3rios para casas manufacturadas personalizadas Premium:<\/h2>\n\n\n\n<ul class=\"wp-block-list\">\n<li><strong>Combina\u00e7\u00e3o luxuosa de cores:&nbsp;<\/strong>Estes lava-lou\u00e7as de cer\u00e2mica adoptam a combina\u00e7\u00e3o cl\u00e1ssica de cores entre o dourado e o branco, a parte dourada \u00e9 brilhante e a parte branca \u00e9 pura e elegante, criando uma atmosfera luxuosa e elegante.<\/li>\n\n\n\n<li><strong>Materiais de alta qualidade:&nbsp;<\/strong>Este lavat\u00f3rio dourado por atacado \u00e9 feito de materiais cer\u00e2micos de qualidade superior para garantir que o lavat\u00f3rio \u00e9 s\u00f3lido e dur\u00e1vel, enquanto a sua camada exterior tem um acabamento galvanizado dourado suave e f\u00e1cil de limpar diariamente.<\/li>\n\n\n\n<li><strong>Fornecimento r\u00e1pido:&nbsp;<\/strong>Como fornecedor de lava-loi\u00e7as de cer\u00e2mica, temos uma cadeia de fornecimento de resposta r\u00e1pida que pode processar rapidamente as encomendas e garantir a entrega atempada de lava-loi\u00e7as de cer\u00e2mica com acabamento dourado.<\/li>\n\n\n\n<li><strong>Econ\u00f3mica:&nbsp;<\/strong>Oferecemos pre\u00e7os mais favor\u00e1veis para grandes encomendas de lavat\u00f3rios por grosso, o que significa alta qualidade mas ainda a um pre\u00e7o razo\u00e1vel para o ajudar a poupar custos em grandes projectos.<\/li>\n<\/ul>\n<\/div>\n\n\n\n<div class=\"wp-block-column is-layout-flow wp-block-column-is-layout-flow\">\n<figure class=\"wp-block-image size-full\"><img fetchpriority=\"high\" decoding=\"async\" width=\"688\" height=\"852\" src=\"https:\/\/www.ceramicbasin.com\/wp-content\/uploads\/2025\/01\/Ceramic-wash-basin-manufacturergold-color-basin-sink-5.webp\" alt=\"Pias de cer\u00e2mica para casas fabricadas, lavat\u00f3rio de ouro Wholesale-1\" class=\"wp-image-5928\" srcset=\"https:\/\/www.ceramicbasin.com\/wp-content\/uploads\/2025\/01\/Ceramic-wash-basin-manufacturergold-color-basin-sink-5.webp 688w, https:\/\/www.ceramicbasin.com\/wp-content\/uploads\/2025\/01\/Ceramic-wash-basin-manufacturergold-color-basin-sink-5-242x300.webp 242w, https:\/\/www.ceramicbasin.com\/wp-content\/uploads\/2025\/01\/Ceramic-wash-basin-manufacturergold-color-basin-sink-5-10x12.webp 10w, https:\/\/www.ceramicbasin.com\/wp-content\/uploads\/2025\/01\/Ceramic-wash-basin-manufacturergold-color-basin-sink-5-285x353.webp 285w, https:\/\/www.ceramicbasin.com\/wp-content\/uploads\/2025\/01\/Ceramic-wash-basin-manufacturergold-color-basin-sink-5-533x660.webp 533w, https:\/\/www.ceramicbasin.com\/wp-content\/uploads\/2025\/01\/Ceramic-wash-basin-manufacturergold-color-basin-sink-5-121x150.webp 121w\" sizes=\"(max-width: 688px) 100vw, 688px\" \/><\/figure>\n<\/div>\n<\/div>","protected":false},"excerpt":{"rendered":"<p>Bem-vindo \u00e0 encomenda de lavat\u00f3rios personalizados para casa. O nosso lavat\u00f3rio dourado por atacado \u00e9 feito de argila cer\u00e2mica de primeira qualidade para garantir que o lavat\u00f3rio \u00e9 s\u00f3lido e dur\u00e1vel, enquanto a sua camada exterior tem um acabamento dourado galvanizado suave e f\u00e1cil de limpar diariamente.<\/p>\n<table style=\"border-collapse: collapse; width: 358.52pt;\" border=\"0\" width=\"478\" cellspacing=\"0\" cellpadding=\"0\">\n<tbody>\n<tr style=\"height: 17.25pt;\">\n<td class=\"et3\" style=\"height: 17.25pt; width: 125.00pt;\" width=\"166\" height=\"23\">Fabricante<\/td>\n<td class=\"et3\" style=\"width: 234.15pt;\" width=\"312\">HanYu<\/td>\n<\/tr>\n<tr style=\"height: 17.25pt;\">\n<td class=\"et3\" style=\"height: 17.25pt;\" height=\"23\">Modelo n.<\/td>\n<td class=\"et4\">HY-5006J4<\/td>\n<\/tr>\n<tr style=\"height: 17.25pt;\">\n<td class=\"et3\" style=\"height: 17.25pt;\" height=\"23\">Tipo<\/td>\n<td class=\"et5\" style=\"width: 234.15pt;\" width=\"312\">Lava-lou\u00e7as galvanizados<\/td>\n<\/tr>\n<tr style=\"height: 18.00pt;\">\n<td class=\"et3\" style=\"height: 18.00pt;\" height=\"24\">Forma<\/td>\n<td class=\"et3\">Forma oval<\/td>\n<\/tr>\n<tr style=\"height: 34.50pt;\">\n<td class=\"et4\" style=\"height: 34.50pt;\" height=\"46\">Cor<\/td>\n<td class=\"et5\" style=\"width: 234.15pt;\" width=\"312\">preto\/branco\/azul\/cinzento\/rosa\/verde\/castanho\/caqui<\/td>\n<\/tr>\n<tr style=\"height: 18.00pt;\">\n<td class=\"et3\" style=\"height: 18.00pt;\" height=\"24\">Dimens\u00e3o<\/td>\n<td class=\"et5\" style=\"width: 234.15pt;\" width=\"312\">59*42*14<\/td>\n<\/tr>\n<tr style=\"height: 17.25pt;\">\n<td class=\"et3\" style=\"height: 17.25pt;\" height=\"23\">N.W \/SET<\/td>\n<td class=\"et3\">10KGS\/PCS<\/td>\n<\/tr>\n<tr style=\"height: 17.25pt;\">\n<td class=\"et3\" style=\"height: 17.25pt;\" height=\"23\">MOQ<\/td>\n<td class=\"et3\">20 unidades<\/td>\n<\/tr>\n<tr style=\"height: 17.25pt;\">\n<td class=\"et3\" style=\"height: 17.25pt;\" height=\"23\">Op\u00e7\u00e3o personalizada<\/td>\n<td class=\"et3\">Cor\/Patente\/Tamanho\/Logotipo\/Embalagem<\/td>\n<\/tr>\n<\/tbody>\n<\/table>","protected":false},"featured_media":5924,"comment_status":"closed","ping_status":"closed","template":"","meta":{"_acf_changed":false},"product_brand":[],"product_cat":[50,53],"product_tag":[],"class_list":{"0":"post-5947","1":"product","2":"type-product","3":"status-publish","4":"has-post-thumbnail","6":"product_cat-wholesale-countertop-sinks","7":"product_cat-electroplated-bathroom-sinks","9":"first","10":"instock","11":"shipping-taxable","12":"product-type-simple"},"acf":[],"_links":{"self":[{"href":"https:\/\/www.ceramicbasin.com\/pt\/wp-json\/wp\/v2\/product\/5947","targetHints":{"allow":["GET"]}}],"collection":[{"href":"https:\/\/www.ceramicbasin.com\/pt\/wp-json\/wp\/v2\/product"}],"about":[{"href":"https:\/\/www.ceramicbasin.com\/pt\/wp-json\/wp\/v2\/types\/product"}],"replies":[{"embeddable":true,"href":"https:\/\/www.ceramicbasin.com\/pt\/wp-json\/wp\/v2\/comments?post=5947"}],"wp:featuredmedia":[{"embeddable":true,"href":"https:\/\/www.ceramicbasin.com\/pt\/wp-json\/wp\/v2\/media\/5924"}],"wp:attachment":[{"href":"https:\/\/www.ceramicbasin.com\/pt\/wp-json\/wp\/v2\/media?parent=5947"}],"wp:term":[{"taxonomy":"product_brand","embeddable":true,"href":"https:\/\/www.ceramicbasin.com\/pt\/wp-json\/wp\/v2\/product_brand?post=5947"},{"taxonomy":"product_cat","embeddable":true,"href":"https:\/\/www.ceramicbasin.com\/pt\/wp-json\/wp\/v2\/product_cat?post=5947"},{"taxonomy":"product_tag","embeddable":true,"href":"https:\/\/www.ceramicbasin.com\/pt\/wp-json\/wp\/v2\/product_tag?post=5947"}],"curies":[{"name":"wp","href":"https:\/\/api.w.org\/{rel}","templated":true}]}}