{"id":5970,"date":"2025-01-10T01:54:47","date_gmt":"2025-01-10T01:54:47","guid":{"rendered":"https:\/\/www.ceramicbasin.com\/?post_type=product&#038;p=5970"},"modified":"2025-01-11T01:42:05","modified_gmt":"2025-01-11T01:42:05","slug":"custom-porcelain-sink","status":"publish","type":"product","link":"https:\/\/www.ceramicbasin.com\/pt\/produto\/custom-porcelain-sink\/","title":{"rendered":"Lavat\u00f3rio de porcelana personalizado branco brilhante, lavat\u00f3rio de bancada por atacado"},"content":{"rendered":"<div class=\"wp-block-columns is-layout-flex wp-container-core-columns-is-layout-9d6595d7 wp-block-columns-is-layout-flex\">\n<div class=\"wp-block-column is-layout-flow wp-block-column-is-layout-flow\">\n<h2 class=\"wp-block-heading\">Carater\u00edsticas do lava-loi\u00e7a de porcelana personalizada Premium:<\/h2>\n\n\n\n<ul class=\"wp-block-list\">\n<li><strong>Aspeto branco brilhante: <\/strong>Este lavat\u00f3rio de porcelana branca brilhante personalizado \u00e9 tratado com esmalte de alta qualidade para apresentar uma textura branca suave e brilhante, que real\u00e7a a beleza geral da casa de banho e \u00e9 adequado para uma decora\u00e7\u00e3o de estilo moderno e cl\u00e1ssico.<\/li>\n\n\n\n<li><strong>Material cer\u00e2mico de alta qualidade: <\/strong>Esta bacia de bancada por atacado \u00e9 feita de cer\u00e2mica dur\u00e1vel, que \u00e9 cozida a alta temperatura para garantir firmeza, resist\u00eancia a manchas e durabilidade. Ao mesmo tempo, a superf\u00edcie \u00e9 f\u00e1cil de limpar e mant\u00e9m um efeito brilhante de longa dura\u00e7\u00e3o.<\/li>\n\n\n\n<li><strong>Op\u00e7\u00f5es de personaliza\u00e7\u00e3o vers\u00e1teis: <\/strong>O nosso lavat\u00f3rio de porcelana personalizado permite uma personaliza\u00e7\u00e3o flex\u00edvel do tamanho, da forma e do design para se adaptar a diferentes disposi\u00e7\u00f5es da casa de banho e requisitos da marca, tornando cada produto \u00fanico e satisfazendo as necessidades diversificadas do mercado.<\/li>\n\n\n\n<li><strong>Vantagens da venda por grosso e fornecimento eficaz: <\/strong>A f\u00e1brica de lavat\u00f3rios de casa de banho HanYu centra-se nos canais grossistas, fornece grandes quantidades de lavat\u00f3rios de bancada por atacado e produz e entrega de forma eficiente e atempada, fornecendo solu\u00e7\u00f5es rent\u00e1veis para projectos de constru\u00e7\u00e3o, projectos de hot\u00e9is e retalhistas de marca.<\/li>\n<\/ul>\n<\/div>\n\n\n\n<div class=\"wp-block-column is-layout-flow wp-block-column-is-layout-flow\">\n<figure class=\"wp-block-image size-full\"><img fetchpriority=\"high\" decoding=\"async\" width=\"673\" height=\"871\" src=\"https:\/\/www.ceramicbasin.com\/wp-content\/uploads\/2025\/01\/Counter-Top-Hand-Wash-Basin-6.webp\" alt=\"Lavat\u00f3rio de porcelana branco brilhante personalizado, lavat\u00f3rio de bancada Wholesale-1\" class=\"wp-image-5971\" srcset=\"https:\/\/www.ceramicbasin.com\/wp-content\/uploads\/2025\/01\/Counter-Top-Hand-Wash-Basin-6.webp 673w, https:\/\/www.ceramicbasin.com\/wp-content\/uploads\/2025\/01\/Counter-Top-Hand-Wash-Basin-6-232x300.webp 232w, https:\/\/www.ceramicbasin.com\/wp-content\/uploads\/2025\/01\/Counter-Top-Hand-Wash-Basin-6-9x12.webp 9w, https:\/\/www.ceramicbasin.com\/wp-content\/uploads\/2025\/01\/Counter-Top-Hand-Wash-Basin-6-285x369.webp 285w, https:\/\/www.ceramicbasin.com\/wp-content\/uploads\/2025\/01\/Counter-Top-Hand-Wash-Basin-6-510x660.webp 510w, https:\/\/www.ceramicbasin.com\/wp-content\/uploads\/2025\/01\/Counter-Top-Hand-Wash-Basin-6-116x150.webp 116w\" sizes=\"(max-width: 673px) 100vw, 673px\" \/><\/figure>\n<\/div>\n<\/div>","protected":false},"excerpt":{"rendered":"<p>Bem-vindo \u00e0 compra de lavat\u00f3rios de bancada por atacado. O nosso lavat\u00f3rio de porcelana branco brilhante personalizado \u00e9 feito de esmalte branco brilhante e materiais cer\u00e2micos de alta qualidade, o que \u00e9 bonito e pr\u00e1tico. Suporta personaliza\u00e7\u00e3o flex\u00edvel para atender a diversas necessidades e \u00e9 adequado para decora\u00e7\u00e3o de casa e projectos comerciais.<\/p>\n<table width=\"311\">\n<tbody>\n<tr>\n<td width=\"108\">Fabricante<\/td>\n<td width=\"202\">HanYu<\/td>\n<\/tr>\n<tr>\n<td>Modelo n.<\/td>\n<td>HY-421<\/td>\n<\/tr>\n<tr>\n<td>Tipo<\/td>\n<td>Lavat\u00f3rio de bancada<\/td>\n<\/tr>\n<tr>\n<td>Forma<\/td>\n<td>Retangular<\/td>\n<\/tr>\n<tr>\n<td>Cor<\/td>\n<td>Branco<\/td>\n<\/tr>\n<tr>\n<td>Dimens\u00e3o<\/td>\n<td width=\"202\">38*38*13<\/td>\n<\/tr>\n<tr>\n<td>N.W \/SET<\/td>\n<td>10KG\/PCS<\/td>\n<\/tr>\n<tr>\n<td>MOQ<\/td>\n<td>20 unidades<\/td>\n<\/tr>\n<tr>\n<td>Op\u00e7\u00e3o personalizada<\/td>\n<td>Cor\/Patente\/Tamanho\/Logotipo\/Embalagem<\/td>\n<\/tr>\n<\/tbody>\n<\/table>","protected":false},"featured_media":5972,"comment_status":"closed","ping_status":"closed","template":"","meta":{"_acf_changed":false},"product_brand":[],"product_cat":[50],"product_tag":[],"class_list":{"0":"post-5970","1":"product","2":"type-product","3":"status-publish","4":"has-post-thumbnail","6":"product_cat-wholesale-countertop-sinks","8":"first","9":"instock","10":"shipping-taxable","11":"product-type-simple"},"acf":[],"_links":{"self":[{"href":"https:\/\/www.ceramicbasin.com\/pt\/wp-json\/wp\/v2\/product\/5970","targetHints":{"allow":["GET"]}}],"collection":[{"href":"https:\/\/www.ceramicbasin.com\/pt\/wp-json\/wp\/v2\/product"}],"about":[{"href":"https:\/\/www.ceramicbasin.com\/pt\/wp-json\/wp\/v2\/types\/product"}],"replies":[{"embeddable":true,"href":"https:\/\/www.ceramicbasin.com\/pt\/wp-json\/wp\/v2\/comments?post=5970"}],"wp:featuredmedia":[{"embeddable":true,"href":"https:\/\/www.ceramicbasin.com\/pt\/wp-json\/wp\/v2\/media\/5972"}],"wp:attachment":[{"href":"https:\/\/www.ceramicbasin.com\/pt\/wp-json\/wp\/v2\/media?parent=5970"}],"wp:term":[{"taxonomy":"product_brand","embeddable":true,"href":"https:\/\/www.ceramicbasin.com\/pt\/wp-json\/wp\/v2\/product_brand?post=5970"},{"taxonomy":"product_cat","embeddable":true,"href":"https:\/\/www.ceramicbasin.com\/pt\/wp-json\/wp\/v2\/product_cat?post=5970"},{"taxonomy":"product_tag","embeddable":true,"href":"https:\/\/www.ceramicbasin.com\/pt\/wp-json\/wp\/v2\/product_tag?post=5970"}],"curies":[{"name":"wp","href":"https:\/\/api.w.org\/{rel}","templated":true}]}}