{"id":5985,"date":"2025-01-10T06:12:40","date_gmt":"2025-01-10T06:12:40","guid":{"rendered":"https:\/\/www.ceramicbasin.com\/?post_type=product&#038;p=5985"},"modified":"2025-01-10T10:12:07","modified_gmt":"2025-01-10T10:12:07","slug":"bespoke-sink","status":"publish","type":"product","link":"https:\/\/www.ceramicbasin.com\/pt\/produto\/bespoke-sink\/","title":{"rendered":"Lavat\u00f3rio de cer\u00e2mica feito \u00e0 medida, lavat\u00f3rio retangular moderno para casa de banho por atacado"},"content":{"rendered":"<div class=\"wp-block-columns is-layout-flex wp-container-core-columns-is-layout-9d6595d7 wp-block-columns-is-layout-flex\">\n<div class=\"wp-block-column is-layout-flow wp-block-column-is-layout-flow\">\n<h2 class=\"wp-block-heading\">Lavat\u00f3rio de cer\u00e2mica Premium Bespoke Carater\u00edsticas:<\/h2>\n\n\n\n<ul class=\"wp-block-list\">\n<li><strong>Servi\u00e7o de personaliza\u00e7\u00e3o personalizado:<\/strong> O nosso lavat\u00f3rio de cer\u00e2mica por medida suporta um design personalizado de v\u00e1rias especifica\u00e7\u00f5es, cores e estilos, satisfazendo plenamente as necessidades personalizadas de diferentes marcas, projectos e clientes. Quer seja necess\u00e1ria uma combina\u00e7\u00e3o especial de cores ou formas feitas \u00e0 medida, podemos fornecer todos os tipos de produtos aos clientes.<\/li>\n\n\n\n<li><strong>Design moderno e atual: <\/strong>Este lavat\u00f3rio de casa de banho em cer\u00e2mica por atacado tem como n\u00facleo o conceito de design de estilo moderno e minimalista. As linhas s\u00e3o suaves, com uma forma elegante que vai bem com diferentes estilos de decora\u00e7\u00e3o de uma casa de banho moderna. Pode ser utilizado tanto na decora\u00e7\u00e3o de casas como em hot\u00e9is para espa\u00e7os comerciais; aumenta a beleza de cada espa\u00e7o.<\/li>\n\n\n\n<li><strong>Material cer\u00e2mico de alta qualidade: <\/strong>Este lava-loi\u00e7a personalizado \u00e9 fabricado em cer\u00e2mica de alta qualidade e a alta temperatura, com excelente durabilidade e desempenho anti-incrustante. A superf\u00edcie \u00e9 muito lisa e delicada, f\u00e1cil de limpar, e pode manter-se brilhante e nova mesmo ap\u00f3s uma utiliza\u00e7\u00e3o muito prolongada.<\/li>\n\n\n\n<li><strong>Servi\u00e7o grossista e vantagem em termos de custos:<\/strong> O nosso lavat\u00f3rio de cer\u00e2mica para casa de banho por atacado centra-se no fornecimento de canais por atacado, fornecendo op\u00e7\u00f5es flex\u00edveis de quantidade de encomenda e capacidades eficientes de produ\u00e7\u00e3o e entrega, o que \u00e9 particularmente adequado para projectos de constru\u00e7\u00e3o em grande escala, projectos de decora\u00e7\u00e3o de hot\u00e9is e retalhistas de marca.<\/li>\n<\/ul>\n<\/div>\n\n\n\n<div class=\"wp-block-column is-layout-flow wp-block-column-is-layout-flow\">\n<figure class=\"wp-block-image size-full\"><img fetchpriority=\"high\" decoding=\"async\" width=\"627\" height=\"905\" src=\"https:\/\/www.ceramicbasin.com\/wp-content\/uploads\/2025\/01\/Modern-Sink-Bathroom-Sinks-Table-Top-6.webp\" alt=\"Lavat\u00f3rio de cer\u00e2mica feito \u00e0 medida, lavat\u00f3rio retangular moderno para casa de banho Wholesale-1\" class=\"wp-image-5986\" srcset=\"https:\/\/www.ceramicbasin.com\/wp-content\/uploads\/2025\/01\/Modern-Sink-Bathroom-Sinks-Table-Top-6.webp 627w, https:\/\/www.ceramicbasin.com\/wp-content\/uploads\/2025\/01\/Modern-Sink-Bathroom-Sinks-Table-Top-6-208x300.webp 208w, https:\/\/www.ceramicbasin.com\/wp-content\/uploads\/2025\/01\/Modern-Sink-Bathroom-Sinks-Table-Top-6-8x12.webp 8w, https:\/\/www.ceramicbasin.com\/wp-content\/uploads\/2025\/01\/Modern-Sink-Bathroom-Sinks-Table-Top-6-285x411.webp 285w, https:\/\/www.ceramicbasin.com\/wp-content\/uploads\/2025\/01\/Modern-Sink-Bathroom-Sinks-Table-Top-6-457x660.webp 457w, https:\/\/www.ceramicbasin.com\/wp-content\/uploads\/2025\/01\/Modern-Sink-Bathroom-Sinks-Table-Top-6-104x150.webp 104w\" sizes=\"(max-width: 627px) 100vw, 627px\" \/><\/figure>\n<\/div>\n<\/div>\n\n\n\n<p><\/p>","protected":false},"excerpt":{"rendered":"<p>Bem-vindo ao comprar lavat\u00f3rio de cer\u00e2mica para casa de banho por atacado. Este lavat\u00f3rio de cer\u00e2mica por medida combina um design moderno e elegante com materiais cer\u00e2micos de alta qualidade, proporcionando excelente durabilidade e conveni\u00eancia de limpeza. Suporta uma variedade de op\u00e7\u00f5es de personaliza\u00e7\u00e3o para atender \u00e0s necessidades personalizadas de marcas e projetos.<\/p>\n<table style=\"border-collapse: collapse; width: 311.02pt;\" border=\"0\" width=\"311\" cellspacing=\"0\" cellpadding=\"0\">\n<tbody>\n<tr style=\"height: 17.60pt;\">\n<td class=\"et3\" style=\"height: 17.60pt; width: 108.35pt;\" width=\"108\" height=\"17\">Fabricante<\/td>\n<td class=\"et3\" style=\"width: 202.95pt;\" width=\"202\">HanYu<\/td>\n<\/tr>\n<tr style=\"height: 17.60pt;\">\n<td class=\"et3\" style=\"height: 17.60pt;\" height=\"17\">Modelo n.<\/td>\n<td class=\"et4\">HY-8032<\/td>\n<\/tr>\n<tr style=\"height: 17.60pt;\">\n<td class=\"et3\" style=\"height: 17.60pt;\" height=\"17\">Tipo<\/td>\n<td class=\"et3\">Lavat\u00f3rio de bancada<\/td>\n<\/tr>\n<tr style=\"height: 17.60pt;\">\n<td class=\"et3\" style=\"height: 17.60pt;\" height=\"17\">Forma<\/td>\n<td class=\"et3\">Forma retangular<\/td>\n<\/tr>\n<tr style=\"height: 17.60pt;\">\n<td class=\"et4\" style=\"height: 17.60pt;\" height=\"17\">Cor<\/td>\n<td class=\"et3\">Branco<\/td>\n<\/tr>\n<tr style=\"height: 18.00pt;\">\n<td class=\"et3\" style=\"height: 18.00pt;\" height=\"18\">Dimens\u00e3o<\/td>\n<td class=\"et5\" style=\"width: 202.95pt;\" width=\"202\">46*42*15.5<\/td>\n<\/tr>\n<tr style=\"height: 17.60pt;\">\n<td class=\"et3\" style=\"height: 17.60pt;\" height=\"17\">N.W \/SET<\/td>\n<td class=\"et3\">12KGS\/PCS<\/td>\n<\/tr>\n<tr style=\"height: 17.60pt;\">\n<td class=\"et3\" style=\"height: 17.60pt;\" height=\"17\">MOQ<\/td>\n<td class=\"et3\">20 unidades<\/td>\n<\/tr>\n<tr style=\"height: 17.60pt;\">\n<td class=\"et3\" style=\"height: 17.60pt;\" height=\"17\">Op\u00e7\u00e3o personalizada<\/td>\n<td class=\"et3\">Cor\/Patente\/Tamanho\/Logotipo\/Embalagem<\/td>\n<\/tr>\n<\/tbody>\n<\/table>","protected":false},"featured_media":5987,"comment_status":"closed","ping_status":"closed","template":"","meta":{"_acf_changed":false},"product_brand":[],"product_cat":[50],"product_tag":[],"class_list":{"0":"post-5985","1":"product","2":"type-product","3":"status-publish","4":"has-post-thumbnail","6":"product_cat-wholesale-countertop-sinks","8":"first","9":"instock","10":"shipping-taxable","11":"product-type-simple"},"acf":[],"_links":{"self":[{"href":"https:\/\/www.ceramicbasin.com\/pt\/wp-json\/wp\/v2\/product\/5985","targetHints":{"allow":["GET"]}}],"collection":[{"href":"https:\/\/www.ceramicbasin.com\/pt\/wp-json\/wp\/v2\/product"}],"about":[{"href":"https:\/\/www.ceramicbasin.com\/pt\/wp-json\/wp\/v2\/types\/product"}],"replies":[{"embeddable":true,"href":"https:\/\/www.ceramicbasin.com\/pt\/wp-json\/wp\/v2\/comments?post=5985"}],"wp:featuredmedia":[{"embeddable":true,"href":"https:\/\/www.ceramicbasin.com\/pt\/wp-json\/wp\/v2\/media\/5987"}],"wp:attachment":[{"href":"https:\/\/www.ceramicbasin.com\/pt\/wp-json\/wp\/v2\/media?parent=5985"}],"wp:term":[{"taxonomy":"product_brand","embeddable":true,"href":"https:\/\/www.ceramicbasin.com\/pt\/wp-json\/wp\/v2\/product_brand?post=5985"},{"taxonomy":"product_cat","embeddable":true,"href":"https:\/\/www.ceramicbasin.com\/pt\/wp-json\/wp\/v2\/product_cat?post=5985"},{"taxonomy":"product_tag","embeddable":true,"href":"https:\/\/www.ceramicbasin.com\/pt\/wp-json\/wp\/v2\/product_tag?post=5985"}],"curies":[{"name":"wp","href":"https:\/\/api.w.org\/{rel}","templated":true}]}}