{"id":5992,"date":"2025-01-10T06:53:23","date_gmt":"2025-01-10T06:53:23","guid":{"rendered":"https:\/\/www.ceramicbasin.com\/?post_type=product&#038;p=5992"},"modified":"2025-01-10T09:55:43","modified_gmt":"2025-01-10T09:55:43","slug":"custom-vessel-sinks","status":"publish","type":"product","link":"https:\/\/www.ceramicbasin.com\/pt\/produto\/custom-vessel-sinks\/","title":{"rendered":"Pias de vaso personalizadas exclusivas, F\u00e1brica de pia de cer\u00e2mica por atacado"},"content":{"rendered":"<div class=\"wp-block-columns is-layout-flex wp-container-core-columns-is-layout-9d6595d7 wp-block-columns-is-layout-flex\">\n<div class=\"wp-block-column is-layout-flow wp-block-column-is-layout-flow\">\n<h2 class=\"wp-block-heading\">Pias de vaso personalizadas Premium Carater\u00edsticas:<\/h2>\n\n\n\n<ul class=\"wp-block-list\">\n<li><strong>Design requintado:<\/strong> Os nossos lava-lou\u00e7as personalizados a granel adoptam um design moderno requintado em cada pe\u00e7a, um tributo \u00e0 est\u00e9tica, com o objetivo de acrescentar eleg\u00e2ncia e gosto ao espa\u00e7o de banho.<\/li>\n\n\n\n<li><strong>Materiais de alta qualidade: <\/strong>A escolha de materiais cer\u00e2micos de alta qualidade e de um trabalho artesanal requintado garante a cada lava-loi\u00e7a de cer\u00e2mica por atacado uma excelente durabilidade e facilidade de limpeza, para al\u00e9m de um aspeto bonito.<\/li>\n\n\n\n<li><strong>Personaliza\u00e7\u00e3o ilimitada: <\/strong>Como fabricante profissional de lavat\u00f3rios com recipientes personalizados, a HanYu oferece uma gama completa de op\u00e7\u00f5es de lavat\u00f3rios de casa de banho personalizados em termos de forma, tamanho, cor e muito mais para fins comerciais.<\/li>\n\n\n\n<li><strong>Vantagem de pre\u00e7o: <\/strong>Fornecemos servi\u00e7os de encomendas a granel de lava-loi\u00e7as de cer\u00e2mica por atacado, que n\u00e3o s\u00f3 s\u00e3o acess\u00edveis, mas tamb\u00e9m de entrega r\u00e1pida, adequados para projectos comerciais e decora\u00e7\u00e3o residencial em grande escala, satisfazendo as necessidades de alta efici\u00eancia e baixo custo.<\/li>\n<\/ul>\n<\/div>\n\n\n\n<div class=\"wp-block-column is-layout-flow wp-block-column-is-layout-flow\">\n<figure class=\"wp-block-image size-full\"><img fetchpriority=\"high\" decoding=\"async\" width=\"627\" height=\"905\" src=\"https:\/\/www.ceramicbasin.com\/wp-content\/uploads\/2025\/01\/Wholesale-Unique-Design-sink-6.webp\" alt=\"Pias de vaso personalizadas exclusivas, pia de cer\u00e2mica por atacado de f\u00e1brica-1\" class=\"wp-image-5993\" srcset=\"https:\/\/www.ceramicbasin.com\/wp-content\/uploads\/2025\/01\/Wholesale-Unique-Design-sink-6.webp 627w, https:\/\/www.ceramicbasin.com\/wp-content\/uploads\/2025\/01\/Wholesale-Unique-Design-sink-6-208x300.webp 208w, https:\/\/www.ceramicbasin.com\/wp-content\/uploads\/2025\/01\/Wholesale-Unique-Design-sink-6-8x12.webp 8w, https:\/\/www.ceramicbasin.com\/wp-content\/uploads\/2025\/01\/Wholesale-Unique-Design-sink-6-285x411.webp 285w, https:\/\/www.ceramicbasin.com\/wp-content\/uploads\/2025\/01\/Wholesale-Unique-Design-sink-6-457x660.webp 457w, https:\/\/www.ceramicbasin.com\/wp-content\/uploads\/2025\/01\/Wholesale-Unique-Design-sink-6-104x150.webp 104w\" sizes=\"(max-width: 627px) 100vw, 627px\" \/><\/figure>\n<\/div>\n<\/div>","protected":false},"excerpt":{"rendered":"<p>Bem-vindo \u00e0 compra de lavat\u00f3rio de cer\u00e2mica por atacado. Como um fabricante profissional de lavat\u00f3rios de vasos personalizados, a HanYu fornece uma gama abrangente de op\u00e7\u00f5es de lavat\u00f3rios de casa de banho personalizados, incluindo formas, tamanhos, cores, etc. para satisfazer as suas necessidades comerciais.<\/p>\n<table style=\"border-collapse: collapse; width: 311.02pt;\" border=\"0\" width=\"311\" cellspacing=\"0\" cellpadding=\"0\">\n<tbody>\n<tr style=\"height: 17.60pt;\">\n<td class=\"et3\" style=\"height: 17.60pt; width: 108.35pt;\" width=\"108\" height=\"17\">Fabricante<\/td>\n<td class=\"et3\" style=\"width: 202.95pt;\" width=\"202\">HanYu<\/td>\n<\/tr>\n<tr style=\"height: 17.60pt;\">\n<td class=\"et3\" style=\"height: 17.60pt;\" height=\"17\">Modelo n.<\/td>\n<td class=\"et4\">HY-8033<\/td>\n<\/tr>\n<tr style=\"height: 17.60pt;\">\n<td class=\"et3\" style=\"height: 17.60pt;\" height=\"17\">Tipo<\/td>\n<td class=\"et3\">Lavat\u00f3rio de bancada<\/td>\n<\/tr>\n<tr style=\"height: 17.60pt;\">\n<td class=\"et3\" style=\"height: 17.60pt;\" height=\"17\">Forma<\/td>\n<td class=\"et3\">Forma retangular<\/td>\n<\/tr>\n<tr style=\"height: 17.60pt;\">\n<td class=\"et4\" style=\"height: 17.60pt;\" height=\"17\">Cor<\/td>\n<td class=\"et3\">Branco<\/td>\n<\/tr>\n<tr style=\"height: 18.00pt;\">\n<td class=\"et3\" style=\"height: 18.00pt;\" height=\"18\">Dimens\u00e3o<\/td>\n<td class=\"et5\" style=\"width: 202.95pt;\" width=\"202\">52*42*15.5<\/td>\n<\/tr>\n<tr style=\"height: 17.60pt;\">\n<td class=\"et3\" style=\"height: 17.60pt;\" height=\"17\">N.W \/SET<\/td>\n<td class=\"et3\">13KGS\/PCS<\/td>\n<\/tr>\n<tr style=\"height: 17.60pt;\">\n<td class=\"et3\" style=\"height: 17.60pt;\" height=\"17\">MOQ<\/td>\n<td class=\"et3\">20 unidades<\/td>\n<\/tr>\n<tr style=\"height: 17.60pt;\">\n<td class=\"et3\" style=\"height: 17.60pt;\" height=\"17\">Op\u00e7\u00e3o personalizada<\/td>\n<td class=\"et3\">Cor\/Patente\/Tamanho\/Logotipo\/Embalagem<\/td>\n<\/tr>\n<\/tbody>\n<\/table>","protected":false},"featured_media":5995,"comment_status":"closed","ping_status":"closed","template":"","meta":{"_acf_changed":false},"product_brand":[],"product_cat":[50],"product_tag":[],"class_list":{"0":"post-5992","1":"product","2":"type-product","3":"status-publish","4":"has-post-thumbnail","6":"product_cat-wholesale-countertop-sinks","8":"first","9":"instock","10":"shipping-taxable","11":"product-type-simple"},"acf":[],"_links":{"self":[{"href":"https:\/\/www.ceramicbasin.com\/pt\/wp-json\/wp\/v2\/product\/5992","targetHints":{"allow":["GET"]}}],"collection":[{"href":"https:\/\/www.ceramicbasin.com\/pt\/wp-json\/wp\/v2\/product"}],"about":[{"href":"https:\/\/www.ceramicbasin.com\/pt\/wp-json\/wp\/v2\/types\/product"}],"replies":[{"embeddable":true,"href":"https:\/\/www.ceramicbasin.com\/pt\/wp-json\/wp\/v2\/comments?post=5992"}],"wp:featuredmedia":[{"embeddable":true,"href":"https:\/\/www.ceramicbasin.com\/pt\/wp-json\/wp\/v2\/media\/5995"}],"wp:attachment":[{"href":"https:\/\/www.ceramicbasin.com\/pt\/wp-json\/wp\/v2\/media?parent=5992"}],"wp:term":[{"taxonomy":"product_brand","embeddable":true,"href":"https:\/\/www.ceramicbasin.com\/pt\/wp-json\/wp\/v2\/product_brand?post=5992"},{"taxonomy":"product_cat","embeddable":true,"href":"https:\/\/www.ceramicbasin.com\/pt\/wp-json\/wp\/v2\/product_cat?post=5992"},{"taxonomy":"product_tag","embeddable":true,"href":"https:\/\/www.ceramicbasin.com\/pt\/wp-json\/wp\/v2\/product_tag?post=5992"}],"curies":[{"name":"wp","href":"https:\/\/api.w.org\/{rel}","templated":true}]}}