{"id":6009,"date":"2025-01-14T08:15:29","date_gmt":"2025-01-14T08:15:29","guid":{"rendered":"https:\/\/www.ceramicbasin.com\/?post_type=product&#038;p=6009"},"modified":"2025-01-17T07:43:42","modified_gmt":"2025-01-17T07:43:42","slug":"custom-basin","status":"publish","type":"product","link":"https:\/\/www.ceramicbasin.com\/pt\/produto\/custom-basin\/","title":{"rendered":"Bacia personalizada de cer\u00e2mica de estilo europeu, lavat\u00f3rio de padr\u00e3o de m\u00e1rmore por atacado"},"content":{"rendered":"<div class=\"wp-block-columns is-layout-flex wp-container-core-columns-is-layout-9d6595d7 wp-block-columns-is-layout-flex\">\n<div class=\"wp-block-column is-layout-flow wp-block-column-is-layout-flow\">\n<h2 class=\"wp-block-heading\">Bacia personalizada de estilo europeu Premium Carater\u00edsticas:<\/h2>\n\n\n\n<ul class=\"wp-block-list\">\n<li><strong>Estilo europeu cl\u00e1ssico: <\/strong>Este lavat\u00f3rio personalizado em cer\u00e2mica apresenta um design europeu elegante que combina estilo e cl\u00e1ssicos, tornando-o adequado para uma variedade de casas e espa\u00e7os comerciais modernos ou tradicionais.<\/li>\n\n\n\n<li><strong>Textura de m\u00e1rmore Aspeto: <\/strong>Este lava-loi\u00e7a por atacado apresenta um padr\u00e3o de m\u00e1rmore sofisticado e um aspeto de alta qualidade, acrescentando uma sensa\u00e7\u00e3o de luxo a qualquer casa de banho ou cozinha, ao mesmo tempo que real\u00e7a facilmente o estilo do espa\u00e7o.<\/li>\n\n\n\n<li><strong>Material cer\u00e2mico de alta qualidade: <\/strong>Os nossos lavat\u00f3rios personalizados em cer\u00e2mica s\u00e3o fabricados em cer\u00e2mica de alta densidade, o que torna a sua superf\u00edcie lisa e resistente \u00e0s manchas, muito f\u00e1cil de limpar, prometendo assim uma longevidade em servi\u00e7o e mantendo um aspeto de novo.<\/li>\n\n\n\n<li><strong>Op\u00e7\u00f5es de personaliza\u00e7\u00e3o personalizadas: <\/strong>Oferecemos uma vasta gama de servi\u00e7os personalizados para lavat\u00f3rios de casa de banho por atacado, os clientes podem escolher o tamanho certo, cor e padr\u00e3o para combinar perfeitamente com diferentes estilos de decora\u00e7\u00e3o e requisitos de espa\u00e7o.<\/li>\n<\/ul>\n<\/div>\n\n\n\n<div class=\"wp-block-column is-layout-flow wp-block-column-is-layout-flow\">\n<figure class=\"wp-block-image size-full\"><img fetchpriority=\"high\" decoding=\"async\" width=\"800\" height=\"800\" src=\"https:\/\/www.ceramicbasin.com\/wp-content\/uploads\/2025\/01\/marble-sink-countertopbathroom-marble-sinkbathroom-marble-sink5.png\" alt=\"Bacia personalizada de estilo europeu, padr\u00e3o de m\u00e1rmore, lavat\u00f3rio por atacado-1\" class=\"wp-image-6014\" srcset=\"https:\/\/www.ceramicbasin.com\/wp-content\/uploads\/2025\/01\/marble-sink-countertopbathroom-marble-sinkbathroom-marble-sink5.png 800w, https:\/\/www.ceramicbasin.com\/wp-content\/uploads\/2025\/01\/marble-sink-countertopbathroom-marble-sinkbathroom-marble-sink5-300x300.png 300w, https:\/\/www.ceramicbasin.com\/wp-content\/uploads\/2025\/01\/marble-sink-countertopbathroom-marble-sinkbathroom-marble-sink5-150x150.png 150w, https:\/\/www.ceramicbasin.com\/wp-content\/uploads\/2025\/01\/marble-sink-countertopbathroom-marble-sinkbathroom-marble-sink5-768x768.png 768w, https:\/\/www.ceramicbasin.com\/wp-content\/uploads\/2025\/01\/marble-sink-countertopbathroom-marble-sinkbathroom-marble-sink5-12x12.png 12w, https:\/\/www.ceramicbasin.com\/wp-content\/uploads\/2025\/01\/marble-sink-countertopbathroom-marble-sinkbathroom-marble-sink5-285x285.png 285w, https:\/\/www.ceramicbasin.com\/wp-content\/uploads\/2025\/01\/marble-sink-countertopbathroom-marble-sinkbathroom-marble-sink5-270x270.png 270w, https:\/\/www.ceramicbasin.com\/wp-content\/uploads\/2025\/01\/marble-sink-countertopbathroom-marble-sinkbathroom-marble-sink5-540x540.png 540w, https:\/\/www.ceramicbasin.com\/wp-content\/uploads\/2025\/01\/marble-sink-countertopbathroom-marble-sinkbathroom-marble-sink5-660x660.png 660w\" sizes=\"(max-width: 800px) 100vw, 800px\" \/><\/figure>\n<\/div>\n<\/div>\n\n\n\n<p><\/p>","protected":false},"excerpt":{"rendered":"<p>Bem-vindo \u00e0 compra por grosso de lavat\u00f3rios para casas de banho. Este lavat\u00f3rio personalizado de cer\u00e2mica com textura de m\u00e1rmore de estilo europeu combina um design cl\u00e1ssico com um artesanato moderno, \u00e9 feito de materiais cer\u00e2micos de alta qualidade e oferece uma variedade de op\u00e7\u00f5es de personaliza\u00e7\u00e3o, adequadas para melhorar o luxo e a funcionalidade de qualquer casa de banho ou cozinha.<\/p>\n<table style=\"border-collapse: collapse; width: 311.02pt;\" border=\"0\" width=\"311\" cellspacing=\"0\" cellpadding=\"0\">\n<tbody>\n<tr style=\"height: 17.60pt;\">\n<td class=\"et3\" style=\"height: 17.60pt; width: 108.35pt;\" width=\"108\" height=\"17\">Fabricante<\/td>\n<td class=\"et3\" style=\"width: 202.95pt;\" width=\"202\">HanYu<\/td>\n<\/tr>\n<tr style=\"height: 17.60pt;\">\n<td class=\"et3\" style=\"height: 17.60pt;\" height=\"17\">Modelo n.<\/td>\n<td class=\"et4\">HY-5038D65<\/td>\n<\/tr>\n<tr style=\"height: 36.00pt;\">\n<td class=\"et3\" style=\"height: 36.00pt;\" height=\"36\">Tipo<\/td>\n<td class=\"et5\" style=\"width: 202.95pt;\" width=\"202\">Lavat\u00f3rio em m\u00e1rmore, Lavat\u00f3rio de bancada<\/td>\n<\/tr>\n<tr style=\"height: 17.60pt;\">\n<td class=\"et3\" style=\"height: 17.60pt;\" height=\"17\">Forma<\/td>\n<td class=\"et3\">Forma oval<\/td>\n<\/tr>\n<tr style=\"height: 18.00pt;\">\n<td class=\"et4\" style=\"height: 18.00pt;\" height=\"18\">Cor<\/td>\n<td class=\"et5\" style=\"width: 202.95pt;\" width=\"202\">Preto e branco<\/td>\n<\/tr>\n<tr style=\"height: 18.00pt;\">\n<td class=\"et3\" style=\"height: 18.00pt;\" height=\"18\">Dimens\u00e3o<\/td>\n<td class=\"et5\" style=\"width: 202.95pt;\" width=\"202\">60*41.5*16<\/td>\n<\/tr>\n<tr style=\"height: 17.60pt;\">\n<td class=\"et3\" style=\"height: 17.60pt;\" height=\"17\">N.W \/SET<\/td>\n<td class=\"et3\">15 KGS\/PCS<\/td>\n<\/tr>\n<tr style=\"height: 17.60pt;\">\n<td class=\"et3\" style=\"height: 17.60pt;\" height=\"17\">MOQ<\/td>\n<td class=\"et3\">20 unidades<\/td>\n<\/tr>\n<tr style=\"height: 17.60pt;\">\n<td class=\"et3\" style=\"height: 17.60pt;\" height=\"17\">Op\u00e7\u00e3o personalizada<\/td>\n<td class=\"et3\">Cor\/Patente\/Tamanho\/Logotipo\/Embalagem<\/td>\n<\/tr>\n<\/tbody>\n<\/table>","protected":false},"featured_media":6011,"comment_status":"closed","ping_status":"closed","template":"","meta":{"_acf_changed":false},"product_brand":[],"product_cat":[54,50],"product_tag":[],"class_list":{"0":"post-6009","1":"product","2":"type-product","3":"status-publish","4":"has-post-thumbnail","6":"product_cat-wholesale-marble-sinks","7":"product_cat-wholesale-countertop-sinks","9":"first","10":"instock","11":"shipping-taxable","12":"product-type-simple"},"acf":[],"_links":{"self":[{"href":"https:\/\/www.ceramicbasin.com\/pt\/wp-json\/wp\/v2\/product\/6009","targetHints":{"allow":["GET"]}}],"collection":[{"href":"https:\/\/www.ceramicbasin.com\/pt\/wp-json\/wp\/v2\/product"}],"about":[{"href":"https:\/\/www.ceramicbasin.com\/pt\/wp-json\/wp\/v2\/types\/product"}],"replies":[{"embeddable":true,"href":"https:\/\/www.ceramicbasin.com\/pt\/wp-json\/wp\/v2\/comments?post=6009"}],"wp:featuredmedia":[{"embeddable":true,"href":"https:\/\/www.ceramicbasin.com\/pt\/wp-json\/wp\/v2\/media\/6011"}],"wp:attachment":[{"href":"https:\/\/www.ceramicbasin.com\/pt\/wp-json\/wp\/v2\/media?parent=6009"}],"wp:term":[{"taxonomy":"product_brand","embeddable":true,"href":"https:\/\/www.ceramicbasin.com\/pt\/wp-json\/wp\/v2\/product_brand?post=6009"},{"taxonomy":"product_cat","embeddable":true,"href":"https:\/\/www.ceramicbasin.com\/pt\/wp-json\/wp\/v2\/product_cat?post=6009"},{"taxonomy":"product_tag","embeddable":true,"href":"https:\/\/www.ceramicbasin.com\/pt\/wp-json\/wp\/v2\/product_tag?post=6009"}],"curies":[{"name":"wp","href":"https:\/\/api.w.org\/{rel}","templated":true}]}}