{"id":6016,"date":"2025-01-15T01:38:25","date_gmt":"2025-01-15T01:38:25","guid":{"rendered":"https:\/\/www.ceramicbasin.com\/?post_type=product&#038;p=6016"},"modified":"2025-01-17T07:26:46","modified_gmt":"2025-01-17T07:26:46","slug":"custom-made-sink","status":"publish","type":"product","link":"https:\/\/www.ceramicbasin.com\/pt\/produto\/custom-made-sink\/","title":{"rendered":"Lavat\u00f3rio de porcelana quente feito \u00e0 medida, lavat\u00f3rio de m\u00e1rmore por atacado"},"content":{"rendered":"<div class=\"wp-block-columns is-layout-flex wp-container-core-columns-is-layout-9d6595d7 wp-block-columns-is-layout-flex\">\n<div class=\"wp-block-column is-layout-flow wp-block-column-is-layout-flow\">\n<h2 class=\"wp-block-heading\">Carater\u00edsticas do lava-loi\u00e7a Premium feito \u00e0 medida:<\/h2>\n\n\n\n<ul class=\"wp-block-list\">\n<li><strong>Efeito de m\u00e1rmore luxuoso: <\/strong>Este lavat\u00f3rio feito \u00e0 medida adopta um design de imita\u00e7\u00e3o de m\u00e1rmore, proporcionando efeitos visuais de alta qualidade e atmosf\u00e9ricos, melhorando o luxo geral da casa de banho ou WC.<\/li>\n\n\n\n<li><strong>Material de porcelana duradouro: <\/strong>O nosso lavat\u00f3rio por atacado \u00e9 feito de porcelana de alta qualidade, que \u00e9 resistente \u00e0 press\u00e3o e ao desgaste, tem um forte desempenho anti-incrustante e uma superf\u00edcie f\u00e1cil de limpar, garantindo uma utiliza\u00e7\u00e3o a longo prazo.<\/li>\n\n\n\n<li><strong>Personaliza\u00e7\u00e3o personalizada: <\/strong>Fornecemos uma variedade de op\u00e7\u00f5es de personaliza\u00e7\u00e3o para lava-loi\u00e7as personalizados, incluindo cor, tamanho, forma, etc., que podem ser adaptados de acordo com as necessidades do cliente e combinar perfeitamente com diferentes estilos de decora\u00e7\u00e3o.<\/li>\n\n\n\n<li><strong>Elevada efici\u00eancia do caudal de \u00e1gua:<\/strong> O design deste lavat\u00f3rio por atacado tem em conta a distribui\u00e7\u00e3o razo\u00e1vel do fluxo de \u00e1gua, tem uma boa fun\u00e7\u00e3o de drenagem e pode manter-se limpo e eficiente mesmo com uma utiliza\u00e7\u00e3o frequente.<\/li>\n<\/ul>\n<\/div>\n\n\n\n<div class=\"wp-block-column is-layout-flow wp-block-column-is-layout-flow\">\n<figure class=\"wp-block-image size-full\"><img fetchpriority=\"high\" decoding=\"async\" width=\"800\" height=\"800\" src=\"https:\/\/www.ceramicbasin.com\/wp-content\/uploads\/2025\/01\/bathroom-countertop-sinkssinks-for-bathroommarble-sink-vanity6.png\" alt=\"Lavat\u00f3rio de porcelana quente feito sob medida, lavat\u00f3rio de m\u00e1rmore Wholesale-1\" class=\"wp-image-6022\" srcset=\"https:\/\/www.ceramicbasin.com\/wp-content\/uploads\/2025\/01\/bathroom-countertop-sinkssinks-for-bathroommarble-sink-vanity6.png 800w, https:\/\/www.ceramicbasin.com\/wp-content\/uploads\/2025\/01\/bathroom-countertop-sinkssinks-for-bathroommarble-sink-vanity6-300x300.png 300w, https:\/\/www.ceramicbasin.com\/wp-content\/uploads\/2025\/01\/bathroom-countertop-sinkssinks-for-bathroommarble-sink-vanity6-150x150.png 150w, https:\/\/www.ceramicbasin.com\/wp-content\/uploads\/2025\/01\/bathroom-countertop-sinkssinks-for-bathroommarble-sink-vanity6-768x768.png 768w, https:\/\/www.ceramicbasin.com\/wp-content\/uploads\/2025\/01\/bathroom-countertop-sinkssinks-for-bathroommarble-sink-vanity6-12x12.png 12w, https:\/\/www.ceramicbasin.com\/wp-content\/uploads\/2025\/01\/bathroom-countertop-sinkssinks-for-bathroommarble-sink-vanity6-285x285.png 285w, https:\/\/www.ceramicbasin.com\/wp-content\/uploads\/2025\/01\/bathroom-countertop-sinkssinks-for-bathroommarble-sink-vanity6-270x270.png 270w, https:\/\/www.ceramicbasin.com\/wp-content\/uploads\/2025\/01\/bathroom-countertop-sinkssinks-for-bathroommarble-sink-vanity6-540x540.png 540w, https:\/\/www.ceramicbasin.com\/wp-content\/uploads\/2025\/01\/bathroom-countertop-sinkssinks-for-bathroommarble-sink-vanity6-660x660.png 660w\" sizes=\"(max-width: 800px) 100vw, 800px\" \/><\/figure>\n<\/div>\n<\/div>\n\n\n\n<p><\/p>","protected":false},"excerpt":{"rendered":"<p>Bem-vindo \u00e0 compra de lavat\u00f3rio feito \u00e0 medida. Este popular lavat\u00f3rio de cer\u00e2mica com textura de m\u00e1rmore por atacado combina a apar\u00eancia luxuosa do m\u00e1rmore com material de porcelana s\u00f3lida. Fornecemos servi\u00e7os de personaliza\u00e7\u00e3o para lavat\u00f3rios de casa de banho por atacado, que s\u00e3o bonitos e funcionais, e s\u00e3o ideais para projectos de arquitetura para melhorar o estilo do espa\u00e7o e a experi\u00eancia de utiliza\u00e7\u00e3o.<\/p>\n<table style=\"border-collapse: collapse; width: 311.02pt;\" border=\"0\" width=\"311\" cellspacing=\"0\" cellpadding=\"0\">\n<tbody>\n<tr style=\"height: 17.60pt;\">\n<td class=\"et3\" style=\"height: 17.60pt; width: 108.35pt;\" width=\"108\" height=\"17\">Fabricante<\/td>\n<td class=\"et3\" style=\"width: 202.95pt;\" width=\"202\">HanYu<\/td>\n<\/tr>\n<tr style=\"height: 17.60pt;\">\n<td class=\"et3\" style=\"height: 17.60pt;\" height=\"17\">Modelo n.<\/td>\n<td class=\"et4\">HY-8010D92<\/td>\n<\/tr>\n<tr style=\"height: 36.00pt;\">\n<td class=\"et3\" style=\"height: 36.00pt;\" height=\"36\">Tipo<\/td>\n<td class=\"et5\" style=\"width: 202.95pt;\" width=\"202\">Lavat\u00f3rio em m\u00e1rmore, Lavat\u00f3rio de bancada<\/td>\n<\/tr>\n<tr style=\"height: 17.60pt;\">\n<td class=\"et3\" style=\"height: 17.60pt;\" height=\"17\">Forma<\/td>\n<td class=\"et3\">Forma oval<\/td>\n<\/tr>\n<tr style=\"height: 18.00pt;\">\n<td class=\"et4\" style=\"height: 18.00pt;\" height=\"18\">Cor<\/td>\n<td class=\"et5\" style=\"width: 202.95pt;\" width=\"202\">Preto e branco<\/td>\n<\/tr>\n<tr style=\"height: 18.00pt;\">\n<td class=\"et3\" style=\"height: 18.00pt;\" height=\"18\">Dimens\u00e3o<\/td>\n<td class=\"et5\" style=\"width: 202.95pt;\" width=\"202\">65*44*16<\/td>\n<\/tr>\n<tr style=\"height: 17.60pt;\">\n<td class=\"et3\" style=\"height: 17.60pt;\" height=\"17\">N.W \/SET<\/td>\n<td class=\"et3\">15 KGS\/PCS<\/td>\n<\/tr>\n<tr style=\"height: 17.60pt;\">\n<td class=\"et3\" style=\"height: 17.60pt;\" height=\"17\">MOQ<\/td>\n<td class=\"et3\">20 unidades<\/td>\n<\/tr>\n<tr style=\"height: 17.60pt;\">\n<td class=\"et3\" style=\"height: 17.60pt;\" height=\"17\">Op\u00e7\u00e3o personalizada<\/td>\n<td class=\"et3\">Cor\/Patente\/Tamanho\/Logotipo\/Embalagem<\/td>\n<\/tr>\n<\/tbody>\n<\/table>","protected":false},"featured_media":6017,"comment_status":"closed","ping_status":"closed","template":"","meta":{"_acf_changed":false},"product_brand":[],"product_cat":[54,50],"product_tag":[],"class_list":{"0":"post-6016","1":"product","2":"type-product","3":"status-publish","4":"has-post-thumbnail","6":"product_cat-wholesale-marble-sinks","7":"product_cat-wholesale-countertop-sinks","9":"first","10":"instock","11":"shipping-taxable","12":"product-type-simple"},"acf":[],"_links":{"self":[{"href":"https:\/\/www.ceramicbasin.com\/pt\/wp-json\/wp\/v2\/product\/6016","targetHints":{"allow":["GET"]}}],"collection":[{"href":"https:\/\/www.ceramicbasin.com\/pt\/wp-json\/wp\/v2\/product"}],"about":[{"href":"https:\/\/www.ceramicbasin.com\/pt\/wp-json\/wp\/v2\/types\/product"}],"replies":[{"embeddable":true,"href":"https:\/\/www.ceramicbasin.com\/pt\/wp-json\/wp\/v2\/comments?post=6016"}],"wp:featuredmedia":[{"embeddable":true,"href":"https:\/\/www.ceramicbasin.com\/pt\/wp-json\/wp\/v2\/media\/6017"}],"wp:attachment":[{"href":"https:\/\/www.ceramicbasin.com\/pt\/wp-json\/wp\/v2\/media?parent=6016"}],"wp:term":[{"taxonomy":"product_brand","embeddable":true,"href":"https:\/\/www.ceramicbasin.com\/pt\/wp-json\/wp\/v2\/product_brand?post=6016"},{"taxonomy":"product_cat","embeddable":true,"href":"https:\/\/www.ceramicbasin.com\/pt\/wp-json\/wp\/v2\/product_cat?post=6016"},{"taxonomy":"product_tag","embeddable":true,"href":"https:\/\/www.ceramicbasin.com\/pt\/wp-json\/wp\/v2\/product_tag?post=6016"}],"curies":[{"name":"wp","href":"https:\/\/api.w.org\/{rel}","templated":true}]}}