{"id":6023,"date":"2025-01-15T01:52:28","date_gmt":"2025-01-15T01:52:28","guid":{"rendered":"https:\/\/www.ceramicbasin.com\/?post_type=product&#038;p=6023"},"modified":"2025-01-17T07:13:37","modified_gmt":"2025-01-17T07:13:37","slug":"custom-sink-bowls","status":"publish","type":"product","link":"https:\/\/www.ceramicbasin.com\/pt\/produto\/custom-sink-bowls\/","title":{"rendered":"Bacias de lavat\u00f3rio modernas e personalizadas, bacia de arte em forma de folha por atacado"},"content":{"rendered":"<div class=\"wp-block-columns is-layout-flex wp-container-core-columns-is-layout-9d6595d7 wp-block-columns-is-layout-flex\">\n<div class=\"wp-block-column is-layout-flow wp-block-column-is-layout-flow\">\n<h2 class=\"wp-block-heading\">Bacias de lavat\u00f3rio personalizadas Premium Carater\u00edsticas:<\/h2>\n\n\n\n<ul class=\"wp-block-list\">\n<li><strong>Design \u00fanico em forma de folha: <\/strong>O design \u00fanico em forma de folha confere a estas modernas bacias de lavat\u00f3rio uma forma mais criativa, combinando arte com funcionalidade para um grande efeito visual e um destaque nas casas de banho ou cozinhas.<\/li>\n\n\n\n<li><strong>Material cer\u00e2mico de alta qualidade: <\/strong>Os nossos lavat\u00f3rios de toucador por atacado s\u00e3o feitos de cer\u00e2mica de alta qualidade com uma superf\u00edcie lisa e dur\u00e1vel, resistente a manchas e f\u00e1cil de limpar; garante que o aspeto permanecer\u00e1 como novo mesmo ap\u00f3s uma utiliza\u00e7\u00e3o prolongada.<\/li>\n\n\n\n<li><strong>Servi\u00e7o personalizado: <\/strong>Fornecemos uma gama completa de op\u00e7\u00f5es de personaliza\u00e7\u00e3o para bacias de lavat\u00f3rio personalizadas, cujo tamanho, cor e textura s\u00e3o personalizados de acordo com as necessidades dos clientes e podem combinar perfeitamente com diferentes estilos de espa\u00e7o.<\/li>\n\n\n\n<li><strong>Versatilidade:<\/strong> Estes lavat\u00f3rios por atacado podem adaptar-se a muitas condi\u00e7\u00f5es ambientais, desde simples casas de banho dom\u00e9sticas e hot\u00e9is a locais comerciais. N\u00e3o s\u00f3 prestar\u00e1 servi\u00e7os em termos de fluxo eficiente de \u00e1gua, como tamb\u00e9m dar\u00e1 uma atmosfera art\u00edstica ao espa\u00e7o.<\/li>\n<\/ul>\n<\/div>\n\n\n\n<div class=\"wp-block-column is-layout-flow wp-block-column-is-layout-flow\">\n<figure class=\"wp-block-image size-full\"><img fetchpriority=\"high\" decoding=\"async\" width=\"800\" height=\"800\" src=\"https:\/\/www.ceramicbasin.com\/wp-content\/uploads\/2025\/01\/marble-vanity-sinkmarble-bathroom-sinksbathroom-marble-sink6.jpg\" alt=\"Bacias de lavat\u00f3rio modernas e personalizadas, bacia de arte em forma de folha Wholesale-1\" class=\"wp-image-6029\" srcset=\"https:\/\/www.ceramicbasin.com\/wp-content\/uploads\/2025\/01\/marble-vanity-sinkmarble-bathroom-sinksbathroom-marble-sink6.jpg 800w, https:\/\/www.ceramicbasin.com\/wp-content\/uploads\/2025\/01\/marble-vanity-sinkmarble-bathroom-sinksbathroom-marble-sink6-300x300.jpg 300w, https:\/\/www.ceramicbasin.com\/wp-content\/uploads\/2025\/01\/marble-vanity-sinkmarble-bathroom-sinksbathroom-marble-sink6-150x150.jpg 150w, https:\/\/www.ceramicbasin.com\/wp-content\/uploads\/2025\/01\/marble-vanity-sinkmarble-bathroom-sinksbathroom-marble-sink6-768x768.jpg 768w, https:\/\/www.ceramicbasin.com\/wp-content\/uploads\/2025\/01\/marble-vanity-sinkmarble-bathroom-sinksbathroom-marble-sink6-12x12.jpg 12w, https:\/\/www.ceramicbasin.com\/wp-content\/uploads\/2025\/01\/marble-vanity-sinkmarble-bathroom-sinksbathroom-marble-sink6-285x285.jpg 285w, https:\/\/www.ceramicbasin.com\/wp-content\/uploads\/2025\/01\/marble-vanity-sinkmarble-bathroom-sinksbathroom-marble-sink6-270x270.jpg 270w, https:\/\/www.ceramicbasin.com\/wp-content\/uploads\/2025\/01\/marble-vanity-sinkmarble-bathroom-sinksbathroom-marble-sink6-540x540.jpg 540w, https:\/\/www.ceramicbasin.com\/wp-content\/uploads\/2025\/01\/marble-vanity-sinkmarble-bathroom-sinksbathroom-marble-sink6-660x660.jpg 660w\" sizes=\"(max-width: 800px) 100vw, 800px\" \/><figcaption class=\"wp-element-caption\">Lavat\u00f3rios de casa de banho de luxo por atacado, lavat\u00f3rio de cer\u00e2mica-1<\/figcaption><\/figure>\n<\/div>\n<\/div>\n\n\n\n<p><\/p>","protected":false},"excerpt":{"rendered":"<p>Bem-vindo \u00e0 compra de bacias de lavat\u00f3rio personalizadas. Estes modernos lavat\u00f3rios de vaidade por atacado em forma de folha personalizados n\u00e3o s\u00f3 t\u00eam um design \u00fanico e material cer\u00e2mico de alta qualidade, mas tamb\u00e9m fornecem servi\u00e7os de personaliza\u00e7\u00e3o. \u00c9 adequado para uma variedade de espa\u00e7os e acrescenta um toque de estilo art\u00edstico chique \u00e0 sua casa de banho.<\/p>\n<table width=\"311\">\n<tbody>\n<tr>\n<td width=\"108\">Fabricante<\/td>\n<td width=\"202\">HanYu<\/td>\n<\/tr>\n<tr>\n<td>Modelo n.<\/td>\n<td>HY-8023D17<\/td>\n<\/tr>\n<tr>\n<td>Tipo<\/td>\n<td width=\"202\">Lavat\u00f3rio em m\u00e1rmore, Lavat\u00f3rio de bancada<\/td>\n<\/tr>\n<tr>\n<td>Forma<\/td>\n<td>Forma oval<\/td>\n<\/tr>\n<tr>\n<td>Cor<\/td>\n<td width=\"202\">Branco<\/td>\n<\/tr>\n<tr>\n<td>Dimens\u00e3o<\/td>\n<td width=\"202\">65*38.5*16<\/td>\n<\/tr>\n<tr>\n<td>N.W \/SET<\/td>\n<td>12KGS\/PCS<\/td>\n<\/tr>\n<tr>\n<td>MOQ<\/td>\n<td>20 unidades<\/td>\n<\/tr>\n<tr>\n<td>Op\u00e7\u00e3o personalizada<\/td>\n<td>Cor\/Patente\/Tamanho\/Logotipo\/Embalagem<\/td>\n<\/tr>\n<\/tbody>\n<\/table>","protected":false},"featured_media":6024,"comment_status":"closed","ping_status":"closed","template":"","meta":{"_acf_changed":false},"product_brand":[],"product_cat":[54,50],"product_tag":[],"class_list":{"0":"post-6023","1":"product","2":"type-product","3":"status-publish","4":"has-post-thumbnail","6":"product_cat-wholesale-marble-sinks","7":"product_cat-wholesale-countertop-sinks","9":"first","10":"instock","11":"shipping-taxable","12":"product-type-simple"},"acf":[],"_links":{"self":[{"href":"https:\/\/www.ceramicbasin.com\/pt\/wp-json\/wp\/v2\/product\/6023","targetHints":{"allow":["GET"]}}],"collection":[{"href":"https:\/\/www.ceramicbasin.com\/pt\/wp-json\/wp\/v2\/product"}],"about":[{"href":"https:\/\/www.ceramicbasin.com\/pt\/wp-json\/wp\/v2\/types\/product"}],"replies":[{"embeddable":true,"href":"https:\/\/www.ceramicbasin.com\/pt\/wp-json\/wp\/v2\/comments?post=6023"}],"wp:featuredmedia":[{"embeddable":true,"href":"https:\/\/www.ceramicbasin.com\/pt\/wp-json\/wp\/v2\/media\/6024"}],"wp:attachment":[{"href":"https:\/\/www.ceramicbasin.com\/pt\/wp-json\/wp\/v2\/media?parent=6023"}],"wp:term":[{"taxonomy":"product_brand","embeddable":true,"href":"https:\/\/www.ceramicbasin.com\/pt\/wp-json\/wp\/v2\/product_brand?post=6023"},{"taxonomy":"product_cat","embeddable":true,"href":"https:\/\/www.ceramicbasin.com\/pt\/wp-json\/wp\/v2\/product_cat?post=6023"},{"taxonomy":"product_tag","embeddable":true,"href":"https:\/\/www.ceramicbasin.com\/pt\/wp-json\/wp\/v2\/product_tag?post=6023"}],"curies":[{"name":"wp","href":"https:\/\/api.w.org\/{rel}","templated":true}]}}