{"id":6051,"date":"2025-01-21T08:12:37","date_gmt":"2025-01-21T08:12:37","guid":{"rendered":"https:\/\/www.ceramicbasin.com\/?post_type=product&#038;p=6051"},"modified":"2025-01-21T08:12:39","modified_gmt":"2025-01-21T08:12:39","slug":"custom-corner-sink","status":"publish","type":"product","link":"https:\/\/www.ceramicbasin.com\/pt\/produto\/custom-corner-sink\/","title":{"rendered":"Lavat\u00f3rio de canto personalizado para casa de banho, Fornecimento de f\u00e1brica de lavat\u00f3rios suspensos"},"content":{"rendered":"<div class=\"wp-block-columns is-layout-flex wp-container-core-columns-is-layout-9d6595d7 wp-block-columns-is-layout-flex\">\n<div class=\"wp-block-column is-layout-flow wp-block-column-is-layout-flow\">\n<h2 class=\"wp-block-heading\">Carater\u00edsticas do lavat\u00f3rio de canto personalizado Premium:<\/h2>\n\n\n\n<ul class=\"wp-block-list\">\n<li><strong>Design cl\u00e1ssico:\u00a0<\/strong>O nosso lavat\u00f3rio de canto personalizado de fornecimento de f\u00e1brica apresenta um design cl\u00e1ssico intemporal com um design limpo, com uma pequena instala\u00e7\u00e3o montada na parede para maximizar a utiliza\u00e7\u00e3o de um espa\u00e7o limitado.<\/li>\n\n\n\n<li><strong>Instala\u00e7\u00e3o na parede:<\/strong>\u00a0O design de montagem na parede do nosso lavat\u00f3rio por atacado poupa espa\u00e7o e \u00e9 f\u00e1cil de limpar. Estes lavat\u00f3rios de cer\u00e2mica personalizados suspensos na parede s\u00e3o particularmente adequados para casas de banho modernas e compactas, melhorando a limpeza e a modernidade de todo o espa\u00e7o.<\/li>\n\n\n\n<li><strong>Tratamento de esmalte f\u00e1cil de limpar:<\/strong>\u00a0A superf\u00edcie deste lavat\u00f3rio de canto personalizado por atacado adopta uma tecnologia especial de esmalte f\u00e1cil de limpar, que \u00e9 suave e delicada, as manchas n\u00e3o s\u00e3o f\u00e1ceis de aderir e s\u00e3o f\u00e1ceis de limpar.<\/li>\n\n\n\n<li><strong>Grande capacidade de produ\u00e7\u00e3o: <\/strong>O nosso grande armaz\u00e9m cont\u00e9m v\u00e1rios tipos de bacias de porcelana para bancadas de casa de banho por atacado. Escolha os itens que est\u00e3o em produ\u00e7\u00e3o, temos bacias brancas suficientes para fazer bacias de cor de m\u00e1rmore, ent\u00e3o o tempo de envio seria muito mais curto.<\/li>\n<\/ul>\n<\/div>\n\n\n\n<div class=\"wp-block-column is-layout-flow wp-block-column-is-layout-flow\">\n<figure class=\"wp-block-image size-full\"><img fetchpriority=\"high\" decoding=\"async\" width=\"1000\" height=\"1000\" src=\"https:\/\/www.ceramicbasin.com\/wp-content\/uploads\/2025\/01\/Factory-Supply-Ceramic-Vanity-Sinks-For-BathroomWall-Hung-Basin-6.webp\" alt=\"Lavat\u00f3rio de canto personalizado para casa de banho, Fornecimento de f\u00e1brica de bacias suspensas-1\" class=\"wp-image-6057\" srcset=\"https:\/\/www.ceramicbasin.com\/wp-content\/uploads\/2025\/01\/Factory-Supply-Ceramic-Vanity-Sinks-For-BathroomWall-Hung-Basin-6.webp 1000w, https:\/\/www.ceramicbasin.com\/wp-content\/uploads\/2025\/01\/Factory-Supply-Ceramic-Vanity-Sinks-For-BathroomWall-Hung-Basin-6-300x300.webp 300w, https:\/\/www.ceramicbasin.com\/wp-content\/uploads\/2025\/01\/Factory-Supply-Ceramic-Vanity-Sinks-For-BathroomWall-Hung-Basin-6-150x150.webp 150w, https:\/\/www.ceramicbasin.com\/wp-content\/uploads\/2025\/01\/Factory-Supply-Ceramic-Vanity-Sinks-For-BathroomWall-Hung-Basin-6-768x768.webp 768w, https:\/\/www.ceramicbasin.com\/wp-content\/uploads\/2025\/01\/Factory-Supply-Ceramic-Vanity-Sinks-For-BathroomWall-Hung-Basin-6-12x12.webp 12w, https:\/\/www.ceramicbasin.com\/wp-content\/uploads\/2025\/01\/Factory-Supply-Ceramic-Vanity-Sinks-For-BathroomWall-Hung-Basin-6-285x285.webp 285w, https:\/\/www.ceramicbasin.com\/wp-content\/uploads\/2025\/01\/Factory-Supply-Ceramic-Vanity-Sinks-For-BathroomWall-Hung-Basin-6-270x270.webp 270w, https:\/\/www.ceramicbasin.com\/wp-content\/uploads\/2025\/01\/Factory-Supply-Ceramic-Vanity-Sinks-For-BathroomWall-Hung-Basin-6-540x540.webp 540w, https:\/\/www.ceramicbasin.com\/wp-content\/uploads\/2025\/01\/Factory-Supply-Ceramic-Vanity-Sinks-For-BathroomWall-Hung-Basin-6-660x660.webp 660w\" sizes=\"(max-width: 1000px) 100vw, 1000px\" \/><\/figure>\n<\/div>\n<\/div>\n\n\n\n<p><\/p>","protected":false},"excerpt":{"rendered":"<p>Bem-vindo \u00e0 encomenda por grosso de lavat\u00f3rios de canto personalizados. Os nossos lavat\u00f3rios suspensos por atacado s\u00e3o cuidadosamente fabricados para garantir a sua beleza e durabilidade. Existe uma grande quantidade de prepara\u00e7\u00e3o de invent\u00e1rio de lavat\u00f3rios de casa de banho, e servi\u00e7o de entrega r\u00e1pida, para satisfazer as necessidades urgentes do projeto. Tamb\u00e9m fornecemos servi\u00e7os personalizados para que possa ajustar os detalhes do produto de acordo com as necessidades do projeto para obter uma combina\u00e7\u00e3o perfeita no design.<\/p>\n<table style=\"border-collapse: collapse; width: 311.02pt;\" border=\"0\" width=\"311\" cellspacing=\"0\" cellpadding=\"0\">\n<tbody>\n<tr style=\"height: 17.60pt;\">\n<td class=\"et3\" style=\"height: 17.60pt; width: 108.35pt;\" width=\"108\" height=\"17\">Fabricante<\/td>\n<td class=\"et3\" style=\"width: 202.95pt;\" width=\"202\">HanYu<\/td>\n<\/tr>\n<tr style=\"height: 17.60pt;\">\n<td class=\"et3\" style=\"height: 17.60pt;\" height=\"17\">Modelo n.<\/td>\n<td class=\"et4\">HY3052L<\/td>\n<\/tr>\n<tr style=\"height: 17.60pt;\">\n<td class=\"et3\" style=\"height: 17.60pt;\" height=\"17\">Tipo<\/td>\n<td class=\"et3\">Lavat\u00f3rio de parede<\/td>\n<\/tr>\n<tr style=\"height: 17.60pt;\">\n<td class=\"et3\" style=\"height: 17.60pt;\" height=\"17\">Forma<\/td>\n<td class=\"et2\">Forma oval<\/td>\n<\/tr>\n<tr style=\"height: 17.60pt;\">\n<td class=\"et4\" style=\"height: 17.60pt;\" height=\"17\">Cor<\/td>\n<td class=\"et3\">Branco<\/td>\n<\/tr>\n<tr style=\"height: 18.00pt;\">\n<td class=\"et3\" style=\"height: 18.00pt;\" height=\"18\">Dimens\u00e3o<\/td>\n<td class=\"et5\" style=\"width: 202.95pt;\" width=\"202\">42*28*15<\/td>\n<\/tr>\n<tr style=\"height: 17.60pt;\">\n<td class=\"et3\" style=\"height: 17.60pt;\" height=\"17\">N.W \/SET<\/td>\n<td class=\"et3\">8KGS\/PCS<\/td>\n<\/tr>\n<tr style=\"height: 17.60pt;\">\n<td class=\"et3\" style=\"height: 17.60pt;\" height=\"17\">MOQ<\/td>\n<td class=\"et3\">20 unidades<\/td>\n<\/tr>\n<tr style=\"height: 17.60pt;\">\n<td class=\"et3\" style=\"height: 17.60pt;\" height=\"17\">Op\u00e7\u00e3o personalizada<\/td>\n<td class=\"et3\">Cor\/Patente\/Tamanho\/Logotipo\/Embalagem<\/td>\n<\/tr>\n<\/tbody>\n<\/table>","protected":false},"featured_media":6054,"comment_status":"closed","ping_status":"closed","template":"","meta":{"_acf_changed":false},"product_brand":[],"product_cat":[57],"product_tag":[],"class_list":{"0":"post-6051","1":"product","2":"type-product","3":"status-publish","4":"has-post-thumbnail","6":"product_cat-wholesale-wall-mounted-sinks","8":"first","9":"instock","10":"shipping-taxable","11":"product-type-simple"},"acf":[],"_links":{"self":[{"href":"https:\/\/www.ceramicbasin.com\/pt\/wp-json\/wp\/v2\/product\/6051","targetHints":{"allow":["GET"]}}],"collection":[{"href":"https:\/\/www.ceramicbasin.com\/pt\/wp-json\/wp\/v2\/product"}],"about":[{"href":"https:\/\/www.ceramicbasin.com\/pt\/wp-json\/wp\/v2\/types\/product"}],"replies":[{"embeddable":true,"href":"https:\/\/www.ceramicbasin.com\/pt\/wp-json\/wp\/v2\/comments?post=6051"}],"wp:featuredmedia":[{"embeddable":true,"href":"https:\/\/www.ceramicbasin.com\/pt\/wp-json\/wp\/v2\/media\/6054"}],"wp:attachment":[{"href":"https:\/\/www.ceramicbasin.com\/pt\/wp-json\/wp\/v2\/media?parent=6051"}],"wp:term":[{"taxonomy":"product_brand","embeddable":true,"href":"https:\/\/www.ceramicbasin.com\/pt\/wp-json\/wp\/v2\/product_brand?post=6051"},{"taxonomy":"product_cat","embeddable":true,"href":"https:\/\/www.ceramicbasin.com\/pt\/wp-json\/wp\/v2\/product_cat?post=6051"},{"taxonomy":"product_tag","embeddable":true,"href":"https:\/\/www.ceramicbasin.com\/pt\/wp-json\/wp\/v2\/product_tag?post=6051"}],"curies":[{"name":"wp","href":"https:\/\/api.w.org\/{rel}","templated":true}]}}