{"id":6068,"date":"2025-01-21T08:22:50","date_gmt":"2025-01-21T08:22:50","guid":{"rendered":"https:\/\/www.ceramicbasin.com\/?post_type=product&#038;p=6068"},"modified":"2025-01-21T08:22:53","modified_gmt":"2025-01-21T08:22:53","slug":"small-bathroom-sink-wholesale","status":"publish","type":"product","link":"https:\/\/www.ceramicbasin.com\/pt\/produto\/small-bathroom-sink-wholesale\/","title":{"rendered":"Lavat\u00f3rio de casa de banho pequeno por atacado, bacias de montagem na parede sob medida"},"content":{"rendered":"<div class=\"wp-block-columns is-layout-flex wp-container-core-columns-is-layout-9d6595d7 wp-block-columns-is-layout-flex\">\n<div class=\"wp-block-column is-layout-flow wp-block-column-is-layout-flow\">\n<h2 class=\"wp-block-heading\">Lavat\u00f3rio de casa de banho pequeno Premium Carater\u00edsticas do lavat\u00f3rio por atacado:<\/h2>\n\n\n\n<ul class=\"wp-block-list\">\n<li><strong>Design optimizado em termos de espa\u00e7o:<\/strong> Este pequeno lavat\u00f3rio de casa de banho por atacado foi concebido para casas de banho pequenas. O lavat\u00f3rio de parede de tamanho reduzido poupa espa\u00e7o de forma eficaz e \u00e9 a escolha ideal para pequenos apartamentos ou quartos de hotel.<\/li>\n\n\n\n<li><strong>Fabricado em porcelana de alta qualidade: <\/strong>Os nossos lavat\u00f3rios de parede feitos \u00e0 medida selecionam argila de porcelana de alta qualidade e s\u00e3o cozidos a altas temperaturas para garantir que os lavat\u00f3rios t\u00eam uma textura s\u00f3lida, uma superf\u00edcie lisa, s\u00e3o f\u00e1ceis de limpar e t\u00eam um brilho duradouro.<\/li>\n\n\n\n<li><strong>Instala\u00e7\u00e3o na parede:<\/strong> Este pequeno lavat\u00f3rio de casa de banho por atacado \u00e9 fixado na parede, o que n\u00e3o s\u00f3 poupa espa\u00e7o, como tamb\u00e9m facilita a limpeza do ch\u00e3o, melhorando o asseio geral e a modernidade da casa de banho.<\/li>\n\n\n\n<li><strong>Vantagem do volume:<\/strong> Como fabricante profissional de bacias de cer\u00e2mica, a HanYu oferece-lhe pre\u00e7os muito competitivos para bacias por medida para montagem na parede, adequadas \u00e0s necessidades de decora\u00e7\u00e3o em grande escala de hot\u00e9is, apartamentos e projectos residenciais.<\/li>\n<\/ul>\n<\/div>\n\n\n\n<div class=\"wp-block-column is-layout-flow wp-block-column-is-layout-flow\">\n<figure class=\"wp-block-image size-full\"><img fetchpriority=\"high\" decoding=\"async\" width=\"1000\" height=\"1000\" src=\"https:\/\/www.ceramicbasin.com\/wp-content\/uploads\/2025\/01\/Small-Wholesale-Wall-Mount-Bathroom-Sink-Customize-OEM-ODM-Basin-8.webp\" alt=\"Lavat\u00f3rio de casa de banho pequeno por atacado, lavat\u00f3rios de montagem na parede sob medida-1\" class=\"wp-image-6076\" srcset=\"https:\/\/www.ceramicbasin.com\/wp-content\/uploads\/2025\/01\/Small-Wholesale-Wall-Mount-Bathroom-Sink-Customize-OEM-ODM-Basin-8.webp 1000w, https:\/\/www.ceramicbasin.com\/wp-content\/uploads\/2025\/01\/Small-Wholesale-Wall-Mount-Bathroom-Sink-Customize-OEM-ODM-Basin-8-300x300.webp 300w, https:\/\/www.ceramicbasin.com\/wp-content\/uploads\/2025\/01\/Small-Wholesale-Wall-Mount-Bathroom-Sink-Customize-OEM-ODM-Basin-8-150x150.webp 150w, https:\/\/www.ceramicbasin.com\/wp-content\/uploads\/2025\/01\/Small-Wholesale-Wall-Mount-Bathroom-Sink-Customize-OEM-ODM-Basin-8-768x768.webp 768w, https:\/\/www.ceramicbasin.com\/wp-content\/uploads\/2025\/01\/Small-Wholesale-Wall-Mount-Bathroom-Sink-Customize-OEM-ODM-Basin-8-12x12.webp 12w, https:\/\/www.ceramicbasin.com\/wp-content\/uploads\/2025\/01\/Small-Wholesale-Wall-Mount-Bathroom-Sink-Customize-OEM-ODM-Basin-8-285x285.webp 285w, https:\/\/www.ceramicbasin.com\/wp-content\/uploads\/2025\/01\/Small-Wholesale-Wall-Mount-Bathroom-Sink-Customize-OEM-ODM-Basin-8-270x270.webp 270w, https:\/\/www.ceramicbasin.com\/wp-content\/uploads\/2025\/01\/Small-Wholesale-Wall-Mount-Bathroom-Sink-Customize-OEM-ODM-Basin-8-540x540.webp 540w, https:\/\/www.ceramicbasin.com\/wp-content\/uploads\/2025\/01\/Small-Wholesale-Wall-Mount-Bathroom-Sink-Customize-OEM-ODM-Basin-8-660x660.webp 660w\" sizes=\"(max-width: 1000px) 100vw, 1000px\" \/><\/figure>\n<\/div>\n<\/div>\n\n\n\n<p><\/p>","protected":false},"excerpt":{"rendered":"<p>Bem-vindo \u00e0 encomenda por grosso de lavat\u00f3rios de casa de banho pequenos. Os nossos lavat\u00f3rios de montagem na parede s\u00e3o concebidos para casas de banho de pequenas dimens\u00f5es que procuram praticidade e beleza. A sele\u00e7\u00e3o de materiais cer\u00e2micos superiores garante que o nosso lavat\u00f3rio de parede tem uma excelente durabilidade e beleza.<\/p>\n<table style=\"border-collapse: collapse; width: 311.02pt;\" border=\"0\" width=\"311\" cellspacing=\"0\" cellpadding=\"0\">\n<tbody>\n<tr style=\"height: 17.60pt;\">\n<td class=\"et3\" style=\"height: 17.60pt; width: 108.35pt;\" width=\"108\" height=\"17\">Fabricante<\/td>\n<td class=\"et3\" style=\"width: 202.95pt;\" width=\"202\">HanYu<\/td>\n<\/tr>\n<tr style=\"height: 17.60pt;\">\n<td class=\"et3\" style=\"height: 17.60pt;\" height=\"17\">Modelo n.<\/td>\n<td class=\"et4\">HY3056<\/td>\n<\/tr>\n<tr style=\"height: 17.60pt;\">\n<td class=\"et3\" style=\"height: 17.60pt;\" height=\"17\">Tipo<\/td>\n<td class=\"et3\">Lavat\u00f3rio de parede<\/td>\n<\/tr>\n<tr style=\"height: 17.60pt;\">\n<td class=\"et3\" style=\"height: 17.60pt;\" height=\"17\">Forma<\/td>\n<td class=\"et2\">Forma meio redonda<\/td>\n<\/tr>\n<tr style=\"height: 17.60pt;\">\n<td class=\"et4\" style=\"height: 17.60pt;\" height=\"17\">Cor<\/td>\n<td class=\"et3\">Branco<\/td>\n<\/tr>\n<tr style=\"height: 18.00pt;\">\n<td class=\"et3\" style=\"height: 18.00pt;\" height=\"18\">Dimens\u00e3o<\/td>\n<td class=\"et5\" style=\"width: 202.95pt;\" width=\"202\">30*25*12<\/td>\n<\/tr>\n<tr style=\"height: 17.60pt;\">\n<td class=\"et3\" style=\"height: 17.60pt;\" height=\"17\">N.W \/SET<\/td>\n<td class=\"et3\">6KGS\/PCS<\/td>\n<\/tr>\n<tr style=\"height: 17.60pt;\">\n<td class=\"et3\" style=\"height: 17.60pt;\" height=\"17\">MOQ<\/td>\n<td class=\"et3\">20 unidades<\/td>\n<\/tr>\n<tr style=\"height: 17.60pt;\">\n<td class=\"et3\" style=\"height: 17.60pt;\" height=\"17\">Op\u00e7\u00e3o personalizada<\/td>\n<td class=\"et3\">Cor\/Patente\/Tamanho\/Logotipo\/Embalagem<\/td>\n<\/tr>\n<\/tbody>\n<\/table>","protected":false},"featured_media":6073,"comment_status":"closed","ping_status":"closed","template":"","meta":{"_acf_changed":false},"product_brand":[],"product_cat":[57,56],"product_tag":[],"class_list":{"0":"post-6068","1":"product","2":"type-product","3":"status-publish","4":"has-post-thumbnail","6":"product_cat-wholesale-wall-mounted-sinks","7":"product_cat-wholesale-small-bathroom-sinks","9":"first","10":"instock","11":"shipping-taxable","12":"product-type-simple"},"acf":[],"_links":{"self":[{"href":"https:\/\/www.ceramicbasin.com\/pt\/wp-json\/wp\/v2\/product\/6068","targetHints":{"allow":["GET"]}}],"collection":[{"href":"https:\/\/www.ceramicbasin.com\/pt\/wp-json\/wp\/v2\/product"}],"about":[{"href":"https:\/\/www.ceramicbasin.com\/pt\/wp-json\/wp\/v2\/types\/product"}],"replies":[{"embeddable":true,"href":"https:\/\/www.ceramicbasin.com\/pt\/wp-json\/wp\/v2\/comments?post=6068"}],"wp:featuredmedia":[{"embeddable":true,"href":"https:\/\/www.ceramicbasin.com\/pt\/wp-json\/wp\/v2\/media\/6073"}],"wp:attachment":[{"href":"https:\/\/www.ceramicbasin.com\/pt\/wp-json\/wp\/v2\/media?parent=6068"}],"wp:term":[{"taxonomy":"product_brand","embeddable":true,"href":"https:\/\/www.ceramicbasin.com\/pt\/wp-json\/wp\/v2\/product_brand?post=6068"},{"taxonomy":"product_cat","embeddable":true,"href":"https:\/\/www.ceramicbasin.com\/pt\/wp-json\/wp\/v2\/product_cat?post=6068"},{"taxonomy":"product_tag","embeddable":true,"href":"https:\/\/www.ceramicbasin.com\/pt\/wp-json\/wp\/v2\/product_tag?post=6068"}],"curies":[{"name":"wp","href":"https:\/\/api.w.org\/{rel}","templated":true}]}}