{"id":6077,"date":"2025-02-07T06:54:58","date_gmt":"2025-02-07T06:54:58","guid":{"rendered":"https:\/\/www.ceramicbasin.com\/?post_type=product&#038;p=6077"},"modified":"2025-02-07T06:55:01","modified_gmt":"2025-02-07T06:55:01","slug":"wholesale-wall-mount-sinks","status":"publish","type":"product","link":"https:\/\/www.ceramicbasin.com\/pt\/produto\/wholesale-wall-mount-sinks\/","title":{"rendered":"Lavat\u00f3rios de montagem na parede de forma oval, lavat\u00f3rios modernos de montagem na parede"},"content":{"rendered":"<div class=\"wp-block-columns is-layout-flex wp-container-core-columns-is-layout-9d6595d7 wp-block-columns-is-layout-flex\">\n<div class=\"wp-block-column is-layout-flow wp-block-column-is-layout-flow\">\n<h2 class=\"wp-block-heading\">Pias de montagem na parede Premium Wholesale Carater\u00edsticas:<\/h2>\n\n\n\n<ul class=\"wp-block-list\">\n<li><strong>Design oval, elegante e simples: <\/strong>Os nossos lavat\u00f3rios de cer\u00e2mica para montagem na parede adoptam uma forma oval suave, com um design simples mas elegante, adequado para v\u00e1rios estilos de casas de banho modernas, acrescentando uma beleza requintada ao espa\u00e7o.<\/li>\n\n\n\n<li><strong>Instala\u00e7\u00e3o na parede, economizando espa\u00e7o: <\/strong>As nossas bacias suspensas por atacado poupam eficazmente espa\u00e7o no ch\u00e3o, especialmente adequadas para casas de banho pequenas, hot\u00e9is, apartamentos ou disposi\u00e7\u00f5es de casas de banho modernas e minimalistas, tornando o espa\u00e7o mais aberto e arrumado.<\/li>\n\n\n\n<li><strong>Cer\u00e2mica de alta qualidade, resistente \u00e0s manchas e f\u00e1cil de limpar: <\/strong>Estes lavat\u00f3rios de montagem na parede por atacado s\u00e3o feitos de materiais cer\u00e2micos de alta qualidade, com tratamento de esmalte de alta temperatura na superf\u00edcie, que tem excelente resist\u00eancia a manchas e desempenho \u00e0 prova d'\u00e1gua, resist\u00eancia a arranh\u00f5es, n\u00e3o \u00e9 f\u00e1cil de mudar de cor, limpeza e manuten\u00e7\u00e3o f\u00e1ceis e convenientes.<\/li>\n\n\n\n<li><strong>Estilo minimalista moderno, adequado para uma variedade de ambientes: <\/strong>Estas bacias suspensas por atacado adoptam um design moderno e minimalista. A linha suave \u00e9 suave para garantir o design requintado das casas de banho dom\u00e9sticas e locais de uso p\u00fablico, como um hotel, caf\u00e9s e locais de com\u00e9rcio para apresentar um sabor luxuoso no interior.<\/li>\n<\/ul>\n<\/div>\n\n\n\n<div class=\"wp-block-column is-layout-flow wp-block-column-is-layout-flow\">\n<figure class=\"wp-block-image size-full\"><img fetchpriority=\"high\" decoding=\"async\" width=\"1000\" height=\"1000\" src=\"https:\/\/www.ceramicbasin.com\/wp-content\/uploads\/2025\/01\/Wholesale-Modern-Wall-Mount-Sinks-Oval-Shape-Basin-6.webp\" alt=\"Lavat\u00f3rios de montagem na parede de forma oval, lavat\u00f3rios modernos de montagem na parede-1\" class=\"wp-image-6083\" srcset=\"https:\/\/www.ceramicbasin.com\/wp-content\/uploads\/2025\/01\/Wholesale-Modern-Wall-Mount-Sinks-Oval-Shape-Basin-6.webp 1000w, https:\/\/www.ceramicbasin.com\/wp-content\/uploads\/2025\/01\/Wholesale-Modern-Wall-Mount-Sinks-Oval-Shape-Basin-6-300x300.webp 300w, https:\/\/www.ceramicbasin.com\/wp-content\/uploads\/2025\/01\/Wholesale-Modern-Wall-Mount-Sinks-Oval-Shape-Basin-6-150x150.webp 150w, https:\/\/www.ceramicbasin.com\/wp-content\/uploads\/2025\/01\/Wholesale-Modern-Wall-Mount-Sinks-Oval-Shape-Basin-6-768x768.webp 768w, https:\/\/www.ceramicbasin.com\/wp-content\/uploads\/2025\/01\/Wholesale-Modern-Wall-Mount-Sinks-Oval-Shape-Basin-6-12x12.webp 12w, https:\/\/www.ceramicbasin.com\/wp-content\/uploads\/2025\/01\/Wholesale-Modern-Wall-Mount-Sinks-Oval-Shape-Basin-6-285x285.webp 285w, https:\/\/www.ceramicbasin.com\/wp-content\/uploads\/2025\/01\/Wholesale-Modern-Wall-Mount-Sinks-Oval-Shape-Basin-6-270x270.webp 270w, https:\/\/www.ceramicbasin.com\/wp-content\/uploads\/2025\/01\/Wholesale-Modern-Wall-Mount-Sinks-Oval-Shape-Basin-6-540x540.webp 540w, https:\/\/www.ceramicbasin.com\/wp-content\/uploads\/2025\/01\/Wholesale-Modern-Wall-Mount-Sinks-Oval-Shape-Basin-6-660x660.webp 660w\" sizes=\"(max-width: 1000px) 100vw, 1000px\" \/><\/figure>\n<\/div>\n<\/div>\n\n\n\n<p><\/p>","protected":false},"excerpt":{"rendered":"<p>Bem-vindo a comprar lavat\u00f3rios suspensos por atacado. Os nossos lavat\u00f3rios de cer\u00e2mica para montagem na parede adoptam um elegante design oval para montagem na parede, simples e moderno, perfeito para uma variedade de estilos de casa de banho. A instala\u00e7\u00e3o na parede poupa espa\u00e7o, e o material cer\u00e2mico de alta qualidade \u00e9 combinado com um tratamento de esmalte de alta temperatura para garantir a resist\u00eancia \u00e0s manchas e uma limpeza f\u00e1cil.<\/p>\n<table style=\"border-collapse: collapse; width: 311.02pt;\" border=\"0\" width=\"311\" cellspacing=\"0\" cellpadding=\"0\">\n<tbody>\n<tr style=\"height: 17.60pt;\">\n<td class=\"et3\" style=\"height: 17.60pt; width: 108.35pt;\" width=\"108\" height=\"17\">Fabricante<\/td>\n<td class=\"et3\" style=\"width: 202.95pt;\" width=\"202\">HanYu<\/td>\n<\/tr>\n<tr style=\"height: 17.60pt;\">\n<td class=\"et3\" style=\"height: 17.60pt;\" height=\"17\">Modelo n.<\/td>\n<td class=\"et4\">HY3063<\/td>\n<\/tr>\n<tr style=\"height: 17.60pt;\">\n<td class=\"et3\" style=\"height: 17.60pt;\" height=\"17\">Tipo<\/td>\n<td class=\"et3\">Lavat\u00f3rio de parede<\/td>\n<\/tr>\n<tr style=\"height: 17.60pt;\">\n<td class=\"et3\" style=\"height: 17.60pt;\" height=\"17\">Forma<\/td>\n<td class=\"et2\">Forma oval<\/td>\n<\/tr>\n<tr style=\"height: 17.60pt;\">\n<td class=\"et4\" style=\"height: 17.60pt;\" height=\"17\">Cor<\/td>\n<td class=\"et3\">Branco<\/td>\n<\/tr>\n<tr style=\"height: 18.00pt;\">\n<td class=\"et3\" style=\"height: 18.00pt;\" height=\"18\">Dimens\u00e3o<\/td>\n<td class=\"et5\" style=\"width: 202.95pt;\" width=\"202\">56*39*13.5<\/td>\n<\/tr>\n<tr style=\"height: 17.60pt;\">\n<td class=\"et3\" style=\"height: 17.60pt;\" height=\"17\">N.W \/SET<\/td>\n<td class=\"et3\">11KGS\/PCS<\/td>\n<\/tr>\n<tr style=\"height: 17.60pt;\">\n<td class=\"et3\" style=\"height: 17.60pt;\" height=\"17\">MOQ<\/td>\n<td class=\"et3\">20 unidades<\/td>\n<\/tr>\n<tr style=\"height: 17.60pt;\">\n<td class=\"et3\" style=\"height: 17.60pt;\" height=\"17\">Op\u00e7\u00e3o personalizada<\/td>\n<td class=\"et3\">Cor\/Patente\/Tamanho\/Logotipo\/Embalagem<\/td>\n<\/tr>\n<\/tbody>\n<\/table>","protected":false},"featured_media":6081,"comment_status":"closed","ping_status":"closed","template":"","meta":{"_acf_changed":false},"product_brand":[],"product_cat":[57],"product_tag":[],"class_list":{"0":"post-6077","1":"product","2":"type-product","3":"status-publish","4":"has-post-thumbnail","6":"product_cat-wholesale-wall-mounted-sinks","8":"first","9":"instock","10":"shipping-taxable","11":"product-type-simple"},"acf":[],"_links":{"self":[{"href":"https:\/\/www.ceramicbasin.com\/pt\/wp-json\/wp\/v2\/product\/6077","targetHints":{"allow":["GET"]}}],"collection":[{"href":"https:\/\/www.ceramicbasin.com\/pt\/wp-json\/wp\/v2\/product"}],"about":[{"href":"https:\/\/www.ceramicbasin.com\/pt\/wp-json\/wp\/v2\/types\/product"}],"replies":[{"embeddable":true,"href":"https:\/\/www.ceramicbasin.com\/pt\/wp-json\/wp\/v2\/comments?post=6077"}],"wp:featuredmedia":[{"embeddable":true,"href":"https:\/\/www.ceramicbasin.com\/pt\/wp-json\/wp\/v2\/media\/6081"}],"wp:attachment":[{"href":"https:\/\/www.ceramicbasin.com\/pt\/wp-json\/wp\/v2\/media?parent=6077"}],"wp:term":[{"taxonomy":"product_brand","embeddable":true,"href":"https:\/\/www.ceramicbasin.com\/pt\/wp-json\/wp\/v2\/product_brand?post=6077"},{"taxonomy":"product_cat","embeddable":true,"href":"https:\/\/www.ceramicbasin.com\/pt\/wp-json\/wp\/v2\/product_cat?post=6077"},{"taxonomy":"product_tag","embeddable":true,"href":"https:\/\/www.ceramicbasin.com\/pt\/wp-json\/wp\/v2\/product_tag?post=6077"}],"curies":[{"name":"wp","href":"https:\/\/api.w.org\/{rel}","templated":true}]}}