{"id":6086,"date":"2025-02-07T06:37:51","date_gmt":"2025-02-07T06:37:51","guid":{"rendered":"https:\/\/www.ceramicbasin.com\/?post_type=product&#038;p=6086"},"modified":"2025-02-07T06:37:53","modified_gmt":"2025-02-07T06:37:53","slug":"small-ceramic-sinks-wholesale","status":"publish","type":"product","link":"https:\/\/www.ceramicbasin.com\/pt\/produto\/small-ceramic-sinks-wholesale\/","title":{"rendered":"Pias de cer\u00e2mica pequenas de estilo europeu por atacado com bom pre\u00e7o"},"content":{"rendered":"<div class=\"wp-block-columns is-layout-flex wp-container-core-columns-is-layout-9d6595d7 wp-block-columns-is-layout-flex\">\n<div class=\"wp-block-column is-layout-flow wp-block-column-is-layout-flow\">\n<h2 class=\"wp-block-heading\">Pias de cer\u00e2mica pequenas Premium por atacado Carater\u00edsticas:<\/h2>\n\n\n\n<ul class=\"wp-block-list\">\n<li><strong>Sentido moderno: <\/strong>Estes pequenos lavat\u00f3rios de cer\u00e2mica por atacado t\u00eam um design de forma retangular com linhas simples e resistentes, coincidindo com as tend\u00eancias est\u00e9ticas das casas modernas, e tamb\u00e9m se aplicam a v\u00e1rios estilos de decora\u00e7\u00e3o moderna de casas de banho.<\/li>\n\n\n\n<li><strong>Material cer\u00e2mico de alta qualidade: <\/strong>As nossas bacias pequenas por atacado s\u00e3o feitas de mat\u00e9rias-primas cer\u00e2micas de alta qualidade e cozidas a altas temperaturas para garantir que o produto \u00e9 dur\u00e1vel, suave, f\u00e1cil de limpar e manter, e mant\u00e9m uma beleza duradoura.<\/li>\n\n\n\n<li><strong>Instala\u00e7\u00e3o na parede: <\/strong>Os nossos pequenos lavat\u00f3rios de cer\u00e2mica por atacado s\u00e3o instalados na parede, o que permite poupar espa\u00e7o, mas tamb\u00e9m facilita a limpeza do ch\u00e3o para melhorar o asseio e a modernidade da casa de banho.<\/li>\n\n\n\n<li><strong>Pre\u00e7o favor\u00e1vel: <\/strong>A HanYu oferece um pre\u00e7o de compra a granel muito competitivo para bacias pequenas por atacado, garantindo que pode desfrutar de bacias de cer\u00e2mica de alta qualidade enquanto controla os custos.<\/li>\n<\/ul>\n<\/div>\n\n\n\n<div class=\"wp-block-column is-layout-flow wp-block-column-is-layout-flow\">\n<figure class=\"wp-block-image size-full\"><img fetchpriority=\"high\" decoding=\"async\" width=\"1000\" height=\"1000\" src=\"https:\/\/www.ceramicbasin.com\/wp-content\/uploads\/2025\/01\/European-Style-Ceramic-Vanity-Sinks-For-Bathroom-With-Competitive-Price-6.webp\" alt=\"Pias de cer\u00e2mica pequenas de estilo europeu por atacado com bom pre\u00e7o-1\" class=\"wp-image-6092\" srcset=\"https:\/\/www.ceramicbasin.com\/wp-content\/uploads\/2025\/01\/European-Style-Ceramic-Vanity-Sinks-For-Bathroom-With-Competitive-Price-6.webp 1000w, https:\/\/www.ceramicbasin.com\/wp-content\/uploads\/2025\/01\/European-Style-Ceramic-Vanity-Sinks-For-Bathroom-With-Competitive-Price-6-300x300.webp 300w, https:\/\/www.ceramicbasin.com\/wp-content\/uploads\/2025\/01\/European-Style-Ceramic-Vanity-Sinks-For-Bathroom-With-Competitive-Price-6-150x150.webp 150w, https:\/\/www.ceramicbasin.com\/wp-content\/uploads\/2025\/01\/European-Style-Ceramic-Vanity-Sinks-For-Bathroom-With-Competitive-Price-6-768x768.webp 768w, https:\/\/www.ceramicbasin.com\/wp-content\/uploads\/2025\/01\/European-Style-Ceramic-Vanity-Sinks-For-Bathroom-With-Competitive-Price-6-12x12.webp 12w, https:\/\/www.ceramicbasin.com\/wp-content\/uploads\/2025\/01\/European-Style-Ceramic-Vanity-Sinks-For-Bathroom-With-Competitive-Price-6-285x285.webp 285w, https:\/\/www.ceramicbasin.com\/wp-content\/uploads\/2025\/01\/European-Style-Ceramic-Vanity-Sinks-For-Bathroom-With-Competitive-Price-6-270x270.webp 270w, https:\/\/www.ceramicbasin.com\/wp-content\/uploads\/2025\/01\/European-Style-Ceramic-Vanity-Sinks-For-Bathroom-With-Competitive-Price-6-540x540.webp 540w, https:\/\/www.ceramicbasin.com\/wp-content\/uploads\/2025\/01\/European-Style-Ceramic-Vanity-Sinks-For-Bathroom-With-Competitive-Price-6-660x660.webp 660w\" sizes=\"(max-width: 1000px) 100vw, 1000px\" \/><\/figure>\n<\/div>\n<\/div>\n\n\n\n<p><\/p>","protected":false},"excerpt":{"rendered":"<p>Bem-vindo ao comprar pequenos lavat\u00f3rios de cer\u00e2mica por atacado. Os nossos lavat\u00f3rios pequenos por atacado destacam-se pelo design requintado e materiais cer\u00e2micos de alta qualidade, tornando-os a escolha ideal para a decora\u00e7\u00e3o da casa de banho. O tratamento de esmalte f\u00e1cil de limpar garante que a superf\u00edcie do produto seja lisa e f\u00e1cil de limpar diariamente. O design flex\u00edvel da posi\u00e7\u00e3o de instala\u00e7\u00e3o da torneira torna a instala\u00e7\u00e3o mais conveniente.<\/p>\n<table style=\"border-collapse: collapse; width: 311.02pt;\" border=\"0\" width=\"311\" cellspacing=\"0\" cellpadding=\"0\">\n<tbody>\n<tr style=\"height: 17.60pt;\">\n<td class=\"et3\" style=\"height: 17.60pt; width: 108.35pt;\" width=\"108\" height=\"17\">Fabricante<\/td>\n<td class=\"et3\" style=\"width: 202.95pt;\" width=\"202\">HanYu<\/td>\n<\/tr>\n<tr style=\"height: 17.60pt;\">\n<td class=\"et3\" style=\"height: 17.60pt;\" height=\"17\">Modelo n.<\/td>\n<td class=\"et4\">HY3083L<\/td>\n<\/tr>\n<tr style=\"height: 17.60pt;\">\n<td class=\"et3\" style=\"height: 17.60pt;\" height=\"17\">Tipo<\/td>\n<td class=\"et3\">Lavat\u00f3rio de parede<\/td>\n<\/tr>\n<tr style=\"height: 17.60pt;\">\n<td class=\"et3\" style=\"height: 17.60pt;\" height=\"17\">Forma<\/td>\n<td class=\"et2\">Forma retangular<\/td>\n<\/tr>\n<tr style=\"height: 17.60pt;\">\n<td class=\"et4\" style=\"height: 17.60pt;\" height=\"17\">Cor<\/td>\n<td class=\"et3\">Branco<\/td>\n<\/tr>\n<tr style=\"height: 18.00pt;\">\n<td class=\"et3\" style=\"height: 18.00pt;\" height=\"18\">Dimens\u00e3o<\/td>\n<td class=\"et5\" style=\"width: 202.95pt;\" width=\"202\">40*28*14.5<\/td>\n<\/tr>\n<tr style=\"height: 17.60pt;\">\n<td class=\"et3\" style=\"height: 17.60pt;\" height=\"17\">N.W \/SET<\/td>\n<td class=\"et3\">9KGS\/PCS<\/td>\n<\/tr>\n<tr style=\"height: 17.60pt;\">\n<td class=\"et3\" style=\"height: 17.60pt;\" height=\"17\">MOQ<\/td>\n<td class=\"et3\">20 unidades<\/td>\n<\/tr>\n<tr style=\"height: 17.60pt;\">\n<td class=\"et3\" style=\"height: 17.60pt;\" height=\"17\">Op\u00e7\u00e3o personalizada<\/td>\n<td class=\"et3\">Cor\/Patente\/Tamanho\/Logotipo\/Embalagem<\/td>\n<\/tr>\n<\/tbody>\n<\/table>","protected":false},"featured_media":6090,"comment_status":"closed","ping_status":"closed","template":"","meta":{"_acf_changed":false},"product_brand":[],"product_cat":[57,56],"product_tag":[],"class_list":{"0":"post-6086","1":"product","2":"type-product","3":"status-publish","4":"has-post-thumbnail","6":"product_cat-wholesale-wall-mounted-sinks","7":"product_cat-wholesale-small-bathroom-sinks","9":"first","10":"instock","11":"shipping-taxable","12":"product-type-simple"},"acf":[],"_links":{"self":[{"href":"https:\/\/www.ceramicbasin.com\/pt\/wp-json\/wp\/v2\/product\/6086","targetHints":{"allow":["GET"]}}],"collection":[{"href":"https:\/\/www.ceramicbasin.com\/pt\/wp-json\/wp\/v2\/product"}],"about":[{"href":"https:\/\/www.ceramicbasin.com\/pt\/wp-json\/wp\/v2\/types\/product"}],"replies":[{"embeddable":true,"href":"https:\/\/www.ceramicbasin.com\/pt\/wp-json\/wp\/v2\/comments?post=6086"}],"wp:featuredmedia":[{"embeddable":true,"href":"https:\/\/www.ceramicbasin.com\/pt\/wp-json\/wp\/v2\/media\/6090"}],"wp:attachment":[{"href":"https:\/\/www.ceramicbasin.com\/pt\/wp-json\/wp\/v2\/media?parent=6086"}],"wp:term":[{"taxonomy":"product_brand","embeddable":true,"href":"https:\/\/www.ceramicbasin.com\/pt\/wp-json\/wp\/v2\/product_brand?post=6086"},{"taxonomy":"product_cat","embeddable":true,"href":"https:\/\/www.ceramicbasin.com\/pt\/wp-json\/wp\/v2\/product_cat?post=6086"},{"taxonomy":"product_tag","embeddable":true,"href":"https:\/\/www.ceramicbasin.com\/pt\/wp-json\/wp\/v2\/product_tag?post=6086"}],"curies":[{"name":"wp","href":"https:\/\/api.w.org\/{rel}","templated":true}]}}