{"id":6095,"date":"2025-01-21T08:51:26","date_gmt":"2025-01-21T08:51:26","guid":{"rendered":"https:\/\/www.ceramicbasin.com\/?post_type=product&#038;p=6095"},"modified":"2025-01-21T08:51:27","modified_gmt":"2025-01-21T08:51:27","slug":"corner-sinks-wholesale","status":"publish","type":"product","link":"https:\/\/www.ceramicbasin.com\/pt\/produto\/corner-sinks-wholesale\/","title":{"rendered":"Novo design de lavat\u00f3rios de canto triangulares por atacado, lavat\u00f3rios suspensos"},"content":{"rendered":"<div class=\"wp-block-columns is-layout-flex wp-container-core-columns-is-layout-9d6595d7 wp-block-columns-is-layout-flex\">\n<div class=\"wp-block-column is-layout-flow wp-block-column-is-layout-flow\">\n<h2 class=\"wp-block-heading\">Pias de canto Premium por atacado Carater\u00edsticas:<\/h2>\n\n\n\n<ul class=\"wp-block-list\">\n<li><strong>Poupan\u00e7a de espa\u00e7o: <\/strong>Os nossos lavat\u00f3rios de canto em cer\u00e2mica por atacado t\u00eam um design triangular \u00fanico que aproveita ao m\u00e1ximo a \u00e1rea do canto da casa de banho, proporcionando uma solu\u00e7\u00e3o de disposi\u00e7\u00e3o eficiente para casas de banho pequenas, casas de banho de hotel ou espa\u00e7os compactos sem afetar a experi\u00eancia do utilizador.<\/li>\n\n\n\n<li><strong>Na moda e moderno: <\/strong>As nossas bacias suspensas por atacado s\u00e3o simples, com uma estrutura limpa e uma superf\u00edcie lisa de cer\u00e2mica, adaptam-se a v\u00e1rios estilos de decora\u00e7\u00e3o no interior da casa e s\u00e3o capazes de adicionar mais beleza \u00e0 casa de banho com a sua apar\u00eancia elegante que mostra um sentido de design moderno.<\/li>\n\n\n\n<li><strong>Alta qualidade e durabilidade: <\/strong>Os nossos lavat\u00f3rios de canto em cer\u00e2mica por atacado s\u00e3o feitos de material cer\u00e2mico de alta qualidade, e a superf\u00edcie \u00e9 resistente a riscos e a manchas. N\u00e3o acumula \u00e1gua ou manchas residuais facilmente, \u00e9 f\u00e1cil de limpar, de modo que pode permanecer t\u00e3o brilhante como novo ap\u00f3s o uso a longo prazo.<\/li>\n\n\n\n<li><strong>F\u00e1cil de instalar: <\/strong>Estes lavat\u00f3rios suspensos por atacado com design de instala\u00e7\u00e3o na parede s\u00e3o completos com acess\u00f3rios e passos de instala\u00e7\u00e3o simplificados. S\u00e3o adequados para espa\u00e7os residenciais, hoteleiros e comerciais e satisfazem v\u00e1rias necessidades de disposi\u00e7\u00e3o e decora\u00e7\u00e3o de casas de banho.<\/li>\n<\/ul>\n<\/div>\n\n\n\n<div class=\"wp-block-column is-layout-flow wp-block-column-is-layout-flow\">\n<figure class=\"wp-block-image size-full\"><img fetchpriority=\"high\" decoding=\"async\" width=\"1000\" height=\"1000\" src=\"https:\/\/www.ceramicbasin.com\/wp-content\/uploads\/2025\/01\/New-Design-Sanitary-Corner-Wall-Hung-Basin-Triangle-Shape-Basin-5.webp\" alt=\"Novo design de lavat\u00f3rios de canto triangulares por atacado, lavat\u00f3rios suspensos-1\" class=\"wp-image-6100\" srcset=\"https:\/\/www.ceramicbasin.com\/wp-content\/uploads\/2025\/01\/New-Design-Sanitary-Corner-Wall-Hung-Basin-Triangle-Shape-Basin-5.webp 1000w, https:\/\/www.ceramicbasin.com\/wp-content\/uploads\/2025\/01\/New-Design-Sanitary-Corner-Wall-Hung-Basin-Triangle-Shape-Basin-5-300x300.webp 300w, https:\/\/www.ceramicbasin.com\/wp-content\/uploads\/2025\/01\/New-Design-Sanitary-Corner-Wall-Hung-Basin-Triangle-Shape-Basin-5-150x150.webp 150w, https:\/\/www.ceramicbasin.com\/wp-content\/uploads\/2025\/01\/New-Design-Sanitary-Corner-Wall-Hung-Basin-Triangle-Shape-Basin-5-768x768.webp 768w, https:\/\/www.ceramicbasin.com\/wp-content\/uploads\/2025\/01\/New-Design-Sanitary-Corner-Wall-Hung-Basin-Triangle-Shape-Basin-5-12x12.webp 12w, https:\/\/www.ceramicbasin.com\/wp-content\/uploads\/2025\/01\/New-Design-Sanitary-Corner-Wall-Hung-Basin-Triangle-Shape-Basin-5-285x285.webp 285w, https:\/\/www.ceramicbasin.com\/wp-content\/uploads\/2025\/01\/New-Design-Sanitary-Corner-Wall-Hung-Basin-Triangle-Shape-Basin-5-270x270.webp 270w, https:\/\/www.ceramicbasin.com\/wp-content\/uploads\/2025\/01\/New-Design-Sanitary-Corner-Wall-Hung-Basin-Triangle-Shape-Basin-5-540x540.webp 540w, https:\/\/www.ceramicbasin.com\/wp-content\/uploads\/2025\/01\/New-Design-Sanitary-Corner-Wall-Hung-Basin-Triangle-Shape-Basin-5-660x660.webp 660w\" sizes=\"(max-width: 1000px) 100vw, 1000px\" \/><\/figure>\n<\/div>\n<\/div>\n\n\n\n<p><\/p>","protected":false},"excerpt":{"rendered":"<p>Bem-vindo \u00e0 compra de lavat\u00f3rios de canto em cer\u00e2mica por grosso. Os nossos lavat\u00f3rios suspensos por atacado optimizam a disposi\u00e7\u00e3o da casa de banho com uma estrutura triangular de montagem na parede que poupa espa\u00e7o. O estilo de design moderno e simples \u00e9 adequado para uma variedade de estilos decorativos e \u00e9 uma escolha ideal para espa\u00e7os compactos.<\/p>\n<table style=\"border-collapse: collapse; width: 311.02pt;\" border=\"0\" width=\"311\" cellspacing=\"0\" cellpadding=\"0\">\n<tbody>\n<tr style=\"height: 17.60pt;\">\n<td class=\"et3\" style=\"height: 17.60pt; width: 108.35pt;\" width=\"108\" height=\"17\">Fabricante<\/td>\n<td class=\"et3\" style=\"width: 202.95pt;\" width=\"202\">HanYu<\/td>\n<\/tr>\n<tr style=\"height: 17.60pt;\">\n<td class=\"et3\" style=\"height: 17.60pt;\" height=\"17\">Modelo n.<\/td>\n<td class=\"et4\">HY3098<\/td>\n<\/tr>\n<tr style=\"height: 17.60pt;\">\n<td class=\"et3\" style=\"height: 17.60pt;\" height=\"17\">Tipo<\/td>\n<td class=\"et3\">Lavat\u00f3rio de parede<\/td>\n<\/tr>\n<tr style=\"height: 17.60pt;\">\n<td class=\"et3\" style=\"height: 17.60pt;\" height=\"17\">Forma<\/td>\n<td class=\"et2\">Forma de tri\u00e2ngulo<\/td>\n<\/tr>\n<tr style=\"height: 17.60pt;\">\n<td class=\"et4\" style=\"height: 17.60pt;\" height=\"17\">Cor<\/td>\n<td class=\"et3\">Branco<\/td>\n<\/tr>\n<tr style=\"height: 18.00pt;\">\n<td class=\"et3\" style=\"height: 18.00pt;\" height=\"18\">Dimens\u00e3o<\/td>\n<td class=\"et5\" style=\"width: 202.95pt;\" width=\"202\">42.5*42.5*13<\/td>\n<\/tr>\n<tr style=\"height: 17.60pt;\">\n<td class=\"et3\" style=\"height: 17.60pt;\" height=\"17\">N.W \/SET<\/td>\n<td class=\"et3\">10KGS\/PCS<\/td>\n<\/tr>\n<tr style=\"height: 17.60pt;\">\n<td class=\"et3\" style=\"height: 17.60pt;\" height=\"17\">MOQ<\/td>\n<td class=\"et3\">20 unidades<\/td>\n<\/tr>\n<tr style=\"height: 17.60pt;\">\n<td class=\"et3\" style=\"height: 17.60pt;\" height=\"17\">Op\u00e7\u00e3o personalizada<\/td>\n<td class=\"et3\">Cor\/Patente\/Tamanho\/Logotipo\/Embalagem<\/td>\n<\/tr>\n<\/tbody>\n<\/table>","protected":false},"featured_media":6099,"comment_status":"closed","ping_status":"closed","template":"","meta":{"_acf_changed":false},"product_brand":[],"product_cat":[57],"product_tag":[],"class_list":{"0":"post-6095","1":"product","2":"type-product","3":"status-publish","4":"has-post-thumbnail","6":"product_cat-wholesale-wall-mounted-sinks","8":"first","9":"instock","10":"shipping-taxable","11":"product-type-simple"},"acf":[],"_links":{"self":[{"href":"https:\/\/www.ceramicbasin.com\/pt\/wp-json\/wp\/v2\/product\/6095","targetHints":{"allow":["GET"]}}],"collection":[{"href":"https:\/\/www.ceramicbasin.com\/pt\/wp-json\/wp\/v2\/product"}],"about":[{"href":"https:\/\/www.ceramicbasin.com\/pt\/wp-json\/wp\/v2\/types\/product"}],"replies":[{"embeddable":true,"href":"https:\/\/www.ceramicbasin.com\/pt\/wp-json\/wp\/v2\/comments?post=6095"}],"wp:featuredmedia":[{"embeddable":true,"href":"https:\/\/www.ceramicbasin.com\/pt\/wp-json\/wp\/v2\/media\/6099"}],"wp:attachment":[{"href":"https:\/\/www.ceramicbasin.com\/pt\/wp-json\/wp\/v2\/media?parent=6095"}],"wp:term":[{"taxonomy":"product_brand","embeddable":true,"href":"https:\/\/www.ceramicbasin.com\/pt\/wp-json\/wp\/v2\/product_brand?post=6095"},{"taxonomy":"product_cat","embeddable":true,"href":"https:\/\/www.ceramicbasin.com\/pt\/wp-json\/wp\/v2\/product_cat?post=6095"},{"taxonomy":"product_tag","embeddable":true,"href":"https:\/\/www.ceramicbasin.com\/pt\/wp-json\/wp\/v2\/product_tag?post=6095"}],"curies":[{"name":"wp","href":"https:\/\/api.w.org\/{rel}","templated":true}]}}