{"id":6110,"date":"2025-02-07T03:50:36","date_gmt":"2025-02-07T03:50:36","guid":{"rendered":"https:\/\/www.ceramicbasin.com\/?post_type=product&#038;p=6110"},"modified":"2025-02-07T03:50:39","modified_gmt":"2025-02-07T03:50:39","slug":"wholesale-glass-vessel-sinks","status":"publish","type":"product","link":"https:\/\/www.ceramicbasin.com\/pt\/produto\/wholesale-glass-vessel-sinks\/","title":{"rendered":"Atacado de pias de vidro para vasos com v\u00e1rias cores, bacia de vidro de forma redonda"},"content":{"rendered":"<div class=\"wp-block-columns is-layout-flex wp-container-core-columns-is-layout-9d6595d7 wp-block-columns-is-layout-flex\">\n<div class=\"wp-block-column is-layout-flow wp-block-column-is-layout-flow\">\n<h2 class=\"wp-block-heading\">Pias de vidro para vasos por atacado Premium Carater\u00edsticas:<\/h2>\n\n\n\n<ul class=\"wp-block-list\">\n<li><strong>Design de textura requintado, real\u00e7a o sentido art\u00edstico da casa de banho: <\/strong>Os nossos lavat\u00f3rios de vidro por atacado adoptam uma tecnologia de textura requintada, apresentando um efeito \u00fanico de luz e sombra, tornando o espa\u00e7o da casa de banho mais art\u00edstico, combinando perfeitamente com o estilo de decora\u00e7\u00e3o de casa de banho moderno, topo de gama ou personalizado.<\/li>\n\n\n\n<li><strong>Uma variedade de op\u00e7\u00f5es de cores, adequadas para diferentes necessidades de decora\u00e7\u00e3o:<\/strong> Estes lavat\u00f3rios de vidro est\u00e3o dispon\u00edveis numa variedade de cores, incluindo transparente, gradiente, colorido e outros estilos, para satisfazer as prefer\u00eancias est\u00e9ticas de diferentes utilizadores e combinar facilmente com v\u00e1rios designs de casas de banho.<\/li>\n\n\n\n<li><strong>Vidro temperado de alta qualidade, dur\u00e1vel e seguro: <\/strong>O material de vidro destes lava-loi\u00e7as de vidro por atacado foi rigorosamente testado para garantir a resist\u00eancia ao calor e ao frio, n\u00e3o \u00e9 f\u00e1cil de rebentar, \u00e9 seguro e dur\u00e1vel e proporciona uma prote\u00e7\u00e3o fi\u00e1vel para a casa de banho dom\u00e9stica ou comercial.<\/li>\n\n\n\n<li><strong>Forma redonda e lisa, elegante e f\u00e1cil de limpar: <\/strong>Estes lava-loi\u00e7as de vidro t\u00eam um design redondo cl\u00e1ssico por atacado, linhas suaves e naturais, n\u00e3o s\u00f3 criam uma beleza suave, mas tamb\u00e9m reduzem eficazmente a acumula\u00e7\u00e3o de \u00e1gua e sujidade, sendo f\u00e1ceis de limpar e manter diariamente.<\/li>\n<\/ul>\n<\/div>\n\n\n\n<div class=\"wp-block-column is-layout-flow wp-block-column-is-layout-flow\">\n<figure class=\"wp-block-image size-full is-resized\"><img fetchpriority=\"high\" decoding=\"async\" width=\"497\" height=\"677\" src=\"https:\/\/www.ceramicbasin.com\/wp-content\/uploads\/2025\/01\/Glass-wash-basin-supplierround-shape-basin-sinks-with-various-colors-9.webp\" alt=\"Atacado de pias de vidro para vasos com v\u00e1rias cores, bacia de vidro de forma redonda-1\" class=\"wp-image-6109\" style=\"width:341px;height:auto\" srcset=\"https:\/\/www.ceramicbasin.com\/wp-content\/uploads\/2025\/01\/Glass-wash-basin-supplierround-shape-basin-sinks-with-various-colors-9.webp 497w, https:\/\/www.ceramicbasin.com\/wp-content\/uploads\/2025\/01\/Glass-wash-basin-supplierround-shape-basin-sinks-with-various-colors-9-220x300.webp 220w, https:\/\/www.ceramicbasin.com\/wp-content\/uploads\/2025\/01\/Glass-wash-basin-supplierround-shape-basin-sinks-with-various-colors-9-9x12.webp 9w, https:\/\/www.ceramicbasin.com\/wp-content\/uploads\/2025\/01\/Glass-wash-basin-supplierround-shape-basin-sinks-with-various-colors-9-285x388.webp 285w, https:\/\/www.ceramicbasin.com\/wp-content\/uploads\/2025\/01\/Glass-wash-basin-supplierround-shape-basin-sinks-with-various-colors-9-485x660.webp 485w, https:\/\/www.ceramicbasin.com\/wp-content\/uploads\/2025\/01\/Glass-wash-basin-supplierround-shape-basin-sinks-with-various-colors-9-110x150.webp 110w\" sizes=\"(max-width: 497px) 100vw, 497px\" \/><\/figure>\n<\/div>\n<\/div>\n\n\n\n<p><\/p>","protected":false},"excerpt":{"rendered":"<p>Bem-vindo \u00e0 compra de pias para vasos de vidro por atacado. Os nossos lavat\u00f3rios de vidro por atacado s\u00e3o feitos de vidro temperado de alta qualidade, com um design de textura \u00fanico e op\u00e7\u00f5es de cores ricas, que podem atender a v\u00e1rios estilos de decora\u00e7\u00e3o de casa de banho. \u00c9 pr\u00e1tico n\u00e3o apenas em fun\u00e7\u00e3o, mas tamb\u00e9m em forma elegante, que deve ser a escolha perfeita para o espa\u00e7o avan\u00e7ado do banheiro.<\/p>\n<table style=\"border-collapse: collapse; width: 358.52pt;\" border=\"0\" width=\"478\" cellspacing=\"0\" cellpadding=\"0\">\n<tbody>\n<tr style=\"height: 17.25pt;\">\n<td class=\"et3\" style=\"height: 17.25pt; width: 125.00pt;\" width=\"166\" height=\"23\">Fabricante<\/td>\n<td class=\"et3\" style=\"width: 234.15pt;\" width=\"312\">HanYu<\/td>\n<\/tr>\n<tr style=\"height: 17.25pt;\">\n<td class=\"et3\" style=\"height: 17.25pt;\" height=\"23\">Modelo n.<\/td>\n<td class=\"et4\">HY-TY310B<\/td>\n<\/tr>\n<tr style=\"height: 17.25pt;\">\n<td class=\"et3\" style=\"height: 17.25pt;\" height=\"23\">Tipo<\/td>\n<td class=\"et5\" style=\"width: 234.15pt;\" width=\"312\">Lavat\u00f3rio de vidro<\/td>\n<\/tr>\n<tr style=\"height: 18.00pt;\">\n<td class=\"et3\" style=\"height: 18.00pt;\" height=\"24\">Forma<\/td>\n<td class=\"et3\">Forma redonda<\/td>\n<\/tr>\n<tr style=\"height: 34.50pt;\">\n<td class=\"et4\" style=\"height: 34.50pt;\" height=\"46\">Cor<\/td>\n<td class=\"et5\" style=\"width: 234.15pt;\" width=\"312\">preto\/branco\/azul\/cinzento\/rosa\/verde\/castanho\/caqui<\/td>\n<\/tr>\n<tr style=\"height: 18.00pt;\">\n<td class=\"et3\" style=\"height: 18.00pt;\" height=\"24\">Dimens\u00e3o<\/td>\n<td class=\"et5\" style=\"width: 234.15pt;\" width=\"312\">39.5*39.5*16<\/td>\n<\/tr>\n<tr style=\"height: 17.25pt;\">\n<td class=\"et3\" style=\"height: 17.25pt;\" height=\"23\">N.W \/SET<\/td>\n<td class=\"et3\">5KGS\/PCS<\/td>\n<\/tr>\n<tr style=\"height: 17.25pt;\">\n<td class=\"et3\" style=\"height: 17.25pt;\" height=\"23\">MOQ<\/td>\n<td class=\"et3\">20 unidades<\/td>\n<\/tr>\n<tr style=\"height: 17.25pt;\">\n<td class=\"et3\" style=\"height: 17.25pt;\" height=\"23\">Op\u00e7\u00e3o personalizada<\/td>\n<td class=\"et3\">Cor\/Patente\/Tamanho\/Logotipo\/Embalagem<\/td>\n<\/tr>\n<\/tbody>\n<\/table>","protected":false},"featured_media":6106,"comment_status":"closed","ping_status":"closed","template":"","meta":{"_acf_changed":false},"product_brand":[],"product_cat":[52],"product_tag":[],"class_list":{"0":"post-6110","1":"product","2":"type-product","3":"status-publish","4":"has-post-thumbnail","6":"product_cat-wholesale-glass-vessel-sinks","8":"first","9":"instock","10":"shipping-taxable","11":"product-type-simple"},"acf":[],"_links":{"self":[{"href":"https:\/\/www.ceramicbasin.com\/pt\/wp-json\/wp\/v2\/product\/6110","targetHints":{"allow":["GET"]}}],"collection":[{"href":"https:\/\/www.ceramicbasin.com\/pt\/wp-json\/wp\/v2\/product"}],"about":[{"href":"https:\/\/www.ceramicbasin.com\/pt\/wp-json\/wp\/v2\/types\/product"}],"replies":[{"embeddable":true,"href":"https:\/\/www.ceramicbasin.com\/pt\/wp-json\/wp\/v2\/comments?post=6110"}],"wp:featuredmedia":[{"embeddable":true,"href":"https:\/\/www.ceramicbasin.com\/pt\/wp-json\/wp\/v2\/media\/6106"}],"wp:attachment":[{"href":"https:\/\/www.ceramicbasin.com\/pt\/wp-json\/wp\/v2\/media?parent=6110"}],"wp:term":[{"taxonomy":"product_brand","embeddable":true,"href":"https:\/\/www.ceramicbasin.com\/pt\/wp-json\/wp\/v2\/product_brand?post=6110"},{"taxonomy":"product_cat","embeddable":true,"href":"https:\/\/www.ceramicbasin.com\/pt\/wp-json\/wp\/v2\/product_cat?post=6110"},{"taxonomy":"product_tag","embeddable":true,"href":"https:\/\/www.ceramicbasin.com\/pt\/wp-json\/wp\/v2\/product_tag?post=6110"}],"curies":[{"name":"wp","href":"https:\/\/api.w.org\/{rel}","templated":true}]}}