{"id":6111,"date":"2025-02-07T04:02:35","date_gmt":"2025-02-07T04:02:35","guid":{"rendered":"https:\/\/www.ceramicbasin.com\/?post_type=product&#038;p=6111"},"modified":"2025-02-07T04:02:37","modified_gmt":"2025-02-07T04:02:37","slug":"glass-bowl-sinks-wholesale","status":"publish","type":"product","link":"https:\/\/www.ceramicbasin.com\/pt\/produto\/glass-bowl-sinks-wholesale\/","title":{"rendered":"Lava-lou\u00e7as de vidro com corte de diamante de luxo por atacado com v\u00e1rias cores"},"content":{"rendered":"<div class=\"wp-block-columns is-layout-flex wp-container-core-columns-is-layout-9d6595d7 wp-block-columns-is-layout-flex\">\n<div class=\"wp-block-column is-layout-flow wp-block-column-is-layout-flow\">\n<h2 class=\"wp-block-heading\">Pias de vidro Premium por atacado Carater\u00edsticas:<\/h2>\n\n\n\n<ul class=\"wp-block-list\">\n<li><strong>Textura com corte de diamante, luz e sombra deslumbrantes:<\/strong> Os nossos lavat\u00f3rios de vidro por atacado adoptam um design requintado de textura de corte de diamante, que reflecte um brilho brilhante sob a ilumina\u00e7\u00e3o da luz, que \u00e9 muito impactante visualmente e acrescenta uma atmosfera nobre e elegante \u00e0 casa de banho.<\/li>\n\n\n\n<li><strong>Sele\u00e7\u00e3o de cores ricas, adequada para uma variedade de estilos decorativos:<\/strong> Fornecemos v\u00e1rias op\u00e7\u00f5es de cores da moda para os lavat\u00f3rios de vidro por atacado, para que o lavat\u00f3rio n\u00e3o seja apenas um produto pr\u00e1tico para a casa de banho, mas tamb\u00e9m um destaque para real\u00e7ar o gosto da decora\u00e7\u00e3o da casa de banho.<\/li>\n\n\n\n<li><strong>Vidro temperado de alta resist\u00eancia, dur\u00e1vel e seguro: <\/strong>Esta s\u00e9rie de lava-loi\u00e7as de vidro por atacado \u00e9 feita de vidro temperado espesso de alta qualidade. A sua excelente capacidade anti-impacto e resist\u00eancia a riscos pode garantir que n\u00e3o se parta depois de o utilizar durante algum tempo. Ao mesmo tempo, refor\u00e7ado com altas temperaturas, o material de vidro goza de boa resist\u00eancia ao calor.<\/li>\n\n\n\n<li><strong>Design suave e arredondado da ta\u00e7a, pr\u00e1tico e f\u00e1cil de limpar: <\/strong>A forma cl\u00e1ssica da ta\u00e7a destes lava-loi\u00e7as de vidro por atacado \u00e9 t\u00e3o suave na linha como visualmente mais elegante e generosa. As arestas do lava-loi\u00e7a foram cuidadosamente polidas e o toque \u00e9 suave e delicado, o que n\u00e3o s\u00f3 melhora o conforto durante a utiliza\u00e7\u00e3o, como tamb\u00e9m aumenta a seguran\u00e7a.<\/li>\n<\/ul>\n<\/div>\n\n\n\n<div class=\"wp-block-column is-layout-flow wp-block-column-is-layout-flow\">\n<figure class=\"wp-block-image size-full is-resized\"><img fetchpriority=\"high\" decoding=\"async\" width=\"484\" height=\"664\" src=\"https:\/\/www.ceramicbasin.com\/wp-content\/uploads\/2025\/01\/Wholesale-glass-wash-basincountertop-basin-with-various-colors-1.webp\" alt=\"Pias de vidro requintadas por atacado com v\u00e1rias cores-1\" class=\"wp-image-6112\" style=\"width:358px;height:auto\" srcset=\"https:\/\/www.ceramicbasin.com\/wp-content\/uploads\/2025\/01\/Wholesale-glass-wash-basincountertop-basin-with-various-colors-1.webp 484w, https:\/\/www.ceramicbasin.com\/wp-content\/uploads\/2025\/01\/Wholesale-glass-wash-basincountertop-basin-with-various-colors-1-219x300.webp 219w, https:\/\/www.ceramicbasin.com\/wp-content\/uploads\/2025\/01\/Wholesale-glass-wash-basincountertop-basin-with-various-colors-1-9x12.webp 9w, https:\/\/www.ceramicbasin.com\/wp-content\/uploads\/2025\/01\/Wholesale-glass-wash-basincountertop-basin-with-various-colors-1-285x391.webp 285w, https:\/\/www.ceramicbasin.com\/wp-content\/uploads\/2025\/01\/Wholesale-glass-wash-basincountertop-basin-with-various-colors-1-481x660.webp 481w, https:\/\/www.ceramicbasin.com\/wp-content\/uploads\/2025\/01\/Wholesale-glass-wash-basincountertop-basin-with-various-colors-1-109x150.webp 109w\" sizes=\"(max-width: 484px) 100vw, 484px\" \/><\/figure>\n<\/div>\n<\/div>\n\n\n\n<p><\/p>","protected":false},"excerpt":{"rendered":"<p>Bem-vindo \u00e0 compra de lavat\u00f3rios de casa de banho por atacado. A textura \u00fanica de corte de diamante dos nossos lavat\u00f3rios de vidro por atacado reflecte a luz deslumbrante e a sombra sob a luz, mostrando um luxo de alta qualidade. Est\u00e3o dispon\u00edveis v\u00e1rias op\u00e7\u00f5es de cores para se adequarem a diferentes estilos de decora\u00e7\u00e3o de casa de banho.<\/p>\n<table style=\"border-collapse: collapse; width: 358.52pt;\" border=\"0\" width=\"478\" cellspacing=\"0\" cellpadding=\"0\">\n<tbody>\n<tr style=\"height: 17.25pt;\">\n<td class=\"et3\" style=\"height: 17.25pt; width: 125.00pt;\" width=\"166\" height=\"23\">Fabricante<\/td>\n<td class=\"et3\" style=\"width: 234.15pt;\" width=\"312\">HanYu<\/td>\n<\/tr>\n<tr style=\"height: 17.25pt;\">\n<td class=\"et3\" style=\"height: 17.25pt;\" height=\"23\">Modelo n.<\/td>\n<td class=\"et4\">HY-TY310A<\/td>\n<\/tr>\n<tr style=\"height: 17.25pt;\">\n<td class=\"et3\" style=\"height: 17.25pt;\" height=\"23\">Tipo<\/td>\n<td class=\"et5\" style=\"width: 234.15pt;\" width=\"312\">Lavat\u00f3rio de vidro<\/td>\n<\/tr>\n<tr style=\"height: 18.00pt;\">\n<td class=\"et3\" style=\"height: 18.00pt;\" height=\"24\">Forma<\/td>\n<td class=\"et3\">Forma redonda<\/td>\n<\/tr>\n<tr style=\"height: 34.50pt;\">\n<td class=\"et4\" style=\"height: 34.50pt;\" height=\"46\">Cor<\/td>\n<td class=\"et5\" style=\"width: 234.15pt;\" width=\"312\">preto\/branco\/azul\/cinzento\/rosa\/verde\/castanho\/caqui<\/td>\n<\/tr>\n<tr style=\"height: 18.00pt;\">\n<td class=\"et3\" style=\"height: 18.00pt;\" height=\"24\">Dimens\u00e3o<\/td>\n<td class=\"et5\" style=\"width: 234.15pt;\" width=\"312\">34*34*17.5<\/td>\n<\/tr>\n<tr style=\"height: 17.25pt;\">\n<td class=\"et3\" style=\"height: 17.25pt;\" height=\"23\">N.W \/SET<\/td>\n<td class=\"et3\">4KGS\/PCS<\/td>\n<\/tr>\n<tr style=\"height: 17.25pt;\">\n<td class=\"et3\" style=\"height: 17.25pt;\" height=\"23\">MOQ<\/td>\n<td class=\"et3\">20 unidades<\/td>\n<\/tr>\n<tr style=\"height: 17.25pt;\">\n<td class=\"et3\" style=\"height: 17.25pt;\" height=\"23\">Op\u00e7\u00e3o personalizada<\/td>\n<td class=\"et3\">Cor\/Patente\/Tamanho\/Logotipo\/Embalagem<\/td>\n<\/tr>\n<\/tbody>\n<\/table>","protected":false},"featured_media":6116,"comment_status":"closed","ping_status":"closed","template":"","meta":{"_acf_changed":false},"product_brand":[],"product_cat":[52],"product_tag":[],"class_list":{"0":"post-6111","1":"product","2":"type-product","3":"status-publish","4":"has-post-thumbnail","6":"product_cat-wholesale-glass-vessel-sinks","8":"first","9":"instock","10":"shipping-taxable","11":"product-type-simple"},"acf":[],"_links":{"self":[{"href":"https:\/\/www.ceramicbasin.com\/pt\/wp-json\/wp\/v2\/product\/6111","targetHints":{"allow":["GET"]}}],"collection":[{"href":"https:\/\/www.ceramicbasin.com\/pt\/wp-json\/wp\/v2\/product"}],"about":[{"href":"https:\/\/www.ceramicbasin.com\/pt\/wp-json\/wp\/v2\/types\/product"}],"replies":[{"embeddable":true,"href":"https:\/\/www.ceramicbasin.com\/pt\/wp-json\/wp\/v2\/comments?post=6111"}],"wp:featuredmedia":[{"embeddable":true,"href":"https:\/\/www.ceramicbasin.com\/pt\/wp-json\/wp\/v2\/media\/6116"}],"wp:attachment":[{"href":"https:\/\/www.ceramicbasin.com\/pt\/wp-json\/wp\/v2\/media?parent=6111"}],"wp:term":[{"taxonomy":"product_brand","embeddable":true,"href":"https:\/\/www.ceramicbasin.com\/pt\/wp-json\/wp\/v2\/product_brand?post=6111"},{"taxonomy":"product_cat","embeddable":true,"href":"https:\/\/www.ceramicbasin.com\/pt\/wp-json\/wp\/v2\/product_cat?post=6111"},{"taxonomy":"product_tag","embeddable":true,"href":"https:\/\/www.ceramicbasin.com\/pt\/wp-json\/wp\/v2\/product_tag?post=6111"}],"curies":[{"name":"wp","href":"https:\/\/api.w.org\/{rel}","templated":true}]}}