{"id":6142,"date":"2025-01-21T08:34:04","date_gmt":"2025-01-21T08:34:04","guid":{"rendered":"https:\/\/www.ceramicbasin.com\/?post_type=product&#038;p=6142"},"modified":"2025-01-21T08:34:15","modified_gmt":"2025-01-21T08:34:15","slug":"wholesale-glass-bowl-sink","status":"publish","type":"product","link":"https:\/\/www.ceramicbasin.com\/pt\/produto\/wholesale-glass-bowl-sink\/","title":{"rendered":"Moda por atacado de lavat\u00f3rio de vidro, lavat\u00f3rios de vaso de cor personalizada"},"content":{"rendered":"<div class=\"wp-block-columns is-layout-flex wp-container-core-columns-is-layout-9d6595d7 wp-block-columns-is-layout-flex\">\n<div class=\"wp-block-column is-layout-flow wp-block-column-is-layout-flow\">\n<h2 class=\"wp-block-heading\">Lavat\u00f3rio de vidro de qualidade superior por atacado Carater\u00edsticas:<\/h2>\n\n\n\n<ul class=\"wp-block-list\">\n<li><strong>Material requintado:\u00a0<\/strong>Esta pia de vidro por atacado \u00e9 feita de material de vidro de alta classe tem alta transpar\u00eancia, brilho brilhante e d\u00e1 o efeito visual \u00fanico e sensa\u00e7\u00e3o moderna.<\/li>\n\n\n\n<li><strong>V\u00e1rias op\u00e7\u00f5es de cores:\u00a0<\/strong>Os nossos lavat\u00f3rios de ta\u00e7a de vidro por atacado oferecem uma variedade de cores que podem complementar e combinar com a maioria das decora\u00e7\u00f5es e estilos de interiores, bem como com as prefer\u00eancias de gosto pessoal, conferindo vitalidade e identidade a uma casa de banho.<\/li>\n\n\n\n<li><strong>Servi\u00e7o personalizado:\u00a0<\/strong>Apoiar os lavat\u00f3rios de vasos personalizados, satisfazer de forma flex\u00edvel as necessidades especiais dos clientes. Quer se trate de tamanho, forma ou cor, a personaliza\u00e7\u00e3o pode ser efectuada de acordo com as suas necessidades.<\/li>\n\n\n\n<li><strong>F\u00e1cil de limpar:\u00a0<\/strong>A superf\u00edcie de vidro lisa dos nossos lavat\u00f3rios de vidro personalizados \u00e9 resistente a manchas e ao bolor, e \u00e9 f\u00e1cil de limpar e manter, garantindo a higiene e a arruma\u00e7\u00e3o no uso di\u00e1rio. Bem-vindo \u00e0 compra e ao lavat\u00f3rio de vidro personalizado.<\/li>\n<\/ul>\n<\/div>\n\n\n\n<div class=\"wp-block-column is-layout-flow wp-block-column-is-layout-flow\">\n<figure class=\"wp-block-image size-full\"><img fetchpriority=\"high\" decoding=\"async\" width=\"562\" height=\"677\" src=\"https:\/\/www.ceramicbasin.com\/wp-content\/uploads\/2025\/01\/Fashion-design-glass-wash-basin-wholesale-price-with-colors-9.webp\" alt=\"Moda por atacado pia de vidro, pias de vaso de cor personalizada-1\" class=\"wp-image-6129\" srcset=\"https:\/\/www.ceramicbasin.com\/wp-content\/uploads\/2025\/01\/Fashion-design-glass-wash-basin-wholesale-price-with-colors-9.webp 562w, https:\/\/www.ceramicbasin.com\/wp-content\/uploads\/2025\/01\/Fashion-design-glass-wash-basin-wholesale-price-with-colors-9-249x300.webp 249w, https:\/\/www.ceramicbasin.com\/wp-content\/uploads\/2025\/01\/Fashion-design-glass-wash-basin-wholesale-price-with-colors-9-10x12.webp 10w, https:\/\/www.ceramicbasin.com\/wp-content\/uploads\/2025\/01\/Fashion-design-glass-wash-basin-wholesale-price-with-colors-9-285x343.webp 285w, https:\/\/www.ceramicbasin.com\/wp-content\/uploads\/2025\/01\/Fashion-design-glass-wash-basin-wholesale-price-with-colors-9-548x660.webp 548w, https:\/\/www.ceramicbasin.com\/wp-content\/uploads\/2025\/01\/Fashion-design-glass-wash-basin-wholesale-price-with-colors-9-125x150.webp 125w\" sizes=\"(max-width: 562px) 100vw, 562px\" \/><\/figure>\n<\/div>\n<\/div>\n\n\n\n<p><\/p>","protected":false},"excerpt":{"rendered":"<p>Bem-vindo \u00e0 encomenda a granel de lavat\u00f3rios personalizados. Este lavat\u00f3rio de vidro por atacado de design de moda \u00e9 feito de material de vidro de alta qualidade, com alta transpar\u00eancia e brilho brilhante, mostrando um efeito visual \u00fanico e senso moderno. A superf\u00edcie lisa do vidro \u00e9 resistente a manchas e mofo, e \u00e9 f\u00e1cil de limpar e manter, garantindo higiene e arruma\u00e7\u00e3o no uso di\u00e1rio. Bem-vindo \u00e0 compra e personaliza\u00e7\u00e3o do lava-loi\u00e7a de vidro.<\/p>\n<table style=\"border-collapse: collapse; width: 358.52pt;\" border=\"0\" width=\"478\" cellspacing=\"0\" cellpadding=\"0\">\n<tbody>\n<tr style=\"height: 17.25pt;\">\n<td class=\"et3\" style=\"height: 17.25pt; width: 125.00pt;\" width=\"166\" height=\"23\">Fabricante<\/td>\n<td class=\"et3\" style=\"width: 234.15pt;\" width=\"312\">HanYu<\/td>\n<\/tr>\n<tr style=\"height: 17.25pt;\">\n<td class=\"et3\" style=\"height: 17.25pt;\" height=\"23\">Modelo n.<\/td>\n<td class=\"et4\">HY-GL35<\/td>\n<\/tr>\n<tr style=\"height: 17.25pt;\">\n<td class=\"et3\" style=\"height: 17.25pt;\" height=\"23\">Tipo<\/td>\n<td class=\"et5\" style=\"width: 234.15pt;\" width=\"312\">Lavat\u00f3rio de vidro<\/td>\n<\/tr>\n<tr style=\"height: 18.00pt;\">\n<td class=\"et3\" style=\"height: 18.00pt;\" height=\"24\">Forma<\/td>\n<td class=\"et3\">Forma oval<\/td>\n<\/tr>\n<tr style=\"height: 34.50pt;\">\n<td class=\"et4\" style=\"height: 34.50pt;\" height=\"46\">Cor<\/td>\n<td class=\"et5\" style=\"width: 234.15pt;\" width=\"312\">preto\/branco\/azul\/cinzento\/rosa\/verde\/castanho\/caqui<\/td>\n<\/tr>\n<tr style=\"height: 18.00pt;\">\n<td class=\"et3\" style=\"height: 18.00pt;\" height=\"24\">Dimens\u00e3o<\/td>\n<td class=\"et5\" style=\"width: 234.15pt;\" width=\"312\">50*37.5*14<\/td>\n<\/tr>\n<tr style=\"height: 17.25pt;\">\n<td class=\"et3\" style=\"height: 17.25pt;\" height=\"23\">N.W \/SET<\/td>\n<td class=\"et3\">9KGS\/PCS<\/td>\n<\/tr>\n<tr style=\"height: 17.25pt;\">\n<td class=\"et3\" style=\"height: 17.25pt;\" height=\"23\">MOQ<\/td>\n<td class=\"et3\">20 unidades<\/td>\n<\/tr>\n<tr style=\"height: 17.25pt;\">\n<td class=\"et3\" style=\"height: 17.25pt;\" height=\"23\">Op\u00e7\u00e3o personalizada<\/td>\n<td class=\"et3\">Cor\/Patente\/Tamanho\/Logotipo\/Embalagem<\/td>\n<\/tr>\n<\/tbody>\n<\/table>","protected":false},"featured_media":6122,"comment_status":"closed","ping_status":"closed","template":"","meta":{"_acf_changed":false},"product_brand":[],"product_cat":[52],"product_tag":[],"class_list":{"0":"post-6142","1":"product","2":"type-product","3":"status-publish","4":"has-post-thumbnail","6":"product_cat-wholesale-glass-vessel-sinks","8":"first","9":"instock","10":"shipping-taxable","11":"product-type-simple"},"acf":[],"_links":{"self":[{"href":"https:\/\/www.ceramicbasin.com\/pt\/wp-json\/wp\/v2\/product\/6142","targetHints":{"allow":["GET"]}}],"collection":[{"href":"https:\/\/www.ceramicbasin.com\/pt\/wp-json\/wp\/v2\/product"}],"about":[{"href":"https:\/\/www.ceramicbasin.com\/pt\/wp-json\/wp\/v2\/types\/product"}],"replies":[{"embeddable":true,"href":"https:\/\/www.ceramicbasin.com\/pt\/wp-json\/wp\/v2\/comments?post=6142"}],"wp:featuredmedia":[{"embeddable":true,"href":"https:\/\/www.ceramicbasin.com\/pt\/wp-json\/wp\/v2\/media\/6122"}],"wp:attachment":[{"href":"https:\/\/www.ceramicbasin.com\/pt\/wp-json\/wp\/v2\/media?parent=6142"}],"wp:term":[{"taxonomy":"product_brand","embeddable":true,"href":"https:\/\/www.ceramicbasin.com\/pt\/wp-json\/wp\/v2\/product_brand?post=6142"},{"taxonomy":"product_cat","embeddable":true,"href":"https:\/\/www.ceramicbasin.com\/pt\/wp-json\/wp\/v2\/product_cat?post=6142"},{"taxonomy":"product_tag","embeddable":true,"href":"https:\/\/www.ceramicbasin.com\/pt\/wp-json\/wp\/v2\/product_tag?post=6142"}],"curies":[{"name":"wp","href":"https:\/\/api.w.org\/{rel}","templated":true}]}}