{"id":6149,"date":"2025-01-22T03:21:13","date_gmt":"2025-01-22T03:21:13","guid":{"rendered":"https:\/\/www.ceramicbasin.com\/?post_type=product&#038;p=6149"},"modified":"2025-02-05T09:53:53","modified_gmt":"2025-02-05T09:53:53","slug":"small-sink-wholesale","status":"publish","type":"product","link":"https:\/\/www.ceramicbasin.com\/pt\/produto\/small-sink-wholesale\/","title":{"rendered":"Pia pequena estreita moderna por atacado, pia de cer\u00e2mica pendurada na parede"},"content":{"rendered":"<div class=\"wp-block-columns is-layout-flex wp-container-core-columns-is-layout-9d6595d7 wp-block-columns-is-layout-flex\">\n<div class=\"wp-block-column is-layout-flow wp-block-column-is-layout-flow\">\n<div class=\"wp-block-columns is-layout-flex wp-container-core-columns-is-layout-9d6595d7 wp-block-columns-is-layout-flex\">\n<div class=\"wp-block-column is-layout-flow wp-block-column-is-layout-flow\" style=\"flex-basis:100%\">\n<div class=\"wp-block-columns is-layout-flex wp-container-core-columns-is-layout-9d6595d7 wp-block-columns-is-layout-flex\">\n<div class=\"wp-block-column is-layout-flow wp-block-column-is-layout-flow\">\n<h2 class=\"wp-block-heading\">Carater\u00edsticas Premium Small Sink wholesale:<\/h2>\n\n\n\n<ul class=\"wp-block-list\">\n<li><strong>Design de montagem superior: <\/strong>Estes min\u00fasculos lavat\u00f3rios suspensos de alta qualidade n\u00e3o s\u00f3 poupam espa\u00e7o, como tamb\u00e9m d\u00e3o um toque moderno \u00e0 casa de banho e adaptam-se a v\u00e1rios estilos de decora\u00e7\u00e3o.<\/li>\n\n\n\n<li><strong>Suave e delicado:<\/strong> A nossa pequena pia de cer\u00e2mica por atacado tem uma superf\u00edcie lisa e delicada que \u00e9 f\u00e1cil de limpar e pode resistir ao desgaste e \u00e0s manchas do uso di\u00e1rio, mantendo-a como nova durante muito tempo.<\/li>\n\n\n\n<li><strong>Vantagem do pre\u00e7o por grosso:\u00a0<\/strong>Como fabricante de lavat\u00f3rios de cer\u00e2mica para casa de banho, oferecemos pre\u00e7os muito competitivos para pequenos lavat\u00f3rios suspensos na parede por atacado, as compras a granel beneficiam de mais descontos, tornando os acess\u00f3rios de casa de banho de alta qualidade a sua escolha ideal sob controlo de custos.<\/li>\n\n\n\n<li><strong>Vendas a quente:<\/strong> Este pequeno lava-loi\u00e7a por atacado \u00e9 bem recebido pelo mercado devido \u00e0 sua durabilidade, cor uniforme, f\u00e1cil limpeza e manuten\u00e7\u00e3o, e desempenho de alto custo.<\/li>\n<\/ul>\n<\/div>\n\n\n\n<div class=\"wp-block-column is-layout-flow wp-block-column-is-layout-flow\">\n<figure class=\"wp-block-image size-full\"><img fetchpriority=\"high\" decoding=\"async\" width=\"800\" height=\"800\" src=\"https:\/\/www.ceramicbasin.com\/wp-content\/uploads\/2025\/01\/wall-mount-sinkwall-hung-bathroom-vanitybathroom-sinks6.webp\" alt=\"Pia pequena estreita moderna por atacado, pia de cer\u00e2mica pendurada na parede-1\" class=\"wp-image-6155\" srcset=\"https:\/\/www.ceramicbasin.com\/wp-content\/uploads\/2025\/01\/wall-mount-sinkwall-hung-bathroom-vanitybathroom-sinks6.webp 800w, https:\/\/www.ceramicbasin.com\/wp-content\/uploads\/2025\/01\/wall-mount-sinkwall-hung-bathroom-vanitybathroom-sinks6-300x300.webp 300w, https:\/\/www.ceramicbasin.com\/wp-content\/uploads\/2025\/01\/wall-mount-sinkwall-hung-bathroom-vanitybathroom-sinks6-150x150.webp 150w, https:\/\/www.ceramicbasin.com\/wp-content\/uploads\/2025\/01\/wall-mount-sinkwall-hung-bathroom-vanitybathroom-sinks6-768x768.webp 768w, https:\/\/www.ceramicbasin.com\/wp-content\/uploads\/2025\/01\/wall-mount-sinkwall-hung-bathroom-vanitybathroom-sinks6-12x12.webp 12w, https:\/\/www.ceramicbasin.com\/wp-content\/uploads\/2025\/01\/wall-mount-sinkwall-hung-bathroom-vanitybathroom-sinks6-285x285.webp 285w, https:\/\/www.ceramicbasin.com\/wp-content\/uploads\/2025\/01\/wall-mount-sinkwall-hung-bathroom-vanitybathroom-sinks6-270x270.webp 270w, https:\/\/www.ceramicbasin.com\/wp-content\/uploads\/2025\/01\/wall-mount-sinkwall-hung-bathroom-vanitybathroom-sinks6-540x540.webp 540w, https:\/\/www.ceramicbasin.com\/wp-content\/uploads\/2025\/01\/wall-mount-sinkwall-hung-bathroom-vanitybathroom-sinks6-660x660.webp 660w\" sizes=\"(max-width: 800px) 100vw, 800px\" \/><\/figure>\n<\/div>\n<\/div>\n<\/div>\n<\/div>\n<\/div>\n<\/div>\n\n\n\n<p><\/p>","protected":false},"excerpt":{"rendered":"<p>Bem-vindo \u00e0 compra de lavat\u00f3rios de cer\u00e2mica para pendurar na parede por atacado. O nosso pequeno lava-loi\u00e7a por atacado tem uma superf\u00edcie lisa e delicada que \u00e9 f\u00e1cil de limpar e pode resistir ao desgaste e \u00e0s manchas do uso di\u00e1rio, mantendo-os como novos durante muito tempo.<\/p>\n<table style=\"border-collapse: collapse; width: 311.02pt;\" border=\"0\" width=\"311\" cellspacing=\"0\" cellpadding=\"0\">\n<tbody>\n<tr style=\"height: 17.60pt;\">\n<td class=\"et3\" style=\"height: 17.60pt; width: 108.35pt;\" width=\"108\" height=\"17\">Fabricante<\/td>\n<td class=\"et3\" style=\"width: 202.95pt;\" width=\"202\">HanYu<\/td>\n<\/tr>\n<tr style=\"height: 17.60pt;\">\n<td class=\"et3\" style=\"height: 17.60pt;\" height=\"17\">Modelo n.<\/td>\n<td class=\"et4\">HY3118L<\/td>\n<\/tr>\n<tr style=\"height: 17.60pt;\">\n<td class=\"et3\" style=\"height: 17.60pt;\" height=\"17\">Tipo<\/td>\n<td class=\"et3\">Lavat\u00f3rio de parede\/Pia de casa de banho pequena<\/td>\n<\/tr>\n<tr style=\"height: 17.60pt;\">\n<td class=\"et3\" style=\"height: 17.60pt;\" height=\"17\">Forma<\/td>\n<td class=\"et3\">Forma retangular<\/td>\n<\/tr>\n<tr style=\"height: 17.60pt;\">\n<td class=\"et4\" style=\"height: 17.60pt;\" height=\"17\">Cor<\/td>\n<td class=\"et3\">Branco<\/td>\n<\/tr>\n<tr style=\"height: 18.00pt;\">\n<td class=\"et3\" style=\"height: 18.00pt;\" height=\"18\">Dimens\u00e3o<\/td>\n<td class=\"et6\" style=\"width: 202.95pt;\" width=\"202\">40*22*12.5<\/td>\n<\/tr>\n<tr style=\"height: 17.60pt;\">\n<td class=\"et3\" style=\"height: 17.60pt;\" height=\"17\">N.W \/SET<\/td>\n<td class=\"et3\">10KGS\/PCS<\/td>\n<\/tr>\n<tr style=\"height: 17.60pt;\">\n<td class=\"et3\" style=\"height: 17.60pt;\" height=\"17\">MOQ<\/td>\n<td class=\"et3\">20 unidades<\/td>\n<\/tr>\n<tr style=\"height: 17.60pt;\">\n<td class=\"et3\" style=\"height: 17.60pt;\" height=\"17\">Op\u00e7\u00e3o personalizada<\/td>\n<td class=\"et3\">Cor\/Patente\/Tamanho\/Logotipo\/Embalagem<\/td>\n<\/tr>\n<\/tbody>\n<\/table>","protected":false},"featured_media":6153,"comment_status":"closed","ping_status":"closed","template":"","meta":{"_acf_changed":false},"product_brand":[],"product_cat":[56,57],"product_tag":[],"class_list":{"0":"post-6149","1":"product","2":"type-product","3":"status-publish","4":"has-post-thumbnail","6":"product_cat-wholesale-small-bathroom-sinks","7":"product_cat-wholesale-wall-mounted-sinks","9":"first","10":"instock","11":"shipping-taxable","12":"product-type-simple"},"acf":[],"_links":{"self":[{"href":"https:\/\/www.ceramicbasin.com\/pt\/wp-json\/wp\/v2\/product\/6149","targetHints":{"allow":["GET"]}}],"collection":[{"href":"https:\/\/www.ceramicbasin.com\/pt\/wp-json\/wp\/v2\/product"}],"about":[{"href":"https:\/\/www.ceramicbasin.com\/pt\/wp-json\/wp\/v2\/types\/product"}],"replies":[{"embeddable":true,"href":"https:\/\/www.ceramicbasin.com\/pt\/wp-json\/wp\/v2\/comments?post=6149"}],"wp:featuredmedia":[{"embeddable":true,"href":"https:\/\/www.ceramicbasin.com\/pt\/wp-json\/wp\/v2\/media\/6153"}],"wp:attachment":[{"href":"https:\/\/www.ceramicbasin.com\/pt\/wp-json\/wp\/v2\/media?parent=6149"}],"wp:term":[{"taxonomy":"product_brand","embeddable":true,"href":"https:\/\/www.ceramicbasin.com\/pt\/wp-json\/wp\/v2\/product_brand?post=6149"},{"taxonomy":"product_cat","embeddable":true,"href":"https:\/\/www.ceramicbasin.com\/pt\/wp-json\/wp\/v2\/product_cat?post=6149"},{"taxonomy":"product_tag","embeddable":true,"href":"https:\/\/www.ceramicbasin.com\/pt\/wp-json\/wp\/v2\/product_tag?post=6149"}],"curies":[{"name":"wp","href":"https:\/\/api.w.org\/{rel}","templated":true}]}}