{"id":6157,"date":"2025-01-22T05:31:54","date_gmt":"2025-01-22T05:31:54","guid":{"rendered":"https:\/\/www.ceramicbasin.com\/?post_type=product&#038;p=6157"},"modified":"2025-02-05T09:50:50","modified_gmt":"2025-02-05T09:50:50","slug":"custom-small-vanity-sink","status":"publish","type":"product","link":"https:\/\/www.ceramicbasin.com\/pt\/produto\/custom-small-vanity-sink\/","title":{"rendered":"Lavat\u00f3rio de toucador pequeno personalizado, lavat\u00f3rio de parede para casa de banho por atacado"},"content":{"rendered":"<div class=\"wp-block-columns is-layout-flex wp-container-core-columns-is-layout-9d6595d7 wp-block-columns-is-layout-flex\">\n<div class=\"wp-block-column is-layout-flow wp-block-column-is-layout-flow\">\n<h2 class=\"wp-block-heading\">Carater\u00edsticas do lavat\u00f3rio de toucador pequeno personalizado Premium<\/h2>\n\n\n\n<ul class=\"wp-block-list\">\n<li><strong>Design economizador de espa\u00e7o:<\/strong> As dimens\u00f5es compactas e o design de montagem na parede tornam o lavat\u00f3rio de parede para casa de banho por atacado ideal para casas de banho pequenas ou lavabos em \u00e1reas onde \u00e9 dif\u00edcil encontrar muito espa\u00e7o livre.<\/li>\n\n\n\n<li><strong>Material cer\u00e2mico de alta qualidade: <\/strong>O nosso pequeno lavat\u00f3rio personalizado \u00e9 feito de cer\u00e2mica queimada a alta temperatura. O resultado \u00e9 uma superf\u00edcie lisa e f\u00e1cil de limpar, resistente a manchas e duradoura para se manter bonita mesmo ap\u00f3s uma utiliza\u00e7\u00e3o prolongada.<\/li>\n\n\n\n<li><strong>Est\u00e9tica moderna e simples: <\/strong>O design aerodin\u00e2mico e a apar\u00eancia elegante deste lavat\u00f3rio suspenso na parede da casa de banho podem ser facilmente integrados numa variedade de estilos de casa de banho para melhorar o estilo geral do espa\u00e7o.<\/li>\n\n\n\n<li><strong>Servi\u00e7os de venda por grosso e de personaliza\u00e7\u00e3o:<\/strong> Fornecemos op\u00e7\u00f5es de fornecimento a granel e de personaliza\u00e7\u00e3o para pequenos lavat\u00f3rios personalizados, apoiando a impress\u00e3o do log\u00f3tipo da marca, o dimensionamento e a sele\u00e7\u00e3o de cores para satisfazer projectos comerciais e necessidades de retalho.<\/li>\n<\/ul>\n<\/div>\n\n\n\n<div class=\"wp-block-column is-layout-flow wp-block-column-is-layout-flow\">\n<figure class=\"wp-block-image size-full\"><img fetchpriority=\"high\" decoding=\"async\" width=\"800\" height=\"800\" src=\"https:\/\/www.ceramicbasin.com\/wp-content\/uploads\/2025\/01\/small-bathroom-sinkswall-mount-bathroom-sinkmounted-bathroom-sink6.webp\" alt=\"Lavat\u00f3rio de toucador pequeno personalizado, lavat\u00f3rio de casa de banho suspenso na parede Wholesale-1\" class=\"wp-image-6163\" srcset=\"https:\/\/www.ceramicbasin.com\/wp-content\/uploads\/2025\/01\/small-bathroom-sinkswall-mount-bathroom-sinkmounted-bathroom-sink6.webp 800w, https:\/\/www.ceramicbasin.com\/wp-content\/uploads\/2025\/01\/small-bathroom-sinkswall-mount-bathroom-sinkmounted-bathroom-sink6-300x300.webp 300w, https:\/\/www.ceramicbasin.com\/wp-content\/uploads\/2025\/01\/small-bathroom-sinkswall-mount-bathroom-sinkmounted-bathroom-sink6-150x150.webp 150w, https:\/\/www.ceramicbasin.com\/wp-content\/uploads\/2025\/01\/small-bathroom-sinkswall-mount-bathroom-sinkmounted-bathroom-sink6-768x768.webp 768w, https:\/\/www.ceramicbasin.com\/wp-content\/uploads\/2025\/01\/small-bathroom-sinkswall-mount-bathroom-sinkmounted-bathroom-sink6-12x12.webp 12w, https:\/\/www.ceramicbasin.com\/wp-content\/uploads\/2025\/01\/small-bathroom-sinkswall-mount-bathroom-sinkmounted-bathroom-sink6-285x285.webp 285w, https:\/\/www.ceramicbasin.com\/wp-content\/uploads\/2025\/01\/small-bathroom-sinkswall-mount-bathroom-sinkmounted-bathroom-sink6-270x270.webp 270w, https:\/\/www.ceramicbasin.com\/wp-content\/uploads\/2025\/01\/small-bathroom-sinkswall-mount-bathroom-sinkmounted-bathroom-sink6-540x540.webp 540w, https:\/\/www.ceramicbasin.com\/wp-content\/uploads\/2025\/01\/small-bathroom-sinkswall-mount-bathroom-sinkmounted-bathroom-sink6-660x660.webp 660w\" sizes=\"(max-width: 800px) 100vw, 800px\" \/><\/figure>\n<\/div>\n<\/div>\n\n\n\n<p><\/p>","protected":false},"excerpt":{"rendered":"<p>Bem-vindo ao pedido de lavat\u00f3rio de vaidade pequeno personalizado. A nossa bacia suspensa de casa de banho por atacado foi concebida com economia de espa\u00e7o como n\u00facleo, feita de cer\u00e2mica de alta qualidade, e tem uma est\u00e9tica moderna e simples. Seu m\u00e9todo de instala\u00e7\u00e3o na parede n\u00e3o \u00e9 apenas adequado para banheiros pequenos, mas tamb\u00e9m pode atender \u00e0s necessidades comerciais e personalizadas por meio de servi\u00e7os de atacado e personaliza\u00e7\u00e3o.<\/p>\n<table style=\"border-collapse: collapse; width: 358.52pt;\" border=\"0\" width=\"478\" cellspacing=\"0\" cellpadding=\"0\">\n<tbody>\n<tr style=\"height: 17.25pt;\">\n<td class=\"et3\" style=\"height: 17.25pt; width: 125.00pt;\" width=\"166\" height=\"23\">Fabricante<\/td>\n<td class=\"et3\" style=\"width: 234.15pt;\" width=\"312\">HanYu<\/td>\n<\/tr>\n<tr style=\"height: 17.25pt;\">\n<td class=\"et3\" style=\"height: 17.25pt;\" height=\"23\">Modelo n.<\/td>\n<td class=\"et4\">HY-3128R<\/td>\n<\/tr>\n<tr style=\"height: 17.25pt;\">\n<td class=\"et3\" style=\"height: 17.25pt;\" height=\"23\">Tipo<\/td>\n<td class=\"et5\" style=\"width: 234.15pt;\" width=\"312\">Pias de parede\uff0cPias de casa de banho pequenas<\/td>\n<\/tr>\n<tr style=\"height: 18.00pt;\">\n<td class=\"et3\" style=\"height: 18.00pt;\" height=\"24\">Forma<\/td>\n<td class=\"et3\">Forma quadrada<\/td>\n<\/tr>\n<tr style=\"height: 34.50pt;\">\n<td class=\"et4\" style=\"height: 34.50pt;\" height=\"46\">Cor<\/td>\n<td class=\"et5\" style=\"width: 234.15pt;\" width=\"312\">preto\/branco\/azul\/cinzento\/rosa\/verde\/castanho\/caqui<\/td>\n<\/tr>\n<tr style=\"height: 18.00pt;\">\n<td class=\"et3\" style=\"height: 18.00pt;\" height=\"24\">Dimens\u00e3o<\/td>\n<td class=\"et5\" style=\"width: 234.15pt;\" width=\"312\">40*22*12<\/td>\n<\/tr>\n<tr style=\"height: 17.25pt;\">\n<td class=\"et3\" style=\"height: 17.25pt;\" height=\"23\">N.W \/SET<\/td>\n<td class=\"et3\">8KGS\/PCS<\/td>\n<\/tr>\n<tr style=\"height: 17.25pt;\">\n<td class=\"et3\" style=\"height: 17.25pt;\" height=\"23\">MOQ<\/td>\n<td class=\"et3\">20 unidades<\/td>\n<\/tr>\n<tr style=\"height: 17.25pt;\">\n<td class=\"et3\" style=\"height: 17.25pt;\" height=\"23\">Op\u00e7\u00e3o personalizada<\/td>\n<td class=\"et3\">Cor\/Patente\/Tamanho\/Logotipo\/Embalagem<\/td>\n<\/tr>\n<\/tbody>\n<\/table>","protected":false},"featured_media":6161,"comment_status":"closed","ping_status":"closed","template":"","meta":{"_acf_changed":false},"product_brand":[],"product_cat":[57,56],"product_tag":[],"class_list":{"0":"post-6157","1":"product","2":"type-product","3":"status-publish","4":"has-post-thumbnail","6":"product_cat-wholesale-wall-mounted-sinks","7":"product_cat-wholesale-small-bathroom-sinks","9":"first","10":"instock","11":"shipping-taxable","12":"product-type-simple"},"acf":[],"_links":{"self":[{"href":"https:\/\/www.ceramicbasin.com\/pt\/wp-json\/wp\/v2\/product\/6157","targetHints":{"allow":["GET"]}}],"collection":[{"href":"https:\/\/www.ceramicbasin.com\/pt\/wp-json\/wp\/v2\/product"}],"about":[{"href":"https:\/\/www.ceramicbasin.com\/pt\/wp-json\/wp\/v2\/types\/product"}],"replies":[{"embeddable":true,"href":"https:\/\/www.ceramicbasin.com\/pt\/wp-json\/wp\/v2\/comments?post=6157"}],"wp:featuredmedia":[{"embeddable":true,"href":"https:\/\/www.ceramicbasin.com\/pt\/wp-json\/wp\/v2\/media\/6161"}],"wp:attachment":[{"href":"https:\/\/www.ceramicbasin.com\/pt\/wp-json\/wp\/v2\/media?parent=6157"}],"wp:term":[{"taxonomy":"product_brand","embeddable":true,"href":"https:\/\/www.ceramicbasin.com\/pt\/wp-json\/wp\/v2\/product_brand?post=6157"},{"taxonomy":"product_cat","embeddable":true,"href":"https:\/\/www.ceramicbasin.com\/pt\/wp-json\/wp\/v2\/product_cat?post=6157"},{"taxonomy":"product_tag","embeddable":true,"href":"https:\/\/www.ceramicbasin.com\/pt\/wp-json\/wp\/v2\/product_tag?post=6157"}],"curies":[{"name":"wp","href":"https:\/\/api.w.org\/{rel}","templated":true}]}}