{"id":6164,"date":"2025-01-22T05:36:18","date_gmt":"2025-01-22T05:36:18","guid":{"rendered":"https:\/\/www.ceramicbasin.com\/?post_type=product&#038;p=6164"},"modified":"2025-04-07T09:13:07","modified_gmt":"2025-04-07T09:13:07","slug":"wholesale-small-bathroom-sink","status":"publish","type":"product","link":"https:\/\/www.ceramicbasin.com\/pt\/produto\/wholesale-small-bathroom-sink\/","title":{"rendered":"Lavat\u00f3rio de casa de banho pequeno por atacado irregular, bacias de cer\u00e2mica para montagem na parede"},"content":{"rendered":"<div class=\"wp-block-columns is-layout-flex wp-container-core-columns-is-layout-9d6595d7 wp-block-columns-is-layout-flex\">\n<div class=\"wp-block-column is-layout-flow wp-block-column-is-layout-flow\">\n<h2 class=\"wp-block-heading\">Carater\u00edsticas do lavat\u00f3rio de casa de banho pequeno por atacado Premium:<\/h2>\n\n\n\n<ul class=\"wp-block-list\">\n<li><strong>Venda direta da f\u00e1brica:<\/strong>\u00a0Os lavat\u00f3rios de casa de banho pequenos por atacado da HanYu s\u00e3o vendidos diretamente pela f\u00e1brica, eliminando a diferen\u00e7a de pre\u00e7o dos intermedi\u00e1rios, e a compra a granel de lavat\u00f3rios de casa de banho garante que compra lavat\u00f3rios de casa de banho de alta qualidade a granel ao menor custo.<\/li>\n\n\n\n<li><strong>Instala\u00e7\u00e3o na parede:<\/strong>\u00a0O design destes lavat\u00f3rios de cer\u00e2mica para montagem na parede economiza espa\u00e7o e \u00e9 f\u00e1cil de limpar. Este mini lavat\u00f3rio de casa de banho por atacado \u00e9 particularmente adequado para casas de banho modernas e compactas, melhorando a limpeza e a modernidade de todo o espa\u00e7o.<\/li>\n\n\n\n<li><strong>Tratamento de esmalte f\u00e1cil de limpar:\u00a0<\/strong>A superf\u00edcie deste pequeno lavat\u00f3rio de casa de banho por atacado adopta uma tecnologia especial de esmalte f\u00e1cil de limpar, que \u00e9 suave e delicada, as manchas n\u00e3o s\u00e3o f\u00e1ceis de aderir e s\u00e3o f\u00e1ceis de limpar.<\/li>\n\n\n\n<li><strong>Grande capacidade de produ\u00e7\u00e3o: <\/strong>O nosso grande armaz\u00e9m cont\u00e9m v\u00e1rias bacias de cer\u00e2mica para montagem na parede por atacado. Escolha os itens que est\u00e3o em produ\u00e7\u00e3o, temos bacias brancas suficientes para fazer bacias de cor de m\u00e1rmore, o tempo de envio seria muito mais curto.<\/li>\n<\/ul>\n<\/div>\n\n\n\n<div class=\"wp-block-column is-layout-flow wp-block-column-is-layout-flow\">\n<figure class=\"wp-block-image size-full\"><img fetchpriority=\"high\" decoding=\"async\" width=\"800\" height=\"800\" src=\"https:\/\/www.ceramicbasin.com\/wp-content\/uploads\/2025\/01\/wall-mounted-vanity-basinsquare-wall-mounted-basinsink-bathroom6.webp\" alt=\"Lavat\u00f3rio de casa de banho pequeno por atacado irregular, bacias de cer\u00e2mica para montagem na parede-1\" class=\"wp-image-6170\" srcset=\"https:\/\/www.ceramicbasin.com\/wp-content\/uploads\/2025\/01\/wall-mounted-vanity-basinsquare-wall-mounted-basinsink-bathroom6.webp 800w, https:\/\/www.ceramicbasin.com\/wp-content\/uploads\/2025\/01\/wall-mounted-vanity-basinsquare-wall-mounted-basinsink-bathroom6-300x300.webp 300w, https:\/\/www.ceramicbasin.com\/wp-content\/uploads\/2025\/01\/wall-mounted-vanity-basinsquare-wall-mounted-basinsink-bathroom6-150x150.webp 150w, https:\/\/www.ceramicbasin.com\/wp-content\/uploads\/2025\/01\/wall-mounted-vanity-basinsquare-wall-mounted-basinsink-bathroom6-768x768.webp 768w, https:\/\/www.ceramicbasin.com\/wp-content\/uploads\/2025\/01\/wall-mounted-vanity-basinsquare-wall-mounted-basinsink-bathroom6-12x12.webp 12w, https:\/\/www.ceramicbasin.com\/wp-content\/uploads\/2025\/01\/wall-mounted-vanity-basinsquare-wall-mounted-basinsink-bathroom6-285x285.webp 285w, https:\/\/www.ceramicbasin.com\/wp-content\/uploads\/2025\/01\/wall-mounted-vanity-basinsquare-wall-mounted-basinsink-bathroom6-270x270.webp 270w, https:\/\/www.ceramicbasin.com\/wp-content\/uploads\/2025\/01\/wall-mounted-vanity-basinsquare-wall-mounted-basinsink-bathroom6-540x540.webp 540w, https:\/\/www.ceramicbasin.com\/wp-content\/uploads\/2025\/01\/wall-mounted-vanity-basinsquare-wall-mounted-basinsink-bathroom6-660x660.webp 660w\" sizes=\"(max-width: 800px) 100vw, 800px\" \/><\/figure>\n<\/div>\n<\/div>\n\n\n\n<p><\/p>","protected":false},"excerpt":{"rendered":"<p>Bem-vindo \u00e0 compra de lavat\u00f3rio de casa de banho pequeno por atacado. Os nossos pequenos lavat\u00f3rios de cer\u00e2mica para montagem na parede foram concebidos para poupar espa\u00e7o. Estes pequenos lavat\u00f3rios de casa de banho por atacado s\u00e3o dur\u00e1veis e f\u00e1ceis de limpar, com uma superf\u00edcie lisa e delicada. O design compacto n\u00e3o \u00e9 apenas adequado para pequenas casas de banho, mas tamb\u00e9m acrescenta um toque moderno a qualquer espa\u00e7o. Quer seja para uso dom\u00e9stico ou para projectos comerciais, estes lavat\u00f3rios suspensos na parede s\u00e3o a escolha ideal.<\/p>\n<table style=\"border-collapse: collapse; width: 311.02pt;\" border=\"0\" width=\"311\" cellspacing=\"0\" cellpadding=\"0\">\n<tbody>\n<tr style=\"height: 17.60pt;\">\n<td class=\"et3\" style=\"height: 17.60pt; width: 108.35pt;\" width=\"108\" height=\"17\">Fabricante<\/td>\n<td class=\"et3\" style=\"width: 202.95pt;\" width=\"202\">HanYu<\/td>\n<\/tr>\n<tr style=\"height: 17.60pt;\">\n<td class=\"et3\" style=\"height: 17.60pt;\" height=\"17\">Modelo n.<\/td>\n<td class=\"et4\">HY-3129R<\/td>\n<\/tr>\n<tr style=\"height: 17.60pt;\">\n<td class=\"et3\" style=\"height: 17.60pt;\" height=\"17\">Tipo<\/td>\n<td class=\"et3\">Pequenos lavat\u00f3rios de casa de banho\/lavat\u00f3rios de parede<\/td>\n<\/tr>\n<tr style=\"height: 17.60pt;\">\n<td class=\"et3\" style=\"height: 17.60pt;\" height=\"17\">Forma<\/td>\n<td class=\"et3\">Irregular<\/td>\n<\/tr>\n<tr style=\"height: 17.60pt;\">\n<td class=\"et4\" style=\"height: 17.60pt;\" height=\"17\">Cor<\/td>\n<td class=\"et3\">Branco<\/td>\n<\/tr>\n<tr style=\"height: 18.00pt;\">\n<td class=\"et3\" style=\"height: 18.00pt;\" height=\"18\">Dimens\u00e3o<\/td>\n<td class=\"et6\" style=\"width: 202.95pt;\" width=\"202\">50*30*25<\/td>\n<\/tr>\n<tr style=\"height: 17.60pt;\">\n<td class=\"et3\" style=\"height: 17.60pt;\" height=\"17\">N.W \/SET<\/td>\n<td class=\"et3\">12KGS\/PCS<\/td>\n<\/tr>\n<tr style=\"height: 17.60pt;\">\n<td class=\"et3\" style=\"height: 17.60pt;\" height=\"17\">MOQ<\/td>\n<td class=\"et3\">20 unidades<\/td>\n<\/tr>\n<tr style=\"height: 17.60pt;\">\n<td class=\"et3\" style=\"height: 17.60pt;\" height=\"17\">Op\u00e7\u00e3o personalizada<\/td>\n<td class=\"et3\">Cor\/Patente\/Tamanho\/Logotipo\/Embalagem<\/td>\n<\/tr>\n<\/tbody>\n<\/table>\n<p>&nbsp;<\/p>","protected":false},"featured_media":6165,"comment_status":"closed","ping_status":"closed","template":"","meta":{"_acf_changed":false},"product_brand":[],"product_cat":[57],"product_tag":[],"class_list":{"0":"post-6164","1":"product","2":"type-product","3":"status-publish","4":"has-post-thumbnail","6":"product_cat-wholesale-wall-mounted-sinks","8":"first","9":"instock","10":"shipping-taxable","11":"product-type-simple"},"acf":[],"_links":{"self":[{"href":"https:\/\/www.ceramicbasin.com\/pt\/wp-json\/wp\/v2\/product\/6164","targetHints":{"allow":["GET"]}}],"collection":[{"href":"https:\/\/www.ceramicbasin.com\/pt\/wp-json\/wp\/v2\/product"}],"about":[{"href":"https:\/\/www.ceramicbasin.com\/pt\/wp-json\/wp\/v2\/types\/product"}],"replies":[{"embeddable":true,"href":"https:\/\/www.ceramicbasin.com\/pt\/wp-json\/wp\/v2\/comments?post=6164"}],"wp:featuredmedia":[{"embeddable":true,"href":"https:\/\/www.ceramicbasin.com\/pt\/wp-json\/wp\/v2\/media\/6165"}],"wp:attachment":[{"href":"https:\/\/www.ceramicbasin.com\/pt\/wp-json\/wp\/v2\/media?parent=6164"}],"wp:term":[{"taxonomy":"product_brand","embeddable":true,"href":"https:\/\/www.ceramicbasin.com\/pt\/wp-json\/wp\/v2\/product_brand?post=6164"},{"taxonomy":"product_cat","embeddable":true,"href":"https:\/\/www.ceramicbasin.com\/pt\/wp-json\/wp\/v2\/product_cat?post=6164"},{"taxonomy":"product_tag","embeddable":true,"href":"https:\/\/www.ceramicbasin.com\/pt\/wp-json\/wp\/v2\/product_tag?post=6164"}],"curies":[{"name":"wp","href":"https:\/\/api.w.org\/{rel}","templated":true}]}}