{"id":6171,"date":"2025-01-22T05:46:41","date_gmt":"2025-01-22T05:46:41","guid":{"rendered":"https:\/\/www.ceramicbasin.com\/?post_type=product&#038;p=6171"},"modified":"2025-02-07T07:20:34","modified_gmt":"2025-02-07T07:20:34","slug":"above-counter-vessel-sinks-wholesale","status":"publish","type":"product","link":"https:\/\/www.ceramicbasin.com\/pt\/produto\/above-counter-vessel-sinks-wholesale\/","title":{"rendered":"Pias de vaso de cer\u00e2mica castanha mate acima do balc\u00e3o por atacado para casa de banho"},"content":{"rendered":"<div class=\"wp-block-columns is-layout-flex wp-container-core-columns-is-layout-9d6595d7 wp-block-columns-is-layout-flex\">\n<div class=\"wp-block-column is-layout-flow wp-block-column-is-layout-flow\">\n<h2 class=\"wp-block-heading\">Pias de vaso Premium acima do balc\u00e3o Carater\u00edsticas por atacado:<\/h2>\n\n\n\n<ul class=\"wp-block-list\">\n<li><strong>Textura castanha mate, luxo discreto: <\/strong>Os nossos lava-loi\u00e7as de balc\u00e3o por atacado adoptam um esmalte castanho mate \u00fanico com uma textura delicada e n\u00e3o reflectora, apresentando um efeito visual discreto e luxuoso, que se adequa perfeitamente ao design moderno, industrial ou retro da casa de banho.<\/li>\n\n\n\n<li><strong>Design de instala\u00e7\u00e3o acima do balc\u00e3o, simples e elegante:<\/strong> Os nossos lavat\u00f3rios de casa de banho de cer\u00e2mica por atacado s\u00e3o feitos de materiais cer\u00e2micos de alta qualidade que s\u00e3o de queima a alta temperatura e t\u00eam uma excelente resist\u00eancia a manchas e arranh\u00f5es. As manchas e n\u00f3doas de \u00e1gua quase n\u00e3o aparecem. A limpeza di\u00e1ria \u00e9 f\u00e1cil e simples. Ap\u00f3s um longo per\u00edodo de utiliza\u00e7\u00e3o, pode permanecer brilhante e limpo.<\/li>\n\n\n\n<li><strong>Material cer\u00e2mico de alta qualidade, resistente a manchas e riscos: <\/strong>Estes lava-loi\u00e7as de balc\u00e3o por atacado s\u00e3o feitos de cer\u00e2mica de alta qualidade, manchados e resistentes a riscos e cozidos a alta temperatura. As manchas ou riscos s\u00e3o bastante resistentes, e a \u00e1gua ou outros tipos de manchas dificilmente podem ser deixados. A limpeza na vida quotidiana \u00e9 simples e f\u00e1cil, e pode permanecer brilhante e limpa ap\u00f3s um longo per\u00edodo de servi\u00e7o.<\/li>\n\n\n\n<li><strong>Bacia de grande capacidade, pr\u00e1tica e confort\u00e1vel: <\/strong>Estes lavat\u00f3rios de cer\u00e2mica para casa de banho por atacado s\u00e3o concebidos com uma profundidade moderada na bacia para um espa\u00e7o de lavagem suficiente sem causar salpicos e garantindo conforto durante a utiliza\u00e7\u00e3o di\u00e1ria.<\/li>\n<\/ul>\n<\/div>\n\n\n\n<div class=\"wp-block-column is-layout-flow wp-block-column-is-layout-flow\">\n<figure class=\"wp-block-image size-full\"><img fetchpriority=\"high\" decoding=\"async\" width=\"827\" height=\"1225\" src=\"https:\/\/www.ceramicbasin.com\/wp-content\/uploads\/2025\/01\/Matte-Vanity-basin-6.jpg\" alt=\"Pias de vaso de cer\u00e2mica castanha mate acima do balc\u00e3o por atacado para casa de banho-1\" class=\"wp-image-6179\" srcset=\"https:\/\/www.ceramicbasin.com\/wp-content\/uploads\/2025\/01\/Matte-Vanity-basin-6.jpg 827w, https:\/\/www.ceramicbasin.com\/wp-content\/uploads\/2025\/01\/Matte-Vanity-basin-6-203x300.jpg 203w, https:\/\/www.ceramicbasin.com\/wp-content\/uploads\/2025\/01\/Matte-Vanity-basin-6-768x1138.jpg 768w, https:\/\/www.ceramicbasin.com\/wp-content\/uploads\/2025\/01\/Matte-Vanity-basin-6-8x12.jpg 8w, https:\/\/www.ceramicbasin.com\/wp-content\/uploads\/2025\/01\/Matte-Vanity-basin-6-285x422.jpg 285w, https:\/\/www.ceramicbasin.com\/wp-content\/uploads\/2025\/01\/Matte-Vanity-basin-6-446x660.jpg 446w, https:\/\/www.ceramicbasin.com\/wp-content\/uploads\/2025\/01\/Matte-Vanity-basin-6-101x150.jpg 101w\" sizes=\"(max-width: 827px) 100vw, 827px\" \/><\/figure>\n<\/div>\n<\/div>","protected":false},"excerpt":{"rendered":"<p>Bem-vindo \u00e0 compra de pequenos lavat\u00f3rios de casa de banho por atacado. Os nossos lavat\u00f3rios para vasos acima do balc\u00e3o foram concebidos para resolver os desafios das casas de banho com espa\u00e7os reduzidos. Os materiais cer\u00e2micos de alta qualidade selecionados garantem a durabilidade e a facilidade de limpeza do produto. O pre\u00e7o preferencial da compra a granel ajuda-o a controlar os custos.<\/p>\n<table style=\"border-collapse: collapse; width: 311.02pt;\" border=\"0\" width=\"311\" cellspacing=\"0\" cellpadding=\"0\">\n<tbody>\n<tr style=\"height: 17.60pt;\">\n<td class=\"et3\" style=\"height: 17.60pt; width: 108.35pt;\" width=\"108\" height=\"17\">Fabricante<\/td>\n<td class=\"et3\" style=\"width: 202.95pt;\" width=\"202\">HanYu<\/td>\n<\/tr>\n<tr style=\"height: 17.60pt;\">\n<td class=\"et3\" style=\"height: 17.60pt;\" height=\"17\">Modelo n.<\/td>\n<td class=\"et4\">HY-8069PK<\/td>\n<\/tr>\n<tr style=\"height: 17.60pt;\">\n<td class=\"et3\" style=\"height: 17.60pt;\" height=\"17\">Tipo<\/td>\n<td class=\"et3\">O Matt afunda-se<\/td>\n<\/tr>\n<tr style=\"height: 17.60pt;\">\n<td class=\"et3\" style=\"height: 17.60pt;\" height=\"17\">Forma<\/td>\n<td class=\"et3\">Forma redonda<\/td>\n<\/tr>\n<tr style=\"height: 17.60pt;\">\n<td class=\"et4\" style=\"height: 17.60pt;\" height=\"17\">Cor<\/td>\n<td class=\"et3\">C\u00e1qui<\/td>\n<\/tr>\n<tr style=\"height: 18.00pt;\">\n<td class=\"et3\" style=\"height: 18.00pt;\" height=\"18\">Dimens\u00e3o<\/td>\n<td class=\"et6\" style=\"width: 202.95pt;\" width=\"202\">41.5*41.5*13.5<\/td>\n<\/tr>\n<tr style=\"height: 17.60pt;\">\n<td class=\"et3\" style=\"height: 17.60pt;\" height=\"17\">N.W \/SET<\/td>\n<td class=\"et3\">8KGS\/PCS<\/td>\n<\/tr>\n<tr style=\"height: 17.60pt;\">\n<td class=\"et3\" style=\"height: 17.60pt;\" height=\"17\">MOQ<\/td>\n<td class=\"et3\">10 unidades<\/td>\n<\/tr>\n<tr style=\"height: 17.60pt;\">\n<td class=\"et3\" style=\"height: 17.60pt;\" height=\"17\">Op\u00e7\u00e3o personalizada<\/td>\n<td class=\"et3\">Cor\/Patente\/Tamanho\/Logotipo\/Embalagem<\/td>\n<\/tr>\n<\/tbody>\n<\/table>","protected":false},"featured_media":6180,"comment_status":"closed","ping_status":"closed","template":"","meta":{"_acf_changed":false},"product_brand":[],"product_cat":[55,50],"product_tag":[],"class_list":{"0":"post-6171","1":"product","2":"type-product","3":"status-publish","4":"has-post-thumbnail","6":"product_cat-wholesale-matte-sinks","7":"product_cat-wholesale-countertop-sinks","9":"first","10":"instock","11":"shipping-taxable","12":"product-type-simple"},"acf":[],"_links":{"self":[{"href":"https:\/\/www.ceramicbasin.com\/pt\/wp-json\/wp\/v2\/product\/6171","targetHints":{"allow":["GET"]}}],"collection":[{"href":"https:\/\/www.ceramicbasin.com\/pt\/wp-json\/wp\/v2\/product"}],"about":[{"href":"https:\/\/www.ceramicbasin.com\/pt\/wp-json\/wp\/v2\/types\/product"}],"replies":[{"embeddable":true,"href":"https:\/\/www.ceramicbasin.com\/pt\/wp-json\/wp\/v2\/comments?post=6171"}],"wp:featuredmedia":[{"embeddable":true,"href":"https:\/\/www.ceramicbasin.com\/pt\/wp-json\/wp\/v2\/media\/6180"}],"wp:attachment":[{"href":"https:\/\/www.ceramicbasin.com\/pt\/wp-json\/wp\/v2\/media?parent=6171"}],"wp:term":[{"taxonomy":"product_brand","embeddable":true,"href":"https:\/\/www.ceramicbasin.com\/pt\/wp-json\/wp\/v2\/product_brand?post=6171"},{"taxonomy":"product_cat","embeddable":true,"href":"https:\/\/www.ceramicbasin.com\/pt\/wp-json\/wp\/v2\/product_cat?post=6171"},{"taxonomy":"product_tag","embeddable":true,"href":"https:\/\/www.ceramicbasin.com\/pt\/wp-json\/wp\/v2\/product_tag?post=6171"}],"curies":[{"name":"wp","href":"https:\/\/api.w.org\/{rel}","templated":true}]}}