{"id":6172,"date":"2025-01-22T05:47:54","date_gmt":"2025-01-22T05:47:54","guid":{"rendered":"https:\/\/www.ceramicbasin.com\/?post_type=product&#038;p=6172"},"modified":"2025-02-05T09:53:26","modified_gmt":"2025-02-05T09:53:26","slug":"ceramic-tiny-basin-wholesale","status":"publish","type":"product","link":"https:\/\/www.ceramicbasin.com\/pt\/produto\/ceramic-tiny-basin-wholesale\/","title":{"rendered":"Bacia pequena de cer\u00e2mica por atacado, solu\u00e7\u00f5es de pia de banheiro pequeno"},"content":{"rendered":"<div class=\"wp-block-columns is-layout-flex wp-container-core-columns-is-layout-9d6595d7 wp-block-columns-is-layout-flex\">\n<div class=\"wp-block-column is-layout-flow wp-block-column-is-layout-flow\">\n<h2 class=\"wp-block-heading\">Bacia min\u00fascula Premium Carater\u00edsticas por atacado:<\/h2>\n\n\n\n<ul class=\"wp-block-list\">\n<li><strong>Vasto \u00e2mbito de aplica\u00e7\u00e3o:<\/strong> As pessoas anseiam por uma qualidade de vida cada vez mais elevada, bem como por um servi\u00e7o cada vez melhor quando se encontram num local p\u00fablico. Os lavat\u00f3rios de casa de banho pequenos por atacado j\u00e1 n\u00e3o s\u00e3o apenas adequados para as casas de banho dos clientes. Os lavat\u00f3rios de m\u00e1rmore por atacado s\u00e3o adequados para esta\u00e7\u00f5es ferrovi\u00e1rias de alta velocidade, metro, centros comerciais, casas de banho de restaurantes e hospitais.<\/li>\n\n\n\n<li><strong>Instala\u00e7\u00e3o na parede:\u00a0<\/strong>O design de montagem na parede deste pequeno lavat\u00f3rio por atacado poupa espa\u00e7o e \u00e9 f\u00e1cil de limpar. Este mini lavat\u00f3rio de casa de banho por atacado \u00e9 particularmente adequado para casas de banho modernas e compactas, melhorando a limpeza e a modernidade de todo o espa\u00e7o.<\/li>\n\n\n\n<li><strong>Tratamento de esmalte f\u00e1cil de limpar:\u00a0<\/strong>A superf\u00edcie deste pequeno lavat\u00f3rio de casa de banho suspenso na parede utiliza uma tecnologia especial de esmalte f\u00e1cil de limpar, que \u00e9 suave e delicada, n\u00e3o mancha facilmente e \u00e9 f\u00e1cil de limpar.<\/li>\n\n\n\n<li><strong>Op\u00e7\u00f5es personaliz\u00e1veis: <\/strong>Dispon\u00edvel em v\u00e1rias cores, acabamentos de superf\u00edcie e embalagens personaliz\u00e1veis, permitindo-lhe adaptar esta pequena bacia por atacado para satisfazer as necessidades espec\u00edficas da sua marca e do seu mercado.<\/li>\n<\/ul>\n<\/div>\n\n\n\n<div class=\"wp-block-column is-layout-flow wp-block-column-is-layout-flow\">\n<figure class=\"wp-block-image size-full\"><img fetchpriority=\"high\" decoding=\"async\" width=\"800\" height=\"800\" src=\"https:\/\/www.ceramicbasin.com\/wp-content\/uploads\/2025\/01\/bathroom-porcelain-sinkwall-hung-bathroom-vanitysquare-wall-mounted-basin3.webp\" alt=\"Bacia min\u00fascula de cer\u00e2mica por atacado, solu\u00e7\u00f5es de pia de banheiro pequeno-1\" class=\"wp-image-6175\" srcset=\"https:\/\/www.ceramicbasin.com\/wp-content\/uploads\/2025\/01\/bathroom-porcelain-sinkwall-hung-bathroom-vanitysquare-wall-mounted-basin3.webp 800w, https:\/\/www.ceramicbasin.com\/wp-content\/uploads\/2025\/01\/bathroom-porcelain-sinkwall-hung-bathroom-vanitysquare-wall-mounted-basin3-300x300.webp 300w, https:\/\/www.ceramicbasin.com\/wp-content\/uploads\/2025\/01\/bathroom-porcelain-sinkwall-hung-bathroom-vanitysquare-wall-mounted-basin3-150x150.webp 150w, https:\/\/www.ceramicbasin.com\/wp-content\/uploads\/2025\/01\/bathroom-porcelain-sinkwall-hung-bathroom-vanitysquare-wall-mounted-basin3-768x768.webp 768w, https:\/\/www.ceramicbasin.com\/wp-content\/uploads\/2025\/01\/bathroom-porcelain-sinkwall-hung-bathroom-vanitysquare-wall-mounted-basin3-12x12.webp 12w, https:\/\/www.ceramicbasin.com\/wp-content\/uploads\/2025\/01\/bathroom-porcelain-sinkwall-hung-bathroom-vanitysquare-wall-mounted-basin3-285x285.webp 285w, https:\/\/www.ceramicbasin.com\/wp-content\/uploads\/2025\/01\/bathroom-porcelain-sinkwall-hung-bathroom-vanitysquare-wall-mounted-basin3-270x270.webp 270w, https:\/\/www.ceramicbasin.com\/wp-content\/uploads\/2025\/01\/bathroom-porcelain-sinkwall-hung-bathroom-vanitysquare-wall-mounted-basin3-540x540.webp 540w, https:\/\/www.ceramicbasin.com\/wp-content\/uploads\/2025\/01\/bathroom-porcelain-sinkwall-hung-bathroom-vanitysquare-wall-mounted-basin3-660x660.webp 660w\" sizes=\"(max-width: 800px) 100vw, 800px\" \/><\/figure>\n<\/div>\n<\/div>\n\n\n\n<p><\/p>","protected":false},"excerpt":{"rendered":"<p>Bem-vindo \u00e0 compra de lavat\u00f3rios pequenos por atacado. Os nossos pequenos lavat\u00f3rios de casa de banho por atacado apresentam um design compacto e cer\u00e2mica de alta qualidade. Adequado para v\u00e1rios cen\u00e1rios, apoiando o atacado e a personaliza\u00e7\u00e3o, \u00e9 a escolha ideal para economizar espa\u00e7o e melhorar o sabor.<\/p>\n<table style=\"border-collapse: collapse; width: 311.02pt;\" border=\"0\" width=\"311\" cellspacing=\"0\" cellpadding=\"0\">\n<tbody>\n<tr style=\"height: 17.60pt;\">\n<td class=\"et3\" style=\"height: 17.60pt; width: 108.35pt;\" width=\"108\" height=\"17\">Fabricante<\/td>\n<td class=\"et3\" style=\"width: 202.95pt;\" width=\"202\">HanYu<\/td>\n<\/tr>\n<tr style=\"height: 17.60pt;\">\n<td class=\"et3\" style=\"height: 17.60pt;\" height=\"17\">Modelo n.<\/td>\n<td class=\"et4\">HY-3130<\/td>\n<\/tr>\n<tr style=\"height: 17.60pt;\">\n<td class=\"et3\" style=\"height: 17.60pt;\" height=\"17\">Tipo<\/td>\n<td class=\"et3\">lava-loi\u00e7as de parede<\/td>\n<\/tr>\n<tr style=\"height: 17.60pt;\">\n<td class=\"et3\" style=\"height: 17.60pt;\" height=\"17\">Forma<\/td>\n<td class=\"et3\">\u00a0Forma quadrada<\/td>\n<\/tr>\n<tr style=\"height: 17.60pt;\">\n<td class=\"et4\" style=\"height: 17.60pt;\" height=\"17\">Cor<\/td>\n<td class=\"et3\">Branco<\/td>\n<\/tr>\n<tr style=\"height: 18.00pt;\">\n<td class=\"et3\" style=\"height: 18.00pt;\" height=\"18\">Dimens\u00e3o<\/td>\n<td class=\"et6\" style=\"width: 202.95pt;\" width=\"202\">50*30*13<\/td>\n<\/tr>\n<tr style=\"height: 17.60pt;\">\n<td class=\"et3\" style=\"height: 17.60pt;\" height=\"17\">N.W \/SET<\/td>\n<td class=\"et3\">12KGS\/PCS<\/td>\n<\/tr>\n<tr style=\"height: 17.60pt;\">\n<td class=\"et3\" style=\"height: 17.60pt;\" height=\"17\">MOQ<\/td>\n<td class=\"et3\">20 unidades<\/td>\n<\/tr>\n<tr style=\"height: 17.60pt;\">\n<td class=\"et3\" style=\"height: 17.60pt;\" height=\"17\">Op\u00e7\u00e3o personalizada<\/td>\n<td class=\"et3\">Cor\/Patente\/Tamanho\/Logotipo\/Embalagem<\/td>\n<\/tr>\n<\/tbody>\n<\/table>\n<p>&nbsp;<\/p>","protected":false},"featured_media":6177,"comment_status":"closed","ping_status":"closed","template":"","meta":{"_acf_changed":false},"product_brand":[],"product_cat":[57],"product_tag":[],"class_list":{"0":"post-6172","1":"product","2":"type-product","3":"status-publish","4":"has-post-thumbnail","6":"product_cat-wholesale-wall-mounted-sinks","8":"first","9":"instock","10":"shipping-taxable","11":"product-type-simple"},"acf":[],"_links":{"self":[{"href":"https:\/\/www.ceramicbasin.com\/pt\/wp-json\/wp\/v2\/product\/6172","targetHints":{"allow":["GET"]}}],"collection":[{"href":"https:\/\/www.ceramicbasin.com\/pt\/wp-json\/wp\/v2\/product"}],"about":[{"href":"https:\/\/www.ceramicbasin.com\/pt\/wp-json\/wp\/v2\/types\/product"}],"replies":[{"embeddable":true,"href":"https:\/\/www.ceramicbasin.com\/pt\/wp-json\/wp\/v2\/comments?post=6172"}],"wp:featuredmedia":[{"embeddable":true,"href":"https:\/\/www.ceramicbasin.com\/pt\/wp-json\/wp\/v2\/media\/6177"}],"wp:attachment":[{"href":"https:\/\/www.ceramicbasin.com\/pt\/wp-json\/wp\/v2\/media?parent=6172"}],"wp:term":[{"taxonomy":"product_brand","embeddable":true,"href":"https:\/\/www.ceramicbasin.com\/pt\/wp-json\/wp\/v2\/product_brand?post=6172"},{"taxonomy":"product_cat","embeddable":true,"href":"https:\/\/www.ceramicbasin.com\/pt\/wp-json\/wp\/v2\/product_cat?post=6172"},{"taxonomy":"product_tag","embeddable":true,"href":"https:\/\/www.ceramicbasin.com\/pt\/wp-json\/wp\/v2\/product_tag?post=6172"}],"curies":[{"name":"wp","href":"https:\/\/api.w.org\/{rel}","templated":true}]}}