{"id":6195,"date":"2025-01-22T06:14:05","date_gmt":"2025-01-22T06:14:05","guid":{"rendered":"https:\/\/www.ceramicbasin.com\/?post_type=product&#038;p=6195"},"modified":"2025-02-07T07:55:42","modified_gmt":"2025-02-07T07:55:42","slug":"bespoke-basins","status":"publish","type":"product","link":"https:\/\/www.ceramicbasin.com\/pt\/produto\/bespoke-basins\/","title":{"rendered":"Bacias de cozinha em cinzento mate, lavat\u00f3rios pequenos de cer\u00e2mica para casa de banho por atacado"},"content":{"rendered":"<div class=\"wp-block-columns is-layout-flex wp-container-core-columns-is-layout-9d6595d7 wp-block-columns-is-layout-flex\">\n<div class=\"wp-block-column is-layout-flow wp-block-column-is-layout-flow\">\n<h2 class=\"wp-block-heading\">Bacias Premium Bespoke Carater\u00edsticas:<\/h2>\n\n\n\n<ul class=\"wp-block-list\">\n<li><strong>Textura cinzenta mate, estilo moderno e minimalista: <\/strong>Os nossos lavat\u00f3rios feitos \u00e0 medida adoptam um esmalte cinzento mate de alta qualidade, que \u00e9 discreto e texturado, combinando perfeitamente com uma variedade de estilos de design de interiores, como o moderno, o minimalista, o estilo industrial, etc., acrescentando eleg\u00e2ncia e estilo \u00e0 casa de banho.<\/li>\n\n\n\n<li><strong>Design compacto, adequado para espa\u00e7os compactos: <\/strong>Estes lavat\u00f3rios de casa de banho em cer\u00e2mica foram concebidos para casas de banho compactas, casas de banho de hot\u00e9is, caf\u00e9s e espa\u00e7os comerciais. S\u00e3o pequenos em tamanho mas totalmente funcionais, optimizando a disposi\u00e7\u00e3o do espa\u00e7o, para que o espa\u00e7o limitado possa continuar a ser bonito e pr\u00e1tico.<\/li>\n\n\n\n<li><strong>Cer\u00e2mica de alta qualidade, resistente \u00e0s manchas e f\u00e1cil de limpar: <\/strong>Estas bacias por medida em cinzento mate s\u00e3o feitas de materiais cer\u00e2micos de alta qualidade, cozidos a alta temperatura, com esmalte denso e suave, excelente resist\u00eancia a manchas e desempenho \u00e0 prova de \u00e1gua, n\u00e3o \u00e9 f\u00e1cil deixar manchas ou n\u00f3doas de \u00e1gua, a limpeza e manuten\u00e7\u00e3o di\u00e1rias s\u00e3o f\u00e1ceis e convenientes.<\/li>\n\n\n\n<li><strong>Personaliza\u00e7\u00e3o para atender a uma variedade de necessidades: <\/strong>Fornecemos servi\u00e7os personalizados para pias de banheiro de cer\u00e2mica por atacado e podemos ajustar o tamanho, a forma ou a cor de acordo com os requisitos do projeto para garantir que o produto se encaixe perfeitamente em diferentes espa\u00e7os comerciais ou residenciais, fornecendo aos clientes solu\u00e7\u00f5es de banheiro mais personalizadas.<\/li>\n<\/ul>\n<\/div>\n\n\n\n<div class=\"wp-block-column is-layout-flow wp-block-column-is-layout-flow\">\n<figure class=\"wp-block-image size-full\"><img fetchpriority=\"high\" decoding=\"async\" width=\"827\" height=\"1201\" src=\"https:\/\/www.ceramicbasin.com\/wp-content\/uploads\/2025\/01\/Round-Hand-Wash-Basin-6.jpg\" alt=\"Lavat\u00f3rios de casa de banho em cer\u00e2mica, cinzento mate, por atacado-1\" class=\"wp-image-6196\" srcset=\"https:\/\/www.ceramicbasin.com\/wp-content\/uploads\/2025\/01\/Round-Hand-Wash-Basin-6.jpg 827w, https:\/\/www.ceramicbasin.com\/wp-content\/uploads\/2025\/01\/Round-Hand-Wash-Basin-6-207x300.jpg 207w, https:\/\/www.ceramicbasin.com\/wp-content\/uploads\/2025\/01\/Round-Hand-Wash-Basin-6-768x1115.jpg 768w, https:\/\/www.ceramicbasin.com\/wp-content\/uploads\/2025\/01\/Round-Hand-Wash-Basin-6-8x12.jpg 8w, https:\/\/www.ceramicbasin.com\/wp-content\/uploads\/2025\/01\/Round-Hand-Wash-Basin-6-285x414.jpg 285w, https:\/\/www.ceramicbasin.com\/wp-content\/uploads\/2025\/01\/Round-Hand-Wash-Basin-6-454x660.jpg 454w, https:\/\/www.ceramicbasin.com\/wp-content\/uploads\/2025\/01\/Round-Hand-Wash-Basin-6-103x150.jpg 103w\" sizes=\"(max-width: 827px) 100vw, 827px\" \/><figcaption class=\"wp-element-caption\">Lavat\u00f3rios de casa de banho em cer\u00e2mica, cinzento mate, por atacado-1<\/figcaption><\/figure>\n<\/div>\n<\/div>","protected":false},"excerpt":{"rendered":"<p>Bem-vindo \u00e0 entrevista de bacias por medida a granel. Os nossos lavat\u00f3rios de cer\u00e2mica para casa de banho por atacado adoptam um design moderno em cinzento mate, simples e avan\u00e7ado. O tamanho compacto optimiza a disposi\u00e7\u00e3o do espa\u00e7o e permite a personaliza\u00e7\u00e3o para satisfazer uma variedade de necessidades comerciais e personalizadas.<\/p>\n<table style=\"border-collapse: collapse; width: 311.02pt;\" border=\"0\" width=\"311\" cellspacing=\"0\" cellpadding=\"0\">\n<tbody>\n<tr style=\"height: 17.60pt;\">\n<td class=\"et3\" style=\"height: 17.60pt; width: 108.35pt;\" width=\"108\" height=\"17\">Fabricante<\/td>\n<td class=\"et3\" style=\"width: 202.95pt;\" width=\"202\">HanYu<\/td>\n<\/tr>\n<tr style=\"height: 17.60pt;\">\n<td class=\"et3\" style=\"height: 17.60pt;\" height=\"17\">Modelo n.<\/td>\n<td class=\"et4\">HY-8069PH<\/td>\n<\/tr>\n<tr style=\"height: 17.60pt;\">\n<td class=\"et3\" style=\"height: 17.60pt;\" height=\"17\">Tipo<\/td>\n<td class=\"et3\">Lavat\u00f3rio de bancada<\/td>\n<\/tr>\n<tr style=\"height: 17.60pt;\">\n<td class=\"et3\" style=\"height: 17.60pt;\" height=\"17\">Forma<\/td>\n<td class=\"et3\">Forma redonda<\/td>\n<\/tr>\n<tr style=\"height: 17.60pt;\">\n<td class=\"et4\" style=\"height: 17.60pt;\" height=\"17\">Cor<\/td>\n<td class=\"et3\">Cinzento<\/td>\n<\/tr>\n<tr style=\"height: 18.00pt;\">\n<td class=\"et3\" style=\"height: 18.00pt;\" height=\"18\">Dimens\u00e3o<\/td>\n<td class=\"et5\" style=\"width: 202.95pt;\" width=\"202\">41.5*41.5*13.5<\/td>\n<\/tr>\n<tr style=\"height: 17.60pt;\">\n<td class=\"et3\" style=\"height: 17.60pt;\" height=\"17\">N.W \/SET<\/td>\n<td class=\"et3\">8KGS\/PCS<\/td>\n<\/tr>\n<tr style=\"height: 17.60pt;\">\n<td class=\"et3\" style=\"height: 17.60pt;\" height=\"17\">MOQ<\/td>\n<td class=\"et3\">20 unidades<\/td>\n<\/tr>\n<tr style=\"height: 17.60pt;\">\n<td class=\"et3\" style=\"height: 17.60pt;\" height=\"17\">Op\u00e7\u00e3o personalizada<\/td>\n<td class=\"et3\">Cor\/Patente\/Tamanho\/Logotipo\/Embalagem<\/td>\n<\/tr>\n<\/tbody>\n<\/table>","protected":false},"featured_media":6197,"comment_status":"closed","ping_status":"closed","template":"","meta":{"_acf_changed":false},"product_brand":[],"product_cat":[50,55],"product_tag":[],"class_list":{"0":"post-6195","1":"product","2":"type-product","3":"status-publish","4":"has-post-thumbnail","6":"product_cat-wholesale-countertop-sinks","7":"product_cat-wholesale-matte-sinks","9":"first","10":"instock","11":"shipping-taxable","12":"product-type-simple"},"acf":[],"_links":{"self":[{"href":"https:\/\/www.ceramicbasin.com\/pt\/wp-json\/wp\/v2\/product\/6195","targetHints":{"allow":["GET"]}}],"collection":[{"href":"https:\/\/www.ceramicbasin.com\/pt\/wp-json\/wp\/v2\/product"}],"about":[{"href":"https:\/\/www.ceramicbasin.com\/pt\/wp-json\/wp\/v2\/types\/product"}],"replies":[{"embeddable":true,"href":"https:\/\/www.ceramicbasin.com\/pt\/wp-json\/wp\/v2\/comments?post=6195"}],"wp:featuredmedia":[{"embeddable":true,"href":"https:\/\/www.ceramicbasin.com\/pt\/wp-json\/wp\/v2\/media\/6197"}],"wp:attachment":[{"href":"https:\/\/www.ceramicbasin.com\/pt\/wp-json\/wp\/v2\/media?parent=6195"}],"wp:term":[{"taxonomy":"product_brand","embeddable":true,"href":"https:\/\/www.ceramicbasin.com\/pt\/wp-json\/wp\/v2\/product_brand?post=6195"},{"taxonomy":"product_cat","embeddable":true,"href":"https:\/\/www.ceramicbasin.com\/pt\/wp-json\/wp\/v2\/product_cat?post=6195"},{"taxonomy":"product_tag","embeddable":true,"href":"https:\/\/www.ceramicbasin.com\/pt\/wp-json\/wp\/v2\/product_tag?post=6195"}],"curies":[{"name":"wp","href":"https:\/\/api.w.org\/{rel}","templated":true}]}}