{"id":6203,"date":"2025-01-22T06:17:39","date_gmt":"2025-01-22T06:17:39","guid":{"rendered":"https:\/\/www.ceramicbasin.com\/?post_type=product&#038;p=6203"},"modified":"2025-02-07T07:45:58","modified_gmt":"2025-02-07T07:45:58","slug":"custom-commercial-restroom-sink","status":"publish","type":"product","link":"https:\/\/www.ceramicbasin.com\/pt\/produto\/custom-commercial-restroom-sink\/","title":{"rendered":"Lavat\u00f3rio para casa de banho comercial personalizado, lavat\u00f3rio verde mate por atacado"},"content":{"rendered":"<div class=\"wp-block-columns is-layout-flex wp-container-core-columns-is-layout-9d6595d7 wp-block-columns-is-layout-flex\">\n<div class=\"wp-block-column is-layout-flow wp-block-column-is-layout-flow\">\n<h2 class=\"wp-block-heading\">Carater\u00edsticas do lavat\u00f3rio de casa de banho comercial personalizado Premium:<\/h2>\n\n\n\n<ul class=\"wp-block-list\">\n<li><strong>Verde menta fresco, criando uma atmosfera confort\u00e1vel: <\/strong>Este lavat\u00f3rio para casa de banho comercial personalizado utiliza um esmalte mate verde menta suave, apresentando um efeito visual fresco e natural, acrescentando um toque de eleg\u00e2ncia ao espa\u00e7o da casa de banho comercial, criando uma atmosfera relaxante e confort\u00e1vel, e \u00e9 adequado para designs de interiores modernos, n\u00f3rdicos e minimalistas.<\/li>\n\n\n\n<li><strong>Textura mate, discreta e topo de gama: <\/strong>Esta bacia mate verde menta por atacado utiliza um tratamento \u00fanico de esmalte mate, que \u00e9 delicado e quente, n\u00e3o reflecte a luz, pode reduzir eficazmente as impress\u00f5es digitais e as manchas de \u00e1gua, e mant\u00e9m a limpeza e a beleza durante muito tempo, mostrando uma textura discreta e luxuosa.<\/li>\n\n\n\n<li><strong>Cer\u00e2mica de alta resist\u00eancia, resistente \u00e0s manchas e dur\u00e1vel: <\/strong>Este lavat\u00f3rio de casa de banho comercial personalizado utiliza materiais cer\u00e2micos de alta qualidade e \u00e9 cozido a alta temperatura. Tem uma forte resist\u00eancia \u00e0s n\u00f3doas e aos riscos. \u00c9 adequado para locais comerciais com elevada frequ\u00eancia de utiliza\u00e7\u00e3o, como hot\u00e9is, restaurantes, edif\u00edcios de escrit\u00f3rios, centros comerciais e outras casas de banho p\u00fablicas, garantindo que pode permanecer brilhante e limpo ap\u00f3s uma utiliza\u00e7\u00e3o prolongada.<\/li>\n\n\n\n<li><strong>Design personaliz\u00e1vel, adapt\u00e1vel a uma variedade de necessidades comerciais: <\/strong>A nossa bacia verde menta mate por atacado suporta solu\u00e7\u00f5es personalizadas, tais como tamanho, forma, cor, etc., e pode criar solu\u00e7\u00f5es de casa de banho exclusivas de acordo com as necessidades de diferentes locais comerciais, combinando personaliza\u00e7\u00e3o e funcionalidade para satisfazer as necessidades de personaliza\u00e7\u00e3o de alta qualidade.<\/li>\n<\/ul>\n<\/div>\n\n\n\n<div class=\"wp-block-column is-layout-flow wp-block-column-is-layout-flow\">\n<figure class=\"wp-block-image size-full\"><img fetchpriority=\"high\" decoding=\"async\" width=\"827\" height=\"1205\" src=\"https:\/\/www.ceramicbasin.com\/wp-content\/uploads\/2025\/01\/Matte-Sanitary-Ware-Bathroom-Sink-6.jpg\" alt=\"Lavat\u00f3rio para casa de banho comercial personalizado, lavat\u00f3rio verde menta mate Wholesale-1\" class=\"wp-image-6204\" srcset=\"https:\/\/www.ceramicbasin.com\/wp-content\/uploads\/2025\/01\/Matte-Sanitary-Ware-Bathroom-Sink-6.jpg 827w, https:\/\/www.ceramicbasin.com\/wp-content\/uploads\/2025\/01\/Matte-Sanitary-Ware-Bathroom-Sink-6-206x300.jpg 206w, https:\/\/www.ceramicbasin.com\/wp-content\/uploads\/2025\/01\/Matte-Sanitary-Ware-Bathroom-Sink-6-768x1119.jpg 768w, https:\/\/www.ceramicbasin.com\/wp-content\/uploads\/2025\/01\/Matte-Sanitary-Ware-Bathroom-Sink-6-8x12.jpg 8w, https:\/\/www.ceramicbasin.com\/wp-content\/uploads\/2025\/01\/Matte-Sanitary-Ware-Bathroom-Sink-6-285x415.jpg 285w, https:\/\/www.ceramicbasin.com\/wp-content\/uploads\/2025\/01\/Matte-Sanitary-Ware-Bathroom-Sink-6-453x660.jpg 453w, https:\/\/www.ceramicbasin.com\/wp-content\/uploads\/2025\/01\/Matte-Sanitary-Ware-Bathroom-Sink-6-103x150.jpg 103w\" sizes=\"(max-width: 827px) 100vw, 827px\" \/><figcaption class=\"wp-element-caption\">Lavat\u00f3rio para casa de banho comercial personalizado, lavat\u00f3rio verde menta mate Wholesale-1<\/figcaption><\/figure>\n<\/div>\n<\/div>","protected":false},"excerpt":{"rendered":"<p>Bem-vindo ao comprar lavat\u00f3rio de casa de banho comercial personalizado. O nosso lavat\u00f3rio verde menta mate por atacado \u00e9 fresco e elegante, adequado para espa\u00e7os comerciais modernos. As cer\u00e2micas de alta qualidade s\u00e3o resistentes a manchas e dur\u00e1veis, o esmalte mate \u00e9 discreto e avan\u00e7ado, suporta um design personalizado e adapta-se perfeitamente a todos os tipos de casas de banho.<\/p>\n<table style=\"border-collapse: collapse; width: 311.02pt;\" border=\"0\" width=\"311\" cellspacing=\"0\" cellpadding=\"0\">\n<tbody>\n<tr style=\"height: 17.60pt;\">\n<td class=\"et3\" style=\"height: 17.60pt; width: 108.35pt;\" width=\"108\" height=\"17\">Fabricante<\/td>\n<td class=\"et3\" style=\"width: 202.95pt;\" width=\"202\">HanYu<\/td>\n<\/tr>\n<tr style=\"height: 17.60pt;\">\n<td class=\"et3\" style=\"height: 17.60pt;\" height=\"17\">Modelo n.<\/td>\n<td class=\"et4\">HY-8069PG<\/td>\n<\/tr>\n<tr style=\"height: 17.60pt;\">\n<td class=\"et3\" style=\"height: 17.60pt;\" height=\"17\">Tipo<\/td>\n<td class=\"et3\">Lavat\u00f3rio de bancada<\/td>\n<\/tr>\n<tr style=\"height: 17.60pt;\">\n<td class=\"et3\" style=\"height: 17.60pt;\" height=\"17\">Forma<\/td>\n<td class=\"et3\">Forma redonda<\/td>\n<\/tr>\n<tr style=\"height: 17.60pt;\">\n<td class=\"et4\" style=\"height: 17.60pt;\" height=\"17\">Cor<\/td>\n<td class=\"et3\">Verde<\/td>\n<\/tr>\n<tr style=\"height: 18.00pt;\">\n<td class=\"et3\" style=\"height: 18.00pt;\" height=\"18\">Dimens\u00e3o\u00a0<\/td>\n<td class=\"et5\" style=\"width: 202.95pt;\" width=\"202\">41.5*41.5*13.5<\/td>\n<\/tr>\n<tr style=\"height: 17.60pt;\">\n<td class=\"et3\" style=\"height: 17.60pt;\" height=\"17\">N.W \/SET<\/td>\n<td class=\"et3\">8KGS\/PCS<\/td>\n<\/tr>\n<tr style=\"height: 17.60pt;\">\n<td class=\"et3\" style=\"height: 17.60pt;\" height=\"17\">MOQ<\/td>\n<td class=\"et3\">20 unidades<\/td>\n<\/tr>\n<tr style=\"height: 17.60pt;\">\n<td class=\"et3\" style=\"height: 17.60pt;\" height=\"17\">Op\u00e7\u00e3o personalizada<\/td>\n<td class=\"et3\">Cor\/Patente\/Tamanho\/Logotipo\/Embalagem<\/td>\n<\/tr>\n<\/tbody>\n<\/table>","protected":false},"featured_media":6205,"comment_status":"closed","ping_status":"closed","template":"","meta":{"_acf_changed":false},"product_brand":[],"product_cat":[50,55],"product_tag":[],"class_list":{"0":"post-6203","1":"product","2":"type-product","3":"status-publish","4":"has-post-thumbnail","6":"product_cat-wholesale-countertop-sinks","7":"product_cat-wholesale-matte-sinks","9":"first","10":"instock","11":"shipping-taxable","12":"product-type-simple"},"acf":[],"_links":{"self":[{"href":"https:\/\/www.ceramicbasin.com\/pt\/wp-json\/wp\/v2\/product\/6203","targetHints":{"allow":["GET"]}}],"collection":[{"href":"https:\/\/www.ceramicbasin.com\/pt\/wp-json\/wp\/v2\/product"}],"about":[{"href":"https:\/\/www.ceramicbasin.com\/pt\/wp-json\/wp\/v2\/types\/product"}],"replies":[{"embeddable":true,"href":"https:\/\/www.ceramicbasin.com\/pt\/wp-json\/wp\/v2\/comments?post=6203"}],"wp:featuredmedia":[{"embeddable":true,"href":"https:\/\/www.ceramicbasin.com\/pt\/wp-json\/wp\/v2\/media\/6205"}],"wp:attachment":[{"href":"https:\/\/www.ceramicbasin.com\/pt\/wp-json\/wp\/v2\/media?parent=6203"}],"wp:term":[{"taxonomy":"product_brand","embeddable":true,"href":"https:\/\/www.ceramicbasin.com\/pt\/wp-json\/wp\/v2\/product_brand?post=6203"},{"taxonomy":"product_cat","embeddable":true,"href":"https:\/\/www.ceramicbasin.com\/pt\/wp-json\/wp\/v2\/product_cat?post=6203"},{"taxonomy":"product_tag","embeddable":true,"href":"https:\/\/www.ceramicbasin.com\/pt\/wp-json\/wp\/v2\/product_tag?post=6203"}],"curies":[{"name":"wp","href":"https:\/\/api.w.org\/{rel}","templated":true}]}}