{"id":6230,"date":"2025-02-22T03:22:17","date_gmt":"2025-02-22T03:22:17","guid":{"rendered":"https:\/\/www.ceramicbasin.com\/?post_type=product&#038;p=6230"},"modified":"2025-02-22T03:22:18","modified_gmt":"2025-02-22T03:22:18","slug":"custom-made-ceramic-sinks","status":"publish","type":"product","link":"https:\/\/www.ceramicbasin.com\/pt\/produto\/custom-made-ceramic-sinks\/","title":{"rendered":"Pias ovais de cer\u00e2mica feitas \u00e0 medida, bacia com padr\u00e3o de m\u00e1rmore por atacado"},"content":{"rendered":"<div class=\"wp-block-columns is-layout-flex wp-container-core-columns-is-layout-9d6595d7 wp-block-columns-is-layout-flex\">\n<div class=\"wp-block-column is-layout-flow wp-block-column-is-layout-flow\">\n<h2 class=\"wp-block-heading\">Pias de cer\u00e2mica Premium feitas \u00e0 medida Carater\u00edsticas:<\/h2>\n\n\n\n<ul class=\"wp-block-list\">\n<li><strong>Tecnologia de transfer\u00eancia de \u00e1gua para restaurar a textura natural do m\u00e1rmore: <\/strong>Os nossos lava-loi\u00e7as de cer\u00e2mica personalizados utilizam a mais avan\u00e7ada tecnologia de transfer\u00eancia de \u00e1gua para restaurar com precis\u00e3o a textura e a textura \u00fanicas do m\u00e1rmore natural, e cada bacia de cer\u00e2mica tem um padr\u00e3o \u00fanico.<\/li>\n\n\n\n<li><strong>Design oval elegante para real\u00e7ar o sentido art\u00edstico do espa\u00e7o: <\/strong>Este lavat\u00f3rio com padr\u00e3o de m\u00e1rmore apresenta uma forma oval cl\u00e1ssica com curvas suaves e limpas e textura de m\u00e1rmore, pelo que o espa\u00e7o de banho ser\u00e1 ornamentado por eleg\u00e2ncia e sentimentos art\u00edsticos.<\/li>\n\n\n\n<li><strong>Material cer\u00e2mico de alta qualidade, dur\u00e1vel e f\u00e1cil de limpar: <\/strong>Estes lavat\u00f3rios de cer\u00e2mica feitos por medida utilizam mat\u00e9rias-primas de alta qualidade e cozedura a alta temperatura. O corpo do lavat\u00f3rio \u00e9 denso e forte, resistente a riscos e a manchas. A superf\u00edcie \u00e9 macia e lisa, e \u00e9 dif\u00edcil deixar marcas de \u00e1gua e impurezas.<\/li>\n\n\n\n<li><strong>Apoiar servi\u00e7os personalizados para responder a necessidades personalizadas:<\/strong> A nossa bacia de padr\u00e3o de m\u00e1rmore por atacado fornece servi\u00e7os personalizados em termos de tamanho, cor e padr\u00e3o para atender \u00e0s necessidades exclusivas de moradias, hot\u00e9is e casas de luxo.<\/li>\n<\/ul>\n<\/div>\n\n\n\n<div class=\"wp-block-column is-layout-flow wp-block-column-is-layout-flow\">\n<figure class=\"wp-block-image size-full\"><img fetchpriority=\"high\" decoding=\"async\" width=\"1000\" height=\"1000\" src=\"https:\/\/www.ceramicbasin.com\/wp-content\/uploads\/2025\/02\/Oval-Bathroom-Vanities-Cheap-Price-Ceramic-Solid-Surface-Marble-Pattern-Countertop-Sink-5.webp\" alt=\"Lavat\u00f3rios ovais de cer\u00e2mica feitos \u00e0 medida, lavat\u00f3rio com padr\u00e3o de m\u00e1rmore, grossista-1\" class=\"wp-image-6235\" srcset=\"https:\/\/www.ceramicbasin.com\/wp-content\/uploads\/2025\/02\/Oval-Bathroom-Vanities-Cheap-Price-Ceramic-Solid-Surface-Marble-Pattern-Countertop-Sink-5.webp 1000w, https:\/\/www.ceramicbasin.com\/wp-content\/uploads\/2025\/02\/Oval-Bathroom-Vanities-Cheap-Price-Ceramic-Solid-Surface-Marble-Pattern-Countertop-Sink-5-300x300.webp 300w, https:\/\/www.ceramicbasin.com\/wp-content\/uploads\/2025\/02\/Oval-Bathroom-Vanities-Cheap-Price-Ceramic-Solid-Surface-Marble-Pattern-Countertop-Sink-5-150x150.webp 150w, https:\/\/www.ceramicbasin.com\/wp-content\/uploads\/2025\/02\/Oval-Bathroom-Vanities-Cheap-Price-Ceramic-Solid-Surface-Marble-Pattern-Countertop-Sink-5-768x768.webp 768w, https:\/\/www.ceramicbasin.com\/wp-content\/uploads\/2025\/02\/Oval-Bathroom-Vanities-Cheap-Price-Ceramic-Solid-Surface-Marble-Pattern-Countertop-Sink-5-12x12.webp 12w, https:\/\/www.ceramicbasin.com\/wp-content\/uploads\/2025\/02\/Oval-Bathroom-Vanities-Cheap-Price-Ceramic-Solid-Surface-Marble-Pattern-Countertop-Sink-5-285x285.webp 285w, https:\/\/www.ceramicbasin.com\/wp-content\/uploads\/2025\/02\/Oval-Bathroom-Vanities-Cheap-Price-Ceramic-Solid-Surface-Marble-Pattern-Countertop-Sink-5-270x270.webp 270w, https:\/\/www.ceramicbasin.com\/wp-content\/uploads\/2025\/02\/Oval-Bathroom-Vanities-Cheap-Price-Ceramic-Solid-Surface-Marble-Pattern-Countertop-Sink-5-540x540.webp 540w, https:\/\/www.ceramicbasin.com\/wp-content\/uploads\/2025\/02\/Oval-Bathroom-Vanities-Cheap-Price-Ceramic-Solid-Surface-Marble-Pattern-Countertop-Sink-5-660x660.webp 660w\" sizes=\"(max-width: 1000px) 100vw, 1000px\" \/><\/figure>\n<\/div>\n<\/div>\n\n\n\n<p><\/p>","protected":false},"excerpt":{"rendered":"<p>Bem-vindo \u00e0 encomenda por grosso de lavat\u00f3rios de cer\u00e2mica feitos \u00e0 medida. Esta bacia de padr\u00e3o de m\u00e1rmore oval por atacado usa tecnologia de transfer\u00eancia de \u00e1gua para replicar com precis\u00e3o a sensa\u00e7\u00e3o luxuosa do m\u00e1rmore natural, com uma forma oval elegante, que pode ser usada em v\u00e1rios estilos de espa\u00e7o. Os materiais cer\u00e2micos de alta qualidade s\u00e3o duradouros e simples de limpar, e fornecem servi\u00e7os personalizados.<\/p>\n<table style=\"border-collapse: collapse; width: 311.02pt;\" border=\"0\" width=\"311\" cellspacing=\"0\" cellpadding=\"0\">\n<tbody>\n<tr style=\"height: 17.60pt;\">\n<td class=\"et3\" style=\"height: 17.60pt; width: 108.35pt;\" width=\"108\" height=\"17\">Fabricante<\/td>\n<td class=\"et3\" style=\"width: 202.95pt;\" width=\"202\">HanYu<\/td>\n<\/tr>\n<tr style=\"height: 17.60pt;\">\n<td class=\"et3\" style=\"height: 17.60pt;\" height=\"17\">Modelo n.<\/td>\n<td class=\"et4\">HY3020D67<\/td>\n<\/tr>\n<tr style=\"height: 17.60pt;\">\n<td class=\"et3\" style=\"height: 17.60pt;\" height=\"17\">Tipo<\/td>\n<td class=\"et3\">Lavat\u00f3rio de bancada<\/td>\n<\/tr>\n<tr style=\"height: 17.60pt;\">\n<td class=\"et3\" style=\"height: 17.60pt;\" height=\"17\">Forma<\/td>\n<td class=\"et2\">Forma oval<\/td>\n<\/tr>\n<tr style=\"height: 17.60pt;\">\n<td class=\"et4\" style=\"height: 17.60pt;\" height=\"17\">Cor<\/td>\n<td class=\"et3\">Cor de m\u00e1rmore<\/td>\n<\/tr>\n<tr style=\"height: 18.00pt;\">\n<td class=\"et3\" style=\"height: 18.00pt;\" height=\"18\">Dimens\u00e3o<\/td>\n<td class=\"et5\" style=\"width: 202.95pt;\" width=\"202\">40*33*14.5<\/td>\n<\/tr>\n<tr style=\"height: 17.60pt;\">\n<td class=\"et3\" style=\"height: 17.60pt;\" height=\"17\">N.W \/SET<\/td>\n<td class=\"et3\">6KGS\/PCS<\/td>\n<\/tr>\n<tr style=\"height: 17.60pt;\">\n<td class=\"et3\" style=\"height: 17.60pt;\" height=\"17\">MOQ<\/td>\n<td class=\"et3\">20 unidades<\/td>\n<\/tr>\n<tr style=\"height: 17.60pt;\">\n<td class=\"et3\" style=\"height: 17.60pt;\" height=\"17\">Op\u00e7\u00e3o personalizada<\/td>\n<td class=\"et3\">Cor\/Patente\/Tamanho\/Logotipo\/Embalagem<\/td>\n<\/tr>\n<\/tbody>\n<\/table>","protected":false},"featured_media":6232,"comment_status":"closed","ping_status":"closed","template":"","meta":{"_acf_changed":false},"product_brand":[],"product_cat":[50,54],"product_tag":[],"class_list":{"0":"post-6230","1":"product","2":"type-product","3":"status-publish","4":"has-post-thumbnail","6":"product_cat-wholesale-countertop-sinks","7":"product_cat-wholesale-marble-sinks","9":"first","10":"instock","11":"shipping-taxable","12":"product-type-simple"},"acf":[],"_links":{"self":[{"href":"https:\/\/www.ceramicbasin.com\/pt\/wp-json\/wp\/v2\/product\/6230","targetHints":{"allow":["GET"]}}],"collection":[{"href":"https:\/\/www.ceramicbasin.com\/pt\/wp-json\/wp\/v2\/product"}],"about":[{"href":"https:\/\/www.ceramicbasin.com\/pt\/wp-json\/wp\/v2\/types\/product"}],"replies":[{"embeddable":true,"href":"https:\/\/www.ceramicbasin.com\/pt\/wp-json\/wp\/v2\/comments?post=6230"}],"wp:featuredmedia":[{"embeddable":true,"href":"https:\/\/www.ceramicbasin.com\/pt\/wp-json\/wp\/v2\/media\/6232"}],"wp:attachment":[{"href":"https:\/\/www.ceramicbasin.com\/pt\/wp-json\/wp\/v2\/media?parent=6230"}],"wp:term":[{"taxonomy":"product_brand","embeddable":true,"href":"https:\/\/www.ceramicbasin.com\/pt\/wp-json\/wp\/v2\/product_brand?post=6230"},{"taxonomy":"product_cat","embeddable":true,"href":"https:\/\/www.ceramicbasin.com\/pt\/wp-json\/wp\/v2\/product_cat?post=6230"},{"taxonomy":"product_tag","embeddable":true,"href":"https:\/\/www.ceramicbasin.com\/pt\/wp-json\/wp\/v2\/product_tag?post=6230"}],"curies":[{"name":"wp","href":"https:\/\/api.w.org\/{rel}","templated":true}]}}