{"id":6236,"date":"2025-02-22T02:45:32","date_gmt":"2025-02-22T02:45:32","guid":{"rendered":"https:\/\/www.ceramicbasin.com\/?post_type=product&#038;p=6236"},"modified":"2025-02-22T02:45:35","modified_gmt":"2025-02-22T02:45:35","slug":"custom-made-porcelain-sinks","status":"publish","type":"product","link":"https:\/\/www.ceramicbasin.com\/pt\/produto\/custom-made-porcelain-sinks\/","title":{"rendered":"Lavat\u00f3rios de porcelana feitos \u00e0 medida, bacia de arte oval preta por atacado"},"content":{"rendered":"<div class=\"wp-block-columns is-layout-flex wp-container-core-columns-is-layout-9d6595d7 wp-block-columns-is-layout-flex\">\n<div class=\"wp-block-column is-layout-flow wp-block-column-is-layout-flow\">\n<h2 class=\"wp-block-heading\">Pias de porcelana Premium feitas \u00e0 medida Carater\u00edsticas:<\/h2>\n\n\n\n<ul class=\"wp-block-list\">\n<li><strong>Tecnologia \u00fanica de transfer\u00eancia de \u00e1gua para criar uma textura preta de alta qualidade: <\/strong>Os nossos lavat\u00f3rios de porcelana feitos por medida utilizam a t\u00e9cnica de transfer\u00eancia de \u00e1gua mais avan\u00e7ada e a superf\u00edcie do lavat\u00f3rio de cer\u00e2mica apresenta um brilho preto intenso e com v\u00e1rias camadas, uma textura fina e uniforme e suavidade.<\/li>\n\n\n\n<li><strong>Design oval elegante, adequado para uma variedade de estilos de espa\u00e7o:<\/strong> Este lavat\u00f3rio de arte por atacado apresenta um design oval cl\u00e1ssico com linhas suaves e finas, sendo simultaneamente moderno e art\u00edstico. Independentemente do estilo de simplicidade moderna, estilo industrial ou estilo de luxo retro, esta bacia de arte em cer\u00e2mica pode ser facilmente incorporada.<\/li>\n\n\n\n<li><strong>Material cer\u00e2mico de alta qualidade, dur\u00e1vel e f\u00e1cil de limpar: <\/strong>As mat\u00e9rias-primas cer\u00e2micas de alta qualidade s\u00e3o utilizadas para produzir estes lavat\u00f3rios de porcelana personalizados, que s\u00e3o cozidos a altas temperaturas. O corpo do lavat\u00f3rio \u00e9 duro e resistente, com resist\u00eancia \u00e0s manchas e aos riscos. A superf\u00edcie \u00e9 suave e lisa, e \u00e9 dif\u00edcil deixar manchas de \u00e1gua e sujidade. A limpeza di\u00e1ria \u00e9 f\u00e1cil e pode restaurar o brilho.<\/li>\n\n\n\n<li><strong>Apoiar servi\u00e7os personalizados para responder a necessidades personalizadas: <\/strong>N\u00f3s fornecemos uma gama completa de servi\u00e7os personalizados para bacia de arte por atacado. Os clientes podem escolher o tamanho, a cor e o padr\u00e3o de acordo com as suas necessidades para criar uma arte de casa de banho \u00fanica.<\/li>\n<\/ul>\n<\/div>\n\n\n\n<div class=\"wp-block-column is-layout-flow wp-block-column-is-layout-flow\">\n<figure class=\"wp-block-image size-full\"><img fetchpriority=\"high\" decoding=\"async\" width=\"1000\" height=\"1000\" src=\"https:\/\/www.ceramicbasin.com\/wp-content\/uploads\/2025\/02\/Luxury-Washroom-Black-Oval-Ceramic-Sink-Countertop-Art-Vanity-Wash-Basin-5.webp\" alt=\"Lavat\u00f3rios de porcelana feitos \u00e0 medida, lavat\u00f3rio de arte oval preto Wholesale-1\" class=\"wp-image-6241\" srcset=\"https:\/\/www.ceramicbasin.com\/wp-content\/uploads\/2025\/02\/Luxury-Washroom-Black-Oval-Ceramic-Sink-Countertop-Art-Vanity-Wash-Basin-5.webp 1000w, https:\/\/www.ceramicbasin.com\/wp-content\/uploads\/2025\/02\/Luxury-Washroom-Black-Oval-Ceramic-Sink-Countertop-Art-Vanity-Wash-Basin-5-300x300.webp 300w, https:\/\/www.ceramicbasin.com\/wp-content\/uploads\/2025\/02\/Luxury-Washroom-Black-Oval-Ceramic-Sink-Countertop-Art-Vanity-Wash-Basin-5-150x150.webp 150w, https:\/\/www.ceramicbasin.com\/wp-content\/uploads\/2025\/02\/Luxury-Washroom-Black-Oval-Ceramic-Sink-Countertop-Art-Vanity-Wash-Basin-5-768x768.webp 768w, https:\/\/www.ceramicbasin.com\/wp-content\/uploads\/2025\/02\/Luxury-Washroom-Black-Oval-Ceramic-Sink-Countertop-Art-Vanity-Wash-Basin-5-12x12.webp 12w, https:\/\/www.ceramicbasin.com\/wp-content\/uploads\/2025\/02\/Luxury-Washroom-Black-Oval-Ceramic-Sink-Countertop-Art-Vanity-Wash-Basin-5-285x285.webp 285w, https:\/\/www.ceramicbasin.com\/wp-content\/uploads\/2025\/02\/Luxury-Washroom-Black-Oval-Ceramic-Sink-Countertop-Art-Vanity-Wash-Basin-5-270x270.webp 270w, https:\/\/www.ceramicbasin.com\/wp-content\/uploads\/2025\/02\/Luxury-Washroom-Black-Oval-Ceramic-Sink-Countertop-Art-Vanity-Wash-Basin-5-540x540.webp 540w, https:\/\/www.ceramicbasin.com\/wp-content\/uploads\/2025\/02\/Luxury-Washroom-Black-Oval-Ceramic-Sink-Countertop-Art-Vanity-Wash-Basin-5-660x660.webp 660w\" sizes=\"(max-width: 1000px) 100vw, 1000px\" \/><\/figure>\n<\/div>\n<\/div>\n\n\n\n<p><\/p>","protected":false},"excerpt":{"rendered":"<p>Bem-vindo \u00e0 compra de lavat\u00f3rios de porcelana feitos \u00e0 medida. Esta bacia de arte oval preta por atacado adopta uma tecnologia avan\u00e7ada de impress\u00e3o por transfer\u00eancia de \u00e1gua, apresentando uma textura preta profunda e elegante, com uma forma oval suave, adequada para uma variedade de estilos de espa\u00e7o. Apoiar servi\u00e7os personalizados.<\/p>\n<table style=\"border-collapse: collapse; width: 311.02pt;\" border=\"0\" width=\"311\" cellspacing=\"0\" cellpadding=\"0\">\n<tbody>\n<tr style=\"height: 17.60pt;\">\n<td class=\"et3\" style=\"height: 17.60pt; width: 108.35pt;\" width=\"108\" height=\"17\">Fabricante<\/td>\n<td class=\"et3\" style=\"width: 202.95pt;\" width=\"202\">HanYu<\/td>\n<\/tr>\n<tr style=\"height: 17.60pt;\">\n<td class=\"et3\" style=\"height: 17.60pt;\" height=\"17\">Modelo n.<\/td>\n<td class=\"et4\">HY8010D95<\/td>\n<\/tr>\n<tr style=\"height: 17.60pt;\">\n<td class=\"et3\" style=\"height: 17.60pt;\" height=\"17\">Tipo<\/td>\n<td class=\"et3\">Lavat\u00f3rio de bancada<\/td>\n<\/tr>\n<tr style=\"height: 17.60pt;\">\n<td class=\"et3\" style=\"height: 17.60pt;\" height=\"17\">Forma<\/td>\n<td class=\"et2\">Forma oval<\/td>\n<\/tr>\n<tr style=\"height: 17.60pt;\">\n<td class=\"et4\" style=\"height: 17.60pt;\" height=\"17\">Cor<\/td>\n<td class=\"et3\">Preto<\/td>\n<\/tr>\n<tr style=\"height: 18.00pt;\">\n<td class=\"et3\" style=\"height: 18.00pt;\" height=\"18\">Dimens\u00e3o<\/td>\n<td class=\"et5\" style=\"width: 202.95pt;\" width=\"202\">65*44*16<\/td>\n<\/tr>\n<tr style=\"height: 17.60pt;\">\n<td class=\"et3\" style=\"height: 17.60pt;\" height=\"17\">N.W \/SET<\/td>\n<td class=\"et3\">12KGS\/PCS<\/td>\n<\/tr>\n<tr style=\"height: 17.60pt;\">\n<td class=\"et3\" style=\"height: 17.60pt;\" height=\"17\">MOQ<\/td>\n<td class=\"et3\">20 unidades<\/td>\n<\/tr>\n<tr style=\"height: 17.60pt;\">\n<td class=\"et3\" style=\"height: 17.60pt;\" height=\"17\">Op\u00e7\u00e3o personalizada<\/td>\n<td class=\"et3\">Cor\/Patente\/Tamanho\/Logotipo\/Embalagem<\/td>\n<\/tr>\n<\/tbody>\n<\/table>","protected":false},"featured_media":6237,"comment_status":"closed","ping_status":"closed","template":"","meta":{"_acf_changed":false},"product_brand":[],"product_cat":[50,54],"product_tag":[],"class_list":{"0":"post-6236","1":"product","2":"type-product","3":"status-publish","4":"has-post-thumbnail","6":"product_cat-wholesale-countertop-sinks","7":"product_cat-wholesale-marble-sinks","9":"first","10":"instock","11":"shipping-taxable","12":"product-type-simple"},"acf":[],"_links":{"self":[{"href":"https:\/\/www.ceramicbasin.com\/pt\/wp-json\/wp\/v2\/product\/6236","targetHints":{"allow":["GET"]}}],"collection":[{"href":"https:\/\/www.ceramicbasin.com\/pt\/wp-json\/wp\/v2\/product"}],"about":[{"href":"https:\/\/www.ceramicbasin.com\/pt\/wp-json\/wp\/v2\/types\/product"}],"replies":[{"embeddable":true,"href":"https:\/\/www.ceramicbasin.com\/pt\/wp-json\/wp\/v2\/comments?post=6236"}],"wp:featuredmedia":[{"embeddable":true,"href":"https:\/\/www.ceramicbasin.com\/pt\/wp-json\/wp\/v2\/media\/6237"}],"wp:attachment":[{"href":"https:\/\/www.ceramicbasin.com\/pt\/wp-json\/wp\/v2\/media?parent=6236"}],"wp:term":[{"taxonomy":"product_brand","embeddable":true,"href":"https:\/\/www.ceramicbasin.com\/pt\/wp-json\/wp\/v2\/product_brand?post=6236"},{"taxonomy":"product_cat","embeddable":true,"href":"https:\/\/www.ceramicbasin.com\/pt\/wp-json\/wp\/v2\/product_cat?post=6236"},{"taxonomy":"product_tag","embeddable":true,"href":"https:\/\/www.ceramicbasin.com\/pt\/wp-json\/wp\/v2\/product_tag?post=6236"}],"curies":[{"name":"wp","href":"https:\/\/api.w.org\/{rel}","templated":true}]}}