{"id":6242,"date":"2025-02-22T02:14:45","date_gmt":"2025-02-22T02:14:45","guid":{"rendered":"https:\/\/www.ceramicbasin.com\/?post_type=product&#038;p=6242"},"modified":"2025-02-22T02:14:47","modified_gmt":"2025-02-22T02:14:47","slug":"custom-washbasin","status":"publish","type":"product","link":"https:\/\/www.ceramicbasin.com\/pt\/produto\/custom-washbasin\/","title":{"rendered":"Lavat\u00f3rio redondo personalizado, pias de cer\u00e2mica de bancada por atacado"},"content":{"rendered":"<div class=\"wp-block-columns is-layout-flex wp-container-core-columns-is-layout-9d6595d7 wp-block-columns-is-layout-flex\">\n<div class=\"wp-block-column is-layout-flow wp-block-column-is-layout-flow\">\n<h2 class=\"wp-block-heading\">Lavat\u00f3rio personalizado Premium Carater\u00edsticas:<\/h2>\n\n\n\n<ul class=\"wp-block-list\">\n<li><strong>Colorido: <\/strong>A cor do m\u00e1rmore deste lavat\u00f3rio personalizado \u00e9 feita pelo processo de transfer\u00eancia de \u00e1gua com base num lavat\u00f3rio branco brilhante comum, que \u00e9 bonito e dur\u00e1vel. Oferecemos mais de 100 cores e padr\u00f5es \u00e0 escolha, e todos os modelos de lavat\u00f3rio por grosso podem ser personalizados em termos de cor e textura.<\/li>\n\n\n\n<li><strong>Cer\u00e2mica de alta qualidade:<\/strong> Sele\u00e7\u00e3o de materiais cer\u00e2micos de boa qualidade, sinteriza\u00e7\u00e3o a alta temperatura, garantindo que os nossos lava-loi\u00e7as de cer\u00e2mica de bancada por atacado sejam estruturalmente fortes, a superf\u00edcie fina, macia e sedosa ao toque, suave para uma limpeza sem esfor\u00e7o e como nova sempre.<\/li>\n\n\n\n<li><strong>Instala\u00e7\u00e3o de topo: <\/strong>O estilo de montagem superior do lavat\u00f3rio personalizado de cer\u00e2mica garante que o produto seja montado com facilidade, est\u00e1vel e uniforme, economiza espa\u00e7o e facilita a manuten\u00e7\u00e3o di\u00e1ria, facilita a limpeza e melhora a experi\u00eancia do utilizador.<\/li>\n\n\n\n<li><strong>Pre\u00e7o favor\u00e1vel:<\/strong> A HanYu oferece pias de cer\u00e2mica de bancada por atacado com um pre\u00e7o muito competitivo, garantindo que pode desfrutar de bacias de cer\u00e2mica de alta qualidade enquanto controla os custos.<\/li>\n<\/ul>\n<\/div>\n\n\n\n<div class=\"wp-block-column is-layout-flow wp-block-column-is-layout-flow\">\n<figure class=\"wp-block-image size-full is-style-default\"><img fetchpriority=\"high\" decoding=\"async\" width=\"1000\" height=\"1000\" src=\"https:\/\/www.ceramicbasin.com\/wp-content\/uploads\/2025\/02\/Small-Round-Wash-Basin-Ceramic-Above-Counter-BasinMarble-Basin-Wholesale-5.webp\" alt=\"Lavat\u00f3rio pequeno personalizado, pias de cer\u00e2mica de bancada por atacado-1\" class=\"wp-image-6247\" srcset=\"https:\/\/www.ceramicbasin.com\/wp-content\/uploads\/2025\/02\/Small-Round-Wash-Basin-Ceramic-Above-Counter-BasinMarble-Basin-Wholesale-5.webp 1000w, https:\/\/www.ceramicbasin.com\/wp-content\/uploads\/2025\/02\/Small-Round-Wash-Basin-Ceramic-Above-Counter-BasinMarble-Basin-Wholesale-5-300x300.webp 300w, https:\/\/www.ceramicbasin.com\/wp-content\/uploads\/2025\/02\/Small-Round-Wash-Basin-Ceramic-Above-Counter-BasinMarble-Basin-Wholesale-5-150x150.webp 150w, https:\/\/www.ceramicbasin.com\/wp-content\/uploads\/2025\/02\/Small-Round-Wash-Basin-Ceramic-Above-Counter-BasinMarble-Basin-Wholesale-5-768x768.webp 768w, https:\/\/www.ceramicbasin.com\/wp-content\/uploads\/2025\/02\/Small-Round-Wash-Basin-Ceramic-Above-Counter-BasinMarble-Basin-Wholesale-5-12x12.webp 12w, https:\/\/www.ceramicbasin.com\/wp-content\/uploads\/2025\/02\/Small-Round-Wash-Basin-Ceramic-Above-Counter-BasinMarble-Basin-Wholesale-5-285x285.webp 285w, https:\/\/www.ceramicbasin.com\/wp-content\/uploads\/2025\/02\/Small-Round-Wash-Basin-Ceramic-Above-Counter-BasinMarble-Basin-Wholesale-5-270x270.webp 270w, https:\/\/www.ceramicbasin.com\/wp-content\/uploads\/2025\/02\/Small-Round-Wash-Basin-Ceramic-Above-Counter-BasinMarble-Basin-Wholesale-5-540x540.webp 540w, https:\/\/www.ceramicbasin.com\/wp-content\/uploads\/2025\/02\/Small-Round-Wash-Basin-Ceramic-Above-Counter-BasinMarble-Basin-Wholesale-5-660x660.webp 660w\" sizes=\"(max-width: 1000px) 100vw, 1000px\" \/><\/figure>\n<\/div>\n<\/div>","protected":false},"excerpt":{"rendered":"<p>Bem-vindo \u00e0 compra de lavat\u00f3rios personalizados com cor de m\u00e1rmore. Os nossos lavat\u00f3rios de cer\u00e2mica de bancada por atacado s\u00e3o fabricados por um processo de transfer\u00eancia de \u00e1gua com base num lavat\u00f3rio normal de cer\u00e2mica branca. O design de apar\u00eancia aerodin\u00e2mica e o tratamento de bordas arredondadas mostram uma beleza art\u00edstica extraordin\u00e1ria. As compras a granel podem ter uma melhor rela\u00e7\u00e3o custo-benef\u00edcio.<\/p>\n<table style=\"border-collapse: collapse; width: 311.02pt;\" border=\"0\" width=\"311\" cellspacing=\"0\" cellpadding=\"0\">\n<tbody>\n<tr style=\"height: 17.60pt;\">\n<td class=\"et3\" style=\"height: 17.60pt; width: 108.35pt;\" width=\"108\" height=\"17\">Fabricante<\/td>\n<td class=\"et3\" style=\"width: 202.95pt;\" width=\"202\">HanYu<\/td>\n<\/tr>\n<tr style=\"height: 17.60pt;\">\n<td class=\"et3\" style=\"height: 17.60pt;\" height=\"17\">Modelo n.<\/td>\n<td class=\"et4\">HY8069D97<\/td>\n<\/tr>\n<tr style=\"height: 17.60pt;\">\n<td class=\"et3\" style=\"height: 17.60pt;\" height=\"17\">Tipo<\/td>\n<td class=\"et3\">Lavat\u00f3rio de bancada<\/td>\n<\/tr>\n<tr style=\"height: 17.60pt;\">\n<td class=\"et3\" style=\"height: 17.60pt;\" height=\"17\">Forma<\/td>\n<td class=\"et2\">Forma redonda<\/td>\n<\/tr>\n<tr style=\"height: 17.60pt;\">\n<td class=\"et4\" style=\"height: 17.60pt;\" height=\"17\">Cor<\/td>\n<td class=\"et3\">Cor de m\u00e1rmore branco<\/td>\n<\/tr>\n<tr style=\"height: 18.00pt;\">\n<td class=\"et3\" style=\"height: 18.00pt;\" height=\"18\">Dimens\u00e3o<\/td>\n<td class=\"et5\" style=\"width: 202.95pt;\" width=\"202\">41.5*41.5*13.5<\/td>\n<\/tr>\n<tr style=\"height: 17.60pt;\">\n<td class=\"et3\" style=\"height: 17.60pt;\" height=\"17\">N.W \/SET<\/td>\n<td class=\"et3\">8.7KGS\/PCS<\/td>\n<\/tr>\n<tr style=\"height: 17.60pt;\">\n<td class=\"et3\" style=\"height: 17.60pt;\" height=\"17\">MOQ<\/td>\n<td class=\"et3\">20 unidades<\/td>\n<\/tr>\n<tr style=\"height: 17.60pt;\">\n<td class=\"et3\" style=\"height: 17.60pt;\" height=\"17\">Op\u00e7\u00e3o personalizada<\/td>\n<td class=\"et3\">Cor\/Patente\/Tamanho\/Logotipo\/Embalagem<\/td>\n<\/tr>\n<\/tbody>\n<\/table>","protected":false},"featured_media":6246,"comment_status":"closed","ping_status":"closed","template":"","meta":{"_acf_changed":false},"product_brand":[],"product_cat":[50,54],"product_tag":[],"class_list":{"0":"post-6242","1":"product","2":"type-product","3":"status-publish","4":"has-post-thumbnail","6":"product_cat-wholesale-countertop-sinks","7":"product_cat-wholesale-marble-sinks","9":"first","10":"instock","11":"shipping-taxable","12":"product-type-simple"},"acf":[],"_links":{"self":[{"href":"https:\/\/www.ceramicbasin.com\/pt\/wp-json\/wp\/v2\/product\/6242","targetHints":{"allow":["GET"]}}],"collection":[{"href":"https:\/\/www.ceramicbasin.com\/pt\/wp-json\/wp\/v2\/product"}],"about":[{"href":"https:\/\/www.ceramicbasin.com\/pt\/wp-json\/wp\/v2\/types\/product"}],"replies":[{"embeddable":true,"href":"https:\/\/www.ceramicbasin.com\/pt\/wp-json\/wp\/v2\/comments?post=6242"}],"wp:featuredmedia":[{"embeddable":true,"href":"https:\/\/www.ceramicbasin.com\/pt\/wp-json\/wp\/v2\/media\/6246"}],"wp:attachment":[{"href":"https:\/\/www.ceramicbasin.com\/pt\/wp-json\/wp\/v2\/media?parent=6242"}],"wp:term":[{"taxonomy":"product_brand","embeddable":true,"href":"https:\/\/www.ceramicbasin.com\/pt\/wp-json\/wp\/v2\/product_brand?post=6242"},{"taxonomy":"product_cat","embeddable":true,"href":"https:\/\/www.ceramicbasin.com\/pt\/wp-json\/wp\/v2\/product_cat?post=6242"},{"taxonomy":"product_tag","embeddable":true,"href":"https:\/\/www.ceramicbasin.com\/pt\/wp-json\/wp\/v2\/product_tag?post=6242"}],"curies":[{"name":"wp","href":"https:\/\/api.w.org\/{rel}","templated":true}]}}