{"id":6248,"date":"2025-02-22T02:34:10","date_gmt":"2025-02-22T02:34:10","guid":{"rendered":"https:\/\/www.ceramicbasin.com\/?post_type=product&#038;p=6248"},"modified":"2025-02-22T02:34:12","modified_gmt":"2025-02-22T02:34:12","slug":"custom-countertop-sink","status":"publish","type":"product","link":"https:\/\/www.ceramicbasin.com\/pt\/produto\/custom-countertop-sink\/","title":{"rendered":"Lavat\u00f3rio de bancada personalizado, Lavat\u00f3rios de casa de banho modernos por atacado"},"content":{"rendered":"<div class=\"wp-block-columns is-layout-flex wp-container-core-columns-is-layout-9d6595d7 wp-block-columns-is-layout-flex\">\n<div class=\"wp-block-column is-layout-flow wp-block-column-is-layout-flow\">\n<h2 class=\"wp-block-heading\">Carater\u00edsticas do lavat\u00f3rio de bancada personalizado Premium:<\/h2>\n\n\n\n<ul class=\"wp-block-list\">\n<li><strong>Design de moda: <\/strong>Os nossos lavat\u00f3rios de bancada personalizados em porcelana t\u00eam um aspeto moderno e elegante com arestas arredondadas, adaptam-se a v\u00e1rias configura\u00e7\u00f5es de casa de banho e contribuem para o aspeto geral e a qualidade do espa\u00e7o.<\/li>\n\n\n\n<li><strong>Instala\u00e7\u00e3o f\u00e1cil: <\/strong>A instala\u00e7\u00e3o acima do balc\u00e3o \u00e9 simplificada com estes lavat\u00f3rios de casa de banho por atacado, oferecendo uma solu\u00e7\u00e3o sem complica\u00e7\u00f5es para novas constru\u00e7\u00f5es e renova\u00e7\u00f5es de casas de banho.<\/li>\n\n\n\n<li><strong>Colorido: <\/strong>A cor deste lavat\u00f3rio de bancada personalizado \u00e9 feita atrav\u00e9s da impress\u00e3o por transfer\u00eancia de \u00e1gua b\u00e1sica em lavat\u00f3rios de cer\u00e2mica normais. Tem bom aspeto e \u00e9 elegante. Dispomos de mais de 100 op\u00e7\u00f5es de cores. Pode ser feito em todos os modelos que temos.<\/li>\n\n\n\n<li><strong>Grande capacidade de produ\u00e7\u00e3o: <\/strong>O nosso grande armaz\u00e9m cont\u00e9m v\u00e1rios tipos de lavat\u00f3rios de porcelana para casa de banho por atacado. Escolha os itens que est\u00e3o em produ\u00e7\u00e3o, temos bacias brancas suficientes para fazer bacias de cor de m\u00e1rmore, de modo que o tempo de envio seria muito mais curto.<\/li>\n<\/ul>\n<\/div>\n\n\n\n<div class=\"wp-block-column is-layout-flow wp-block-column-is-layout-flow\">\n<figure class=\"wp-block-image size-full\"><img fetchpriority=\"high\" decoding=\"async\" width=\"1000\" height=\"1000\" src=\"https:\/\/www.ceramicbasin.com\/wp-content\/uploads\/2025\/02\/Modern-Bathroom-Bowl-Sinks-Cement-Lavatory-Sink-Marble-Pattern-Wholesale-Sink-5.webp\" alt=\"Lavat\u00f3rio de bancada personalizado, Lavat\u00f3rios de casa de banho modernos por atacado-1\" class=\"wp-image-6253\" srcset=\"https:\/\/www.ceramicbasin.com\/wp-content\/uploads\/2025\/02\/Modern-Bathroom-Bowl-Sinks-Cement-Lavatory-Sink-Marble-Pattern-Wholesale-Sink-5.webp 1000w, https:\/\/www.ceramicbasin.com\/wp-content\/uploads\/2025\/02\/Modern-Bathroom-Bowl-Sinks-Cement-Lavatory-Sink-Marble-Pattern-Wholesale-Sink-5-300x300.webp 300w, https:\/\/www.ceramicbasin.com\/wp-content\/uploads\/2025\/02\/Modern-Bathroom-Bowl-Sinks-Cement-Lavatory-Sink-Marble-Pattern-Wholesale-Sink-5-150x150.webp 150w, https:\/\/www.ceramicbasin.com\/wp-content\/uploads\/2025\/02\/Modern-Bathroom-Bowl-Sinks-Cement-Lavatory-Sink-Marble-Pattern-Wholesale-Sink-5-768x768.webp 768w, https:\/\/www.ceramicbasin.com\/wp-content\/uploads\/2025\/02\/Modern-Bathroom-Bowl-Sinks-Cement-Lavatory-Sink-Marble-Pattern-Wholesale-Sink-5-12x12.webp 12w, https:\/\/www.ceramicbasin.com\/wp-content\/uploads\/2025\/02\/Modern-Bathroom-Bowl-Sinks-Cement-Lavatory-Sink-Marble-Pattern-Wholesale-Sink-5-285x285.webp 285w, https:\/\/www.ceramicbasin.com\/wp-content\/uploads\/2025\/02\/Modern-Bathroom-Bowl-Sinks-Cement-Lavatory-Sink-Marble-Pattern-Wholesale-Sink-5-270x270.webp 270w, https:\/\/www.ceramicbasin.com\/wp-content\/uploads\/2025\/02\/Modern-Bathroom-Bowl-Sinks-Cement-Lavatory-Sink-Marble-Pattern-Wholesale-Sink-5-540x540.webp 540w, https:\/\/www.ceramicbasin.com\/wp-content\/uploads\/2025\/02\/Modern-Bathroom-Bowl-Sinks-Cement-Lavatory-Sink-Marble-Pattern-Wholesale-Sink-5-660x660.webp 660w\" sizes=\"(max-width: 1000px) 100vw, 1000px\" \/><\/figure>\n<\/div>\n<\/div>\n\n\n\n<p><\/p>","protected":false},"excerpt":{"rendered":"<p>Bem-vindo \u00e0 encomenda por grosso de lavat\u00f3rios de bancada personalizados. Estes lavat\u00f3rios de casa de banho por atacado s\u00e3o fornecidos diretamente pela nossa f\u00e1brica, reduzindo significativamente os seus custos de compra. O design de apar\u00eancia aerodin\u00e2mica e o tratamento de bordas arredondadas mostram uma beleza art\u00edstica extraordin\u00e1ria.<\/p>\n<table style=\"border-collapse: collapse; width: 311.02pt;\" border=\"0\" width=\"311\" cellspacing=\"0\" cellpadding=\"0\">\n<tbody>\n<tr style=\"height: 17.60pt;\">\n<td class=\"et3\" style=\"height: 17.60pt; width: 108.35pt;\" width=\"108\" height=\"17\">Fabricante<\/td>\n<td class=\"et3\" style=\"width: 202.95pt;\" width=\"202\">HanYu<\/td>\n<\/tr>\n<tr style=\"height: 17.60pt;\">\n<td class=\"et3\" style=\"height: 17.60pt;\" height=\"17\">Modelo n.<\/td>\n<td class=\"et4\">HY8069D108<\/td>\n<\/tr>\n<tr style=\"height: 17.60pt;\">\n<td class=\"et3\" style=\"height: 17.60pt;\" height=\"17\">Tipo<\/td>\n<td class=\"et3\">Lavat\u00f3rio de bancada<\/td>\n<\/tr>\n<tr style=\"height: 17.60pt;\">\n<td class=\"et3\" style=\"height: 17.60pt;\" height=\"17\">Forma<\/td>\n<td class=\"et2\">Forma redonda<\/td>\n<\/tr>\n<tr style=\"height: 17.60pt;\">\n<td class=\"et4\" style=\"height: 17.60pt;\" height=\"17\">Cor<\/td>\n<td class=\"et3\">\u00a0Cor de m\u00e1rmore<\/td>\n<\/tr>\n<tr style=\"height: 18.00pt;\">\n<td class=\"et3\" style=\"height: 18.00pt;\" height=\"18\">Dimens\u00e3o<\/td>\n<td class=\"et5\" style=\"width: 202.95pt;\" width=\"202\">41.5*41.5*13.5<\/td>\n<\/tr>\n<tr style=\"height: 17.60pt;\">\n<td class=\"et3\" style=\"height: 17.60pt;\" height=\"17\">N.W \/SET<\/td>\n<td class=\"et3\">8.7KGS\/PCS<\/td>\n<\/tr>\n<tr style=\"height: 17.60pt;\">\n<td class=\"et3\" style=\"height: 17.60pt;\" height=\"17\">MOQ<\/td>\n<td class=\"et3\">20 unidades<\/td>\n<\/tr>\n<tr style=\"height: 17.60pt;\">\n<td class=\"et3\" style=\"height: 17.60pt;\" height=\"17\">Op\u00e7\u00e3o personalizada<\/td>\n<td class=\"et3\">Cor\/Patente\/Tamanho\/Logotipo\/Embalagem<\/td>\n<\/tr>\n<\/tbody>\n<\/table>","protected":false},"featured_media":6252,"comment_status":"closed","ping_status":"closed","template":"","meta":{"_acf_changed":false},"product_brand":[],"product_cat":[50,54],"product_tag":[],"class_list":{"0":"post-6248","1":"product","2":"type-product","3":"status-publish","4":"has-post-thumbnail","6":"product_cat-wholesale-countertop-sinks","7":"product_cat-wholesale-marble-sinks","9":"first","10":"instock","11":"shipping-taxable","12":"product-type-simple"},"acf":[],"_links":{"self":[{"href":"https:\/\/www.ceramicbasin.com\/pt\/wp-json\/wp\/v2\/product\/6248","targetHints":{"allow":["GET"]}}],"collection":[{"href":"https:\/\/www.ceramicbasin.com\/pt\/wp-json\/wp\/v2\/product"}],"about":[{"href":"https:\/\/www.ceramicbasin.com\/pt\/wp-json\/wp\/v2\/types\/product"}],"replies":[{"embeddable":true,"href":"https:\/\/www.ceramicbasin.com\/pt\/wp-json\/wp\/v2\/comments?post=6248"}],"wp:featuredmedia":[{"embeddable":true,"href":"https:\/\/www.ceramicbasin.com\/pt\/wp-json\/wp\/v2\/media\/6252"}],"wp:attachment":[{"href":"https:\/\/www.ceramicbasin.com\/pt\/wp-json\/wp\/v2\/media?parent=6248"}],"wp:term":[{"taxonomy":"product_brand","embeddable":true,"href":"https:\/\/www.ceramicbasin.com\/pt\/wp-json\/wp\/v2\/product_brand?post=6248"},{"taxonomy":"product_cat","embeddable":true,"href":"https:\/\/www.ceramicbasin.com\/pt\/wp-json\/wp\/v2\/product_cat?post=6248"},{"taxonomy":"product_tag","embeddable":true,"href":"https:\/\/www.ceramicbasin.com\/pt\/wp-json\/wp\/v2\/product_tag?post=6248"}],"curies":[{"name":"wp","href":"https:\/\/api.w.org\/{rel}","templated":true}]}}