{"id":6322,"date":"2025-02-28T09:15:22","date_gmt":"2025-02-28T09:15:22","guid":{"rendered":"https:\/\/www.ceramicbasin.com\/?post_type=product&#038;p=6322"},"modified":"2025-02-28T09:15:24","modified_gmt":"2025-02-28T09:15:24","slug":"half-pedestal-sinks-wholesale","status":"publish","type":"product","link":"https:\/\/www.ceramicbasin.com\/pt\/produto\/half-pedestal-sinks-wholesale\/","title":{"rendered":"Pias de meio pedestal de luxo por atacado, bacia montada na parede personalizada"},"content":{"rendered":"<div class=\"wp-block-columns is-layout-flex wp-container-core-columns-is-layout-9d6595d7 wp-block-columns-is-layout-flex\">\n<div class=\"wp-block-column is-layout-flow wp-block-column-is-layout-flow\">\n<h2 class=\"wp-block-heading\">Pias de meio pedestal Premium Carater\u00edsticas por atacado:<\/h2>\n\n\n\n<ul class=\"wp-block-list\">\n<li><strong>Novo design: <\/strong>Estes lavat\u00f3rios de meio pedestal por atacado de grandes dimens\u00f5es t\u00eam um aspeto moderno que se complementa lindamente com o estilo moderno da casa de banho.<\/li>\n\n\n\n<li><strong>Material de porcelana de qualidade superior:<\/strong> As nossas bacias de cer\u00e2mica suspensas por atacado s\u00e3o feitas de argila de porcelana superior e s\u00e3o cozidas a alta temperatura para garantir que as bacias t\u00eam uma textura firme, uma superf\u00edcie sedosa, s\u00e3o simples de limpar e t\u00eam um brilho duradouro.<\/li>\n\n\n\n<li><strong>Instala\u00e7\u00e3o na parede: <\/strong>Os nossos lavat\u00f3rios de meio pedestal por atacado n\u00e3o s\u00f3 poupam espa\u00e7o, como tamb\u00e9m facilitam a limpeza do ch\u00e3o por baixo, mant\u00eam a casa de banho arrumada e oferecem um ambiente de utiliza\u00e7\u00e3o fresco.<\/li>\n\n\n\n<li><strong>Op\u00e7\u00f5es personaliz\u00e1veis:<\/strong>\u00a0As nossas bacias de cer\u00e2mica suspensas por atacado est\u00e3o dispon\u00edveis em v\u00e1rias cores, acabamentos de superf\u00edcie e embalagens personaliz\u00e1veis, permitindo-lhe adaptar esta pequena bacia por atacado para satisfazer as necessidades espec\u00edficas da sua marca e do seu mercado.<\/li>\n<\/ul>\n<\/div>\n\n\n\n<div class=\"wp-block-column is-layout-flow wp-block-column-is-layout-flow\">\n<figure class=\"wp-block-image size-full is-resized\"><img fetchpriority=\"high\" decoding=\"async\" width=\"980\" height=\"1432\" src=\"https:\/\/www.ceramicbasin.com\/wp-content\/uploads\/2025\/02\/Bathroom-ceramic-basin-supplier-wall-mounted-basin-6.webp\" alt=\"Pias de meio pedestal de luxo por atacado, bacia montada na parede personalizada-1\" class=\"wp-image-6320\" style=\"width:341px;height:auto\" srcset=\"https:\/\/www.ceramicbasin.com\/wp-content\/uploads\/2025\/02\/Bathroom-ceramic-basin-supplier-wall-mounted-basin-6.webp 980w, https:\/\/www.ceramicbasin.com\/wp-content\/uploads\/2025\/02\/Bathroom-ceramic-basin-supplier-wall-mounted-basin-6-205x300.webp 205w, https:\/\/www.ceramicbasin.com\/wp-content\/uploads\/2025\/02\/Bathroom-ceramic-basin-supplier-wall-mounted-basin-6-768x1122.webp 768w, https:\/\/www.ceramicbasin.com\/wp-content\/uploads\/2025\/02\/Bathroom-ceramic-basin-supplier-wall-mounted-basin-6-8x12.webp 8w, https:\/\/www.ceramicbasin.com\/wp-content\/uploads\/2025\/02\/Bathroom-ceramic-basin-supplier-wall-mounted-basin-6-285x416.webp 285w, https:\/\/www.ceramicbasin.com\/wp-content\/uploads\/2025\/02\/Bathroom-ceramic-basin-supplier-wall-mounted-basin-6-452x660.webp 452w, https:\/\/www.ceramicbasin.com\/wp-content\/uploads\/2025\/02\/Bathroom-ceramic-basin-supplier-wall-mounted-basin-6-103x150.webp 103w\" sizes=\"(max-width: 980px) 100vw, 980px\" \/><\/figure>\n<\/div>\n<\/div>","protected":false},"excerpt":{"rendered":"<p>Bem-vindo ao comprar lavat\u00f3rios de cer\u00e2mica por atacado. O design montado na parede dos nossos lavat\u00f3rios de meio pedestal por atacado economiza espa\u00e7o e facilita a limpeza do solo abaixo, mantendo a casa de banho arrumada e criando um ambiente de uso refrescante. Dispon\u00edvel em v\u00e1rias cores, acabamentos de superf\u00edcie e embalagens personaliz\u00e1veis.<\/p>\n<table style=\"border-collapse: collapse; width: 358.52pt;\" border=\"0\" width=\"478\" cellspacing=\"0\" cellpadding=\"0\">\n<tbody>\n<tr style=\"height: 17.25pt;\">\n<td class=\"et3\" style=\"height: 17.25pt; width: 125.00pt;\" width=\"166\" height=\"23\">Fabricante<\/td>\n<td class=\"et3\" style=\"width: 234.15pt;\" width=\"312\">HanYu<\/td>\n<\/tr>\n<tr style=\"height: 17.25pt;\">\n<td class=\"et3\" style=\"height: 17.25pt;\" height=\"23\">Modelo n.<\/td>\n<td class=\"et4\">HY-3120<\/td>\n<\/tr>\n<tr style=\"height: 17.25pt;\">\n<td class=\"et3\" style=\"height: 17.25pt;\" height=\"23\">Tipo<\/td>\n<td class=\"et5\" style=\"width: 234.15pt;\" width=\"312\">Lavat\u00f3rio de parede<\/td>\n<\/tr>\n<tr style=\"height: 18.00pt;\">\n<td class=\"et3\" style=\"height: 18.00pt;\" height=\"24\">Forma<\/td>\n<td class=\"et3\">Forma redonda<\/td>\n<\/tr>\n<tr style=\"height: 34.50pt;\">\n<td class=\"et4\" style=\"height: 34.50pt;\" height=\"46\">Cor<\/td>\n<td class=\"et5\" style=\"width: 234.15pt;\" width=\"312\">preto\/branco\/azul\/cinzento\/rosa\/verde\/castanho\/caqui<\/td>\n<\/tr>\n<tr style=\"height: 18.00pt;\">\n<td class=\"et3\" style=\"height: 18.00pt;\" height=\"24\">Dimens\u00e3o<\/td>\n<td class=\"et5\" style=\"width: 234.15pt;\" width=\"312\">45*45*38<\/td>\n<\/tr>\n<tr style=\"height: 17.25pt;\">\n<td class=\"et3\" style=\"height: 17.25pt;\" height=\"23\">N.W \/SET<\/td>\n<td class=\"et3\">20KGS\/PCS<\/td>\n<\/tr>\n<tr style=\"height: 17.25pt;\">\n<td class=\"et3\" style=\"height: 17.25pt;\" height=\"23\">MOQ<\/td>\n<td class=\"et3\">20 unidades<\/td>\n<\/tr>\n<tr style=\"height: 17.25pt;\">\n<td class=\"et3\" style=\"height: 17.25pt;\" height=\"23\">Op\u00e7\u00e3o personalizada<\/td>\n<td class=\"et3\">Cor\/Patente\/Tamanho\/Logotipo\/Embalagem<\/td>\n<\/tr>\n<\/tbody>\n<\/table>","protected":false},"featured_media":6319,"comment_status":"closed","ping_status":"closed","template":"","meta":{"_acf_changed":false},"product_brand":[],"product_cat":[57],"product_tag":[],"class_list":{"0":"post-6322","1":"product","2":"type-product","3":"status-publish","4":"has-post-thumbnail","6":"product_cat-wholesale-wall-mounted-sinks","8":"first","9":"instock","10":"shipping-taxable","11":"product-type-simple"},"acf":[],"_links":{"self":[{"href":"https:\/\/www.ceramicbasin.com\/pt\/wp-json\/wp\/v2\/product\/6322","targetHints":{"allow":["GET"]}}],"collection":[{"href":"https:\/\/www.ceramicbasin.com\/pt\/wp-json\/wp\/v2\/product"}],"about":[{"href":"https:\/\/www.ceramicbasin.com\/pt\/wp-json\/wp\/v2\/types\/product"}],"replies":[{"embeddable":true,"href":"https:\/\/www.ceramicbasin.com\/pt\/wp-json\/wp\/v2\/comments?post=6322"}],"wp:featuredmedia":[{"embeddable":true,"href":"https:\/\/www.ceramicbasin.com\/pt\/wp-json\/wp\/v2\/media\/6319"}],"wp:attachment":[{"href":"https:\/\/www.ceramicbasin.com\/pt\/wp-json\/wp\/v2\/media?parent=6322"}],"wp:term":[{"taxonomy":"product_brand","embeddable":true,"href":"https:\/\/www.ceramicbasin.com\/pt\/wp-json\/wp\/v2\/product_brand?post=6322"},{"taxonomy":"product_cat","embeddable":true,"href":"https:\/\/www.ceramicbasin.com\/pt\/wp-json\/wp\/v2\/product_cat?post=6322"},{"taxonomy":"product_tag","embeddable":true,"href":"https:\/\/www.ceramicbasin.com\/pt\/wp-json\/wp\/v2\/product_tag?post=6322"}],"curies":[{"name":"wp","href":"https:\/\/api.w.org\/{rel}","templated":true}]}}