{"id":6323,"date":"2025-02-28T09:01:17","date_gmt":"2025-02-28T09:01:17","guid":{"rendered":"https:\/\/www.ceramicbasin.com\/?post_type=product&#038;p=6323"},"modified":"2025-02-28T09:01:19","modified_gmt":"2025-02-28T09:01:19","slug":"wholesale-ceramic-sinks","status":"publish","type":"product","link":"https:\/\/www.ceramicbasin.com\/pt\/produto\/wholesale-ceramic-sinks\/","title":{"rendered":"F\u00e1brica de pias de cer\u00e2mica por atacado, pias quadradas de parede"},"content":{"rendered":"<div class=\"wp-block-columns is-layout-flex wp-container-core-columns-is-layout-9d6595d7 wp-block-columns-is-layout-flex\">\n<div class=\"wp-block-column is-layout-flow wp-block-column-is-layout-flow\">\n<h2 class=\"wp-block-heading\">Pias de cer\u00e2mica Premium Wholesale Carater\u00edsticas:<\/h2>\n\n\n\n<ul class=\"wp-block-list\">\n<li><strong>Simplicidade e eleg\u00e2ncia: <\/strong>Estes lavat\u00f3rios de cer\u00e2mica brancos quadrados montados na parede t\u00eam um design simples. Al\u00e9m disso, o material cer\u00e2mico branco \u00e9 suave e delicado, e f\u00e1cil de limpar.<\/li>\n\n\n\n<li><strong>Instala\u00e7\u00e3o na parede:<\/strong>\u00a0O design de montagem na parede deste lavat\u00f3rio de casa de banho suspenso por atacado poupa espa\u00e7o no ch\u00e3o e melhora a amplitude visual geral da casa de banho. \u00c9 cl\u00e1ssico e minimalista, f\u00e1cil de montar e ajust\u00e1vel a diferentes necessidades de altura, tornando a \u00e1rea de lavagem das m\u00e3os mais funcional e elegante.<\/li>\n\n\n\n<li><strong>Desconto para compras em massa:<\/strong>\u00a0Como um fabricante profissional de lavat\u00f3rios de cer\u00e2mica na China, a HanYu oferece pre\u00e7os muito competitivos de lavat\u00f3rios de cer\u00e2mica por atacado que s\u00e3o ideais para as necessidades de compra a granel de hot\u00e9is, escolas, hospitais e locais p\u00fablicos.<\/li>\n\n\n\n<li><strong>Sele\u00e7\u00e3o diversificada:\u00a0<\/strong>Oferecemos v\u00e1rios estilos, tamanhos e cores de lavat\u00f3rios de casa de banho de meio pedestal por atacado para os clientes seleccionarem, que atendem a diferentes estilos de decora\u00e7\u00e3o de casas de banho e podem ser incorporados facilmente em diferentes designs de decora\u00e7\u00e3o.<\/li>\n<\/ul>\n<\/div>\n\n\n\n<div class=\"wp-block-column is-layout-flow wp-block-column-is-layout-flow\">\n<figure class=\"wp-block-image size-full is-resized\"><img fetchpriority=\"high\" decoding=\"async\" width=\"980\" height=\"1432\" src=\"https:\/\/www.ceramicbasin.com\/wp-content\/uploads\/2025\/02\/Porcelain-basin-manufacturer-wall-hung-basin-sinks-6.webp\" alt=\"F\u00e1brica de pias de cer\u00e2mica por atacado, pias quadradas de parede-1\" class=\"wp-image-6314\" style=\"width:377px;height:auto\" srcset=\"https:\/\/www.ceramicbasin.com\/wp-content\/uploads\/2025\/02\/Porcelain-basin-manufacturer-wall-hung-basin-sinks-6.webp 980w, https:\/\/www.ceramicbasin.com\/wp-content\/uploads\/2025\/02\/Porcelain-basin-manufacturer-wall-hung-basin-sinks-6-205x300.webp 205w, https:\/\/www.ceramicbasin.com\/wp-content\/uploads\/2025\/02\/Porcelain-basin-manufacturer-wall-hung-basin-sinks-6-768x1122.webp 768w, https:\/\/www.ceramicbasin.com\/wp-content\/uploads\/2025\/02\/Porcelain-basin-manufacturer-wall-hung-basin-sinks-6-8x12.webp 8w, https:\/\/www.ceramicbasin.com\/wp-content\/uploads\/2025\/02\/Porcelain-basin-manufacturer-wall-hung-basin-sinks-6-285x416.webp 285w, https:\/\/www.ceramicbasin.com\/wp-content\/uploads\/2025\/02\/Porcelain-basin-manufacturer-wall-hung-basin-sinks-6-452x660.webp 452w, https:\/\/www.ceramicbasin.com\/wp-content\/uploads\/2025\/02\/Porcelain-basin-manufacturer-wall-hung-basin-sinks-6-103x150.webp 103w\" sizes=\"(max-width: 980px) 100vw, 980px\" \/><\/figure>\n<\/div>\n<\/div>","protected":false},"excerpt":{"rendered":"<p>Bem-vindo ao comprar lavat\u00f3rios de cer\u00e2mica por atacado. Este lavat\u00f3rio de casa de banho de montagem na parede, de forma quadrada, tem um estilo simples. A superf\u00edcie de cer\u00e2mica branca \u00e9 delicada e suave, e f\u00e1cil de limpar. N\u00f3s fornecemos pre\u00e7os por atacado muito favor\u00e1veis para pias de parede por atacado, que s\u00e3o adequados para a demanda de compras em grande escala de hot\u00e9is, escolas, hospitais e \u00e1reas p\u00fablicas.<\/p>\n<table style=\"border-collapse: collapse; width: 358.52pt;\" border=\"0\" width=\"478\" cellspacing=\"0\" cellpadding=\"0\">\n<tbody>\n<tr style=\"height: 17.25pt;\">\n<td class=\"et3\" style=\"height: 17.25pt; width: 125.00pt;\" width=\"166\" height=\"23\">Fabricante<\/td>\n<td class=\"et3\" style=\"width: 234.15pt;\" width=\"312\">HanYu<\/td>\n<\/tr>\n<tr style=\"height: 17.25pt;\">\n<td class=\"et3\" style=\"height: 17.25pt;\" height=\"23\">Modelo n.<\/td>\n<td class=\"et4\">HY-3121<\/td>\n<\/tr>\n<tr style=\"height: 17.25pt;\">\n<td class=\"et3\" style=\"height: 17.25pt;\" height=\"23\">Tipo<\/td>\n<td class=\"et5\" style=\"width: 234.15pt;\" width=\"312\">Lava-loi\u00e7as de parede<\/td>\n<\/tr>\n<tr style=\"height: 18.00pt;\">\n<td class=\"et3\" style=\"height: 18.00pt;\" height=\"24\">Forma<\/td>\n<td class=\"et3\">Forma quadrada<\/td>\n<\/tr>\n<tr style=\"height: 34.50pt;\">\n<td class=\"et4\" style=\"height: 34.50pt;\" height=\"46\">Cor<\/td>\n<td class=\"et5\" style=\"width: 234.15pt;\" width=\"312\">preto\/branco\/azul\/cinzento\/rosa\/verde\/castanho\/caqui<\/td>\n<\/tr>\n<tr style=\"height: 18.00pt;\">\n<td class=\"et3\" style=\"height: 18.00pt;\" height=\"24\">Dimens\u00e3o<\/td>\n<td class=\"et5\" style=\"width: 234.15pt;\" width=\"312\">42.5*42.5*40<\/td>\n<\/tr>\n<tr style=\"height: 17.25pt;\">\n<td class=\"et3\" style=\"height: 17.25pt;\" height=\"23\">N.W \/SET<\/td>\n<td class=\"et3\">22KGS\/PCS<\/td>\n<\/tr>\n<tr style=\"height: 17.25pt;\">\n<td class=\"et3\" style=\"height: 17.25pt;\" height=\"23\">MOQ<\/td>\n<td class=\"et3\">20 unidades<\/td>\n<\/tr>\n<tr style=\"height: 17.25pt;\">\n<td class=\"et3\" style=\"height: 17.25pt;\" height=\"23\">Op\u00e7\u00e3o personalizada<\/td>\n<td class=\"et3\">Cor\/Patente\/Tamanho\/Logotipo\/Embalagem<\/td>\n<\/tr>\n<\/tbody>\n<\/table>","protected":false},"featured_media":6313,"comment_status":"closed","ping_status":"closed","template":"","meta":{"_acf_changed":false},"product_brand":[],"product_cat":[57],"product_tag":[],"class_list":{"0":"post-6323","1":"product","2":"type-product","3":"status-publish","4":"has-post-thumbnail","6":"product_cat-wholesale-wall-mounted-sinks","8":"first","9":"instock","10":"shipping-taxable","11":"product-type-simple"},"acf":[],"_links":{"self":[{"href":"https:\/\/www.ceramicbasin.com\/pt\/wp-json\/wp\/v2\/product\/6323","targetHints":{"allow":["GET"]}}],"collection":[{"href":"https:\/\/www.ceramicbasin.com\/pt\/wp-json\/wp\/v2\/product"}],"about":[{"href":"https:\/\/www.ceramicbasin.com\/pt\/wp-json\/wp\/v2\/types\/product"}],"replies":[{"embeddable":true,"href":"https:\/\/www.ceramicbasin.com\/pt\/wp-json\/wp\/v2\/comments?post=6323"}],"wp:featuredmedia":[{"embeddable":true,"href":"https:\/\/www.ceramicbasin.com\/pt\/wp-json\/wp\/v2\/media\/6313"}],"wp:attachment":[{"href":"https:\/\/www.ceramicbasin.com\/pt\/wp-json\/wp\/v2\/media?parent=6323"}],"wp:term":[{"taxonomy":"product_brand","embeddable":true,"href":"https:\/\/www.ceramicbasin.com\/pt\/wp-json\/wp\/v2\/product_brand?post=6323"},{"taxonomy":"product_cat","embeddable":true,"href":"https:\/\/www.ceramicbasin.com\/pt\/wp-json\/wp\/v2\/product_cat?post=6323"},{"taxonomy":"product_tag","embeddable":true,"href":"https:\/\/www.ceramicbasin.com\/pt\/wp-json\/wp\/v2\/product_tag?post=6323"}],"curies":[{"name":"wp","href":"https:\/\/api.w.org\/{rel}","templated":true}]}}