{"id":6338,"date":"2025-03-07T08:45:36","date_gmt":"2025-03-07T08:45:36","guid":{"rendered":"https:\/\/www.ceramicbasin.com\/?post_type=product&#038;p=6338"},"modified":"2025-03-08T08:48:10","modified_gmt":"2025-03-08T08:48:10","slug":"wholesale-above-counter-vessel-sink","status":"publish","type":"product","link":"https:\/\/www.ceramicbasin.com\/pt\/produto\/wholesale-above-counter-vessel-sink\/","title":{"rendered":"Lavat\u00f3rio de vaso por atacado acima do balc\u00e3o, bacia de arte em branco creme"},"content":{"rendered":"<div class=\"wp-block-columns is-layout-flex wp-container-core-columns-is-layout-9d6595d7 wp-block-columns-is-layout-flex\">\n<div class=\"wp-block-column is-layout-flow wp-block-column-is-layout-flow\">\n<h2 class=\"wp-block-heading\">Carater\u00edsticas do lavat\u00f3rio de vaso de balc\u00e3o Premium Wholesale Above Counter:<\/h2>\n\n\n\n<ul class=\"wp-block-list\">\n<li><strong>Design em branco creme mate, suave e elegante: <\/strong>Esta pia de vaso fosco por atacado acima do balc\u00e3o adota um amarelo fosco quente e macio, mostrando moda e sofistica\u00e7\u00e3o, adequado para estilos de banheiro modernos, n\u00f3rdicos, minimalistas e personalizados, tornando o espa\u00e7o do banheiro mais aconchegante e \u00fanico.<\/li>\n\n\n\n<li><strong>Material s\u00f3lido de alta qualidade, resistente e duradouro: <\/strong>As nossas bacias de balc\u00e3o branco creme por atacado utilizam material de superf\u00edcie s\u00f3lida de alta qualidade com estrutura n\u00e3o porosa, que tem excelente resist\u00eancia a manchas, imperme\u00e1vel e resist\u00eancia a riscos, garantindo que pode manter a beleza e durabilidade ap\u00f3s o uso a longo prazo.<\/li>\n\n\n\n<li><strong>Design da bancada, simples e elegante: <\/strong>Este lava-loi\u00e7a de bancada mate por atacado adopta o design de bacia de bancada, com linhas suaves e f\u00e1cil instala\u00e7\u00e3o. Pode combinar perfeitamente com v\u00e1rias bancadas de casa de banho, n\u00e3o s\u00f3 real\u00e7ando a beleza do espa\u00e7o, mas tamb\u00e9m proporcionando uma experi\u00eancia de lavagem espa\u00e7osa.<\/li>\n\n\n\n<li><strong>Suporte \u00e0 personaliza\u00e7\u00e3o, adaptando-se a uma variedade de necessidades comerciais e dom\u00e9sticas:<\/strong> As nossas bacias de balc\u00e3o brancas mate por atacado oferecem op\u00e7\u00f5es personalizadas de tamanho, cor e forma, que podem satisfazer as diversas necessidades de hot\u00e9is de luxo, resid\u00eancias boutique, espa\u00e7os comerciais e projectos de casas de banho personalizadas, criando uma experi\u00eancia de casa de banho \u00fanica e avan\u00e7ada.<\/li>\n<\/ul>\n<\/div>\n\n\n\n<div class=\"wp-block-column is-layout-flow wp-block-column-is-layout-flow\">\n<figure class=\"wp-block-image size-full\"><img fetchpriority=\"high\" decoding=\"async\" width=\"827\" height=\"1205\" src=\"https:\/\/www.ceramicbasin.com\/wp-content\/uploads\/2025\/03\/Countertop-Matt-Color-sink-6.webp\" alt=\"Lavat\u00f3rio de vaso por atacado acima do balc\u00e3o, branco creme Art Basin-1\" class=\"wp-image-6339\" srcset=\"https:\/\/www.ceramicbasin.com\/wp-content\/uploads\/2025\/03\/Countertop-Matt-Color-sink-6.webp 827w, https:\/\/www.ceramicbasin.com\/wp-content\/uploads\/2025\/03\/Countertop-Matt-Color-sink-6-206x300.webp 206w, https:\/\/www.ceramicbasin.com\/wp-content\/uploads\/2025\/03\/Countertop-Matt-Color-sink-6-768x1119.webp 768w, https:\/\/www.ceramicbasin.com\/wp-content\/uploads\/2025\/03\/Countertop-Matt-Color-sink-6-8x12.webp 8w, https:\/\/www.ceramicbasin.com\/wp-content\/uploads\/2025\/03\/Countertop-Matt-Color-sink-6-285x415.webp 285w, https:\/\/www.ceramicbasin.com\/wp-content\/uploads\/2025\/03\/Countertop-Matt-Color-sink-6-453x660.webp 453w, https:\/\/www.ceramicbasin.com\/wp-content\/uploads\/2025\/03\/Countertop-Matt-Color-sink-6-103x150.webp 103w\" sizes=\"(max-width: 827px) 100vw, 827px\" \/><figcaption class=\"wp-element-caption\">Lavat\u00f3rio de vaso por atacado acima do balc\u00e3o, branco creme Art Basin-1<\/figcaption><\/figure>\n<\/div>\n<\/div>","protected":false},"excerpt":{"rendered":"<p>Bem-vindo \u00e0 compra de lavat\u00f3rios de balc\u00e3o por grosso. O nosso lavat\u00f3rio de bancada branco mate por atacado \u00e9 moderno e elegante. O material \u00e9 s\u00f3lido e s\u00f3lido, resistente a arranh\u00f5es e manchas. A instala\u00e7\u00e3o na bancada \u00e9 f\u00e1cil e elegante, e suporta a personaliza\u00e7\u00e3o, adaptando-se bem a espa\u00e7os de banho comerciais e dom\u00e9sticos de alta qualidade.<\/p>\n<table style=\"border-collapse: collapse; width: 311.02pt;\" border=\"0\" width=\"311\" cellspacing=\"0\" cellpadding=\"0\">\n<tbody>\n<tr style=\"height: 17.60pt;\">\n<td class=\"et3\" style=\"height: 17.60pt; width: 108.35pt;\" width=\"108\" height=\"17\">Fabricante<\/td>\n<td class=\"et3\" style=\"width: 202.95pt;\" width=\"202\">HanYu<\/td>\n<\/tr>\n<tr style=\"height: 17.60pt;\">\n<td class=\"et3\" style=\"height: 17.60pt;\" height=\"17\">Modelo n.<\/td>\n<td class=\"et4\">HY-8069PY<\/td>\n<\/tr>\n<tr style=\"height: 17.60pt;\">\n<td class=\"et3\" style=\"height: 17.60pt;\" height=\"17\">Tipo<\/td>\n<td class=\"et3\">Lavat\u00f3rio de bancada<\/td>\n<\/tr>\n<tr style=\"height: 17.60pt;\">\n<td class=\"et3\" style=\"height: 17.60pt;\" height=\"17\">Forma<\/td>\n<td class=\"et3\">Forma redonda<\/td>\n<\/tr>\n<tr style=\"height: 17.60pt;\">\n<td class=\"et4\" style=\"height: 17.60pt;\" height=\"17\">Cor<\/td>\n<td class=\"et3\">Amarelo<\/td>\n<\/tr>\n<tr style=\"height: 18.00pt;\">\n<td class=\"et3\" style=\"height: 18.00pt;\" height=\"18\">Dimens\u00e3o<\/td>\n<td class=\"et5\" style=\"width: 202.95pt;\" width=\"202\">41.5*41.5*13.5<\/td>\n<\/tr>\n<tr style=\"height: 17.60pt;\">\n<td class=\"et3\" style=\"height: 17.60pt;\" height=\"17\">N.W \/SET<\/td>\n<td class=\"et3\">8KGS\/PCS<\/td>\n<\/tr>\n<tr style=\"height: 17.60pt;\">\n<td class=\"et3\" style=\"height: 17.60pt;\" height=\"17\">MOQ<\/td>\n<td class=\"et3\">20 unidades<\/td>\n<\/tr>\n<tr style=\"height: 17.60pt;\">\n<td class=\"et3\" style=\"height: 17.60pt;\" height=\"17\">Op\u00e7\u00e3o personalizada<\/td>\n<td class=\"et3\">Cor\/Patente\/Tamanho\/Logotipo\/Embalagem<\/td>\n<\/tr>\n<\/tbody>\n<\/table>","protected":false},"featured_media":6340,"comment_status":"closed","ping_status":"closed","template":"","meta":{"_acf_changed":false},"product_brand":[],"product_cat":[55,50],"product_tag":[],"class_list":{"0":"post-6338","1":"product","2":"type-product","3":"status-publish","4":"has-post-thumbnail","6":"product_cat-wholesale-matte-sinks","7":"product_cat-wholesale-countertop-sinks","9":"first","10":"instock","11":"shipping-taxable","12":"product-type-simple"},"acf":[],"_links":{"self":[{"href":"https:\/\/www.ceramicbasin.com\/pt\/wp-json\/wp\/v2\/product\/6338","targetHints":{"allow":["GET"]}}],"collection":[{"href":"https:\/\/www.ceramicbasin.com\/pt\/wp-json\/wp\/v2\/product"}],"about":[{"href":"https:\/\/www.ceramicbasin.com\/pt\/wp-json\/wp\/v2\/types\/product"}],"replies":[{"embeddable":true,"href":"https:\/\/www.ceramicbasin.com\/pt\/wp-json\/wp\/v2\/comments?post=6338"}],"wp:featuredmedia":[{"embeddable":true,"href":"https:\/\/www.ceramicbasin.com\/pt\/wp-json\/wp\/v2\/media\/6340"}],"wp:attachment":[{"href":"https:\/\/www.ceramicbasin.com\/pt\/wp-json\/wp\/v2\/media?parent=6338"}],"wp:term":[{"taxonomy":"product_brand","embeddable":true,"href":"https:\/\/www.ceramicbasin.com\/pt\/wp-json\/wp\/v2\/product_brand?post=6338"},{"taxonomy":"product_cat","embeddable":true,"href":"https:\/\/www.ceramicbasin.com\/pt\/wp-json\/wp\/v2\/product_cat?post=6338"},{"taxonomy":"product_tag","embeddable":true,"href":"https:\/\/www.ceramicbasin.com\/pt\/wp-json\/wp\/v2\/product_tag?post=6338"}],"curies":[{"name":"wp","href":"https:\/\/api.w.org\/{rel}","templated":true}]}}