{"id":6345,"date":"2025-03-07T08:51:51","date_gmt":"2025-03-07T08:51:51","guid":{"rendered":"https:\/\/www.ceramicbasin.com\/?post_type=product&#038;p=6345"},"modified":"2025-03-08T08:31:43","modified_gmt":"2025-03-08T08:31:43","slug":"above-counter-vessel-sink-wholesale","status":"publish","type":"product","link":"https:\/\/www.ceramicbasin.com\/pt\/produto\/above-counter-vessel-sink-wholesale\/","title":{"rendered":"Lavat\u00f3rio de cuba de Matt acima do balc\u00e3o por atacado, lavat\u00f3rio roxo de lavanda"},"content":{"rendered":"<div class=\"wp-block-columns is-layout-flex wp-container-core-columns-is-layout-9d6595d7 wp-block-columns-is-layout-flex\">\n<div class=\"wp-block-column is-layout-flow wp-block-column-is-layout-flow\">\n<h2 class=\"wp-block-heading\">Lavat\u00f3rio de vaso de balc\u00e3o superior Premium Carater\u00edsticas por atacado:<\/h2>\n\n\n\n<ul class=\"wp-block-list\">\n<li><strong>P\u00farpura lavanda fresca, criando uma atmosfera confort\u00e1vel: <\/strong>Este lava-loi\u00e7a de balc\u00e3o por atacado utiliza um esmalte mate roxo lavanda suave, apresentando um efeito visual fresco e natural, acrescentando um toque de eleg\u00e2ncia ao espa\u00e7o de banho comercial, criando uma atmosfera relaxante e confort\u00e1vel, e \u00e9 adequado para designs de interiores modernos, n\u00f3rdicos e minimalistas.<\/li>\n\n\n\n<li><strong>Textura mate, discreta e topo de gama: <\/strong>Este lavat\u00f3rio personalizado utiliza um tratamento \u00fanico de esmalte mate, que \u00e9 delicado e quente, n\u00e3o reflecte a luz, pode reduzir eficazmente as impress\u00f5es digitais e as manchas de \u00e1gua e mant\u00e9m a limpeza e a beleza durante muito tempo, apresentando uma textura discreta e luxuosa.<\/li>\n\n\n\n<li><strong>Cer\u00e2mica de alta resist\u00eancia, resistente \u00e0s manchas e dur\u00e1vel: <\/strong>Este lava-loi\u00e7a de balc\u00e3o por atacado \u00e9 constru\u00eddo a partir de material cer\u00e2mico de alta qualidade e cozido a alta temperatura. Tem uma elevada resist\u00eancia \u00e0s manchas e aos riscos. Pode ser utilizado em locais comerciais com elevada frequ\u00eancia de utiliza\u00e7\u00e3o, tais como hot\u00e9is, restaurantes, edif\u00edcios de escrit\u00f3rios, centros comerciais e outras casas de banho p\u00fablicas, para que possa permanecer brilhante e limpo ap\u00f3s uma longa utiliza\u00e7\u00e3o.<\/li>\n\n\n\n<li><strong>Design personaliz\u00e1vel, adapt\u00e1vel a uma variedade de necessidades comerciais: <\/strong>O nosso lavat\u00f3rio roxo mate feito \u00e0 medida suporta solu\u00e7\u00f5es personalizadas, tais como tamanho, forma, cor, etc., e pode criar solu\u00e7\u00f5es de casa de banho individuais de acordo com as necessidades de diferentes locais comerciais, combinando personaliza\u00e7\u00e3o e funcionalidade para satisfazer as necessidades de personaliza\u00e7\u00e3o topo de gama.<\/li>\n<\/ul>\n<\/div>\n\n\n\n<div class=\"wp-block-column is-layout-flow wp-block-column-is-layout-flow\">\n<figure class=\"wp-block-image size-full\"><img fetchpriority=\"high\" decoding=\"async\" width=\"827\" height=\"1225\" src=\"https:\/\/www.ceramicbasin.com\/wp-content\/uploads\/2025\/03\/Hot-sales-Matt-purple-round-sink-6.webp\" alt=\"Lavat\u00f3rio de cuba de Matt acima do balc\u00e3o por atacado, lavat\u00f3rio roxo de lavanda-1\" class=\"wp-image-6353\" srcset=\"https:\/\/www.ceramicbasin.com\/wp-content\/uploads\/2025\/03\/Hot-sales-Matt-purple-round-sink-6.webp 827w, https:\/\/www.ceramicbasin.com\/wp-content\/uploads\/2025\/03\/Hot-sales-Matt-purple-round-sink-6-203x300.webp 203w, https:\/\/www.ceramicbasin.com\/wp-content\/uploads\/2025\/03\/Hot-sales-Matt-purple-round-sink-6-768x1138.webp 768w, https:\/\/www.ceramicbasin.com\/wp-content\/uploads\/2025\/03\/Hot-sales-Matt-purple-round-sink-6-8x12.webp 8w, https:\/\/www.ceramicbasin.com\/wp-content\/uploads\/2025\/03\/Hot-sales-Matt-purple-round-sink-6-285x422.webp 285w, https:\/\/www.ceramicbasin.com\/wp-content\/uploads\/2025\/03\/Hot-sales-Matt-purple-round-sink-6-446x660.webp 446w, https:\/\/www.ceramicbasin.com\/wp-content\/uploads\/2025\/03\/Hot-sales-Matt-purple-round-sink-6-101x150.webp 101w\" sizes=\"(max-width: 827px) 100vw, 827px\" \/><\/figure>\n<\/div>\n<\/div>","protected":false},"excerpt":{"rendered":"<p>Bem-vindo \u00e0 compra de lavat\u00f3rios feitos \u00e0 medida. O nosso lavat\u00f3rio roxo mate acima do balc\u00e3o \u00e9 fresco e elegante, adequado para espa\u00e7os comerciais modernos. As cer\u00e2micas de alta qualidade s\u00e3o resistentes a manchas e dur\u00e1veis, o esmalte mate \u00e9 discreto e avan\u00e7ado, suporta um design personalizado e adapta-se perfeitamente a todos os tipos de casas de banho.<\/p>\n<table style=\"border-collapse: collapse; width: 311.02pt;\" border=\"0\" width=\"311\" cellspacing=\"0\" cellpadding=\"0\">\n<tbody>\n<tr style=\"height: 17.60pt;\">\n<td class=\"et3\" style=\"height: 17.60pt; width: 108.35pt;\" width=\"108\" height=\"17\">Fabricante<\/td>\n<td class=\"et3\" style=\"width: 202.95pt;\" width=\"202\">HanYu<\/td>\n<\/tr>\n<tr style=\"height: 17.60pt;\">\n<td class=\"et3\" style=\"height: 17.60pt;\" height=\"17\">Modelo n.<\/td>\n<td class=\"et4\">HY-8069PP<\/td>\n<\/tr>\n<tr style=\"height: 17.60pt;\">\n<td class=\"et3\" style=\"height: 17.60pt;\" height=\"17\">Tipo<\/td>\n<td class=\"et3\">Lavat\u00f3rio de bancada<\/td>\n<\/tr>\n<tr style=\"height: 17.60pt;\">\n<td class=\"et3\" style=\"height: 17.60pt;\" height=\"17\">Forma<\/td>\n<td class=\"et3\">Forma redonda<\/td>\n<\/tr>\n<tr style=\"height: 17.60pt;\">\n<td class=\"et4\" style=\"height: 17.60pt;\" height=\"17\">Cor<\/td>\n<td class=\"et3\">P\u00farpura<\/td>\n<\/tr>\n<tr style=\"height: 18.00pt;\">\n<td class=\"et3\" style=\"height: 18.00pt;\" height=\"18\">Dimens\u00e3o\u00a0<\/td>\n<td class=\"et5\" style=\"width: 202.95pt;\" width=\"202\">41.5*41.5*13.5<\/td>\n<\/tr>\n<tr style=\"height: 17.60pt;\">\n<td class=\"et3\" style=\"height: 17.60pt;\" height=\"17\">N.W \/SET<\/td>\n<td class=\"et3\">8KGS\/PCS<\/td>\n<\/tr>\n<tr style=\"height: 17.60pt;\">\n<td class=\"et3\" style=\"height: 17.60pt;\" height=\"17\">MOQ<\/td>\n<td class=\"et3\">20 unidades<\/td>\n<\/tr>\n<tr style=\"height: 17.60pt;\">\n<td class=\"et3\" style=\"height: 17.60pt;\" height=\"17\">Op\u00e7\u00e3o personalizada<\/td>\n<td class=\"et3\">Cor\/Patente\/Tamanho\/Logotipo\/Embalagem<\/td>\n<\/tr>\n<\/tbody>\n<\/table>","protected":false},"featured_media":6355,"comment_status":"closed","ping_status":"closed","template":"","meta":{"_acf_changed":false},"product_brand":[],"product_cat":[50,55],"product_tag":[],"class_list":{"0":"post-6345","1":"product","2":"type-product","3":"status-publish","4":"has-post-thumbnail","6":"product_cat-wholesale-countertop-sinks","7":"product_cat-wholesale-matte-sinks","9":"first","10":"instock","11":"shipping-taxable","12":"product-type-simple"},"acf":[],"_links":{"self":[{"href":"https:\/\/www.ceramicbasin.com\/pt\/wp-json\/wp\/v2\/product\/6345","targetHints":{"allow":["GET"]}}],"collection":[{"href":"https:\/\/www.ceramicbasin.com\/pt\/wp-json\/wp\/v2\/product"}],"about":[{"href":"https:\/\/www.ceramicbasin.com\/pt\/wp-json\/wp\/v2\/types\/product"}],"replies":[{"embeddable":true,"href":"https:\/\/www.ceramicbasin.com\/pt\/wp-json\/wp\/v2\/comments?post=6345"}],"wp:featuredmedia":[{"embeddable":true,"href":"https:\/\/www.ceramicbasin.com\/pt\/wp-json\/wp\/v2\/media\/6355"}],"wp:attachment":[{"href":"https:\/\/www.ceramicbasin.com\/pt\/wp-json\/wp\/v2\/media?parent=6345"}],"wp:term":[{"taxonomy":"product_brand","embeddable":true,"href":"https:\/\/www.ceramicbasin.com\/pt\/wp-json\/wp\/v2\/product_brand?post=6345"},{"taxonomy":"product_cat","embeddable":true,"href":"https:\/\/www.ceramicbasin.com\/pt\/wp-json\/wp\/v2\/product_cat?post=6345"},{"taxonomy":"product_tag","embeddable":true,"href":"https:\/\/www.ceramicbasin.com\/pt\/wp-json\/wp\/v2\/product_tag?post=6345"}],"curies":[{"name":"wp","href":"https:\/\/api.w.org\/{rel}","templated":true}]}}