{"id":6402,"date":"2025-03-12T08:00:53","date_gmt":"2025-03-12T08:00:53","guid":{"rendered":"https:\/\/www.ceramicbasin.com\/?post_type=product&#038;p=6402"},"modified":"2025-03-14T03:52:50","modified_gmt":"2025-03-14T03:52:50","slug":"wall-mounted-sink-wholesale","status":"publish","type":"product","link":"https:\/\/www.ceramicbasin.com\/pt\/produto\/wall-mounted-sink-wholesale\/","title":{"rendered":"Lavat\u00f3rio de parede por atacado, lavat\u00f3rios de cer\u00e2mica dur\u00e1veis para vasos"},"content":{"rendered":"<div class=\"wp-block-columns is-layout-flex wp-container-core-columns-is-layout-9d6595d7 wp-block-columns-is-layout-flex\">\n<div class=\"wp-block-column is-layout-flow wp-block-column-is-layout-flow\">\n<h2 class=\"wp-block-heading\">Lavat\u00f3rio de parede Premium por atacado:<\/h2>\n\n\n\n<ul class=\"wp-block-list\">\n<li><strong>Vendas a quente: <\/strong>Este lavat\u00f3rio de cer\u00e2mica para montagem na parede \u00e9 bem recebido pelo mercado devido \u00e0 sua durabilidade, cor uniforme, f\u00e1cil limpeza e manuten\u00e7\u00e3o e desempenho de alto custo.<\/li>\n\n\n\n<li><strong>Instala\u00e7\u00e3o na parede:\u00a0<\/strong>O design de montagem na parede destes lavat\u00f3rios de cer\u00e2mica por atacado poupa espa\u00e7o e \u00e9 f\u00e1cil de limpar. Este lavat\u00f3rio de casa de banho por atacado \u00e9 particularmente adequado para casas de banho modernas e compactas, melhorando a limpeza e a modernidade de todo o espa\u00e7o.<\/li>\n\n\n\n<li><strong>Forte capacidade de produ\u00e7\u00e3o: <\/strong>O nosso grande armaz\u00e9m cont\u00e9m v\u00e1rios tipos de pia de cer\u00e2mica montada na parede por atacado. Escolha os itens que est\u00e3o em produ\u00e7\u00e3o. Temos bacias brancas suficientes para fazer bacias de cor de m\u00e1rmore, por isso o tempo de envio seria mais curto.<\/li>\n\n\n\n<li><strong>Design elegante: <\/strong>O nosso lavat\u00f3rio de cer\u00e2mica para vasos suspenso na parede acrescenta um toque de eleg\u00e2ncia e modernidade a qualquer casa de banho, tornando-o um ponto focal com estilo. H\u00e1 um espa\u00e7o reto perto da torneira, onde se pode colocar champ\u00f4 ou telem\u00f3vel.<\/li>\n<\/ul>\n<\/div>\n\n\n\n<div class=\"wp-block-column is-layout-flow wp-block-column-is-layout-flow\">\n<figure class=\"wp-block-image size-full\"><img fetchpriority=\"high\" decoding=\"async\" width=\"800\" height=\"800\" src=\"https:\/\/www.ceramicbasin.com\/wp-content\/uploads\/2025\/03\/wall-mount-bathroom-basinceramic-wall-hung-wash-basinwall-hung-sink6.webp\" alt=\"Lavat\u00f3rio de parede por atacado, pias de cer\u00e2mica dur\u00e1veis para vasos-1\" class=\"wp-image-6408\" srcset=\"https:\/\/www.ceramicbasin.com\/wp-content\/uploads\/2025\/03\/wall-mount-bathroom-basinceramic-wall-hung-wash-basinwall-hung-sink6.webp 800w, https:\/\/www.ceramicbasin.com\/wp-content\/uploads\/2025\/03\/wall-mount-bathroom-basinceramic-wall-hung-wash-basinwall-hung-sink6-300x300.webp 300w, https:\/\/www.ceramicbasin.com\/wp-content\/uploads\/2025\/03\/wall-mount-bathroom-basinceramic-wall-hung-wash-basinwall-hung-sink6-150x150.webp 150w, https:\/\/www.ceramicbasin.com\/wp-content\/uploads\/2025\/03\/wall-mount-bathroom-basinceramic-wall-hung-wash-basinwall-hung-sink6-768x768.webp 768w, https:\/\/www.ceramicbasin.com\/wp-content\/uploads\/2025\/03\/wall-mount-bathroom-basinceramic-wall-hung-wash-basinwall-hung-sink6-12x12.webp 12w, https:\/\/www.ceramicbasin.com\/wp-content\/uploads\/2025\/03\/wall-mount-bathroom-basinceramic-wall-hung-wash-basinwall-hung-sink6-285x285.webp 285w, https:\/\/www.ceramicbasin.com\/wp-content\/uploads\/2025\/03\/wall-mount-bathroom-basinceramic-wall-hung-wash-basinwall-hung-sink6-270x270.webp 270w, https:\/\/www.ceramicbasin.com\/wp-content\/uploads\/2025\/03\/wall-mount-bathroom-basinceramic-wall-hung-wash-basinwall-hung-sink6-540x540.webp 540w, https:\/\/www.ceramicbasin.com\/wp-content\/uploads\/2025\/03\/wall-mount-bathroom-basinceramic-wall-hung-wash-basinwall-hung-sink6-660x660.webp 660w\" sizes=\"(max-width: 800px) 100vw, 800px\" \/><\/figure>\n<\/div>\n<\/div>","protected":false},"excerpt":{"rendered":"<p>Bem-vindo \u00e0 compra de lavat\u00f3rio de cer\u00e2mica para montagem na parede por atacado. Este lavat\u00f3rio de cer\u00e2mica por atacado \u00e9 particularmente adequado para pequenas casas de banho modernas, trazendo limpeza e modernidade a toda a \u00e1rea. Estes lavat\u00f3rios de casa de banho por atacado s\u00e3o dur\u00e1veis e f\u00e1ceis de limpar, com superf\u00edcies lisas e macias.<\/p>\n<table style=\"border-collapse: collapse; width: 311.02pt;\" border=\"0\" width=\"311\" cellspacing=\"0\" cellpadding=\"0\">\n<tbody>\n<tr style=\"height: 17.60pt;\">\n<td class=\"et3\" style=\"height: 17.60pt; width: 108.35pt;\" width=\"108\" height=\"17\">Fabricante<\/td>\n<td class=\"et3\" style=\"width: 202.95pt;\" width=\"202\">HanYu<\/td>\n<\/tr>\n<tr style=\"height: 17.60pt;\">\n<td class=\"et3\" style=\"height: 17.60pt;\" height=\"17\">Modelo n.<\/td>\n<td class=\"et4\">HY-3087A<\/td>\n<\/tr>\n<tr style=\"height: 17.60pt;\">\n<td class=\"et3\" style=\"height: 17.60pt;\" height=\"17\">Tipo<\/td>\n<td class=\"et3\">Pequenos lavat\u00f3rios de casa de banho\/lavat\u00f3rios de parede<\/td>\n<\/tr>\n<tr style=\"height: 17.60pt;\">\n<td class=\"et3\" style=\"height: 17.60pt;\" height=\"17\">Forma<\/td>\n<td class=\"et3\">\u00a0Forma quadrada<\/td>\n<\/tr>\n<tr style=\"height: 17.60pt;\">\n<td class=\"et4\" style=\"height: 17.60pt;\" height=\"17\">Cor<\/td>\n<td class=\"et3\">Branco<\/td>\n<\/tr>\n<tr style=\"height: 18.00pt;\">\n<td class=\"et3\" style=\"height: 18.00pt;\" height=\"18\">Dimens\u00e3o<\/td>\n<td class=\"et6\" style=\"width: 202.95pt;\" width=\"202\">52*40*12.5<\/td>\n<\/tr>\n<tr style=\"height: 17.60pt;\">\n<td class=\"et3\" style=\"height: 17.60pt;\" height=\"17\">N.W \/SET<\/td>\n<td class=\"et3\">12KGS\/PCS<\/td>\n<\/tr>\n<tr style=\"height: 17.60pt;\">\n<td class=\"et3\" style=\"height: 17.60pt;\" height=\"17\">MOQ<\/td>\n<td class=\"et3\">20 unidades<\/td>\n<\/tr>\n<tr style=\"height: 17.60pt;\">\n<td class=\"et3\" style=\"height: 17.60pt;\" height=\"17\">Op\u00e7\u00e3o personalizada<\/td>\n<td class=\"et3\">Cor\/Patente\/Tamanho\/Logotipo\/Embalagem<\/td>\n<\/tr>\n<\/tbody>\n<\/table>\n<p>&nbsp;<\/p>","protected":false},"featured_media":6406,"comment_status":"closed","ping_status":"closed","template":"","meta":{"_acf_changed":false},"product_brand":[],"product_cat":[57],"product_tag":[],"class_list":{"0":"post-6402","1":"product","2":"type-product","3":"status-publish","4":"has-post-thumbnail","6":"product_cat-wholesale-wall-mounted-sinks","8":"first","9":"instock","10":"shipping-taxable","11":"product-type-simple"},"acf":[],"_links":{"self":[{"href":"https:\/\/www.ceramicbasin.com\/pt\/wp-json\/wp\/v2\/product\/6402","targetHints":{"allow":["GET"]}}],"collection":[{"href":"https:\/\/www.ceramicbasin.com\/pt\/wp-json\/wp\/v2\/product"}],"about":[{"href":"https:\/\/www.ceramicbasin.com\/pt\/wp-json\/wp\/v2\/types\/product"}],"replies":[{"embeddable":true,"href":"https:\/\/www.ceramicbasin.com\/pt\/wp-json\/wp\/v2\/comments?post=6402"}],"wp:featuredmedia":[{"embeddable":true,"href":"https:\/\/www.ceramicbasin.com\/pt\/wp-json\/wp\/v2\/media\/6406"}],"wp:attachment":[{"href":"https:\/\/www.ceramicbasin.com\/pt\/wp-json\/wp\/v2\/media?parent=6402"}],"wp:term":[{"taxonomy":"product_brand","embeddable":true,"href":"https:\/\/www.ceramicbasin.com\/pt\/wp-json\/wp\/v2\/product_brand?post=6402"},{"taxonomy":"product_cat","embeddable":true,"href":"https:\/\/www.ceramicbasin.com\/pt\/wp-json\/wp\/v2\/product_cat?post=6402"},{"taxonomy":"product_tag","embeddable":true,"href":"https:\/\/www.ceramicbasin.com\/pt\/wp-json\/wp\/v2\/product_tag?post=6402"}],"curies":[{"name":"wp","href":"https:\/\/api.w.org\/{rel}","templated":true}]}}