{"id":6409,"date":"2025-03-12T08:25:53","date_gmt":"2025-03-12T08:25:53","guid":{"rendered":"https:\/\/www.ceramicbasin.com\/?post_type=product&#038;p=6409"},"modified":"2025-03-14T03:44:24","modified_gmt":"2025-03-14T03:44:24","slug":"wall-hung-sink-wholesale","status":"publish","type":"product","link":"https:\/\/www.ceramicbasin.com\/pt\/produto\/wall-hung-sink-wholesale\/","title":{"rendered":"Lavat\u00f3rio de cer\u00e2mica suspenso por atacado, lavat\u00f3rios de fornecimento de f\u00e1brica"},"content":{"rendered":"<div class=\"wp-block-columns is-layout-flex wp-container-core-columns-is-layout-9d6595d7 wp-block-columns-is-layout-flex\">\n<div class=\"wp-block-column is-layout-flow wp-block-column-is-layout-flow\">\n<h2 class=\"wp-block-heading\">Lavat\u00f3rio de parede Premium Carater\u00edsticas por atacado:<\/h2>\n\n\n\n<ul class=\"wp-block-list\">\n<li><strong>Design simples e quadrado: <\/strong>Este lavat\u00f3rio de cer\u00e2mica suspenso na parede tem um design quadrado simples com linhas simples e uma forma moderna. \u00c9 muito f\u00e1cil de incorporar em qualquer design de casa de banho. \u00c9 ideal para uso em casas residenciais, hot\u00e9is, apartamentos e constru\u00e7\u00f5es comerciais para adicionar a beleza geral do espa\u00e7o.<\/li>\n\n\n\n<li><strong>Poupan\u00e7a de espa\u00e7o: <\/strong>Com um design de montagem na parede, estes lavat\u00f3rios de fornecimento de f\u00e1brica podem ser instalados na parede sem ocupar espa\u00e7o no ch\u00e3o. Ideal apenas para casas de banho pequenas ou com espa\u00e7o limitado. Embora seja f\u00e1cil de limpar, reduz os cantos mortos sanit\u00e1rios.<\/li>\n\n\n\n<li><strong>Bancada de arruma\u00e7\u00e3o pr\u00e1tica: <\/strong>Este lavat\u00f3rio de cer\u00e2mica suspenso na parede foi concebido com uma bancada de arruma\u00e7\u00e3o que pode conter artigos do quotidiano, como desinfetante para as m\u00e3os e copos para escovas de dentes, para aumentar a praticidade, de modo a que as casas de banho com pouco espa\u00e7o tamb\u00e9m possam permanecer arrumadas e organizadas para proporcionar aos utilizadores uma experi\u00eancia de utiliza\u00e7\u00e3o mais conveniente.<\/li>\n\n\n\n<li><strong>Duradouro: <\/strong>Os nossos lavat\u00f3rios de f\u00e1brica s\u00e3o feitos de cer\u00e2mica de alta qualidade que \u00e9 cozida a alta temperatura. A superf\u00edcie \u00e9 firme e lisa, n\u00e3o \u00e9 f\u00e1cil de sujar e riscar, \u00e9 antibacteriana e simples de limpar. Pode permanecer limpo e brilhante ap\u00f3s anos de servi\u00e7o, mantendo o ambiente da casa de banho limpo e elegante.<\/li>\n<\/ul>\n<\/div>\n\n\n\n<div class=\"wp-block-column is-layout-flow wp-block-column-is-layout-flow\">\n<figure class=\"wp-block-image size-full\"><img fetchpriority=\"high\" decoding=\"async\" width=\"800\" height=\"800\" src=\"https:\/\/www.ceramicbasin.com\/wp-content\/uploads\/2025\/03\/wall-mounted-sink-vanitywall-hung-basinwhite-sink-bathroom6.webp\" alt=\"Lavat\u00f3rio de cer\u00e2mica suspenso por atacado, Lavat\u00f3rios de fornecimento de f\u00e1brica-1\" class=\"wp-image-6415\" srcset=\"https:\/\/www.ceramicbasin.com\/wp-content\/uploads\/2025\/03\/wall-mounted-sink-vanitywall-hung-basinwhite-sink-bathroom6.webp 800w, https:\/\/www.ceramicbasin.com\/wp-content\/uploads\/2025\/03\/wall-mounted-sink-vanitywall-hung-basinwhite-sink-bathroom6-300x300.webp 300w, https:\/\/www.ceramicbasin.com\/wp-content\/uploads\/2025\/03\/wall-mounted-sink-vanitywall-hung-basinwhite-sink-bathroom6-150x150.webp 150w, https:\/\/www.ceramicbasin.com\/wp-content\/uploads\/2025\/03\/wall-mounted-sink-vanitywall-hung-basinwhite-sink-bathroom6-768x768.webp 768w, https:\/\/www.ceramicbasin.com\/wp-content\/uploads\/2025\/03\/wall-mounted-sink-vanitywall-hung-basinwhite-sink-bathroom6-12x12.webp 12w, https:\/\/www.ceramicbasin.com\/wp-content\/uploads\/2025\/03\/wall-mounted-sink-vanitywall-hung-basinwhite-sink-bathroom6-285x285.webp 285w, https:\/\/www.ceramicbasin.com\/wp-content\/uploads\/2025\/03\/wall-mounted-sink-vanitywall-hung-basinwhite-sink-bathroom6-270x270.webp 270w, https:\/\/www.ceramicbasin.com\/wp-content\/uploads\/2025\/03\/wall-mounted-sink-vanitywall-hung-basinwhite-sink-bathroom6-540x540.webp 540w, https:\/\/www.ceramicbasin.com\/wp-content\/uploads\/2025\/03\/wall-mounted-sink-vanitywall-hung-basinwhite-sink-bathroom6-660x660.webp 660w\" sizes=\"(max-width: 800px) 100vw, 800px\" \/><\/figure>\n<\/div>\n<\/div>\n\n\n\n<p><\/p>","protected":false},"excerpt":{"rendered":"<p>Bem-vindo \u00e0 compra de lavat\u00f3rio de cer\u00e2mica suspenso na parede por atacado. Os nossos lavat\u00f3rios de fornecimento de f\u00e1brica t\u00eam um design simples e moderno. A forma quadrada e a bancada de armazenamento funcional n\u00e3o s\u00f3 economizam espa\u00e7o, mas tamb\u00e9m fornecem fun\u00e7\u00e3o de armazenamento adicional, que \u00e9 bastante adequada para pequenos banheiros ou projetos comerciais.<\/p>\n<table style=\"border-collapse: collapse; width: 311.02pt;\" border=\"0\" width=\"311\" cellspacing=\"0\" cellpadding=\"0\">\n<tbody>\n<tr style=\"height: 17.60pt;\">\n<td class=\"et3\" style=\"height: 17.60pt; width: 108.35pt;\" width=\"108\" height=\"17\">Fabricante<\/td>\n<td class=\"et3\" style=\"width: 202.95pt;\" width=\"202\">HanYu<\/td>\n<\/tr>\n<tr style=\"height: 17.60pt;\">\n<td class=\"et3\" style=\"height: 17.60pt;\" height=\"17\">Modelo n.<\/td>\n<td class=\"et4\">HY-3130AL<\/td>\n<\/tr>\n<tr style=\"height: 17.60pt;\">\n<td class=\"et3\" style=\"height: 17.60pt;\" height=\"17\">Tipo<\/td>\n<td class=\"et3\">lava-loi\u00e7as de parede<\/td>\n<\/tr>\n<tr style=\"height: 17.60pt;\">\n<td class=\"et3\" style=\"height: 17.60pt;\" height=\"17\">Forma<\/td>\n<td class=\"et3\">\u00a0Forma quadrada<\/td>\n<\/tr>\n<tr style=\"height: 17.60pt;\">\n<td class=\"et4\" style=\"height: 17.60pt;\" height=\"17\">Cor<\/td>\n<td class=\"et3\">Branco<\/td>\n<\/tr>\n<tr style=\"height: 18.00pt;\">\n<td class=\"et3\" style=\"height: 18.00pt;\" height=\"18\">Dimens\u00e3o<\/td>\n<td class=\"et6\" style=\"width: 202.95pt;\" width=\"202\">60*41.5*15<\/td>\n<\/tr>\n<tr style=\"height: 17.60pt;\">\n<td class=\"et3\" style=\"height: 17.60pt;\" height=\"17\">N.W \/SET<\/td>\n<td class=\"et3\">18KGS\/PCS<\/td>\n<\/tr>\n<tr style=\"height: 17.60pt;\">\n<td class=\"et3\" style=\"height: 17.60pt;\" height=\"17\">MOQ<\/td>\n<td class=\"et3\">20 unidades<\/td>\n<\/tr>\n<tr style=\"height: 17.60pt;\">\n<td class=\"et3\" style=\"height: 17.60pt;\" height=\"17\">Op\u00e7\u00e3o personalizada<\/td>\n<td class=\"et3\">Cor\/Patente\/Tamanho\/Logotipo\/Embalagem<\/td>\n<\/tr>\n<\/tbody>\n<\/table>\n<p>&nbsp;<\/p>","protected":false},"featured_media":6413,"comment_status":"closed","ping_status":"closed","template":"","meta":{"_acf_changed":false},"product_brand":[],"product_cat":[57,56],"product_tag":[],"class_list":{"0":"post-6409","1":"product","2":"type-product","3":"status-publish","4":"has-post-thumbnail","6":"product_cat-wholesale-wall-mounted-sinks","7":"product_cat-wholesale-small-bathroom-sinks","9":"first","10":"instock","11":"shipping-taxable","12":"product-type-simple"},"acf":[],"_links":{"self":[{"href":"https:\/\/www.ceramicbasin.com\/pt\/wp-json\/wp\/v2\/product\/6409","targetHints":{"allow":["GET"]}}],"collection":[{"href":"https:\/\/www.ceramicbasin.com\/pt\/wp-json\/wp\/v2\/product"}],"about":[{"href":"https:\/\/www.ceramicbasin.com\/pt\/wp-json\/wp\/v2\/types\/product"}],"replies":[{"embeddable":true,"href":"https:\/\/www.ceramicbasin.com\/pt\/wp-json\/wp\/v2\/comments?post=6409"}],"wp:featuredmedia":[{"embeddable":true,"href":"https:\/\/www.ceramicbasin.com\/pt\/wp-json\/wp\/v2\/media\/6413"}],"wp:attachment":[{"href":"https:\/\/www.ceramicbasin.com\/pt\/wp-json\/wp\/v2\/media?parent=6409"}],"wp:term":[{"taxonomy":"product_brand","embeddable":true,"href":"https:\/\/www.ceramicbasin.com\/pt\/wp-json\/wp\/v2\/product_brand?post=6409"},{"taxonomy":"product_cat","embeddable":true,"href":"https:\/\/www.ceramicbasin.com\/pt\/wp-json\/wp\/v2\/product_cat?post=6409"},{"taxonomy":"product_tag","embeddable":true,"href":"https:\/\/www.ceramicbasin.com\/pt\/wp-json\/wp\/v2\/product_tag?post=6409"}],"curies":[{"name":"wp","href":"https:\/\/api.w.org\/{rel}","templated":true}]}}