{"id":6418,"date":"2025-03-20T02:59:20","date_gmt":"2025-03-20T02:59:20","guid":{"rendered":"https:\/\/www.ceramicbasin.com\/?post_type=product&#038;p=6418"},"modified":"2025-03-20T02:59:23","modified_gmt":"2025-03-20T02:59:23","slug":"square-semi-recessed-basin-wholesale","status":"publish","type":"product","link":"https:\/\/www.ceramicbasin.com\/pt\/produto\/square-semi-recessed-basin-wholesale\/","title":{"rendered":"Lavat\u00f3rio quadrado semi-encastrado por atacado, lavat\u00f3rio de porcelana brilhante"},"content":{"rendered":"<div class=\"wp-block-columns is-layout-flex wp-container-core-columns-is-layout-9d6595d7 wp-block-columns-is-layout-flex\">\n<div class=\"wp-block-column is-layout-flow wp-block-column-is-layout-flow\">\n<h2 class=\"wp-block-heading\">Bacia quadrada semi-encastrada Premium Carater\u00edsticas por atacado:<\/h2>\n\n\n\n<ul class=\"wp-block-list\">\n<li><strong>Dur\u00e1vel e f\u00e1cil de limpar: <\/strong>A nossa bacia quadrada semi-encastrada por atacado \u00e9 feita de material cer\u00e2mico dur\u00e1vel para durar mais tempo e f\u00e1cil de limpar, a fim de proporcionar sempre um novo visual.<\/li>\n\n\n\n<li><strong>Vantagem da compra a granel: <\/strong>Como fabricante de lavat\u00f3rios de casa de banho, a Hanyu oferece lavat\u00f3rios de porcelana por atacado a pre\u00e7os acess\u00edveis para garantir uma boa rela\u00e7\u00e3o qualidade\/pre\u00e7o atrav\u00e9s das vantagens que adv\u00eam das compras a granel.<\/li>\n\n\n\n<li><strong>Design de moda:\u00a0<\/strong>Este lavat\u00f3rio quadrado semi-encastrado por atacado adopta uma nova moda, combinando um estilo moderno com uma praticidade realista para criar um novo efeito visual para a casa de banho.<\/li>\n\n\n\n<li><strong>Fornecimento r\u00e1pido: <\/strong>Como um fabricante experiente de bacias de cer\u00e2mica, a HanYu tem uma forte capacidade de produ\u00e7\u00e3o e pode fornecer grandes quantidades de lavat\u00f3rios de porcelana por atacado a uma excelente rela\u00e7\u00e3o pre\u00e7o-desempenho para garantir que o progresso do seu projeto n\u00e3o seja afetado.<\/li>\n<\/ul>\n<\/div>\n\n\n\n<div class=\"wp-block-column is-layout-flow wp-block-column-is-layout-flow\">\n<figure class=\"wp-block-image size-full\"><img fetchpriority=\"high\" decoding=\"async\" width=\"1372\" height=\"1372\" src=\"https:\/\/www.ceramicbasin.com\/wp-content\/uploads\/2025\/03\/Semi-Recessed-SinksGlossy-White-Custom-Porcelain-Sink-5.webp\" alt=\"Lavat\u00f3rio quadrado semi-encastrado por atacado, lavat\u00f3rio de porcelana brilhante-1\" class=\"wp-image-6423\" srcset=\"https:\/\/www.ceramicbasin.com\/wp-content\/uploads\/2025\/03\/Semi-Recessed-SinksGlossy-White-Custom-Porcelain-Sink-5.webp 1372w, https:\/\/www.ceramicbasin.com\/wp-content\/uploads\/2025\/03\/Semi-Recessed-SinksGlossy-White-Custom-Porcelain-Sink-5-300x300.webp 300w, https:\/\/www.ceramicbasin.com\/wp-content\/uploads\/2025\/03\/Semi-Recessed-SinksGlossy-White-Custom-Porcelain-Sink-5-150x150.webp 150w, https:\/\/www.ceramicbasin.com\/wp-content\/uploads\/2025\/03\/Semi-Recessed-SinksGlossy-White-Custom-Porcelain-Sink-5-768x768.webp 768w, https:\/\/www.ceramicbasin.com\/wp-content\/uploads\/2025\/03\/Semi-Recessed-SinksGlossy-White-Custom-Porcelain-Sink-5-12x12.webp 12w, https:\/\/www.ceramicbasin.com\/wp-content\/uploads\/2025\/03\/Semi-Recessed-SinksGlossy-White-Custom-Porcelain-Sink-5-285x285.webp 285w, https:\/\/www.ceramicbasin.com\/wp-content\/uploads\/2025\/03\/Semi-Recessed-SinksGlossy-White-Custom-Porcelain-Sink-5-270x270.webp 270w, https:\/\/www.ceramicbasin.com\/wp-content\/uploads\/2025\/03\/Semi-Recessed-SinksGlossy-White-Custom-Porcelain-Sink-5-540x540.webp 540w, https:\/\/www.ceramicbasin.com\/wp-content\/uploads\/2025\/03\/Semi-Recessed-SinksGlossy-White-Custom-Porcelain-Sink-5-660x660.webp 660w\" sizes=\"(max-width: 1372px) 100vw, 1372px\" \/><\/figure>\n<\/div>\n<\/div>\n\n\n\n<p><\/p>","protected":false},"excerpt":{"rendered":"<p>Bem-vindo \u00e0 compra de lavat\u00f3rios de porcelana por atacado. Este requintado lavat\u00f3rio quadrado semi-encastrado por atacado \u00e9 feito de materiais cer\u00e2micos de alta qualidade, o que o torna uma escolha ideal para a decora\u00e7\u00e3o de casas de banho. O design de apar\u00eancia aerodin\u00e2mica e o tratamento de bordas arredondadas mostram uma beleza art\u00edstica extraordin\u00e1ria.<\/p>\n<table style=\"border-collapse: collapse; width: 358.52pt;\" border=\"0\" width=\"478\" cellspacing=\"0\" cellpadding=\"0\">\n<tbody>\n<tr style=\"height: 17.25pt;\">\n<td class=\"et3\" style=\"height: 17.25pt; width: 125.00pt;\" width=\"166\" height=\"23\">Fabricante<\/td>\n<td class=\"et3\" style=\"width: 234.15pt;\" width=\"312\">HanYu<\/td>\n<\/tr>\n<tr style=\"height: 17.25pt;\">\n<td class=\"et3\" style=\"height: 17.25pt;\" height=\"23\">Modelo n.<\/td>\n<td class=\"et4\">HY-5501<\/td>\n<\/tr>\n<tr style=\"height: 17.25pt;\">\n<td class=\"et3\" style=\"height: 17.25pt;\" height=\"23\">Tipo<\/td>\n<td class=\"et5\" style=\"width: 234.15pt;\" width=\"312\">Lava-lou\u00e7as semi-embutidos<\/td>\n<\/tr>\n<tr style=\"height: 18.00pt;\">\n<td class=\"et3\" style=\"height: 18.00pt;\" height=\"24\">Forma<\/td>\n<td class=\"et3\">Forma retangular<\/td>\n<\/tr>\n<tr style=\"height: 34.50pt;\">\n<td class=\"et4\" style=\"height: 34.50pt;\" height=\"46\">Cor<\/td>\n<td class=\"et5\" style=\"width: 234.15pt;\" width=\"312\">preto\/branco\/azul\/cinzento\/rosa\/verde\/castanho\/caqui<\/td>\n<\/tr>\n<tr style=\"height: 18.00pt;\">\n<td class=\"et3\" style=\"height: 18.00pt;\" height=\"24\">Dimens\u00e3o<\/td>\n<td class=\"et5\" style=\"width: 234.15pt;\" width=\"312\">51*46*16<\/td>\n<\/tr>\n<tr style=\"height: 17.25pt;\">\n<td class=\"et3\" style=\"height: 17.25pt;\" height=\"23\">N.W \/SET<\/td>\n<td class=\"et3\">18KGS\/PCS<\/td>\n<\/tr>\n<tr style=\"height: 17.25pt;\">\n<td class=\"et3\" style=\"height: 17.25pt;\" height=\"23\">MOQ<\/td>\n<td class=\"et3\">20 unidades<\/td>\n<\/tr>\n<tr style=\"height: 17.25pt;\">\n<td class=\"et3\" style=\"height: 17.25pt;\" height=\"23\">Op\u00e7\u00e3o personalizada<\/td>\n<td class=\"et3\">Cor\/Patente\/Tamanho\/Logotipo\/Embalagem<\/td>\n<\/tr>\n<\/tbody>\n<\/table>","protected":false},"featured_media":6422,"comment_status":"closed","ping_status":"closed","template":"","meta":{"_acf_changed":false},"product_brand":[],"product_cat":[58],"product_tag":[],"class_list":{"0":"post-6418","1":"product","2":"type-product","3":"status-publish","4":"has-post-thumbnail","6":"product_cat-wholesale-semi-recessed-sinks","8":"first","9":"instock","10":"shipping-taxable","11":"product-type-simple"},"acf":[],"_links":{"self":[{"href":"https:\/\/www.ceramicbasin.com\/pt\/wp-json\/wp\/v2\/product\/6418","targetHints":{"allow":["GET"]}}],"collection":[{"href":"https:\/\/www.ceramicbasin.com\/pt\/wp-json\/wp\/v2\/product"}],"about":[{"href":"https:\/\/www.ceramicbasin.com\/pt\/wp-json\/wp\/v2\/types\/product"}],"replies":[{"embeddable":true,"href":"https:\/\/www.ceramicbasin.com\/pt\/wp-json\/wp\/v2\/comments?post=6418"}],"wp:featuredmedia":[{"embeddable":true,"href":"https:\/\/www.ceramicbasin.com\/pt\/wp-json\/wp\/v2\/media\/6422"}],"wp:attachment":[{"href":"https:\/\/www.ceramicbasin.com\/pt\/wp-json\/wp\/v2\/media?parent=6418"}],"wp:term":[{"taxonomy":"product_brand","embeddable":true,"href":"https:\/\/www.ceramicbasin.com\/pt\/wp-json\/wp\/v2\/product_brand?post=6418"},{"taxonomy":"product_cat","embeddable":true,"href":"https:\/\/www.ceramicbasin.com\/pt\/wp-json\/wp\/v2\/product_cat?post=6418"},{"taxonomy":"product_tag","embeddable":true,"href":"https:\/\/www.ceramicbasin.com\/pt\/wp-json\/wp\/v2\/product_tag?post=6418"}],"curies":[{"name":"wp","href":"https:\/\/api.w.org\/{rel}","templated":true}]}}