{"id":6425,"date":"2025-03-20T03:14:11","date_gmt":"2025-03-20T03:14:11","guid":{"rendered":"https:\/\/www.ceramicbasin.com\/?post_type=product&#038;p=6425"},"modified":"2025-10-23T09:50:46","modified_gmt":"2025-10-23T09:50:46","slug":"small-semi-recessed-basin-wholesale","status":"publish","type":"product","link":"https:\/\/www.ceramicbasin.com\/pt\/produto\/small-semi-recessed-basin-wholesale\/","title":{"rendered":"Lavat\u00f3rio pequeno semi-encastrado por atacado, lavat\u00f3rio pequeno branco brilhante"},"content":{"rendered":"<div class=\"wp-block-columns is-layout-flex wp-container-core-columns-is-layout-9d6595d7 wp-block-columns-is-layout-flex\">\n<div class=\"wp-block-column is-layout-flow wp-block-column-is-layout-flow\">\n<h2 class=\"wp-block-heading\">Bacia pequena semi-encastrada Premium Carater\u00edsticas por atacado:<\/h2>\n\n\n\n<ul class=\"wp-block-list\">\n<li><strong>Esmalte de alto brilho, brilho de longa dura\u00e7\u00e3o:<\/strong> Os nossos lavat\u00f3rios de cer\u00e2mica por atacado usam tecnologia avan\u00e7ada de esmalte de alta temperatura, a superf\u00edcie \u00e9 lisa e fr\u00e1gil, anti-manchas e f\u00e1cil de limpar, mesmo ap\u00f3s anos de uso, permanece brilhante como novo.<\/li>\n\n\n\n<li><strong>Poupa espa\u00e7o e adapta-se a uma variedade de bancadas: <\/strong>Para al\u00e9m de poupar espa\u00e7o na bancada, o nosso pequeno lavat\u00f3rio semi-encastrado por atacado tamb\u00e9m oferece um amplo espa\u00e7o para a lavagem, sendo adequado para o design de pequenas casas de banho e casas de banho pequenas.<\/li>\n\n\n\n<li><strong>Design simples, adequado para uma variedade de estilos: <\/strong>Este pequeno lavat\u00f3rio semi-encastrado por atacado apresenta-se em designs simples e modernos, que podem ser harmoniosamente combinados com v\u00e1rios tipos diferentes de bancadas de casa de banho, bem como com designs para melhorar a textura geral da divis\u00e3o.<\/li>\n\n\n\n<li><strong>Cer\u00e2mica dur\u00e1vel, forte e resistente a fissuras: <\/strong>Estes lavat\u00f3rios de cer\u00e2mica por atacado s\u00e3o compostos por materiais cer\u00e2micos superiores, possuindo uma estrutura s\u00f3lida, resist\u00eancia ao desgaste e dureza, e boa resist\u00eancia ao impacto e \u00e0 \u00e1gua, e podem ser utilizados durante um longo per\u00edodo de tempo num estado est\u00e1vel.<\/li>\n<\/ul>\n<\/div>\n\n\n\n<div class=\"wp-block-column is-layout-flow wp-block-column-is-layout-flow\">\n<figure class=\"wp-block-image size-full\"><img fetchpriority=\"high\" decoding=\"async\" width=\"1800\" height=\"1800\" src=\"https:\/\/www.ceramicbasin.com\/wp-content\/uploads\/2025\/03\/Wholesale-Semi-recessed-Basin-Glossy-White-Vessel-Sinks-5.webp\" alt=\"Bacia pequena semi-encastrada por atacado, pias de toucador brilhantes-1\" class=\"wp-image-6430\" srcset=\"https:\/\/www.ceramicbasin.com\/wp-content\/uploads\/2025\/03\/Wholesale-Semi-recessed-Basin-Glossy-White-Vessel-Sinks-5.webp 1800w, https:\/\/www.ceramicbasin.com\/wp-content\/uploads\/2025\/03\/Wholesale-Semi-recessed-Basin-Glossy-White-Vessel-Sinks-5-300x300.webp 300w, https:\/\/www.ceramicbasin.com\/wp-content\/uploads\/2025\/03\/Wholesale-Semi-recessed-Basin-Glossy-White-Vessel-Sinks-5-150x150.webp 150w, https:\/\/www.ceramicbasin.com\/wp-content\/uploads\/2025\/03\/Wholesale-Semi-recessed-Basin-Glossy-White-Vessel-Sinks-5-768x768.webp 768w, https:\/\/www.ceramicbasin.com\/wp-content\/uploads\/2025\/03\/Wholesale-Semi-recessed-Basin-Glossy-White-Vessel-Sinks-5-12x12.webp 12w, https:\/\/www.ceramicbasin.com\/wp-content\/uploads\/2025\/03\/Wholesale-Semi-recessed-Basin-Glossy-White-Vessel-Sinks-5-285x285.webp 285w, https:\/\/www.ceramicbasin.com\/wp-content\/uploads\/2025\/03\/Wholesale-Semi-recessed-Basin-Glossy-White-Vessel-Sinks-5-1600x1600.webp 1600w, https:\/\/www.ceramicbasin.com\/wp-content\/uploads\/2025\/03\/Wholesale-Semi-recessed-Basin-Glossy-White-Vessel-Sinks-5-270x270.webp 270w, https:\/\/www.ceramicbasin.com\/wp-content\/uploads\/2025\/03\/Wholesale-Semi-recessed-Basin-Glossy-White-Vessel-Sinks-5-540x540.webp 540w, https:\/\/www.ceramicbasin.com\/wp-content\/uploads\/2025\/03\/Wholesale-Semi-recessed-Basin-Glossy-White-Vessel-Sinks-5-660x660.webp 660w\" sizes=\"(max-width: 1800px) 100vw, 1800px\" \/><\/figure>\n<\/div>\n<\/div>","protected":false},"excerpt":{"rendered":"<p>Bem-vindo \u00e0 compra de lavat\u00f3rios de casa de banho pequenos por atacado. O nosso pequeno lavat\u00f3rio semi-encastrado por atacado adopta um design de esmalte de alto brilho, que poupa espa\u00e7o e real\u00e7a a beleza da casa de banho. A sua forma suave e o m\u00e9todo pr\u00e1tico de instala\u00e7\u00e3o semi-encastrada fazem dela a escolha ideal para casas de banho modernas, adequadas para casa, hotel e espa\u00e7os comerciais.<\/p>\n<table style=\"border-collapse: collapse; width: 358.52pt;\" border=\"0\" width=\"478\" cellspacing=\"0\" cellpadding=\"0\">\n<tbody>\n<tr style=\"height: 17.25pt;\">\n<td class=\"et3\" style=\"height: 17.25pt; width: 125.00pt;\" width=\"166\" height=\"23\">Fabricante<\/td>\n<td class=\"et3\" style=\"width: 234.15pt;\" width=\"312\">HanYu<\/td>\n<\/tr>\n<tr style=\"height: 17.25pt;\">\n<td class=\"et3\" style=\"height: 17.25pt;\" height=\"23\">Modelo n.<\/td>\n<td class=\"et4\">HY-8228A<\/td>\n<\/tr>\n<tr style=\"height: 17.25pt;\">\n<td class=\"et3\" style=\"height: 17.25pt;\" height=\"23\">Tipo<\/td>\n<td class=\"et5\" style=\"width: 234.15pt;\" width=\"312\">Lava-lou\u00e7as semi-embutidos<\/td>\n<\/tr>\n<tr style=\"height: 18.00pt;\">\n<td class=\"et3\" style=\"height: 18.00pt;\" height=\"24\">Forma<\/td>\n<td class=\"et3\">Forma quadrada<\/td>\n<\/tr>\n<tr style=\"height: 34.50pt;\">\n<td class=\"et4\" style=\"height: 34.50pt;\" height=\"46\">Cor<\/td>\n<td class=\"et5\" style=\"width: 234.15pt;\" width=\"312\">preto\/branco\/azul\/cinzento\/rosa\/verde\/castanho\/caqui<\/td>\n<\/tr>\n<tr style=\"height: 18.00pt;\">\n<td class=\"et3\" style=\"height: 18.00pt;\" height=\"24\">Dimens\u00e3o<\/td>\n<td class=\"et5\" style=\"width: 234.15pt;\" width=\"312\">42.5*42.5*13<\/td>\n<\/tr>\n<tr style=\"height: 17.25pt;\">\n<td class=\"et3\" style=\"height: 17.25pt;\" height=\"23\">N.W \/SET<\/td>\n<td class=\"et3\">12KGS\/PCS<\/td>\n<\/tr>\n<tr style=\"height: 17.25pt;\">\n<td class=\"et3\" style=\"height: 17.25pt;\" height=\"23\">MOQ<\/td>\n<td class=\"et3\">20 unidades<\/td>\n<\/tr>\n<tr style=\"height: 17.25pt;\">\n<td class=\"et3\" style=\"height: 17.25pt;\" height=\"23\">Op\u00e7\u00e3o personalizada<\/td>\n<td class=\"et3\">Cor\/Patente\/Tamanho\/Logotipo\/Embalagem<\/td>\n<\/tr>\n<\/tbody>\n<\/table>","protected":false},"featured_media":6426,"comment_status":"closed","ping_status":"closed","template":"","meta":{"_acf_changed":false},"product_brand":[],"product_cat":[58],"product_tag":[],"class_list":{"0":"post-6425","1":"product","2":"type-product","3":"status-publish","4":"has-post-thumbnail","6":"product_cat-wholesale-semi-recessed-sinks","8":"first","9":"instock","10":"shipping-taxable","11":"product-type-simple"},"acf":[],"_links":{"self":[{"href":"https:\/\/www.ceramicbasin.com\/pt\/wp-json\/wp\/v2\/product\/6425","targetHints":{"allow":["GET"]}}],"collection":[{"href":"https:\/\/www.ceramicbasin.com\/pt\/wp-json\/wp\/v2\/product"}],"about":[{"href":"https:\/\/www.ceramicbasin.com\/pt\/wp-json\/wp\/v2\/types\/product"}],"replies":[{"embeddable":true,"href":"https:\/\/www.ceramicbasin.com\/pt\/wp-json\/wp\/v2\/comments?post=6425"}],"wp:featuredmedia":[{"embeddable":true,"href":"https:\/\/www.ceramicbasin.com\/pt\/wp-json\/wp\/v2\/media\/6426"}],"wp:attachment":[{"href":"https:\/\/www.ceramicbasin.com\/pt\/wp-json\/wp\/v2\/media?parent=6425"}],"wp:term":[{"taxonomy":"product_brand","embeddable":true,"href":"https:\/\/www.ceramicbasin.com\/pt\/wp-json\/wp\/v2\/product_brand?post=6425"},{"taxonomy":"product_cat","embeddable":true,"href":"https:\/\/www.ceramicbasin.com\/pt\/wp-json\/wp\/v2\/product_cat?post=6425"},{"taxonomy":"product_tag","embeddable":true,"href":"https:\/\/www.ceramicbasin.com\/pt\/wp-json\/wp\/v2\/product_tag?post=6425"}],"curies":[{"name":"wp","href":"https:\/\/api.w.org\/{rel}","templated":true}]}}