{"id":6521,"date":"2025-04-03T03:13:02","date_gmt":"2025-04-03T03:13:02","guid":{"rendered":"https:\/\/www.ceramicbasin.com\/?post_type=product&#038;p=6521"},"modified":"2025-11-05T06:13:56","modified_gmt":"2025-11-05T06:13:56","slug":"drop-in-wash-basin-wholesale","status":"publish","type":"product","link":"https:\/\/www.ceramicbasin.com\/pt\/produto\/drop-in-wash-basin-wholesale\/","title":{"rendered":"Bacia de lavagem dur\u00e1vel por atacado, pias de cer\u00e2mica personalizadas"},"content":{"rendered":"<div class=\"wp-block-columns is-layout-flex wp-container-core-columns-is-layout-9d6595d7 wp-block-columns-is-layout-flex\">\n<div class=\"wp-block-column is-layout-flow wp-block-column-is-layout-flow\">\n<h2 class=\"wp-block-heading\">Lavat\u00f3rio de lavagem Premium Drop In Carater\u00edsticas por atacado:<\/h2>\n\n\n\n<ul class=\"wp-block-list\">\n<li><strong>Escolhas personalizadas: <\/strong>A gota retangular no lavat\u00f3rio por atacado est\u00e1 dispon\u00edvel em v\u00e1rias cores, tratamentos de superf\u00edcie e embalagens personalizadas para que possa personalizar o produto de acordo com a sua pr\u00f3pria marca e necessidades do mercado.<\/li>\n\n\n\n<li><strong>Material cer\u00e2mico de alta qualidade, dur\u00e1vel e de baixa manuten\u00e7\u00e3o:<\/strong> Estes lavat\u00f3rios personalizados s\u00e3o produzidos com mat\u00e9rias-primas cer\u00e2micas de alta qualidade e cozedura a alta temperatura. A superf\u00edcie \u00e9 lisa e dura, resistente a riscos e fissuras. O esmalte tem um excelente efeito anti-incrustante; as incrusta\u00e7\u00f5es e as manchas quase n\u00e3o aderem.<\/li>\n\n\n\n<li><strong>Conce\u00e7\u00e3o de instala\u00e7\u00e3o incorporada, processo de constru\u00e7\u00e3o simplificado:<\/strong> O m\u00e9todo exclusivo de instala\u00e7\u00e3o embutida n\u00e3o s\u00f3 poupa espa\u00e7o na bancada, como tamb\u00e9m garante a estabilidade e a praticidade destes lavat\u00f3rios personalizados. A sua estrutura simples e o seu f\u00e1cil funcionamento reduzem consideravelmente a dificuldade de instala\u00e7\u00e3o, tornando-o uma escolha ideal para a decora\u00e7\u00e3o de casas e projectos comerciais.<\/li>\n\n\n\n<li><strong>Desconto para compras em massa:<\/strong>\u00a0Oferecemos descontos por atacado para lavat\u00f3rios por atacado para satisfazer as necessidades de projectos comerciais ou de decora\u00e7\u00e3o residencial em grande escala.<\/li>\n<\/ul>\n<\/div>\n\n\n\n<div class=\"wp-block-column is-layout-flow wp-block-column-is-layout-flow\">\n<figure class=\"wp-block-image size-full\"><img fetchpriority=\"high\" decoding=\"async\" width=\"800\" height=\"800\" src=\"https:\/\/www.ceramicbasin.com\/wp-content\/uploads\/2025\/04\/custom-made-drop-in-sinks\uff0cWholesale-Commercial-Drop-In-Sinks\uff0cwholesale-sink-suppliers6.webp\" alt=\"venda a quente-retangular-drop-in-wash-basin-wholesale-durable-custom-wash-basin-1\" class=\"wp-image-6527\" srcset=\"https:\/\/www.ceramicbasin.com\/wp-content\/uploads\/2025\/04\/custom-made-drop-in-sinks\uff0cWholesale-Commercial-Drop-In-Sinks\uff0cwholesale-sink-suppliers6.webp 800w, https:\/\/www.ceramicbasin.com\/wp-content\/uploads\/2025\/04\/custom-made-drop-in-sinks\uff0cWholesale-Commercial-Drop-In-Sinks\uff0cwholesale-sink-suppliers6-300x300.webp 300w, https:\/\/www.ceramicbasin.com\/wp-content\/uploads\/2025\/04\/custom-made-drop-in-sinks\uff0cWholesale-Commercial-Drop-In-Sinks\uff0cwholesale-sink-suppliers6-150x150.webp 150w, https:\/\/www.ceramicbasin.com\/wp-content\/uploads\/2025\/04\/custom-made-drop-in-sinks\uff0cWholesale-Commercial-Drop-In-Sinks\uff0cwholesale-sink-suppliers6-768x768.webp 768w, https:\/\/www.ceramicbasin.com\/wp-content\/uploads\/2025\/04\/custom-made-drop-in-sinks\uff0cWholesale-Commercial-Drop-In-Sinks\uff0cwholesale-sink-suppliers6-12x12.webp 12w, https:\/\/www.ceramicbasin.com\/wp-content\/uploads\/2025\/04\/custom-made-drop-in-sinks\uff0cWholesale-Commercial-Drop-In-Sinks\uff0cwholesale-sink-suppliers6-285x285.webp 285w, https:\/\/www.ceramicbasin.com\/wp-content\/uploads\/2025\/04\/custom-made-drop-in-sinks\uff0cWholesale-Commercial-Drop-In-Sinks\uff0cwholesale-sink-suppliers6-270x270.webp 270w, https:\/\/www.ceramicbasin.com\/wp-content\/uploads\/2025\/04\/custom-made-drop-in-sinks\uff0cWholesale-Commercial-Drop-In-Sinks\uff0cwholesale-sink-suppliers6-540x540.webp 540w, https:\/\/www.ceramicbasin.com\/wp-content\/uploads\/2025\/04\/custom-made-drop-in-sinks\uff0cWholesale-Commercial-Drop-In-Sinks\uff0cwholesale-sink-suppliers6-660x660.webp 660w\" sizes=\"(max-width: 800px) 100vw, 800px\" \/><\/figure>\n<\/div>\n<\/div>","protected":false},"excerpt":{"rendered":"<p>Bem-vindo a comprar os lavat\u00f3rios personalizados HanYu. A gota retangular no atacado do lavat\u00f3rio est\u00e1 dispon\u00edvel em uma variedade de cores, texturas de superf\u00edcie e a embalagem pode ser personalizada, para que voc\u00ea possa produzir o produto de acordo com sua pr\u00f3pria marca e demanda de mercado. O esmalte possui uma melhor fun\u00e7\u00e3o anti-incrustante; manchas e incrusta\u00e7\u00f5es n\u00e3o aderem facilmente. Basta limpar suavemente para que pare\u00e7a novo, e a limpeza di\u00e1ria torna-se mais f\u00e1cil e sem complica\u00e7\u00f5es.<\/p>\n<table style=\"border-collapse: collapse; width: 311.02pt;\" border=\"0\" width=\"311\" cellspacing=\"0\" cellpadding=\"0\">\n<tbody>\n<tr style=\"height: 17.60pt;\">\n<td class=\"et3\" style=\"height: 17.60pt; width: 108.35pt;\" width=\"108\" height=\"17\">Fabricante<\/td>\n<td class=\"et3\" style=\"width: 202.95pt;\" width=\"202\">HanYu<\/td>\n<\/tr>\n<tr style=\"height: 17.60pt;\">\n<td class=\"et3\" style=\"height: 17.60pt;\" height=\"17\">Modelo n.<\/td>\n<td class=\"et4\">HY-5403<\/td>\n<\/tr>\n<tr style=\"height: 18.00pt;\">\n<td class=\"et3\" style=\"height: 18.00pt;\" height=\"18\">Tipo<\/td>\n<td class=\"et5\" style=\"width: 202.95pt;\" width=\"202\">Bacia de recolha<\/td>\n<\/tr>\n<tr style=\"height: 17.60pt;\">\n<td class=\"et3\" style=\"height: 17.60pt;\" height=\"17\">Forma<\/td>\n<td class=\"et3\">Forma retangular<\/td>\n<\/tr>\n<tr style=\"height: 18.00pt;\">\n<td class=\"et4\" style=\"height: 18.00pt;\" height=\"18\">Cor<\/td>\n<td class=\"et5\" style=\"width: 202.95pt;\" width=\"202\">Branco<\/td>\n<\/tr>\n<tr style=\"height: 18.00pt;\">\n<td class=\"et3\" style=\"height: 18.00pt;\" height=\"18\">Dimens\u00e3o<\/td>\n<td class=\"et5\" style=\"width: 202.95pt;\" width=\"202\">61*47*21<\/td>\n<\/tr>\n<tr style=\"height: 17.60pt;\">\n<td class=\"et3\" style=\"height: 17.60pt;\" height=\"17\">N.W \/SET<\/td>\n<td class=\"et3\">\u00a018KGS\/PCS<\/td>\n<\/tr>\n<tr style=\"height: 17.60pt;\">\n<td class=\"et3\" style=\"height: 17.60pt;\" height=\"17\">MOQ<\/td>\n<td class=\"et3\">20 unidades<\/td>\n<\/tr>\n<tr style=\"height: 17.60pt;\">\n<td class=\"et3\" style=\"height: 17.60pt;\" height=\"17\">Op\u00e7\u00e3o personalizada<\/td>\n<td class=\"et3\">Cor\/Patente\/Tamanho\/Logotipo\/Embalagem<\/td>\n<\/tr>\n<\/tbody>\n<\/table>","protected":false},"featured_media":6525,"comment_status":"closed","ping_status":"closed","template":"","meta":{"_acf_changed":false},"product_brand":[],"product_cat":[51],"product_tag":[],"class_list":{"0":"post-6521","1":"product","2":"type-product","3":"status-publish","4":"has-post-thumbnail","6":"product_cat-wholesale-drop-in-sinks","8":"first","9":"instock","10":"shipping-taxable","11":"product-type-simple"},"acf":[],"_links":{"self":[{"href":"https:\/\/www.ceramicbasin.com\/pt\/wp-json\/wp\/v2\/product\/6521","targetHints":{"allow":["GET"]}}],"collection":[{"href":"https:\/\/www.ceramicbasin.com\/pt\/wp-json\/wp\/v2\/product"}],"about":[{"href":"https:\/\/www.ceramicbasin.com\/pt\/wp-json\/wp\/v2\/types\/product"}],"replies":[{"embeddable":true,"href":"https:\/\/www.ceramicbasin.com\/pt\/wp-json\/wp\/v2\/comments?post=6521"}],"wp:featuredmedia":[{"embeddable":true,"href":"https:\/\/www.ceramicbasin.com\/pt\/wp-json\/wp\/v2\/media\/6525"}],"wp:attachment":[{"href":"https:\/\/www.ceramicbasin.com\/pt\/wp-json\/wp\/v2\/media?parent=6521"}],"wp:term":[{"taxonomy":"product_brand","embeddable":true,"href":"https:\/\/www.ceramicbasin.com\/pt\/wp-json\/wp\/v2\/product_brand?post=6521"},{"taxonomy":"product_cat","embeddable":true,"href":"https:\/\/www.ceramicbasin.com\/pt\/wp-json\/wp\/v2\/product_cat?post=6521"},{"taxonomy":"product_tag","embeddable":true,"href":"https:\/\/www.ceramicbasin.com\/pt\/wp-json\/wp\/v2\/product_tag?post=6521"}],"curies":[{"name":"wp","href":"https:\/\/api.w.org\/{rel}","templated":true}]}}