{"id":6529,"date":"2025-04-03T06:22:55","date_gmt":"2025-04-03T06:22:55","guid":{"rendered":"https:\/\/www.ceramicbasin.com\/?post_type=product&#038;p=6529"},"modified":"2025-11-05T06:11:05","modified_gmt":"2025-11-05T06:11:05","slug":"custom-drop-in-sink","status":"publish","type":"product","link":"https:\/\/www.ceramicbasin.com\/pt\/produto\/custom-drop-in-sink\/","title":{"rendered":"Lavat\u00f3rio personalizado a granel, lavat\u00f3rio retangular por atacado"},"content":{"rendered":"<div class=\"wp-block-columns is-layout-flex wp-container-core-columns-is-layout-9d6595d7 wp-block-columns-is-layout-flex\">\n<div class=\"wp-block-column is-layout-flow wp-block-column-is-layout-flow\">\n<h2 class=\"wp-block-heading\">Carater\u00edsticas do lava-loi\u00e7a personalizado Premium:<\/h2>\n\n\n\n<ul class=\"wp-block-list\">\n<li><strong>Vendas a quente:<\/strong> Este lavat\u00f3rio de cer\u00e2mica por atacado \u00e9 bem recebido pelo mercado devido \u00e0 sua durabilidade, cor uniforme, f\u00e1cil limpeza e manuten\u00e7\u00e3o, e desempenho de alto custo.<\/li>\n\n\n\n<li><strong>Material cer\u00e2mico de alta qualidade, dur\u00e1vel e f\u00e1cil de limpar:<\/strong> Estes lava-loi\u00e7as personalizados s\u00e3o fabricados com mat\u00e9rias-primas cer\u00e2micas de alta qualidade e cozidos a altas temperaturas. A superf\u00edcie \u00e9 s\u00f3lida e lisa, resistente a riscos e n\u00e3o \u00e9 f\u00e1cil de rachar. O esmalte tem um excelente desempenho anti-incrustante; as manchas e as incrusta\u00e7\u00f5es n\u00e3o aderem facilmente a ele. Basta limp\u00e1-lo suavemente para o manter como novo, tornando a limpeza di\u00e1ria mais f\u00e1cil e sem preocupa\u00e7\u00f5es.<\/li>\n\n\n\n<li><strong>Vasto \u00e2mbito de aplica\u00e7\u00e3o:<\/strong> A busca das pessoas por uma qualidade de vida cada vez maior, bem como por um servi\u00e7o cada vez melhor em locais p\u00fablicos. Os produtos de lavat\u00f3rio j\u00e1 n\u00e3o s\u00e3o apenas adequados para a sua casa de banho, o nosso lavat\u00f3rio de m\u00e1rmore por atacado tamb\u00e9m \u00e9 adequado para esta\u00e7\u00f5es ferrovi\u00e1rias de alta velocidade, esta\u00e7\u00f5es de metro, bem como centros comerciais, casas de banho de restaurantes, hospitais e outros locais.<\/li>\n\n\n\n<li><strong>Servi\u00e7o de fornecimento direto da f\u00e1brica, custo-benef\u00edcio e apoio \u00e0 personaliza\u00e7\u00e3o:<\/strong> Estes lavat\u00f3rios personalizados s\u00e3o fornecidos diretamente por fabricantes profissionais de lavat\u00f3rios de cer\u00e2mica para casa de banho, reduzindo assim as liga\u00e7\u00f5es interm\u00e9dias com a competitividade dos pre\u00e7os de mercado. Podemos fornecer servi\u00e7os personalizados diversificados de acordo com as necessidades dos clientes, seja em tamanho, cor ou design detalhado, e podemos sempre atender \u00e0s necessidades de todos os diferentes mercados e projectos.<\/li>\n<\/ul>\n<\/div>\n\n\n\n<div class=\"wp-block-column is-layout-flow wp-block-column-is-layout-flow\">\n<figure class=\"wp-block-image size-full\"><img fetchpriority=\"high\" decoding=\"async\" width=\"800\" height=\"800\" src=\"https:\/\/www.ceramicbasin.com\/wp-content\/uploads\/2025\/04\/bathroom-sink-factory\uff0cwholesale-wash-basin\uff0cDrop-In-Sinks-Wholesale6.webp\" alt=\"lavat\u00f3rio personalizado de pia retangular de cer\u00e2mica para lavat\u00f3rio - venda por grosso-1\" class=\"wp-image-6535\" srcset=\"https:\/\/www.ceramicbasin.com\/wp-content\/uploads\/2025\/04\/bathroom-sink-factory\uff0cwholesale-wash-basin\uff0cDrop-In-Sinks-Wholesale6.webp 800w, https:\/\/www.ceramicbasin.com\/wp-content\/uploads\/2025\/04\/bathroom-sink-factory\uff0cwholesale-wash-basin\uff0cDrop-In-Sinks-Wholesale6-300x300.webp 300w, https:\/\/www.ceramicbasin.com\/wp-content\/uploads\/2025\/04\/bathroom-sink-factory\uff0cwholesale-wash-basin\uff0cDrop-In-Sinks-Wholesale6-150x150.webp 150w, https:\/\/www.ceramicbasin.com\/wp-content\/uploads\/2025\/04\/bathroom-sink-factory\uff0cwholesale-wash-basin\uff0cDrop-In-Sinks-Wholesale6-768x768.webp 768w, https:\/\/www.ceramicbasin.com\/wp-content\/uploads\/2025\/04\/bathroom-sink-factory\uff0cwholesale-wash-basin\uff0cDrop-In-Sinks-Wholesale6-12x12.webp 12w, https:\/\/www.ceramicbasin.com\/wp-content\/uploads\/2025\/04\/bathroom-sink-factory\uff0cwholesale-wash-basin\uff0cDrop-In-Sinks-Wholesale6-285x285.webp 285w, https:\/\/www.ceramicbasin.com\/wp-content\/uploads\/2025\/04\/bathroom-sink-factory\uff0cwholesale-wash-basin\uff0cDrop-In-Sinks-Wholesale6-270x270.webp 270w, https:\/\/www.ceramicbasin.com\/wp-content\/uploads\/2025\/04\/bathroom-sink-factory\uff0cwholesale-wash-basin\uff0cDrop-In-Sinks-Wholesale6-540x540.webp 540w, https:\/\/www.ceramicbasin.com\/wp-content\/uploads\/2025\/04\/bathroom-sink-factory\uff0cwholesale-wash-basin\uff0cDrop-In-Sinks-Wholesale6-660x660.webp 660w\" sizes=\"(max-width: 800px) 100vw, 800px\" \/><\/figure>\n<\/div>\n<\/div>","protected":false},"excerpt":{"rendered":"<p>Bem-vindo a comprar o nosso lavat\u00f3rio de cer\u00e2mica por grosso. Estes lavat\u00f3rios personalizados j\u00e1 n\u00e3o s\u00e3o apenas adequados para a sua pr\u00f3pria casa de banho, os nossos lavat\u00f3rios de m\u00e1rmore por atacado tamb\u00e9m s\u00e3o adequados para esta\u00e7\u00f5es ferrovi\u00e1rias de alta velocidade, esta\u00e7\u00f5es de metro, bem como centros comerciais, casas de banho de restaurantes, hospitais e outros locais. Dispon\u00edvel em v\u00e1rias cores, acabamentos de superf\u00edcie e embalagens personaliz\u00e1veis, permitindo-lhe adaptar o produto \u00e0s necessidades espec\u00edficas da sua marca e do seu mercado.<\/p>\n<table style=\"border-collapse: collapse; width: 311.02pt;\" border=\"0\" width=\"311\" cellspacing=\"0\" cellpadding=\"0\">\n<tbody>\n<tr style=\"height: 17.60pt;\">\n<td class=\"et3\" style=\"height: 17.60pt; width: 108.35pt;\" width=\"108\" height=\"17\">Fabricante<\/td>\n<td class=\"et3\" style=\"width: 202.95pt;\" width=\"202\">HanYu<\/td>\n<\/tr>\n<tr style=\"height: 17.60pt;\">\n<td class=\"et3\" style=\"height: 17.60pt;\" height=\"17\">Modelo n.<\/td>\n<td class=\"et4\">HY-8066<\/td>\n<\/tr>\n<tr style=\"height: 18.00pt;\">\n<td class=\"et3\" style=\"height: 18.00pt;\" height=\"18\">Tipo<\/td>\n<td class=\"et5\" style=\"width: 202.95pt;\" width=\"202\">Bacia de recolha<\/td>\n<\/tr>\n<tr style=\"height: 17.60pt;\">\n<td class=\"et3\" style=\"height: 17.60pt;\" height=\"17\">Forma<\/td>\n<td class=\"et3\">Forma retangular<\/td>\n<\/tr>\n<tr style=\"height: 18.00pt;\">\n<td class=\"et4\" style=\"height: 18.00pt;\" height=\"18\">Cor<\/td>\n<td class=\"et5\" style=\"width: 202.95pt;\" width=\"202\">Branco<\/td>\n<\/tr>\n<tr style=\"height: 18.00pt;\">\n<td class=\"et3\" style=\"height: 18.00pt;\" height=\"18\">Dimens\u00e3o<\/td>\n<td class=\"et5\" style=\"width: 202.95pt;\" width=\"202\">40.5*30.5*13<\/td>\n<\/tr>\n<tr style=\"height: 17.60pt;\">\n<td class=\"et3\" style=\"height: 17.60pt;\" height=\"17\">N.W \/SET<\/td>\n<td class=\"et3\">12 KGS\/PCS<\/td>\n<\/tr>\n<tr style=\"height: 17.60pt;\">\n<td class=\"et3\" style=\"height: 17.60pt;\" height=\"17\">MOQ<\/td>\n<td class=\"et3\">20 unidades<\/td>\n<\/tr>\n<tr style=\"height: 17.60pt;\">\n<td class=\"et3\" style=\"height: 17.60pt;\" height=\"17\">Op\u00e7\u00e3o personalizada<\/td>\n<td class=\"et3\">Cor\/Patente\/Tamanho\/Logotipo\/Embalagem<\/td>\n<\/tr>\n<\/tbody>\n<\/table>","protected":false},"featured_media":6530,"comment_status":"closed","ping_status":"closed","template":"","meta":{"_acf_changed":false},"product_brand":[],"product_cat":[51],"product_tag":[],"class_list":{"0":"post-6529","1":"product","2":"type-product","3":"status-publish","4":"has-post-thumbnail","6":"product_cat-wholesale-drop-in-sinks","8":"first","9":"instock","10":"shipping-taxable","11":"product-type-simple"},"acf":[],"_links":{"self":[{"href":"https:\/\/www.ceramicbasin.com\/pt\/wp-json\/wp\/v2\/product\/6529","targetHints":{"allow":["GET"]}}],"collection":[{"href":"https:\/\/www.ceramicbasin.com\/pt\/wp-json\/wp\/v2\/product"}],"about":[{"href":"https:\/\/www.ceramicbasin.com\/pt\/wp-json\/wp\/v2\/types\/product"}],"replies":[{"embeddable":true,"href":"https:\/\/www.ceramicbasin.com\/pt\/wp-json\/wp\/v2\/comments?post=6529"}],"wp:featuredmedia":[{"embeddable":true,"href":"https:\/\/www.ceramicbasin.com\/pt\/wp-json\/wp\/v2\/media\/6530"}],"wp:attachment":[{"href":"https:\/\/www.ceramicbasin.com\/pt\/wp-json\/wp\/v2\/media?parent=6529"}],"wp:term":[{"taxonomy":"product_brand","embeddable":true,"href":"https:\/\/www.ceramicbasin.com\/pt\/wp-json\/wp\/v2\/product_brand?post=6529"},{"taxonomy":"product_cat","embeddable":true,"href":"https:\/\/www.ceramicbasin.com\/pt\/wp-json\/wp\/v2\/product_cat?post=6529"},{"taxonomy":"product_tag","embeddable":true,"href":"https:\/\/www.ceramicbasin.com\/pt\/wp-json\/wp\/v2\/product_tag?post=6529"}],"curies":[{"name":"wp","href":"https:\/\/api.w.org\/{rel}","templated":true}]}}