{"id":6536,"date":"2025-04-03T06:46:48","date_gmt":"2025-04-03T06:46:48","guid":{"rendered":"https:\/\/www.ceramicbasin.com\/?post_type=product&#038;p=6536"},"modified":"2025-11-05T06:08:32","modified_gmt":"2025-11-05T06:08:32","slug":"custom-bath-vanity-top","status":"publish","type":"product","link":"https:\/\/www.ceramicbasin.com\/pt\/produto\/custom-bath-vanity-top\/","title":{"rendered":"Bacias de toucador de banho personalizadas montadas no topo, azuis e mate por atacado"},"content":{"rendered":"<div class=\"wp-block-columns is-layout-flex wp-container-core-columns-is-layout-9d6595d7 wp-block-columns-is-layout-flex\">\n<div class=\"wp-block-column is-layout-flow wp-block-column-is-layout-flow\">\n<h2 class=\"wp-block-heading\">Bacias montadas no tampo da sanita Premium Custom Bath Vanity Carater\u00edsticas:<\/h2>\n\n\n\n<ul class=\"wp-block-list\">\n<li><strong>Azul menta fresco, criando uma atmosfera confort\u00e1vel:<\/strong> Este lavat\u00f3rio personalizado utiliza um esmalte mate azul menta suave, apresentando um efeito visual fresco e natural, acrescentando um toque de eleg\u00e2ncia ao espa\u00e7o de banho comercial, criando uma atmosfera relaxante e confort\u00e1vel, e \u00e9 adequado para designs de interiores modernos, n\u00f3rdicos e minimalistas.<\/li>\n\n\n\n<li><strong>Textura mate, discreta e topo de gama:<\/strong> Esta bacia de toucador de banho personalizada utiliza um tratamento \u00fanico de esmalte mate, que \u00e9 delicado e quente, n\u00e3o reflecte a luz, pode reduzir eficazmente as impress\u00f5es digitais e as manchas de \u00e1gua e mant\u00e9m a limpeza e a beleza durante muito tempo, apresentando uma textura discreta e luxuosa.<\/li>\n\n\n\n<li><strong>Design de montagem superior: <\/strong>O lavat\u00f3rio mate com um m\u00e9todo de montagem superior \u00fanico a granel \u00e9 est\u00e1vel e fi\u00e1vel, o que n\u00e3o s\u00f3 poupa espa\u00e7o, como tamb\u00e9m confere um toque moderno \u00e0 casa de banho e se adapta a v\u00e1rios estilos de decora\u00e7\u00e3o.<\/li>\n\n\n\n<li><strong>Colorido:<\/strong> A cor do m\u00e1rmore \u00e9 baseada numa bacia branca brilhante comum, que \u00e9 bonita e dur\u00e1vel. Oferecemos mais de 100 cores e padr\u00f5es \u00e0 escolha, e todos os modelos de bacias foscas a granel podem ser personalizados em termos de cor e textura.<\/li>\n<\/ul>\n<\/div>\n\n\n\n<div class=\"wp-block-column is-layout-flow wp-block-column-is-layout-flow\">\n<figure class=\"wp-block-image size-full\"><img fetchpriority=\"high\" decoding=\"async\" width=\"800\" height=\"800\" src=\"https:\/\/www.ceramicbasin.com\/wp-content\/uploads\/2025\/04\/Matte-Basin-Wholesale\uff0cMatte-Vessel-Sink-\uff0ccustom-ceramic-vessel-sinks6.webp\" alt=\"lavat\u00f3rio em massa para banheira personalizada com tampo de hotel redondo de luxo azul esmaltado\" class=\"wp-image-6542\" srcset=\"https:\/\/www.ceramicbasin.com\/wp-content\/uploads\/2025\/04\/Matte-Basin-Wholesale\uff0cMatte-Vessel-Sink-\uff0ccustom-ceramic-vessel-sinks6.webp 800w, https:\/\/www.ceramicbasin.com\/wp-content\/uploads\/2025\/04\/Matte-Basin-Wholesale\uff0cMatte-Vessel-Sink-\uff0ccustom-ceramic-vessel-sinks6-300x300.webp 300w, https:\/\/www.ceramicbasin.com\/wp-content\/uploads\/2025\/04\/Matte-Basin-Wholesale\uff0cMatte-Vessel-Sink-\uff0ccustom-ceramic-vessel-sinks6-150x150.webp 150w, https:\/\/www.ceramicbasin.com\/wp-content\/uploads\/2025\/04\/Matte-Basin-Wholesale\uff0cMatte-Vessel-Sink-\uff0ccustom-ceramic-vessel-sinks6-768x768.webp 768w, https:\/\/www.ceramicbasin.com\/wp-content\/uploads\/2025\/04\/Matte-Basin-Wholesale\uff0cMatte-Vessel-Sink-\uff0ccustom-ceramic-vessel-sinks6-12x12.webp 12w, https:\/\/www.ceramicbasin.com\/wp-content\/uploads\/2025\/04\/Matte-Basin-Wholesale\uff0cMatte-Vessel-Sink-\uff0ccustom-ceramic-vessel-sinks6-285x285.webp 285w, https:\/\/www.ceramicbasin.com\/wp-content\/uploads\/2025\/04\/Matte-Basin-Wholesale\uff0cMatte-Vessel-Sink-\uff0ccustom-ceramic-vessel-sinks6-270x270.webp 270w, https:\/\/www.ceramicbasin.com\/wp-content\/uploads\/2025\/04\/Matte-Basin-Wholesale\uff0cMatte-Vessel-Sink-\uff0ccustom-ceramic-vessel-sinks6-540x540.webp 540w, https:\/\/www.ceramicbasin.com\/wp-content\/uploads\/2025\/04\/Matte-Basin-Wholesale\uff0cMatte-Vessel-Sink-\uff0ccustom-ceramic-vessel-sinks6-660x660.webp 660w\" sizes=\"(max-width: 800px) 100vw, 800px\" \/><\/figure>\n<\/div>\n<\/div>","protected":false},"excerpt":{"rendered":"<p>Bem-vindo aos tampos de casa de banho personalizados. O nosso lavat\u00f3rio azul mate a granel \u00e9 fresco e elegante, adequado para espa\u00e7os comerciais modernos. A superf\u00edcie deste lavat\u00f3rio de casa de banho comercial por atacado adopta uma tecnologia especial de esmalte f\u00e1cil de limpar, que \u00e9 suave e delicada; as manchas n\u00e3o s\u00e3o f\u00e1ceis de aderir e s\u00e3o f\u00e1ceis de limpar.<\/p>\n<table style=\"border-collapse: collapse; width: 311.02pt;\" border=\"0\" width=\"311\" cellspacing=\"0\" cellpadding=\"0\">\n<tbody>\n<tr style=\"height: 17.60pt;\">\n<td class=\"et3\" style=\"height: 17.60pt; width: 108.35pt;\" width=\"108\" height=\"17\">Fabricante<\/td>\n<td class=\"et3\" style=\"width: 202.95pt;\" width=\"202\">HanYu<\/td>\n<\/tr>\n<tr style=\"height: 17.60pt;\">\n<td class=\"et3\" style=\"height: 17.60pt;\" height=\"17\">Modelo n.<\/td>\n<td class=\"et4\">HY-8069PB1<\/td>\n<\/tr>\n<tr style=\"height: 17.60pt;\">\n<td class=\"et3\" style=\"height: 17.60pt;\" height=\"17\">Tipo<\/td>\n<td class=\"et3\">Lavat\u00f3rio de bancada<\/td>\n<\/tr>\n<tr style=\"height: 17.60pt;\">\n<td class=\"et3\" style=\"height: 17.60pt;\" height=\"17\">Forma<\/td>\n<td class=\"et3\">Forma redonda<\/td>\n<\/tr>\n<tr style=\"height: 17.60pt;\">\n<td class=\"et4\" style=\"height: 17.60pt;\" height=\"17\">Cor<\/td>\n<td class=\"et3\">Azul<\/td>\n<\/tr>\n<tr style=\"height: 18.00pt;\">\n<td class=\"et3\" style=\"height: 18.00pt;\" height=\"18\">Dimens\u00e3o\u00a0<\/td>\n<td class=\"et5\" style=\"width: 202.95pt;\" width=\"202\">41.5*41.5*13.5<\/td>\n<\/tr>\n<tr style=\"height: 17.60pt;\">\n<td class=\"et3\" style=\"height: 17.60pt;\" height=\"17\">N.W \/SET<\/td>\n<td class=\"et3\">8KGS\/PCS<\/td>\n<\/tr>\n<tr style=\"height: 17.60pt;\">\n<td class=\"et3\" style=\"height: 17.60pt;\" height=\"17\">MOQ<\/td>\n<td class=\"et3\">20 unidades<\/td>\n<\/tr>\n<tr style=\"height: 17.60pt;\">\n<td class=\"et3\" style=\"height: 17.60pt;\" height=\"17\">Op\u00e7\u00e3o personalizada<\/td>\n<td class=\"et3\">Cor\/Patente\/Tamanho\/Logotipo\/Embalagem<\/td>\n<\/tr>\n<\/tbody>\n<\/table>","protected":false},"featured_media":6540,"comment_status":"closed","ping_status":"closed","template":"","meta":{"_acf_changed":false},"product_brand":[],"product_cat":[50,55],"product_tag":[],"class_list":{"0":"post-6536","1":"product","2":"type-product","3":"status-publish","4":"has-post-thumbnail","6":"product_cat-wholesale-countertop-sinks","7":"product_cat-wholesale-matte-sinks","9":"first","10":"instock","11":"shipping-taxable","12":"product-type-simple"},"acf":[],"_links":{"self":[{"href":"https:\/\/www.ceramicbasin.com\/pt\/wp-json\/wp\/v2\/product\/6536","targetHints":{"allow":["GET"]}}],"collection":[{"href":"https:\/\/www.ceramicbasin.com\/pt\/wp-json\/wp\/v2\/product"}],"about":[{"href":"https:\/\/www.ceramicbasin.com\/pt\/wp-json\/wp\/v2\/types\/product"}],"replies":[{"embeddable":true,"href":"https:\/\/www.ceramicbasin.com\/pt\/wp-json\/wp\/v2\/comments?post=6536"}],"wp:featuredmedia":[{"embeddable":true,"href":"https:\/\/www.ceramicbasin.com\/pt\/wp-json\/wp\/v2\/media\/6540"}],"wp:attachment":[{"href":"https:\/\/www.ceramicbasin.com\/pt\/wp-json\/wp\/v2\/media?parent=6536"}],"wp:term":[{"taxonomy":"product_brand","embeddable":true,"href":"https:\/\/www.ceramicbasin.com\/pt\/wp-json\/wp\/v2\/product_brand?post=6536"},{"taxonomy":"product_cat","embeddable":true,"href":"https:\/\/www.ceramicbasin.com\/pt\/wp-json\/wp\/v2\/product_cat?post=6536"},{"taxonomy":"product_tag","embeddable":true,"href":"https:\/\/www.ceramicbasin.com\/pt\/wp-json\/wp\/v2\/product_tag?post=6536"}],"curies":[{"name":"wp","href":"https:\/\/api.w.org\/{rel}","templated":true}]}}